{"id":11780,"date":"2024-06-09T05:59:55","date_gmt":"2024-06-09T03:59:55","guid":{"rendered":"https:\/\/cybul.eu\/shop\/otulina-klatki-bezpieczenstwa-rrs-fia-91cm\/"},"modified":"2024-06-09T06:00:03","modified_gmt":"2024-06-09T04:00:03","slug":"otulina-klatki-bezpieczenstwa-rrs-fia-91cm","status":"publish","type":"product","link":"https:\/\/cybul.eu\/pl\/sklep\/otulina-klatki-bezpieczenstwa-rrs-fia-91cm\/","title":{"rendered":"OTULINA KLATKI BEZPIECZE\u0143STWA RRS FIA 91CM"},"content":{"rendered":"<p><strong>Otulina Klatki bezpiecze\u0144stwa RRS FIA<\/p>\n<p><\/strong>Homologacja: <strong>FIA 8857-2001<\/strong><\/p>\n<p>Producent: <strong>BSCI<\/strong><br \/>Numer homologacji:&nbsp;<strong>CP.001.02.A<\/strong><br \/>D\u0142ugo\u015b\u0107: 91cm<br \/>Kolor: Czarna<br \/>\u015arednica rury: od 43 mm do 51 mm<br \/>Otulina posiada ta\u015bm\u0119 samoprzylepn\u0105.<br \/>Bardzo \u0142atwo doci\u0105\u0107 otulin\u0119 na dowolne d\u0142ugo\u015bci.<br \/>Wykonana z materia\u0142u niepalnego, absorbuj\u0105cego energi\u0119 przy uderzeniu.<br \/>Dobra jako\u015b\u0107, por\u00f3wnywalna ze Sparco, Sabelt czy OMP.<\/p>\n<p>Zgodnie z za\u0142\u0105cznikiem &#8222;J&#8221;&nbsp;ARTYKU\u0141 253 &#8211; <strong><span style=\"color: #ff0000;\">2017<\/p>\n<p><\/span><\/strong>8.3.5 Ok\u0142adziny ochronne<br \/>Te miejsca klatki bezpiecze\u0144stwa, kt\u00f3re mog\u0142yby by\u0107 nara\u017cone na bezpo\u015bredni kontakt z cia\u0142em zawodnik\u00f3w musz\u0105 by\u0107 ob\u0142o\u017cone niepaln\u0105 otulin\u0105 zabezpieczaj\u0105c\u0105.<br \/>Wszystkie rury klatki bezpiecze\u0144stwa okre\u015blone na rysunku 253-68 oraz wszystkie wzmocnienia dachu musz\u0105 by\u0107 wyposa\u017cone w ok\u0142adziny zgodne z norm\u0105 FIA 8857-2001 typ A (patrz lista techniczna nr 23).<br \/>Ka\u017cda ok\u0142adzina musi by\u0107 zamocowana w taki spos\u00f3b aby nie mog\u0142a si\u0119 przemieszcza\u0107 z stosunku do rury.<br \/>Zastosowanie: We wszystkich kategoriach.<br \/>Dla zawod\u00f3w bez pilota, ok\u0142adziny s\u0105 obowi\u0105zkowe wy\u0142\u0105cznie po stronie kierowcy.<\/p>\n<p>&nbsp;<\/p>\n<p><img loading=\"lazy\" decoding=\"async\" style=\"display: block; margin-left: auto; margin-right: auto;\" src=\"\/data\/include\/cms\/zdjecia\/rrs\/schemat_montau_otulin.jpg\" border=\"0\" width=\"600\" height=\"490\"><\/p>\n","protected":false},"excerpt":{"rendered":"<p><strong>Otulina Klatki bezpiecze\u0144stwa RRS FIA<\/p>\n<p><\/strong>Homologacja: <strong>FIA 8857-2001<\/strong><\/p>\n<p>Producent: <strong>BSCI<\/strong><br \/>Numer homologacji:&nbsp;<strong>CP.001.02.A<\/strong><br \/>D\u0142ugo\u015b\u0107: 91cm<br \/>Kolor: Czarna<br \/>\u015arednica rury: od 43 mm do 51 mm<br \/>Otulina posiada ta\u015bm\u0119 samoprzylepn\u0105.<br \/>Bardzo \u0142atwo doci\u0105\u0107 otulin\u0119 na dowolne d\u0142ugo\u015bci.<br \/>Wykonana z materia\u0142u niepalnego, absorbuj\u0105cego energi\u0119 przy uderzeniu.<br \/>Dobra jako\u015b\u0107, por\u00f3wnywalna ze Sparco, Sabelt czy OMP.<\/p>\n<p>Zgodnie z za\u0142\u0105cznikiem &#8222;J&#8221;&nbsp;ARTYKU\u0141 253 &#8211; <strong><span style=\"color: #ff0000;\">2017<\/p>\n<p><\/span><\/strong>8.3.5 Ok\u0142adziny ochronne<br \/>Te miejsca klatki bezpiecze\u0144stwa, kt\u00f3re mog\u0142yby by\u0107 nara\u017cone na bezpo\u015bredni kontakt z cia\u0142em zawodnik\u00f3w musz\u0105 by\u0107 ob\u0142o\u017cone niepaln\u0105 otulin\u0105 zabezpieczaj\u0105c\u0105.<br \/>Wszystkie rury klatki bezpiecze\u0144stwa okre\u015blone na rysunku 253-68 oraz wszystkie wzmocnienia dachu musz\u0105 by\u0107 wyposa\u017cone w ok\u0142adziny zgodne z norm\u0105 FIA 8857-2001 typ A (patrz lista techniczna nr 23).<br \/>Ka\u017cda ok\u0142adzina musi by\u0107 zamocowana w taki spos\u00f3b aby nie mog\u0142a si\u0119 przemieszcza\u0107 z stosunku do rury.<br \/>Zastosowanie: We wszystkich kategoriach.<br \/>Dla zawod\u00f3w bez pilota, ok\u0142adziny s\u0105 obowi\u0105zkowe wy\u0142\u0105cznie po stronie kierowcy.<\/p>\n","protected":false},"featured_media":11746,"comment_status":"closed","ping_status":"open","template":"","meta":[],"product_cat":[556,542],"product_tag":[],"class_list":{"0":"post-11780","1":"product","2":"type-product","3":"status-publish","4":"has-post-thumbnail","6":"product_cat-klatki-bezpieczenstwa-akcesoria","7":"product_cat-wnetrze","9":"first","10":"instock","11":"taxable","12":"shipping-taxable","13":"purchasable","14":"product-type-simple"},"bundled_by":[],"bundle_stock_status":"instock","bundle_stock_quantity":null,"bundle_virtual":false,"bundle_layout":"","bundle_add_to_cart_form_location":"","bundle_editable_in_cart":false,"bundle_sold_individually_context":"","bundle_item_grouping":"","bundle_min_size":"","bundle_max_size":"","bundle_price":[],"bundled_items":[],"bundle_sell_ids":[],"acf":{"zdjecie_bez_watermarka":null,"zdjecie_bez_watermarka_url":"","product_orgin_url":"https:\/\/inter-rally.pl\/product-eng-442-Otulina-klatki-bezpieczenstwa-RRS-FIA-91cm.html"},"yoast_head":"<!-- This site is optimized with the Yoast SEO plugin v23.9 - https:\/\/yoast.com\/wordpress\/plugins\/seo\/ -->\n<title>OTULINA KLATKI BEZPIECZE\u0143STWA RRS FIA 91CM - CYBUL<\/title>\n<meta name=\"robots\" content=\"index, follow, max-snippet:-1, max-image-preview:large, max-video-preview:-1\" \/>\n<link rel=\"canonical\" href=\"https:\/\/cybul.eu\/pl\/sklep\/otulina-klatki-bezpieczenstwa-rrs-fia-91cm\/\" \/>\n<meta property=\"og:locale\" content=\"pl_PL\" \/>\n<meta property=\"og:type\" content=\"article\" \/>\n<meta property=\"og:title\" content=\"OTULINA KLATKI BEZPIECZE\u0143STWA RRS FIA 91CM - CYBUL\" \/>\n<meta property=\"og:description\" content=\"Otulina Klatki bezpiecze\u0144stwa RRS FIAHomologacja: FIA 8857-2001Producent: BSCINumer homologacji:&nbsp;CP.001.02.AD\u0142ugo\u015b\u0107: 91cmKolor: Czarna\u015arednica rury: od 43 mm do 51 mmOtulina posiada ta\u015bm\u0119 samoprzylepn\u0105.Bardzo \u0142atwo doci\u0105\u0107 otulin\u0119 na dowolne d\u0142ugo\u015bci.Wykonana z materia\u0142u niepalnego, absorbuj\u0105cego energi\u0119 przy uderzeniu.Dobra jako\u015b\u0107, por\u00f3wnywalna ze Sparco, Sabelt czy OMP.Zgodnie z za\u0142\u0105cznikiem &quot;J&quot;&nbsp;ARTYKU\u0141 253 - 20178.3.5 Ok\u0142adziny ochronneTe miejsca klatki bezpiecze\u0144stwa, kt\u00f3re mog\u0142yby by\u0107 nara\u017cone na bezpo\u015bredni kontakt z cia\u0142em zawodnik\u00f3w musz\u0105 by\u0107 ob\u0142o\u017cone niepaln\u0105 otulin\u0105 zabezpieczaj\u0105c\u0105.Wszystkie rury klatki bezpiecze\u0144stwa okre\u015blone na rysunku 253-68 oraz wszystkie wzmocnienia dachu musz\u0105 by\u0107 wyposa\u017cone w ok\u0142adziny zgodne z norm\u0105 FIA 8857-2001 typ A (patrz lista techniczna nr 23).Ka\u017cda ok\u0142adzina musi by\u0107 zamocowana w taki spos\u00f3b aby nie mog\u0142a si\u0119 przemieszcza\u0107 z stosunku do rury.Zastosowanie: We wszystkich kategoriach.Dla zawod\u00f3w bez pilota, ok\u0142adziny s\u0105 obowi\u0105zkowe wy\u0142\u0105cznie po stronie kierowcy.\" \/>\n<meta property=\"og:url\" content=\"https:\/\/cybul.eu\/pl\/sklep\/otulina-klatki-bezpieczenstwa-rrs-fia-91cm\/\" \/>\n<meta property=\"og:site_name\" content=\"CYBUL\" \/>\n<meta property=\"article:modified_time\" content=\"2024-06-09T04:00:03+00:00\" \/>\n<meta property=\"og:image\" content=\"https:\/\/cybul.eu\/wp-content\/uploads\/2024\/06\/pol_pl_Otulina-klatki-bezpieczenstwa-RRS-FIA-91cm-442_4.jpg\" \/>\n\t<meta property=\"og:image:width\" content=\"600\" \/>\n\t<meta property=\"og:image:height\" content=\"600\" \/>\n\t<meta property=\"og:image:type\" content=\"image\/jpeg\" \/>\n<meta name=\"twitter:card\" content=\"summary_large_image\" \/>\n<meta name=\"twitter:label1\" content=\"Szacowany czas czytania\" \/>\n\t<meta name=\"twitter:data1\" content=\"1 minuta\" \/>\n<script type=\"application\/ld+json\" class=\"yoast-schema-graph\">{\"@context\":\"https:\/\/schema.org\",\"@graph\":[{\"@type\":\"WebPage\",\"@id\":\"https:\/\/cybul.eu\/pl\/sklep\/otulina-klatki-bezpieczenstwa-rrs-fia-91cm\/\",\"url\":\"https:\/\/cybul.eu\/pl\/sklep\/otulina-klatki-bezpieczenstwa-rrs-fia-91cm\/\",\"name\":\"OTULINA KLATKI BEZPIECZE\u0143STWA RRS FIA 91CM - CYBUL\",\"isPartOf\":{\"@id\":\"https:\/\/cybul.eu\/pl\/#website\"},\"primaryImageOfPage\":{\"@id\":\"https:\/\/cybul.eu\/pl\/sklep\/otulina-klatki-bezpieczenstwa-rrs-fia-91cm\/#primaryimage\"},\"image\":{\"@id\":\"https:\/\/cybul.eu\/pl\/sklep\/otulina-klatki-bezpieczenstwa-rrs-fia-91cm\/#primaryimage\"},\"thumbnailUrl\":\"https:\/\/cybul.eu\/wp-content\/uploads\/2024\/06\/pol_pl_Otulina-klatki-bezpieczenstwa-RRS-FIA-91cm-442_4.jpg\",\"datePublished\":\"2024-06-09T03:59:55+00:00\",\"dateModified\":\"2024-06-09T04:00:03+00:00\",\"breadcrumb\":{\"@id\":\"https:\/\/cybul.eu\/pl\/sklep\/otulina-klatki-bezpieczenstwa-rrs-fia-91cm\/#breadcrumb\"},\"inLanguage\":\"pl-PL\",\"potentialAction\":[{\"@type\":\"ReadAction\",\"target\":[\"https:\/\/cybul.eu\/pl\/sklep\/otulina-klatki-bezpieczenstwa-rrs-fia-91cm\/\"]}]},{\"@type\":\"ImageObject\",\"inLanguage\":\"pl-PL\",\"@id\":\"https:\/\/cybul.eu\/pl\/sklep\/otulina-klatki-bezpieczenstwa-rrs-fia-91cm\/#primaryimage\",\"url\":\"https:\/\/cybul.eu\/wp-content\/uploads\/2024\/06\/pol_pl_Otulina-klatki-bezpieczenstwa-RRS-FIA-91cm-442_4.jpg\",\"contentUrl\":\"https:\/\/cybul.eu\/wp-content\/uploads\/2024\/06\/pol_pl_Otulina-klatki-bezpieczenstwa-RRS-FIA-91cm-442_4.jpg\",\"width\":600,\"height\":600},{\"@type\":\"BreadcrumbList\",\"@id\":\"https:\/\/cybul.eu\/pl\/sklep\/otulina-klatki-bezpieczenstwa-rrs-fia-91cm\/#breadcrumb\",\"itemListElement\":[{\"@type\":\"ListItem\",\"position\":1,\"name\":\"Strona g\u0142\u00f3wna\",\"item\":\"https:\/\/cybul.eu\/pl\/\"},{\"@type\":\"ListItem\",\"position\":2,\"name\":\"Sklep\",\"item\":\"https:\/\/cybul.eu\/pl\/sklep\/\"},{\"@type\":\"ListItem\",\"position\":3,\"name\":\"OTULINA KLATKI BEZPIECZE\u0143STWA RRS FIA 91CM\"}]},{\"@type\":\"WebSite\",\"@id\":\"https:\/\/cybul.eu\/pl\/#website\",\"url\":\"https:\/\/cybul.eu\/pl\/\",\"name\":\"CYBUL\",\"description\":\"\",\"potentialAction\":[{\"@type\":\"SearchAction\",\"target\":{\"@type\":\"EntryPoint\",\"urlTemplate\":\"https:\/\/cybul.eu\/pl\/?s={search_term_string}\"},\"query-input\":{\"@type\":\"PropertyValueSpecification\",\"valueRequired\":true,\"valueName\":\"search_term_string\"}}],\"inLanguage\":\"pl-PL\"}]}<\/script>\n<!-- \/ Yoast SEO plugin. -->","yoast_head_json":{"title":"OTULINA KLATKI BEZPIECZE\u0143STWA RRS FIA 91CM - CYBUL","robots":{"index":"index","follow":"follow","max-snippet":"max-snippet:-1","max-image-preview":"max-image-preview:large","max-video-preview":"max-video-preview:-1"},"canonical":"https:\/\/cybul.eu\/pl\/sklep\/otulina-klatki-bezpieczenstwa-rrs-fia-91cm\/","og_locale":"pl_PL","og_type":"article","og_title":"OTULINA KLATKI BEZPIECZE\u0143STWA RRS FIA 91CM - CYBUL","og_description":"Otulina Klatki bezpiecze\u0144stwa RRS FIAHomologacja: FIA 8857-2001Producent: BSCINumer homologacji:&nbsp;CP.001.02.AD\u0142ugo\u015b\u0107: 91cmKolor: Czarna\u015arednica rury: od 43 mm do 51 mmOtulina posiada ta\u015bm\u0119 samoprzylepn\u0105.Bardzo \u0142atwo doci\u0105\u0107 otulin\u0119 na dowolne d\u0142ugo\u015bci.Wykonana z materia\u0142u niepalnego, absorbuj\u0105cego energi\u0119 przy uderzeniu.Dobra jako\u015b\u0107, por\u00f3wnywalna ze Sparco, Sabelt czy OMP.Zgodnie z za\u0142\u0105cznikiem \"J\"&nbsp;ARTYKU\u0141 253 - 20178.3.5 Ok\u0142adziny ochronneTe miejsca klatki bezpiecze\u0144stwa, kt\u00f3re mog\u0142yby by\u0107 nara\u017cone na bezpo\u015bredni kontakt z cia\u0142em zawodnik\u00f3w musz\u0105 by\u0107 ob\u0142o\u017cone niepaln\u0105 otulin\u0105 zabezpieczaj\u0105c\u0105.Wszystkie rury klatki bezpiecze\u0144stwa okre\u015blone na rysunku 253-68 oraz wszystkie wzmocnienia dachu musz\u0105 by\u0107 wyposa\u017cone w ok\u0142adziny zgodne z norm\u0105 FIA 8857-2001 typ A (patrz lista techniczna nr 23).Ka\u017cda ok\u0142adzina musi by\u0107 zamocowana w taki spos\u00f3b aby nie mog\u0142a si\u0119 przemieszcza\u0107 z stosunku do rury.Zastosowanie: We wszystkich kategoriach.Dla zawod\u00f3w bez pilota, ok\u0142adziny s\u0105 obowi\u0105zkowe wy\u0142\u0105cznie po stronie kierowcy.","og_url":"https:\/\/cybul.eu\/pl\/sklep\/otulina-klatki-bezpieczenstwa-rrs-fia-91cm\/","og_site_name":"CYBUL","article_modified_time":"2024-06-09T04:00:03+00:00","og_image":[{"width":600,"height":600,"url":"https:\/\/cybul.eu\/wp-content\/uploads\/2024\/06\/pol_pl_Otulina-klatki-bezpieczenstwa-RRS-FIA-91cm-442_4.jpg","type":"image\/jpeg"}],"twitter_card":"summary_large_image","twitter_misc":{"Szacowany czas czytania":"1 minuta"},"schema":{"@context":"https:\/\/schema.org","@graph":[{"@type":"WebPage","@id":"https:\/\/cybul.eu\/pl\/sklep\/otulina-klatki-bezpieczenstwa-rrs-fia-91cm\/","url":"https:\/\/cybul.eu\/pl\/sklep\/otulina-klatki-bezpieczenstwa-rrs-fia-91cm\/","name":"OTULINA KLATKI BEZPIECZE\u0143STWA RRS FIA 91CM - CYBUL","isPartOf":{"@id":"https:\/\/cybul.eu\/pl\/#website"},"primaryImageOfPage":{"@id":"https:\/\/cybul.eu\/pl\/sklep\/otulina-klatki-bezpieczenstwa-rrs-fia-91cm\/#primaryimage"},"image":{"@id":"https:\/\/cybul.eu\/pl\/sklep\/otulina-klatki-bezpieczenstwa-rrs-fia-91cm\/#primaryimage"},"thumbnailUrl":"https:\/\/cybul.eu\/wp-content\/uploads\/2024\/06\/pol_pl_Otulina-klatki-bezpieczenstwa-RRS-FIA-91cm-442_4.jpg","datePublished":"2024-06-09T03:59:55+00:00","dateModified":"2024-06-09T04:00:03+00:00","breadcrumb":{"@id":"https:\/\/cybul.eu\/pl\/sklep\/otulina-klatki-bezpieczenstwa-rrs-fia-91cm\/#breadcrumb"},"inLanguage":"pl-PL","potentialAction":[{"@type":"ReadAction","target":["https:\/\/cybul.eu\/pl\/sklep\/otulina-klatki-bezpieczenstwa-rrs-fia-91cm\/"]}]},{"@type":"ImageObject","inLanguage":"pl-PL","@id":"https:\/\/cybul.eu\/pl\/sklep\/otulina-klatki-bezpieczenstwa-rrs-fia-91cm\/#primaryimage","url":"https:\/\/cybul.eu\/wp-content\/uploads\/2024\/06\/pol_pl_Otulina-klatki-bezpieczenstwa-RRS-FIA-91cm-442_4.jpg","contentUrl":"https:\/\/cybul.eu\/wp-content\/uploads\/2024\/06\/pol_pl_Otulina-klatki-bezpieczenstwa-RRS-FIA-91cm-442_4.jpg","width":600,"height":600},{"@type":"BreadcrumbList","@id":"https:\/\/cybul.eu\/pl\/sklep\/otulina-klatki-bezpieczenstwa-rrs-fia-91cm\/#breadcrumb","itemListElement":[{"@type":"ListItem","position":1,"name":"Strona g\u0142\u00f3wna","item":"https:\/\/cybul.eu\/pl\/"},{"@type":"ListItem","position":2,"name":"Sklep","item":"https:\/\/cybul.eu\/pl\/sklep\/"},{"@type":"ListItem","position":3,"name":"OTULINA KLATKI BEZPIECZE\u0143STWA RRS FIA 91CM"}]},{"@type":"WebSite","@id":"https:\/\/cybul.eu\/pl\/#website","url":"https:\/\/cybul.eu\/pl\/","name":"CYBUL","description":"","potentialAction":[{"@type":"SearchAction","target":{"@type":"EntryPoint","urlTemplate":"https:\/\/cybul.eu\/pl\/?s={search_term_string}"},"query-input":{"@type":"PropertyValueSpecification","valueRequired":true,"valueName":"search_term_string"}}],"inLanguage":"pl-PL"}]}},"_links":{"self":[{"href":"https:\/\/cybul.eu\/pl\/wp-json\/wp\/v2\/product\/11780","targetHints":{"allow":["GET"]}}],"collection":[{"href":"https:\/\/cybul.eu\/pl\/wp-json\/wp\/v2\/product"}],"about":[{"href":"https:\/\/cybul.eu\/pl\/wp-json\/wp\/v2\/types\/product"}],"replies":[{"embeddable":true,"href":"https:\/\/cybul.eu\/pl\/wp-json\/wp\/v2\/comments?post=11780"}],"wp:featuredmedia":[{"embeddable":true,"href":"https:\/\/cybul.eu\/pl\/wp-json\/wp\/v2\/media\/11746"}],"wp:attachment":[{"href":"https:\/\/cybul.eu\/pl\/wp-json\/wp\/v2\/media?parent=11780"}],"wp:term":[{"taxonomy":"product_cat","embeddable":true,"href":"https:\/\/cybul.eu\/pl\/wp-json\/wp\/v2\/product_cat?post=11780"},{"taxonomy":"product_tag","embeddable":true,"href":"https:\/\/cybul.eu\/pl\/wp-json\/wp\/v2\/product_tag?post=11780"}],"curies":[{"name":"wp","href":"https:\/\/api.w.org\/{rel}","templated":true}]}}