{"id":11674,"date":"2024-06-09T05:51:58","date_gmt":"2024-06-09T03:51:58","guid":{"rendered":"https:\/\/cybul.eu\/shop\/mocowanie-gasnicy-recznej-omp-132mm\/"},"modified":"2024-06-09T05:51:58","modified_gmt":"2024-06-09T03:51:58","slug":"mocowanie-gasnicy-recznej-omp-132mm","status":"publish","type":"product","link":"https:\/\/cybul.eu\/pl\/sklep\/mocowanie-gasnicy-recznej-omp-132mm\/","title":{"rendered":"MOCOWANIE GA\u015aNICY R\u0118CZNEJ OMP 132MM"},"content":{"rendered":"<p>Mocowanie (2 klamry) ga\u015bnicy r\u0119cznej.<\/p>\n<p>\u015arednica: 132mm<\/p>\n<p>Mocowanie zgodne z za\u0142\u0105cznikiem &#8222;J&#8221;<br \/>Opaski i zatrzaski wykonane z wysokiej jako\u015bci stali nierdzewnej.<br \/>Podstawa wykonana w aluminium pe\u0142ni funkcj\u0119 anti-torpedo.<\/p>\n<p>Przeznaczone do ga\u015bnicy OMP &#8211; CAB\/319.<\/p>\n","protected":false},"excerpt":{"rendered":"<p>Mocowanie (2 klamry) ga\u015bnicy r\u0119cznej.<\/p>\n<p>\u015arednica: 132mm<\/p>\n<p>Mocowanie zgodne z za\u0142\u0105cznikiem &#8222;J&#8221;<br \/>Opaski i zatrzaski wykonane z wysokiej jako\u015bci stali nierdzewnej.<br \/>Podstawa wykonana w aluminium pe\u0142ni funkcj\u0119 anti-torpedo.<\/p>\n<p>Przeznaczone do ga\u015bnicy OMP &#8211; CAB\/319.<\/p>\n","protected":false},"featured_media":11572,"comment_status":"closed","ping_status":"open","template":"","meta":[],"product_cat":[554,542],"product_tag":[],"class_list":{"0":"post-11674","1":"product","2":"type-product","3":"status-publish","4":"has-post-thumbnail","6":"product_cat-systemy-gasnicze-akcesoria","7":"product_cat-wnetrze","9":"first","10":"instock","11":"taxable","12":"shipping-taxable","13":"purchasable","14":"product-type-simple"},"bundled_by":[],"bundle_stock_status":"instock","bundle_stock_quantity":null,"bundle_virtual":false,"bundle_layout":"","bundle_add_to_cart_form_location":"","bundle_editable_in_cart":false,"bundle_sold_individually_context":"","bundle_item_grouping":"","bundle_min_size":"","bundle_max_size":"","bundle_price":[],"bundled_items":[],"bundle_sell_ids":[],"acf":{"zdjecie_bez_watermarka":null,"zdjecie_bez_watermarka_url":"","product_orgin_url":"https:\/\/inter-rally.pl\/product-eng-1417-Mocowanie-gasnicy-recznej-OMP-132mm.html"},"yoast_head":"<!-- This site is optimized with the Yoast SEO plugin v23.9 - https:\/\/yoast.com\/wordpress\/plugins\/seo\/ -->\n<title>MOCOWANIE GA\u015aNICY R\u0118CZNEJ OMP 132MM - CYBUL<\/title>\n<meta name=\"robots\" content=\"index, follow, max-snippet:-1, max-image-preview:large, max-video-preview:-1\" \/>\n<link rel=\"canonical\" href=\"https:\/\/cybul.eu\/pl\/sklep\/mocowanie-gasnicy-recznej-omp-132mm\/\" \/>\n<meta property=\"og:locale\" content=\"pl_PL\" \/>\n<meta property=\"og:type\" content=\"article\" \/>\n<meta property=\"og:title\" content=\"MOCOWANIE GA\u015aNICY R\u0118CZNEJ OMP 132MM - CYBUL\" \/>\n<meta property=\"og:description\" content=\"Mocowanie (2 klamry) ga\u015bnicy r\u0119cznej.\u015arednica: 132mmMocowanie zgodne z za\u0142\u0105cznikiem &quot;J&quot;Opaski i zatrzaski wykonane z wysokiej jako\u015bci stali nierdzewnej.Podstawa wykonana w aluminium pe\u0142ni funkcj\u0119 anti-torpedo.Przeznaczone do ga\u015bnicy OMP - CAB\/319.\" \/>\n<meta property=\"og:url\" content=\"https:\/\/cybul.eu\/pl\/sklep\/mocowanie-gasnicy-recznej-omp-132mm\/\" \/>\n<meta property=\"og:site_name\" content=\"CYBUL\" \/>\n<meta property=\"og:image\" content=\"https:\/\/cybul.eu\/wp-content\/uploads\/2024\/06\/pol_pl_Mocowanie-gasnicy-recznej-OMP-132mm-1417_1.jpg\" \/>\n\t<meta property=\"og:image:width\" content=\"900\" \/>\n\t<meta property=\"og:image:height\" content=\"900\" \/>\n\t<meta property=\"og:image:type\" content=\"image\/jpeg\" \/>\n<meta name=\"twitter:card\" content=\"summary_large_image\" \/>\n<script type=\"application\/ld+json\" class=\"yoast-schema-graph\">{\"@context\":\"https:\/\/schema.org\",\"@graph\":[{\"@type\":\"WebPage\",\"@id\":\"https:\/\/cybul.eu\/pl\/sklep\/mocowanie-gasnicy-recznej-omp-132mm\/\",\"url\":\"https:\/\/cybul.eu\/pl\/sklep\/mocowanie-gasnicy-recznej-omp-132mm\/\",\"name\":\"MOCOWANIE GA\u015aNICY R\u0118CZNEJ OMP 132MM - CYBUL\",\"isPartOf\":{\"@id\":\"https:\/\/cybul.eu\/pl\/#website\"},\"primaryImageOfPage\":{\"@id\":\"https:\/\/cybul.eu\/pl\/sklep\/mocowanie-gasnicy-recznej-omp-132mm\/#primaryimage\"},\"image\":{\"@id\":\"https:\/\/cybul.eu\/pl\/sklep\/mocowanie-gasnicy-recznej-omp-132mm\/#primaryimage\"},\"thumbnailUrl\":\"https:\/\/cybul.eu\/wp-content\/uploads\/2024\/06\/pol_pl_Mocowanie-gasnicy-recznej-OMP-132mm-1417_1.jpg\",\"datePublished\":\"2024-06-09T03:51:58+00:00\",\"dateModified\":\"2024-06-09T03:51:58+00:00\",\"breadcrumb\":{\"@id\":\"https:\/\/cybul.eu\/pl\/sklep\/mocowanie-gasnicy-recznej-omp-132mm\/#breadcrumb\"},\"inLanguage\":\"pl-PL\",\"potentialAction\":[{\"@type\":\"ReadAction\",\"target\":[\"https:\/\/cybul.eu\/pl\/sklep\/mocowanie-gasnicy-recznej-omp-132mm\/\"]}]},{\"@type\":\"ImageObject\",\"inLanguage\":\"pl-PL\",\"@id\":\"https:\/\/cybul.eu\/pl\/sklep\/mocowanie-gasnicy-recznej-omp-132mm\/#primaryimage\",\"url\":\"https:\/\/cybul.eu\/wp-content\/uploads\/2024\/06\/pol_pl_Mocowanie-gasnicy-recznej-OMP-132mm-1417_1.jpg\",\"contentUrl\":\"https:\/\/cybul.eu\/wp-content\/uploads\/2024\/06\/pol_pl_Mocowanie-gasnicy-recznej-OMP-132mm-1417_1.jpg\",\"width\":900,\"height\":900},{\"@type\":\"BreadcrumbList\",\"@id\":\"https:\/\/cybul.eu\/pl\/sklep\/mocowanie-gasnicy-recznej-omp-132mm\/#breadcrumb\",\"itemListElement\":[{\"@type\":\"ListItem\",\"position\":1,\"name\":\"Strona g\u0142\u00f3wna\",\"item\":\"https:\/\/cybul.eu\/pl\/\"},{\"@type\":\"ListItem\",\"position\":2,\"name\":\"Sklep\",\"item\":\"https:\/\/cybul.eu\/pl\/sklep\/\"},{\"@type\":\"ListItem\",\"position\":3,\"name\":\"MOCOWANIE GA\u015aNICY R\u0118CZNEJ OMP 132MM\"}]},{\"@type\":\"WebSite\",\"@id\":\"https:\/\/cybul.eu\/pl\/#website\",\"url\":\"https:\/\/cybul.eu\/pl\/\",\"name\":\"CYBUL\",\"description\":\"\",\"potentialAction\":[{\"@type\":\"SearchAction\",\"target\":{\"@type\":\"EntryPoint\",\"urlTemplate\":\"https:\/\/cybul.eu\/pl\/?s={search_term_string}\"},\"query-input\":{\"@type\":\"PropertyValueSpecification\",\"valueRequired\":true,\"valueName\":\"search_term_string\"}}],\"inLanguage\":\"pl-PL\"}]}<\/script>\n<!-- \/ Yoast SEO plugin. -->","yoast_head_json":{"title":"MOCOWANIE GA\u015aNICY R\u0118CZNEJ OMP 132MM - CYBUL","robots":{"index":"index","follow":"follow","max-snippet":"max-snippet:-1","max-image-preview":"max-image-preview:large","max-video-preview":"max-video-preview:-1"},"canonical":"https:\/\/cybul.eu\/pl\/sklep\/mocowanie-gasnicy-recznej-omp-132mm\/","og_locale":"pl_PL","og_type":"article","og_title":"MOCOWANIE GA\u015aNICY R\u0118CZNEJ OMP 132MM - CYBUL","og_description":"Mocowanie (2 klamry) ga\u015bnicy r\u0119cznej.\u015arednica: 132mmMocowanie zgodne z za\u0142\u0105cznikiem \"J\"Opaski i zatrzaski wykonane z wysokiej jako\u015bci stali nierdzewnej.Podstawa wykonana w aluminium pe\u0142ni funkcj\u0119 anti-torpedo.Przeznaczone do ga\u015bnicy OMP - CAB\/319.","og_url":"https:\/\/cybul.eu\/pl\/sklep\/mocowanie-gasnicy-recznej-omp-132mm\/","og_site_name":"CYBUL","og_image":[{"width":900,"height":900,"url":"https:\/\/cybul.eu\/wp-content\/uploads\/2024\/06\/pol_pl_Mocowanie-gasnicy-recznej-OMP-132mm-1417_1.jpg","type":"image\/jpeg"}],"twitter_card":"summary_large_image","schema":{"@context":"https:\/\/schema.org","@graph":[{"@type":"WebPage","@id":"https:\/\/cybul.eu\/pl\/sklep\/mocowanie-gasnicy-recznej-omp-132mm\/","url":"https:\/\/cybul.eu\/pl\/sklep\/mocowanie-gasnicy-recznej-omp-132mm\/","name":"MOCOWANIE GA\u015aNICY R\u0118CZNEJ OMP 132MM - CYBUL","isPartOf":{"@id":"https:\/\/cybul.eu\/pl\/#website"},"primaryImageOfPage":{"@id":"https:\/\/cybul.eu\/pl\/sklep\/mocowanie-gasnicy-recznej-omp-132mm\/#primaryimage"},"image":{"@id":"https:\/\/cybul.eu\/pl\/sklep\/mocowanie-gasnicy-recznej-omp-132mm\/#primaryimage"},"thumbnailUrl":"https:\/\/cybul.eu\/wp-content\/uploads\/2024\/06\/pol_pl_Mocowanie-gasnicy-recznej-OMP-132mm-1417_1.jpg","datePublished":"2024-06-09T03:51:58+00:00","dateModified":"2024-06-09T03:51:58+00:00","breadcrumb":{"@id":"https:\/\/cybul.eu\/pl\/sklep\/mocowanie-gasnicy-recznej-omp-132mm\/#breadcrumb"},"inLanguage":"pl-PL","potentialAction":[{"@type":"ReadAction","target":["https:\/\/cybul.eu\/pl\/sklep\/mocowanie-gasnicy-recznej-omp-132mm\/"]}]},{"@type":"ImageObject","inLanguage":"pl-PL","@id":"https:\/\/cybul.eu\/pl\/sklep\/mocowanie-gasnicy-recznej-omp-132mm\/#primaryimage","url":"https:\/\/cybul.eu\/wp-content\/uploads\/2024\/06\/pol_pl_Mocowanie-gasnicy-recznej-OMP-132mm-1417_1.jpg","contentUrl":"https:\/\/cybul.eu\/wp-content\/uploads\/2024\/06\/pol_pl_Mocowanie-gasnicy-recznej-OMP-132mm-1417_1.jpg","width":900,"height":900},{"@type":"BreadcrumbList","@id":"https:\/\/cybul.eu\/pl\/sklep\/mocowanie-gasnicy-recznej-omp-132mm\/#breadcrumb","itemListElement":[{"@type":"ListItem","position":1,"name":"Strona g\u0142\u00f3wna","item":"https:\/\/cybul.eu\/pl\/"},{"@type":"ListItem","position":2,"name":"Sklep","item":"https:\/\/cybul.eu\/pl\/sklep\/"},{"@type":"ListItem","position":3,"name":"MOCOWANIE GA\u015aNICY R\u0118CZNEJ OMP 132MM"}]},{"@type":"WebSite","@id":"https:\/\/cybul.eu\/pl\/#website","url":"https:\/\/cybul.eu\/pl\/","name":"CYBUL","description":"","potentialAction":[{"@type":"SearchAction","target":{"@type":"EntryPoint","urlTemplate":"https:\/\/cybul.eu\/pl\/?s={search_term_string}"},"query-input":{"@type":"PropertyValueSpecification","valueRequired":true,"valueName":"search_term_string"}}],"inLanguage":"pl-PL"}]}},"_links":{"self":[{"href":"https:\/\/cybul.eu\/pl\/wp-json\/wp\/v2\/product\/11674","targetHints":{"allow":["GET"]}}],"collection":[{"href":"https:\/\/cybul.eu\/pl\/wp-json\/wp\/v2\/product"}],"about":[{"href":"https:\/\/cybul.eu\/pl\/wp-json\/wp\/v2\/types\/product"}],"replies":[{"embeddable":true,"href":"https:\/\/cybul.eu\/pl\/wp-json\/wp\/v2\/comments?post=11674"}],"wp:featuredmedia":[{"embeddable":true,"href":"https:\/\/cybul.eu\/pl\/wp-json\/wp\/v2\/media\/11572"}],"wp:attachment":[{"href":"https:\/\/cybul.eu\/pl\/wp-json\/wp\/v2\/media?parent=11674"}],"wp:term":[{"taxonomy":"product_cat","embeddable":true,"href":"https:\/\/cybul.eu\/pl\/wp-json\/wp\/v2\/product_cat?post=11674"},{"taxonomy":"product_tag","embeddable":true,"href":"https:\/\/cybul.eu\/pl\/wp-json\/wp\/v2\/product_tag?post=11674"}],"curies":[{"name":"wp","href":"https:\/\/api.w.org\/{rel}","templated":true}]}}