{"id":11665,"date":"2024-06-09T05:51:34","date_gmt":"2024-06-09T03:51:34","guid":{"rendered":"https:\/\/cybul.eu\/shop\/linka-sparco-systemu-mechanicznego\/"},"modified":"2024-06-09T05:51:41","modified_gmt":"2024-06-09T03:51:41","slug":"linka-sparco-systemu-mechanicznego","status":"publish","type":"product","link":"https:\/\/cybul.eu\/pl\/sklep\/linka-sparco-systemu-mechanicznego\/","title":{"rendered":"LINKA SPARCO SYSTEMU MECHANICZNEGO"},"content":{"rendered":"<p><strong>Linka Sparco<\/p>\n<p><\/strong>Przeznaczona do mechanicznego systemu ga\u015bniczego lub g\u0142\u00f3wnego wy\u0142\u0105cznika pr\u0105du.<br \/>Zawleczka w komplecie.<\/p>\n<p>D\u0142ugo\u015b\u0107: 360cm<\/p>\n","protected":false},"excerpt":{"rendered":"<p><strong>Linka Sparco<\/p>\n<p><\/strong>Przeznaczona do mechanicznego systemu ga\u015bniczego lub g\u0142\u00f3wnego wy\u0142\u0105cznika pr\u0105du.<br \/>Zawleczka w komplecie.<\/p>\n<p>D\u0142ugo\u015b\u0107: 360cm<\/p>\n","protected":false},"featured_media":11545,"comment_status":"closed","ping_status":"open","template":"","meta":[],"product_cat":[554,542],"product_tag":[],"class_list":{"0":"post-11665","1":"product","2":"type-product","3":"status-publish","4":"has-post-thumbnail","6":"product_cat-systemy-gasnicze-akcesoria","7":"product_cat-wnetrze","9":"first","10":"instock","11":"taxable","12":"shipping-taxable","13":"purchasable","14":"product-type-simple"},"bundled_by":[],"bundle_stock_status":"instock","bundle_stock_quantity":null,"bundle_virtual":false,"bundle_layout":"","bundle_add_to_cart_form_location":"","bundle_editable_in_cart":false,"bundle_sold_individually_context":"","bundle_item_grouping":"","bundle_min_size":"","bundle_max_size":"","bundle_price":[],"bundled_items":[],"bundle_sell_ids":[],"acf":{"zdjecie_bez_watermarka":null,"zdjecie_bez_watermarka_url":"","product_orgin_url":"https:\/\/inter-rally.pl\/product-eng-5483-Linka-Sparco-systemu-mechanicznego.html"},"yoast_head":"<!-- This site is optimized with the Yoast SEO plugin v23.9 - https:\/\/yoast.com\/wordpress\/plugins\/seo\/ -->\n<title>LINKA SPARCO SYSTEMU MECHANICZNEGO - CYBUL<\/title>\n<meta name=\"robots\" content=\"index, follow, max-snippet:-1, max-image-preview:large, max-video-preview:-1\" \/>\n<link rel=\"canonical\" href=\"https:\/\/cybul.eu\/pl\/sklep\/linka-sparco-systemu-mechanicznego\/\" \/>\n<meta property=\"og:locale\" content=\"pl_PL\" \/>\n<meta property=\"og:type\" content=\"article\" \/>\n<meta property=\"og:title\" content=\"LINKA SPARCO SYSTEMU MECHANICZNEGO - CYBUL\" \/>\n<meta property=\"og:description\" content=\"Linka SparcoPrzeznaczona do mechanicznego systemu ga\u015bniczego lub g\u0142\u00f3wnego wy\u0142\u0105cznika pr\u0105du.Zawleczka w komplecie.D\u0142ugo\u015b\u0107: 360cm\" \/>\n<meta property=\"og:url\" content=\"https:\/\/cybul.eu\/pl\/sklep\/linka-sparco-systemu-mechanicznego\/\" \/>\n<meta property=\"og:site_name\" content=\"CYBUL\" \/>\n<meta property=\"article:modified_time\" content=\"2024-06-09T03:51:41+00:00\" \/>\n<meta property=\"og:image\" content=\"https:\/\/cybul.eu\/wp-content\/uploads\/2024\/06\/pol_pl_Linka-Sparco-systemu-mechanicznego-5483_2.jpg\" \/>\n\t<meta property=\"og:image:width\" content=\"500\" \/>\n\t<meta property=\"og:image:height\" content=\"500\" \/>\n\t<meta property=\"og:image:type\" content=\"image\/jpeg\" \/>\n<meta name=\"twitter:card\" content=\"summary_large_image\" \/>\n<script type=\"application\/ld+json\" class=\"yoast-schema-graph\">{\"@context\":\"https:\/\/schema.org\",\"@graph\":[{\"@type\":\"WebPage\",\"@id\":\"https:\/\/cybul.eu\/pl\/sklep\/linka-sparco-systemu-mechanicznego\/\",\"url\":\"https:\/\/cybul.eu\/pl\/sklep\/linka-sparco-systemu-mechanicznego\/\",\"name\":\"LINKA SPARCO SYSTEMU MECHANICZNEGO - CYBUL\",\"isPartOf\":{\"@id\":\"https:\/\/cybul.eu\/pl\/#website\"},\"primaryImageOfPage\":{\"@id\":\"https:\/\/cybul.eu\/pl\/sklep\/linka-sparco-systemu-mechanicznego\/#primaryimage\"},\"image\":{\"@id\":\"https:\/\/cybul.eu\/pl\/sklep\/linka-sparco-systemu-mechanicznego\/#primaryimage\"},\"thumbnailUrl\":\"https:\/\/cybul.eu\/wp-content\/uploads\/2024\/06\/pol_pl_Linka-Sparco-systemu-mechanicznego-5483_2.jpg\",\"datePublished\":\"2024-06-09T03:51:34+00:00\",\"dateModified\":\"2024-06-09T03:51:41+00:00\",\"breadcrumb\":{\"@id\":\"https:\/\/cybul.eu\/pl\/sklep\/linka-sparco-systemu-mechanicznego\/#breadcrumb\"},\"inLanguage\":\"pl-PL\",\"potentialAction\":[{\"@type\":\"ReadAction\",\"target\":[\"https:\/\/cybul.eu\/pl\/sklep\/linka-sparco-systemu-mechanicznego\/\"]}]},{\"@type\":\"ImageObject\",\"inLanguage\":\"pl-PL\",\"@id\":\"https:\/\/cybul.eu\/pl\/sklep\/linka-sparco-systemu-mechanicznego\/#primaryimage\",\"url\":\"https:\/\/cybul.eu\/wp-content\/uploads\/2024\/06\/pol_pl_Linka-Sparco-systemu-mechanicznego-5483_2.jpg\",\"contentUrl\":\"https:\/\/cybul.eu\/wp-content\/uploads\/2024\/06\/pol_pl_Linka-Sparco-systemu-mechanicznego-5483_2.jpg\",\"width\":500,\"height\":500},{\"@type\":\"BreadcrumbList\",\"@id\":\"https:\/\/cybul.eu\/pl\/sklep\/linka-sparco-systemu-mechanicznego\/#breadcrumb\",\"itemListElement\":[{\"@type\":\"ListItem\",\"position\":1,\"name\":\"Strona g\u0142\u00f3wna\",\"item\":\"https:\/\/cybul.eu\/pl\/\"},{\"@type\":\"ListItem\",\"position\":2,\"name\":\"Sklep\",\"item\":\"https:\/\/cybul.eu\/pl\/sklep\/\"},{\"@type\":\"ListItem\",\"position\":3,\"name\":\"LINKA SPARCO SYSTEMU MECHANICZNEGO\"}]},{\"@type\":\"WebSite\",\"@id\":\"https:\/\/cybul.eu\/pl\/#website\",\"url\":\"https:\/\/cybul.eu\/pl\/\",\"name\":\"CYBUL\",\"description\":\"\",\"potentialAction\":[{\"@type\":\"SearchAction\",\"target\":{\"@type\":\"EntryPoint\",\"urlTemplate\":\"https:\/\/cybul.eu\/pl\/?s={search_term_string}\"},\"query-input\":{\"@type\":\"PropertyValueSpecification\",\"valueRequired\":true,\"valueName\":\"search_term_string\"}}],\"inLanguage\":\"pl-PL\"}]}<\/script>\n<!-- \/ Yoast SEO plugin. -->","yoast_head_json":{"title":"LINKA SPARCO SYSTEMU MECHANICZNEGO - CYBUL","robots":{"index":"index","follow":"follow","max-snippet":"max-snippet:-1","max-image-preview":"max-image-preview:large","max-video-preview":"max-video-preview:-1"},"canonical":"https:\/\/cybul.eu\/pl\/sklep\/linka-sparco-systemu-mechanicznego\/","og_locale":"pl_PL","og_type":"article","og_title":"LINKA SPARCO SYSTEMU MECHANICZNEGO - CYBUL","og_description":"Linka SparcoPrzeznaczona do mechanicznego systemu ga\u015bniczego lub g\u0142\u00f3wnego wy\u0142\u0105cznika pr\u0105du.Zawleczka w komplecie.D\u0142ugo\u015b\u0107: 360cm","og_url":"https:\/\/cybul.eu\/pl\/sklep\/linka-sparco-systemu-mechanicznego\/","og_site_name":"CYBUL","article_modified_time":"2024-06-09T03:51:41+00:00","og_image":[{"width":500,"height":500,"url":"https:\/\/cybul.eu\/wp-content\/uploads\/2024\/06\/pol_pl_Linka-Sparco-systemu-mechanicznego-5483_2.jpg","type":"image\/jpeg"}],"twitter_card":"summary_large_image","schema":{"@context":"https:\/\/schema.org","@graph":[{"@type":"WebPage","@id":"https:\/\/cybul.eu\/pl\/sklep\/linka-sparco-systemu-mechanicznego\/","url":"https:\/\/cybul.eu\/pl\/sklep\/linka-sparco-systemu-mechanicznego\/","name":"LINKA SPARCO SYSTEMU MECHANICZNEGO - CYBUL","isPartOf":{"@id":"https:\/\/cybul.eu\/pl\/#website"},"primaryImageOfPage":{"@id":"https:\/\/cybul.eu\/pl\/sklep\/linka-sparco-systemu-mechanicznego\/#primaryimage"},"image":{"@id":"https:\/\/cybul.eu\/pl\/sklep\/linka-sparco-systemu-mechanicznego\/#primaryimage"},"thumbnailUrl":"https:\/\/cybul.eu\/wp-content\/uploads\/2024\/06\/pol_pl_Linka-Sparco-systemu-mechanicznego-5483_2.jpg","datePublished":"2024-06-09T03:51:34+00:00","dateModified":"2024-06-09T03:51:41+00:00","breadcrumb":{"@id":"https:\/\/cybul.eu\/pl\/sklep\/linka-sparco-systemu-mechanicznego\/#breadcrumb"},"inLanguage":"pl-PL","potentialAction":[{"@type":"ReadAction","target":["https:\/\/cybul.eu\/pl\/sklep\/linka-sparco-systemu-mechanicznego\/"]}]},{"@type":"ImageObject","inLanguage":"pl-PL","@id":"https:\/\/cybul.eu\/pl\/sklep\/linka-sparco-systemu-mechanicznego\/#primaryimage","url":"https:\/\/cybul.eu\/wp-content\/uploads\/2024\/06\/pol_pl_Linka-Sparco-systemu-mechanicznego-5483_2.jpg","contentUrl":"https:\/\/cybul.eu\/wp-content\/uploads\/2024\/06\/pol_pl_Linka-Sparco-systemu-mechanicznego-5483_2.jpg","width":500,"height":500},{"@type":"BreadcrumbList","@id":"https:\/\/cybul.eu\/pl\/sklep\/linka-sparco-systemu-mechanicznego\/#breadcrumb","itemListElement":[{"@type":"ListItem","position":1,"name":"Strona g\u0142\u00f3wna","item":"https:\/\/cybul.eu\/pl\/"},{"@type":"ListItem","position":2,"name":"Sklep","item":"https:\/\/cybul.eu\/pl\/sklep\/"},{"@type":"ListItem","position":3,"name":"LINKA SPARCO SYSTEMU MECHANICZNEGO"}]},{"@type":"WebSite","@id":"https:\/\/cybul.eu\/pl\/#website","url":"https:\/\/cybul.eu\/pl\/","name":"CYBUL","description":"","potentialAction":[{"@type":"SearchAction","target":{"@type":"EntryPoint","urlTemplate":"https:\/\/cybul.eu\/pl\/?s={search_term_string}"},"query-input":{"@type":"PropertyValueSpecification","valueRequired":true,"valueName":"search_term_string"}}],"inLanguage":"pl-PL"}]}},"_links":{"self":[{"href":"https:\/\/cybul.eu\/pl\/wp-json\/wp\/v2\/product\/11665","targetHints":{"allow":["GET"]}}],"collection":[{"href":"https:\/\/cybul.eu\/pl\/wp-json\/wp\/v2\/product"}],"about":[{"href":"https:\/\/cybul.eu\/pl\/wp-json\/wp\/v2\/types\/product"}],"replies":[{"embeddable":true,"href":"https:\/\/cybul.eu\/pl\/wp-json\/wp\/v2\/comments?post=11665"}],"wp:featuredmedia":[{"embeddable":true,"href":"https:\/\/cybul.eu\/pl\/wp-json\/wp\/v2\/media\/11545"}],"wp:attachment":[{"href":"https:\/\/cybul.eu\/pl\/wp-json\/wp\/v2\/media?parent=11665"}],"wp:term":[{"taxonomy":"product_cat","embeddable":true,"href":"https:\/\/cybul.eu\/pl\/wp-json\/wp\/v2\/product_cat?post=11665"},{"taxonomy":"product_tag","embeddable":true,"href":"https:\/\/cybul.eu\/pl\/wp-json\/wp\/v2\/product_tag?post=11665"}],"curies":[{"name":"wp","href":"https:\/\/api.w.org\/{rel}","templated":true}]}}