{"id":11659,"date":"2024-06-09T05:51:34","date_gmt":"2024-06-09T03:51:34","guid":{"rendered":"https:\/\/cybul.eu\/shop\/adapter-anti-torpedo-rrs-do-systemow-gasniczych\/"},"modified":"2024-06-09T05:51:37","modified_gmt":"2024-06-09T03:51:37","slug":"adapter-anti-torpedo-rrs-do-systemow-gasniczych","status":"publish","type":"product","link":"https:\/\/cybul.eu\/pl\/sklep\/adapter-anti-torpedo-rrs-do-systemow-gasniczych\/","title":{"rendered":"ADAPTER ANTI-TORPEDO RRS, DO SYSTEM\u00d3W GA\u015aNICZYCH"},"content":{"rendered":"<p><span>Adapter mocowania butli systemu ga\u015bniczego anti-torpedo, zapobiega wysuni\u0119ciu si\u0119 butli z mocowania podczas zderzenia.<\/span><\/p>\n<p><span>Adaptery s\u0105 dostarczane wraz z nowymi systemami RRS, do starszych system\u00f3w (przed 2017r.) nale\u017cy do\u0142o\u017cy\u0107 je do wcze\u015bniej zamontowanych system\u00f3w, aby spe\u0142nia\u0142y wymagania FIA.<\/span><\/p>\n","protected":false},"excerpt":{"rendered":"<p><span>Adapter mocowania butli systemu ga\u015bniczego anti-torpedo, zapobiega wysuni\u0119ciu si\u0119 butli z mocowania podczas zderzenia.<\/span><\/p>\n","protected":false},"featured_media":11527,"comment_status":"closed","ping_status":"open","template":"","meta":[],"product_cat":[554,542],"product_tag":[],"class_list":{"0":"post-11659","1":"product","2":"type-product","3":"status-publish","4":"has-post-thumbnail","6":"product_cat-systemy-gasnicze-akcesoria","7":"product_cat-wnetrze","9":"first","10":"instock","11":"taxable","12":"shipping-taxable","13":"purchasable","14":"product-type-simple"},"bundled_by":[],"bundle_stock_status":"instock","bundle_stock_quantity":null,"bundle_virtual":false,"bundle_layout":"","bundle_add_to_cart_form_location":"","bundle_editable_in_cart":false,"bundle_sold_individually_context":"","bundle_item_grouping":"","bundle_min_size":"","bundle_max_size":"","bundle_price":[],"bundled_items":[],"bundle_sell_ids":[],"acf":{"zdjecie_bez_watermarka":null,"zdjecie_bez_watermarka_url":"","product_orgin_url":"https:\/\/inter-rally.pl\/product-eng-72726-Adapter-anti-torpedo-RRS-do-systemow-gasniczych.html"},"yoast_head":"<!-- This site is optimized with the Yoast SEO plugin v23.9 - https:\/\/yoast.com\/wordpress\/plugins\/seo\/ -->\n<title>ADAPTER ANTI-TORPEDO RRS, DO SYSTEM\u00d3W GA\u015aNICZYCH - CYBUL<\/title>\n<meta name=\"robots\" content=\"index, follow, max-snippet:-1, max-image-preview:large, max-video-preview:-1\" \/>\n<link rel=\"canonical\" href=\"https:\/\/cybul.eu\/pl\/sklep\/adapter-anti-torpedo-rrs-do-systemow-gasniczych\/\" \/>\n<meta property=\"og:locale\" content=\"pl_PL\" \/>\n<meta property=\"og:type\" content=\"article\" \/>\n<meta property=\"og:title\" content=\"ADAPTER ANTI-TORPEDO RRS, DO SYSTEM\u00d3W GA\u015aNICZYCH - CYBUL\" \/>\n<meta property=\"og:description\" content=\"Adapter mocowania butli systemu ga\u015bniczego anti-torpedo, zapobiega wysuni\u0119ciu si\u0119 butli z mocowania podczas zderzenia.\" \/>\n<meta property=\"og:url\" content=\"https:\/\/cybul.eu\/pl\/sklep\/adapter-anti-torpedo-rrs-do-systemow-gasniczych\/\" \/>\n<meta property=\"og:site_name\" content=\"CYBUL\" \/>\n<meta property=\"article:modified_time\" content=\"2024-06-09T03:51:37+00:00\" \/>\n<meta property=\"og:image\" content=\"https:\/\/cybul.eu\/wp-content\/uploads\/2024\/06\/pol_pl_Adapter-anti-torpedo-RRS-do-systemow-gasniczych-72726_7.jpg\" \/>\n\t<meta property=\"og:image:width\" content=\"600\" \/>\n\t<meta property=\"og:image:height\" content=\"600\" \/>\n\t<meta property=\"og:image:type\" content=\"image\/jpeg\" \/>\n<meta name=\"twitter:card\" content=\"summary_large_image\" \/>\n<script type=\"application\/ld+json\" class=\"yoast-schema-graph\">{\"@context\":\"https:\/\/schema.org\",\"@graph\":[{\"@type\":\"WebPage\",\"@id\":\"https:\/\/cybul.eu\/pl\/sklep\/adapter-anti-torpedo-rrs-do-systemow-gasniczych\/\",\"url\":\"https:\/\/cybul.eu\/pl\/sklep\/adapter-anti-torpedo-rrs-do-systemow-gasniczych\/\",\"name\":\"ADAPTER ANTI-TORPEDO RRS, DO SYSTEM\u00d3W GA\u015aNICZYCH - CYBUL\",\"isPartOf\":{\"@id\":\"https:\/\/cybul.eu\/pl\/#website\"},\"primaryImageOfPage\":{\"@id\":\"https:\/\/cybul.eu\/pl\/sklep\/adapter-anti-torpedo-rrs-do-systemow-gasniczych\/#primaryimage\"},\"image\":{\"@id\":\"https:\/\/cybul.eu\/pl\/sklep\/adapter-anti-torpedo-rrs-do-systemow-gasniczych\/#primaryimage\"},\"thumbnailUrl\":\"https:\/\/cybul.eu\/wp-content\/uploads\/2024\/06\/pol_pl_Adapter-anti-torpedo-RRS-do-systemow-gasniczych-72726_7.jpg\",\"datePublished\":\"2024-06-09T03:51:34+00:00\",\"dateModified\":\"2024-06-09T03:51:37+00:00\",\"breadcrumb\":{\"@id\":\"https:\/\/cybul.eu\/pl\/sklep\/adapter-anti-torpedo-rrs-do-systemow-gasniczych\/#breadcrumb\"},\"inLanguage\":\"pl-PL\",\"potentialAction\":[{\"@type\":\"ReadAction\",\"target\":[\"https:\/\/cybul.eu\/pl\/sklep\/adapter-anti-torpedo-rrs-do-systemow-gasniczych\/\"]}]},{\"@type\":\"ImageObject\",\"inLanguage\":\"pl-PL\",\"@id\":\"https:\/\/cybul.eu\/pl\/sklep\/adapter-anti-torpedo-rrs-do-systemow-gasniczych\/#primaryimage\",\"url\":\"https:\/\/cybul.eu\/wp-content\/uploads\/2024\/06\/pol_pl_Adapter-anti-torpedo-RRS-do-systemow-gasniczych-72726_7.jpg\",\"contentUrl\":\"https:\/\/cybul.eu\/wp-content\/uploads\/2024\/06\/pol_pl_Adapter-anti-torpedo-RRS-do-systemow-gasniczych-72726_7.jpg\",\"width\":600,\"height\":600},{\"@type\":\"BreadcrumbList\",\"@id\":\"https:\/\/cybul.eu\/pl\/sklep\/adapter-anti-torpedo-rrs-do-systemow-gasniczych\/#breadcrumb\",\"itemListElement\":[{\"@type\":\"ListItem\",\"position\":1,\"name\":\"Strona g\u0142\u00f3wna\",\"item\":\"https:\/\/cybul.eu\/pl\/\"},{\"@type\":\"ListItem\",\"position\":2,\"name\":\"Sklep\",\"item\":\"https:\/\/cybul.eu\/pl\/sklep\/\"},{\"@type\":\"ListItem\",\"position\":3,\"name\":\"ADAPTER ANTI-TORPEDO RRS, DO SYSTEM\u00d3W GA\u015aNICZYCH\"}]},{\"@type\":\"WebSite\",\"@id\":\"https:\/\/cybul.eu\/pl\/#website\",\"url\":\"https:\/\/cybul.eu\/pl\/\",\"name\":\"CYBUL\",\"description\":\"\",\"potentialAction\":[{\"@type\":\"SearchAction\",\"target\":{\"@type\":\"EntryPoint\",\"urlTemplate\":\"https:\/\/cybul.eu\/pl\/?s={search_term_string}\"},\"query-input\":{\"@type\":\"PropertyValueSpecification\",\"valueRequired\":true,\"valueName\":\"search_term_string\"}}],\"inLanguage\":\"pl-PL\"}]}<\/script>\n<!-- \/ Yoast SEO plugin. -->","yoast_head_json":{"title":"ADAPTER ANTI-TORPEDO RRS, DO SYSTEM\u00d3W GA\u015aNICZYCH - CYBUL","robots":{"index":"index","follow":"follow","max-snippet":"max-snippet:-1","max-image-preview":"max-image-preview:large","max-video-preview":"max-video-preview:-1"},"canonical":"https:\/\/cybul.eu\/pl\/sklep\/adapter-anti-torpedo-rrs-do-systemow-gasniczych\/","og_locale":"pl_PL","og_type":"article","og_title":"ADAPTER ANTI-TORPEDO RRS, DO SYSTEM\u00d3W GA\u015aNICZYCH - CYBUL","og_description":"Adapter mocowania butli systemu ga\u015bniczego anti-torpedo, zapobiega wysuni\u0119ciu si\u0119 butli z mocowania podczas zderzenia.","og_url":"https:\/\/cybul.eu\/pl\/sklep\/adapter-anti-torpedo-rrs-do-systemow-gasniczych\/","og_site_name":"CYBUL","article_modified_time":"2024-06-09T03:51:37+00:00","og_image":[{"width":600,"height":600,"url":"https:\/\/cybul.eu\/wp-content\/uploads\/2024\/06\/pol_pl_Adapter-anti-torpedo-RRS-do-systemow-gasniczych-72726_7.jpg","type":"image\/jpeg"}],"twitter_card":"summary_large_image","schema":{"@context":"https:\/\/schema.org","@graph":[{"@type":"WebPage","@id":"https:\/\/cybul.eu\/pl\/sklep\/adapter-anti-torpedo-rrs-do-systemow-gasniczych\/","url":"https:\/\/cybul.eu\/pl\/sklep\/adapter-anti-torpedo-rrs-do-systemow-gasniczych\/","name":"ADAPTER ANTI-TORPEDO RRS, DO SYSTEM\u00d3W GA\u015aNICZYCH - CYBUL","isPartOf":{"@id":"https:\/\/cybul.eu\/pl\/#website"},"primaryImageOfPage":{"@id":"https:\/\/cybul.eu\/pl\/sklep\/adapter-anti-torpedo-rrs-do-systemow-gasniczych\/#primaryimage"},"image":{"@id":"https:\/\/cybul.eu\/pl\/sklep\/adapter-anti-torpedo-rrs-do-systemow-gasniczych\/#primaryimage"},"thumbnailUrl":"https:\/\/cybul.eu\/wp-content\/uploads\/2024\/06\/pol_pl_Adapter-anti-torpedo-RRS-do-systemow-gasniczych-72726_7.jpg","datePublished":"2024-06-09T03:51:34+00:00","dateModified":"2024-06-09T03:51:37+00:00","breadcrumb":{"@id":"https:\/\/cybul.eu\/pl\/sklep\/adapter-anti-torpedo-rrs-do-systemow-gasniczych\/#breadcrumb"},"inLanguage":"pl-PL","potentialAction":[{"@type":"ReadAction","target":["https:\/\/cybul.eu\/pl\/sklep\/adapter-anti-torpedo-rrs-do-systemow-gasniczych\/"]}]},{"@type":"ImageObject","inLanguage":"pl-PL","@id":"https:\/\/cybul.eu\/pl\/sklep\/adapter-anti-torpedo-rrs-do-systemow-gasniczych\/#primaryimage","url":"https:\/\/cybul.eu\/wp-content\/uploads\/2024\/06\/pol_pl_Adapter-anti-torpedo-RRS-do-systemow-gasniczych-72726_7.jpg","contentUrl":"https:\/\/cybul.eu\/wp-content\/uploads\/2024\/06\/pol_pl_Adapter-anti-torpedo-RRS-do-systemow-gasniczych-72726_7.jpg","width":600,"height":600},{"@type":"BreadcrumbList","@id":"https:\/\/cybul.eu\/pl\/sklep\/adapter-anti-torpedo-rrs-do-systemow-gasniczych\/#breadcrumb","itemListElement":[{"@type":"ListItem","position":1,"name":"Strona g\u0142\u00f3wna","item":"https:\/\/cybul.eu\/pl\/"},{"@type":"ListItem","position":2,"name":"Sklep","item":"https:\/\/cybul.eu\/pl\/sklep\/"},{"@type":"ListItem","position":3,"name":"ADAPTER ANTI-TORPEDO RRS, DO SYSTEM\u00d3W GA\u015aNICZYCH"}]},{"@type":"WebSite","@id":"https:\/\/cybul.eu\/pl\/#website","url":"https:\/\/cybul.eu\/pl\/","name":"CYBUL","description":"","potentialAction":[{"@type":"SearchAction","target":{"@type":"EntryPoint","urlTemplate":"https:\/\/cybul.eu\/pl\/?s={search_term_string}"},"query-input":{"@type":"PropertyValueSpecification","valueRequired":true,"valueName":"search_term_string"}}],"inLanguage":"pl-PL"}]}},"_links":{"self":[{"href":"https:\/\/cybul.eu\/pl\/wp-json\/wp\/v2\/product\/11659","targetHints":{"allow":["GET"]}}],"collection":[{"href":"https:\/\/cybul.eu\/pl\/wp-json\/wp\/v2\/product"}],"about":[{"href":"https:\/\/cybul.eu\/pl\/wp-json\/wp\/v2\/types\/product"}],"replies":[{"embeddable":true,"href":"https:\/\/cybul.eu\/pl\/wp-json\/wp\/v2\/comments?post=11659"}],"wp:featuredmedia":[{"embeddable":true,"href":"https:\/\/cybul.eu\/pl\/wp-json\/wp\/v2\/media\/11527"}],"wp:attachment":[{"href":"https:\/\/cybul.eu\/pl\/wp-json\/wp\/v2\/media?parent=11659"}],"wp:term":[{"taxonomy":"product_cat","embeddable":true,"href":"https:\/\/cybul.eu\/pl\/wp-json\/wp\/v2\/product_cat?post=11659"},{"taxonomy":"product_tag","embeddable":true,"href":"https:\/\/cybul.eu\/pl\/wp-json\/wp\/v2\/product_tag?post=11659"}],"curies":[{"name":"wp","href":"https:\/\/api.w.org\/{rel}","templated":true}]}}