{"id":11492,"date":"2024-06-08T23:26:56","date_gmt":"2024-06-08T21:26:56","guid":{"rendered":"https:\/\/cybul.eu\/shop\/system-gasniczy-omp-one-collection-xs-elektryczny\/"},"modified":"2024-06-08T23:26:57","modified_gmt":"2024-06-08T21:26:57","slug":"system-gasniczy-omp-one-collection-xs-elektryczny","status":"publish","type":"product","link":"https:\/\/cybul.eu\/pl\/sklep\/system-gasniczy-omp-one-collection-xs-elektryczny\/","title":{"rendered":"SYSTEM GA\u015aNICZY OMP ONE COLLECTION XS &#8211; ELEKTRYCZNY"},"content":{"rendered":"<p><strong>System ga\u015bniczy OMP One Collection XS<\/strong> &#8211; elektryczny<\/p>\n<p>Homologacja:&nbsp;<strong>FIA 8865-2015<\/p>\n<p>Przeznaczony do u\u017cytku w mniejszych kokpitach, o pojemno\u015bci od 0,6m\u00b3 do 1,12m\u00b3<\/strong><\/p>\n<p>Najnowszy i najbardziej zaawansowany system ga\u015bniczy OMP. Wykonany z ultralekkiego stopu aluminium.<\/p>\n<p>Waga: <strong>5,4kg (tylko butla)<\/strong><br \/>D\u0142ugo\u015b\u0107 butli: <strong>258mm<\/strong><br \/>\u015arednica butli: <strong>114,5mm<br \/><\/strong>Ca\u0142kowita wysoko\u015b\u0107 butli: <strong>149mm<\/strong><\/p>\n<p>W komplecie znajduj\u0105 si\u0119 nast\u0119puj\u0105ce elementy:<br \/>&#8211; 1x Ga\u015bnica<br \/>&#8211; 2x Mocowanie ga\u015bnicy z Anti-Torpedo (CD\/408)<br \/>&#8211; 2x 4 metry przew\u00f3d aluminiowy 8mm (CD\/323\/A)<br \/>&#8211; 2x Os\u0142ona przewod\u00f3w (CD\/324\/8\/N)<br \/>&#8211; 2x Mocowanie dyszy kokpitu (CD\/409)<br \/>&#8211; 2x Dysza kokpitu (CD\/410)<br \/>&#8211; 3x Dysza komory silnika (CD\/393\/N)<br \/>&#8211; 1x \u0141\u0105cznik T (CD\/412)<br \/>&#8211; 2x \u0141\u0105cznik Y (CD\/414)<br \/>&#8211; 3x Z\u0142\u0105czka 90\u00b0 (CD\/415)<br \/>&#8211; 2x Z\u0142\u0105czka prosta (CD\/416)<br \/>&#8211; 1x Centralka systemu ga\u015bniczego (CD\/360)<br \/>&#8211; 1x&nbsp;Wi\u0105zka przewod\u00f3w elektrycznych (X\/CAB\/CESAL4)<br \/>&#8211; 1x W\u0142\u0105cznik zewn\u0119trzny (EA\/467)<br \/>&#8211; 1x Os\u0142ona w\u0142\u0105cznika zewn\u0119trznego (X\/181493)<br \/>&#8211; 2x Naklejki bezpiecze\u0144stwa &#8222;E&#8221; (X\/855)<\/p>\n","protected":false},"excerpt":{"rendered":"<p><strong>System ga\u015bniczy OMP One Collection XS<\/strong> &#8211; elektryczny<\/p>\n<p>Homologacja:&nbsp;<strong>FIA 8865-2015<\/p>\n<p>Przeznaczony do u\u017cytku w mniejszych kokpitach, o pojemno\u015bci od 0,6m\u00b3 do 1,12m\u00b3<\/strong><\/p>\n<p>Najnowszy i najbardziej zaawansowany system ga\u015bniczy OMP. Wykonany z ultralekkiego stopu aluminium.<\/p>\n<p>Waga: <strong>5,4kg (tylko butla)<\/strong><br \/>D\u0142ugo\u015b\u0107 butli: <strong>258mm<\/strong><br \/>\u015arednica butli: <strong>114,5mm<br \/><\/strong>Ca\u0142kowita wysoko\u015b\u0107 butli: <strong>149mm<\/strong><\/p>\n<p>W komplecie znajduj\u0105 si\u0119 nast\u0119puj\u0105ce elementy:<br \/>&#8211; 1x Ga\u015bnica<br \/>&#8211; 2x Mocowanie ga\u015bnicy z Anti-Torpedo (CD\/408)<br \/>&#8211; 2x 4 metry przew\u00f3d aluminiowy 8mm (CD\/323\/A)<br \/>&#8211; 2x Os\u0142ona przewod\u00f3w (CD\/324\/8\/N)<br \/>&#8211; 2x Mocowanie dyszy kokpitu (CD\/409)<br \/>&#8211; 2x Dysza kokpitu (CD\/410)<br \/>&#8211; 3x Dysza komory silnika (CD\/393\/N)<br \/>&#8211; 1x \u0141\u0105cznik T (CD\/412)<br \/>&#8211; 2x \u0141\u0105cznik Y (CD\/414)<br \/>&#8211; 3x Z\u0142\u0105czka 90\u00b0 (CD\/415)<br \/>&#8211; 2x Z\u0142\u0105czka prosta (CD\/416)<br \/>&#8211; 1x Centralka systemu ga\u015bniczego (CD\/360)<br \/>&#8211; 1x&nbsp;Wi\u0105zka przewod\u00f3w elektrycznych (X\/CAB\/CESAL4)<br \/>&#8211; 1x W\u0142\u0105cznik zewn\u0119trzny (EA\/467)<br \/>&#8211; 1x Os\u0142ona w\u0142\u0105cznika zewn\u0119trznego (X\/181493)<br \/>&#8211; 2x Naklejki bezpiecze\u0144stwa &#8222;E&#8221; (X\/855)<\/p>\n","protected":false},"featured_media":11444,"comment_status":"closed","ping_status":"open","template":"","meta":[],"product_cat":[552,542],"product_tag":[],"class_list":{"0":"post-11492","1":"product","2":"type-product","3":"status-publish","4":"has-post-thumbnail","6":"product_cat-systemy-gasnicze","7":"product_cat-wnetrze","9":"first","10":"instock","11":"taxable","12":"shipping-taxable","13":"purchasable","14":"product-type-simple"},"bundled_by":[],"bundle_stock_status":"instock","bundle_stock_quantity":null,"bundle_virtual":false,"bundle_layout":"","bundle_add_to_cart_form_location":"","bundle_editable_in_cart":false,"bundle_sold_individually_context":"","bundle_item_grouping":"","bundle_min_size":"","bundle_max_size":"","bundle_price":[],"bundled_items":[],"bundle_sell_ids":[],"acf":{"zdjecie_bez_watermarka":null,"zdjecie_bez_watermarka_url":"","product_orgin_url":"https:\/\/inter-rally.pl\/product-eng-78865-System-gasniczy-OMP-One-Collection-XS-elektryczny.html"},"yoast_head":"<!-- This site is optimized with the Yoast SEO plugin v23.9 - https:\/\/yoast.com\/wordpress\/plugins\/seo\/ -->\n<title>SYSTEM GA\u015aNICZY OMP ONE COLLECTION XS - ELEKTRYCZNY - CYBUL<\/title>\n<meta name=\"robots\" content=\"index, follow, max-snippet:-1, max-image-preview:large, max-video-preview:-1\" \/>\n<link rel=\"canonical\" href=\"https:\/\/cybul.eu\/pl\/sklep\/system-gasniczy-omp-one-collection-xs-elektryczny\/\" \/>\n<meta property=\"og:locale\" content=\"pl_PL\" \/>\n<meta property=\"og:type\" content=\"article\" \/>\n<meta property=\"og:title\" content=\"SYSTEM GA\u015aNICZY OMP ONE COLLECTION XS - ELEKTRYCZNY - CYBUL\" \/>\n<meta property=\"og:description\" content=\"System ga\u015bniczy OMP One Collection XS - elektrycznyHomologacja:&nbsp;FIA 8865-2015Przeznaczony do u\u017cytku w mniejszych kokpitach, o pojemno\u015bci od 0,6m\u00b3 do 1,12m\u00b3Najnowszy i najbardziej zaawansowany system ga\u015bniczy OMP. Wykonany z ultralekkiego stopu aluminium.Waga: 5,4kg (tylko butla)D\u0142ugo\u015b\u0107 butli: 258mm\u015arednica butli: 114,5mmCa\u0142kowita wysoko\u015b\u0107 butli: 149mmW komplecie znajduj\u0105 si\u0119 nast\u0119puj\u0105ce elementy:- 1x Ga\u015bnica- 2x Mocowanie ga\u015bnicy z Anti-Torpedo (CD\/408)- 2x 4 metry przew\u00f3d aluminiowy 8mm (CD\/323\/A)- 2x Os\u0142ona przewod\u00f3w (CD\/324\/8\/N)- 2x Mocowanie dyszy kokpitu (CD\/409)- 2x Dysza kokpitu (CD\/410)- 3x Dysza komory silnika (CD\/393\/N)- 1x \u0141\u0105cznik T (CD\/412)- 2x \u0141\u0105cznik Y (CD\/414)- 3x Z\u0142\u0105czka 90\u00b0 (CD\/415)- 2x Z\u0142\u0105czka prosta (CD\/416)- 1x Centralka systemu ga\u015bniczego (CD\/360)- 1x&nbsp;Wi\u0105zka przewod\u00f3w elektrycznych (X\/CAB\/CESAL4)- 1x W\u0142\u0105cznik zewn\u0119trzny (EA\/467)- 1x Os\u0142ona w\u0142\u0105cznika zewn\u0119trznego (X\/181493)- 2x Naklejki bezpiecze\u0144stwa &quot;E&quot; (X\/855)\" \/>\n<meta property=\"og:url\" content=\"https:\/\/cybul.eu\/pl\/sklep\/system-gasniczy-omp-one-collection-xs-elektryczny\/\" \/>\n<meta property=\"og:site_name\" content=\"CYBUL\" \/>\n<meta property=\"article:modified_time\" content=\"2024-06-08T21:26:57+00:00\" \/>\n<meta property=\"og:image\" content=\"https:\/\/cybul.eu\/wp-content\/uploads\/2024\/06\/pol_pl_System-gasniczy-OMP-One-Collection-XS-elektryczny-78865_1.jpg\" \/>\n\t<meta property=\"og:image:width\" content=\"900\" \/>\n\t<meta property=\"og:image:height\" content=\"900\" \/>\n\t<meta property=\"og:image:type\" content=\"image\/jpeg\" \/>\n<meta name=\"twitter:card\" content=\"summary_large_image\" \/>\n<meta name=\"twitter:label1\" content=\"Szacowany czas czytania\" \/>\n\t<meta name=\"twitter:data1\" content=\"1 minuta\" \/>\n<script type=\"application\/ld+json\" class=\"yoast-schema-graph\">{\"@context\":\"https:\/\/schema.org\",\"@graph\":[{\"@type\":\"WebPage\",\"@id\":\"https:\/\/cybul.eu\/pl\/sklep\/system-gasniczy-omp-one-collection-xs-elektryczny\/\",\"url\":\"https:\/\/cybul.eu\/pl\/sklep\/system-gasniczy-omp-one-collection-xs-elektryczny\/\",\"name\":\"SYSTEM GA\u015aNICZY OMP ONE COLLECTION XS - ELEKTRYCZNY - CYBUL\",\"isPartOf\":{\"@id\":\"https:\/\/cybul.eu\/pl\/#website\"},\"primaryImageOfPage\":{\"@id\":\"https:\/\/cybul.eu\/pl\/sklep\/system-gasniczy-omp-one-collection-xs-elektryczny\/#primaryimage\"},\"image\":{\"@id\":\"https:\/\/cybul.eu\/pl\/sklep\/system-gasniczy-omp-one-collection-xs-elektryczny\/#primaryimage\"},\"thumbnailUrl\":\"https:\/\/cybul.eu\/wp-content\/uploads\/2024\/06\/pol_pl_System-gasniczy-OMP-One-Collection-XS-elektryczny-78865_1.jpg\",\"datePublished\":\"2024-06-08T21:26:56+00:00\",\"dateModified\":\"2024-06-08T21:26:57+00:00\",\"breadcrumb\":{\"@id\":\"https:\/\/cybul.eu\/pl\/sklep\/system-gasniczy-omp-one-collection-xs-elektryczny\/#breadcrumb\"},\"inLanguage\":\"pl-PL\",\"potentialAction\":[{\"@type\":\"ReadAction\",\"target\":[\"https:\/\/cybul.eu\/pl\/sklep\/system-gasniczy-omp-one-collection-xs-elektryczny\/\"]}]},{\"@type\":\"ImageObject\",\"inLanguage\":\"pl-PL\",\"@id\":\"https:\/\/cybul.eu\/pl\/sklep\/system-gasniczy-omp-one-collection-xs-elektryczny\/#primaryimage\",\"url\":\"https:\/\/cybul.eu\/wp-content\/uploads\/2024\/06\/pol_pl_System-gasniczy-OMP-One-Collection-XS-elektryczny-78865_1.jpg\",\"contentUrl\":\"https:\/\/cybul.eu\/wp-content\/uploads\/2024\/06\/pol_pl_System-gasniczy-OMP-One-Collection-XS-elektryczny-78865_1.jpg\",\"width\":900,\"height\":900},{\"@type\":\"BreadcrumbList\",\"@id\":\"https:\/\/cybul.eu\/pl\/sklep\/system-gasniczy-omp-one-collection-xs-elektryczny\/#breadcrumb\",\"itemListElement\":[{\"@type\":\"ListItem\",\"position\":1,\"name\":\"Strona g\u0142\u00f3wna\",\"item\":\"https:\/\/cybul.eu\/pl\/\"},{\"@type\":\"ListItem\",\"position\":2,\"name\":\"Sklep\",\"item\":\"https:\/\/cybul.eu\/pl\/sklep\/\"},{\"@type\":\"ListItem\",\"position\":3,\"name\":\"SYSTEM GA\u015aNICZY OMP ONE COLLECTION XS &#8211; ELEKTRYCZNY\"}]},{\"@type\":\"WebSite\",\"@id\":\"https:\/\/cybul.eu\/pl\/#website\",\"url\":\"https:\/\/cybul.eu\/pl\/\",\"name\":\"CYBUL\",\"description\":\"\",\"potentialAction\":[{\"@type\":\"SearchAction\",\"target\":{\"@type\":\"EntryPoint\",\"urlTemplate\":\"https:\/\/cybul.eu\/pl\/?s={search_term_string}\"},\"query-input\":{\"@type\":\"PropertyValueSpecification\",\"valueRequired\":true,\"valueName\":\"search_term_string\"}}],\"inLanguage\":\"pl-PL\"}]}<\/script>\n<!-- \/ Yoast SEO plugin. -->","yoast_head_json":{"title":"SYSTEM GA\u015aNICZY OMP ONE COLLECTION XS - ELEKTRYCZNY - CYBUL","robots":{"index":"index","follow":"follow","max-snippet":"max-snippet:-1","max-image-preview":"max-image-preview:large","max-video-preview":"max-video-preview:-1"},"canonical":"https:\/\/cybul.eu\/pl\/sklep\/system-gasniczy-omp-one-collection-xs-elektryczny\/","og_locale":"pl_PL","og_type":"article","og_title":"SYSTEM GA\u015aNICZY OMP ONE COLLECTION XS - ELEKTRYCZNY - CYBUL","og_description":"System ga\u015bniczy OMP One Collection XS - elektrycznyHomologacja:&nbsp;FIA 8865-2015Przeznaczony do u\u017cytku w mniejszych kokpitach, o pojemno\u015bci od 0,6m\u00b3 do 1,12m\u00b3Najnowszy i najbardziej zaawansowany system ga\u015bniczy OMP. Wykonany z ultralekkiego stopu aluminium.Waga: 5,4kg (tylko butla)D\u0142ugo\u015b\u0107 butli: 258mm\u015arednica butli: 114,5mmCa\u0142kowita wysoko\u015b\u0107 butli: 149mmW komplecie znajduj\u0105 si\u0119 nast\u0119puj\u0105ce elementy:- 1x Ga\u015bnica- 2x Mocowanie ga\u015bnicy z Anti-Torpedo (CD\/408)- 2x 4 metry przew\u00f3d aluminiowy 8mm (CD\/323\/A)- 2x Os\u0142ona przewod\u00f3w (CD\/324\/8\/N)- 2x Mocowanie dyszy kokpitu (CD\/409)- 2x Dysza kokpitu (CD\/410)- 3x Dysza komory silnika (CD\/393\/N)- 1x \u0141\u0105cznik T (CD\/412)- 2x \u0141\u0105cznik Y (CD\/414)- 3x Z\u0142\u0105czka 90\u00b0 (CD\/415)- 2x Z\u0142\u0105czka prosta (CD\/416)- 1x Centralka systemu ga\u015bniczego (CD\/360)- 1x&nbsp;Wi\u0105zka przewod\u00f3w elektrycznych (X\/CAB\/CESAL4)- 1x W\u0142\u0105cznik zewn\u0119trzny (EA\/467)- 1x Os\u0142ona w\u0142\u0105cznika zewn\u0119trznego (X\/181493)- 2x Naklejki bezpiecze\u0144stwa \"E\" (X\/855)","og_url":"https:\/\/cybul.eu\/pl\/sklep\/system-gasniczy-omp-one-collection-xs-elektryczny\/","og_site_name":"CYBUL","article_modified_time":"2024-06-08T21:26:57+00:00","og_image":[{"width":900,"height":900,"url":"https:\/\/cybul.eu\/wp-content\/uploads\/2024\/06\/pol_pl_System-gasniczy-OMP-One-Collection-XS-elektryczny-78865_1.jpg","type":"image\/jpeg"}],"twitter_card":"summary_large_image","twitter_misc":{"Szacowany czas czytania":"1 minuta"},"schema":{"@context":"https:\/\/schema.org","@graph":[{"@type":"WebPage","@id":"https:\/\/cybul.eu\/pl\/sklep\/system-gasniczy-omp-one-collection-xs-elektryczny\/","url":"https:\/\/cybul.eu\/pl\/sklep\/system-gasniczy-omp-one-collection-xs-elektryczny\/","name":"SYSTEM GA\u015aNICZY OMP ONE COLLECTION XS - ELEKTRYCZNY - CYBUL","isPartOf":{"@id":"https:\/\/cybul.eu\/pl\/#website"},"primaryImageOfPage":{"@id":"https:\/\/cybul.eu\/pl\/sklep\/system-gasniczy-omp-one-collection-xs-elektryczny\/#primaryimage"},"image":{"@id":"https:\/\/cybul.eu\/pl\/sklep\/system-gasniczy-omp-one-collection-xs-elektryczny\/#primaryimage"},"thumbnailUrl":"https:\/\/cybul.eu\/wp-content\/uploads\/2024\/06\/pol_pl_System-gasniczy-OMP-One-Collection-XS-elektryczny-78865_1.jpg","datePublished":"2024-06-08T21:26:56+00:00","dateModified":"2024-06-08T21:26:57+00:00","breadcrumb":{"@id":"https:\/\/cybul.eu\/pl\/sklep\/system-gasniczy-omp-one-collection-xs-elektryczny\/#breadcrumb"},"inLanguage":"pl-PL","potentialAction":[{"@type":"ReadAction","target":["https:\/\/cybul.eu\/pl\/sklep\/system-gasniczy-omp-one-collection-xs-elektryczny\/"]}]},{"@type":"ImageObject","inLanguage":"pl-PL","@id":"https:\/\/cybul.eu\/pl\/sklep\/system-gasniczy-omp-one-collection-xs-elektryczny\/#primaryimage","url":"https:\/\/cybul.eu\/wp-content\/uploads\/2024\/06\/pol_pl_System-gasniczy-OMP-One-Collection-XS-elektryczny-78865_1.jpg","contentUrl":"https:\/\/cybul.eu\/wp-content\/uploads\/2024\/06\/pol_pl_System-gasniczy-OMP-One-Collection-XS-elektryczny-78865_1.jpg","width":900,"height":900},{"@type":"BreadcrumbList","@id":"https:\/\/cybul.eu\/pl\/sklep\/system-gasniczy-omp-one-collection-xs-elektryczny\/#breadcrumb","itemListElement":[{"@type":"ListItem","position":1,"name":"Strona g\u0142\u00f3wna","item":"https:\/\/cybul.eu\/pl\/"},{"@type":"ListItem","position":2,"name":"Sklep","item":"https:\/\/cybul.eu\/pl\/sklep\/"},{"@type":"ListItem","position":3,"name":"SYSTEM GA\u015aNICZY OMP ONE COLLECTION XS &#8211; ELEKTRYCZNY"}]},{"@type":"WebSite","@id":"https:\/\/cybul.eu\/pl\/#website","url":"https:\/\/cybul.eu\/pl\/","name":"CYBUL","description":"","potentialAction":[{"@type":"SearchAction","target":{"@type":"EntryPoint","urlTemplate":"https:\/\/cybul.eu\/pl\/?s={search_term_string}"},"query-input":{"@type":"PropertyValueSpecification","valueRequired":true,"valueName":"search_term_string"}}],"inLanguage":"pl-PL"}]}},"_links":{"self":[{"href":"https:\/\/cybul.eu\/pl\/wp-json\/wp\/v2\/product\/11492","targetHints":{"allow":["GET"]}}],"collection":[{"href":"https:\/\/cybul.eu\/pl\/wp-json\/wp\/v2\/product"}],"about":[{"href":"https:\/\/cybul.eu\/pl\/wp-json\/wp\/v2\/types\/product"}],"replies":[{"embeddable":true,"href":"https:\/\/cybul.eu\/pl\/wp-json\/wp\/v2\/comments?post=11492"}],"wp:featuredmedia":[{"embeddable":true,"href":"https:\/\/cybul.eu\/pl\/wp-json\/wp\/v2\/media\/11444"}],"wp:attachment":[{"href":"https:\/\/cybul.eu\/pl\/wp-json\/wp\/v2\/media?parent=11492"}],"wp:term":[{"taxonomy":"product_cat","embeddable":true,"href":"https:\/\/cybul.eu\/pl\/wp-json\/wp\/v2\/product_cat?post=11492"},{"taxonomy":"product_tag","embeddable":true,"href":"https:\/\/cybul.eu\/pl\/wp-json\/wp\/v2\/product_tag?post=11492"}],"curies":[{"name":"wp","href":"https:\/\/api.w.org\/{rel}","templated":true}]}}