{"id":11485,"date":"2024-06-08T23:26:29","date_gmt":"2024-06-08T21:26:29","guid":{"rendered":"https:\/\/cybul.eu\/shop\/system-gasniczy-omp-platinum-collection-aluminiowy-elektryczny-3-0l\/"},"modified":"2024-06-08T23:26:41","modified_gmt":"2024-06-08T21:26:41","slug":"system-gasniczy-omp-platinum-collection-aluminiowy-elektryczny-3-0l","status":"publish","type":"product","link":"https:\/\/cybul.eu\/pl\/sklep\/system-gasniczy-omp-platinum-collection-aluminiowy-elektryczny-3-0l\/","title":{"rendered":"SYSTEM GA\u015aNICZY OMP PLATINUM COLLECTION &#8211; ALUMINIOWY, ELEKTRYCZNY 3.0L"},"content":{"rendered":"<div class=\"n56174_desc\">\n<div class=\"n56174_desc\">\n<p><strong>System ga\u015bniczy OMP Platinum Collection<\/strong> &#8211; aluminiowy, elektryczny 3.0L<\/p>\n<p>Homologacja&nbsp;<strong>FIA&nbsp;2000<\/strong><\/p>\n<p>Konstrukcja butli aluminiowej zapewnia optymaln\u0105 jako\u015b\u0107 wykonania i nisk\u0105 wag\u0119.<br \/>Ga\u015bnica \u015brodek ga\u015bniczy Ecolife (AFFF), kt\u00f3ry zapewniaj\u0105 najwy\u017cszy poziom bezpiecze\u0144stwa.<\/p>\n<p>Waga: <strong>4,3kg&nbsp;(butla z mocowaniami)<\/strong><br \/>D\u0142ugo\u015b\u0107 butli: <strong>245mm<\/strong><br \/>\u015arednica butli: <strong>160mm<\/strong><\/p>\n<p>W komplecie znajduj\u0105 si\u0119 nast\u0119puj\u0105ce elementy:<br \/>&#8211; 1x Ga\u015bnica 3,0L<br \/>&#8211; 1x Mocowanie butli paskowe, wykonane ze stali nierdzewnej<br \/>&#8211; 2x Adapter Anti-Torpedo (CD\/311\/S-AT)<br \/>&#8211; 1x 5m os\u0142ona przewod\u00f3w 8mm (CD\/324\/8\/N)<br \/>&#8211; 1x 5m przew\u00f3d aluminiowy 8mm (CD\/323\/N\/8)<br \/>&#8211; 1x 3m przew\u00f3d aluminiowy 6mm (CD\/323\/N\/6)<br \/>&#8211; 7x Dysza (CD\/393)<br \/>&#8211; 2x Tr\u00f3jnik T 8mm (CD\/390\/N)<br \/>&#8211; 3x Z\u0142\u0105cze T 8mm (CD\/392\/N)<br \/>&#8211; 1x Z\u0142\u0105cze T 6mm (CD\/392\/N\/6)<br \/>&#8211; 2x Z\u0142\u0105cze L 8mm (CD\/391\/N)<br \/>&#8211; 1x Z\u0142\u0105cze L 6mm (CD\/391\/N\/6)<br \/>&#8211; 1x Redukcja 6mm-&gt;8mm (CD\/399)<br \/>&#8211; 1x Centralka systemu ga\u015bniczego (CD\/398)<br \/>&#8211; 1x Wi\u0105zka przewod\u00f3w elektrycznych (X\/363\/CAB\/CAV)<br \/>&#8211; 1x W\u0142\u0105cznik zewn\u0119trzny (EA\/467)<br \/>&#8211; 1x Os\u0142ona w\u0142\u0105cznika zewn\u0119trznego (X\/181493)<br \/>&#8211; 2x Naklejki bezpiecze\u0144stwa &#8222;E&#8221; (X\/846)<\/p>\n<\/div>\n<\/div>\n","protected":false},"excerpt":{"rendered":"<p><strong>System ga\u015bniczy OMP Platinum Collection<\/strong> &#8211; aluminiowy, elektryczny 3.0L<\/p>\n<p>Homologacja&nbsp;<strong>FIA&nbsp;2000<\/strong><\/p>\n<p>Konstrukcja butli aluminiowej zapewnia optymaln\u0105 jako\u015b\u0107 wykonania i nisk\u0105 wag\u0119.<br \/>Ga\u015bnica \u015brodek ga\u015bniczy Ecolife (AFFF), kt\u00f3ry zapewniaj\u0105 najwy\u017cszy poziom bezpiecze\u0144stwa.<\/p>\n<p>Waga: <strong>4,3kg&nbsp;(butla z mocowaniami)<\/strong><br \/>D\u0142ugo\u015b\u0107 butli: <strong>245mm<\/strong><br \/>\u015arednica butli: <strong>160mm<\/strong><\/p>\n<p>W komplecie znajduj\u0105 si\u0119 nast\u0119puj\u0105ce elementy:<br \/>&#8211; 1x Ga\u015bnica 3,0L<br \/>&#8211; 1x Mocowanie butli paskowe, wykonane ze stali nierdzewnej<br \/>&#8211; 2x Adapter Anti-Torpedo (CD\/311\/S-AT)<br \/>&#8211; 1x 5m os\u0142ona przewod\u00f3w 8mm (CD\/324\/8\/N)<br \/>&#8211; 1x 5m przew\u00f3d aluminiowy 8mm (CD\/323\/N\/8)<br \/>&#8211; 1x 3m przew\u00f3d aluminiowy 6mm (CD\/323\/N\/6)<br \/>&#8211; 7x Dysza (CD\/393)<br \/>&#8211; 2x Tr\u00f3jnik T 8mm (CD\/390\/N)<br \/>&#8211; 3x Z\u0142\u0105cze T 8mm (CD\/392\/N)<br \/>&#8211; 1x Z\u0142\u0105cze T 6mm (CD\/392\/N\/6)<br \/>&#8211; 2x Z\u0142\u0105cze L 8mm (CD\/391\/N)<br \/>&#8211; 1x Z\u0142\u0105cze L 6mm (CD\/391\/N\/6)<br \/>&#8211; 1x Redukcja 6mm-&gt;8mm (CD\/399)<br \/>&#8211; 1x Centralka systemu ga\u015bniczego (CD\/398)<br \/>&#8211; 1x Wi\u0105zka przewod\u00f3w elektrycznych (X\/363\/CAB\/CAV)<br \/>&#8211; 1x W\u0142\u0105cznik zewn\u0119trzny (EA\/467)<br \/>&#8211; 1x Os\u0142ona w\u0142\u0105cznika zewn\u0119trznego (X\/181493)<br \/>&#8211; 2x Naklejki bezpiecze\u0144stwa &#8222;E&#8221; (X\/846)<\/p>\n","protected":false},"featured_media":11419,"comment_status":"closed","ping_status":"open","template":"","meta":[],"product_cat":[552,542],"product_tag":[],"class_list":{"0":"post-11485","1":"product","2":"type-product","3":"status-publish","4":"has-post-thumbnail","6":"product_cat-systemy-gasnicze","7":"product_cat-wnetrze","9":"first","10":"instock","11":"taxable","12":"shipping-taxable","13":"purchasable","14":"product-type-simple"},"bundled_by":[],"bundle_stock_status":"instock","bundle_stock_quantity":null,"bundle_virtual":false,"bundle_layout":"","bundle_add_to_cart_form_location":"","bundle_editable_in_cart":false,"bundle_sold_individually_context":"","bundle_item_grouping":"","bundle_min_size":"","bundle_max_size":"","bundle_price":[],"bundled_items":[],"bundle_sell_ids":[],"acf":{"zdjecie_bez_watermarka":null,"zdjecie_bez_watermarka_url":"","product_orgin_url":"https:\/\/inter-rally.pl\/product-eng-34218-System-gasniczy-OMP-Platinum-Collection-aluminiowy-elektryczny-3-0L.html"},"yoast_head":"<!-- This site is optimized with the Yoast SEO plugin v23.9 - https:\/\/yoast.com\/wordpress\/plugins\/seo\/ -->\n<title>SYSTEM GA\u015aNICZY OMP PLATINUM COLLECTION - ALUMINIOWY, ELEKTRYCZNY 3.0L - CYBUL<\/title>\n<meta name=\"robots\" content=\"index, follow, max-snippet:-1, max-image-preview:large, max-video-preview:-1\" \/>\n<link rel=\"canonical\" href=\"https:\/\/cybul.eu\/pl\/sklep\/system-gasniczy-omp-platinum-collection-aluminiowy-elektryczny-3-0l\/\" \/>\n<meta property=\"og:locale\" content=\"pl_PL\" \/>\n<meta property=\"og:type\" content=\"article\" \/>\n<meta property=\"og:title\" content=\"SYSTEM GA\u015aNICZY OMP PLATINUM COLLECTION - ALUMINIOWY, ELEKTRYCZNY 3.0L - CYBUL\" \/>\n<meta property=\"og:description\" content=\"System ga\u015bniczy OMP Platinum Collection - aluminiowy, elektryczny 3.0LHomologacja&nbsp;FIA&nbsp;2000Konstrukcja butli aluminiowej zapewnia optymaln\u0105 jako\u015b\u0107 wykonania i nisk\u0105 wag\u0119.Ga\u015bnica \u015brodek ga\u015bniczy Ecolife (AFFF), kt\u00f3ry zapewniaj\u0105 najwy\u017cszy poziom bezpiecze\u0144stwa.Waga: 4,3kg&nbsp;(butla z mocowaniami)D\u0142ugo\u015b\u0107 butli: 245mm\u015arednica butli: 160mmW komplecie znajduj\u0105 si\u0119 nast\u0119puj\u0105ce elementy:- 1x Ga\u015bnica 3,0L- 1x Mocowanie butli paskowe, wykonane ze stali nierdzewnej- 2x Adapter Anti-Torpedo (CD\/311\/S-AT)- 1x 5m os\u0142ona przewod\u00f3w 8mm (CD\/324\/8\/N)- 1x 5m przew\u00f3d aluminiowy 8mm (CD\/323\/N\/8)- 1x 3m przew\u00f3d aluminiowy 6mm (CD\/323\/N\/6)- 7x Dysza (CD\/393)- 2x Tr\u00f3jnik T 8mm (CD\/390\/N)- 3x Z\u0142\u0105cze T 8mm (CD\/392\/N)- 1x Z\u0142\u0105cze T 6mm (CD\/392\/N\/6)- 2x Z\u0142\u0105cze L 8mm (CD\/391\/N)- 1x Z\u0142\u0105cze L 6mm (CD\/391\/N\/6)- 1x Redukcja 6mm-&gt;8mm (CD\/399)- 1x Centralka systemu ga\u015bniczego (CD\/398)- 1x Wi\u0105zka przewod\u00f3w elektrycznych (X\/363\/CAB\/CAV)- 1x W\u0142\u0105cznik zewn\u0119trzny (EA\/467)- 1x Os\u0142ona w\u0142\u0105cznika zewn\u0119trznego (X\/181493)- 2x Naklejki bezpiecze\u0144stwa &quot;E&quot; (X\/846)\" \/>\n<meta property=\"og:url\" content=\"https:\/\/cybul.eu\/pl\/sklep\/system-gasniczy-omp-platinum-collection-aluminiowy-elektryczny-3-0l\/\" \/>\n<meta property=\"og:site_name\" content=\"CYBUL\" \/>\n<meta property=\"article:modified_time\" content=\"2024-06-08T21:26:41+00:00\" \/>\n<meta property=\"og:image\" content=\"https:\/\/cybul.eu\/wp-content\/uploads\/2024\/06\/pol_pl_System-gasniczy-OMP-Platinum-Collection-aluminiowy-elektryczny-3-0L-34218_1.jpg\" \/>\n\t<meta property=\"og:image:width\" content=\"900\" \/>\n\t<meta property=\"og:image:height\" content=\"900\" \/>\n\t<meta property=\"og:image:type\" content=\"image\/jpeg\" \/>\n<meta name=\"twitter:card\" content=\"summary_large_image\" \/>\n<meta name=\"twitter:label1\" content=\"Szacowany czas czytania\" \/>\n\t<meta name=\"twitter:data1\" content=\"1 minuta\" \/>\n<script type=\"application\/ld+json\" class=\"yoast-schema-graph\">{\"@context\":\"https:\/\/schema.org\",\"@graph\":[{\"@type\":\"WebPage\",\"@id\":\"https:\/\/cybul.eu\/pl\/sklep\/system-gasniczy-omp-platinum-collection-aluminiowy-elektryczny-3-0l\/\",\"url\":\"https:\/\/cybul.eu\/pl\/sklep\/system-gasniczy-omp-platinum-collection-aluminiowy-elektryczny-3-0l\/\",\"name\":\"SYSTEM GA\u015aNICZY OMP PLATINUM COLLECTION - ALUMINIOWY, ELEKTRYCZNY 3.0L - CYBUL\",\"isPartOf\":{\"@id\":\"https:\/\/cybul.eu\/pl\/#website\"},\"primaryImageOfPage\":{\"@id\":\"https:\/\/cybul.eu\/pl\/sklep\/system-gasniczy-omp-platinum-collection-aluminiowy-elektryczny-3-0l\/#primaryimage\"},\"image\":{\"@id\":\"https:\/\/cybul.eu\/pl\/sklep\/system-gasniczy-omp-platinum-collection-aluminiowy-elektryczny-3-0l\/#primaryimage\"},\"thumbnailUrl\":\"https:\/\/cybul.eu\/wp-content\/uploads\/2024\/06\/pol_pl_System-gasniczy-OMP-Platinum-Collection-aluminiowy-elektryczny-3-0L-34218_1.jpg\",\"datePublished\":\"2024-06-08T21:26:29+00:00\",\"dateModified\":\"2024-06-08T21:26:41+00:00\",\"breadcrumb\":{\"@id\":\"https:\/\/cybul.eu\/pl\/sklep\/system-gasniczy-omp-platinum-collection-aluminiowy-elektryczny-3-0l\/#breadcrumb\"},\"inLanguage\":\"pl-PL\",\"potentialAction\":[{\"@type\":\"ReadAction\",\"target\":[\"https:\/\/cybul.eu\/pl\/sklep\/system-gasniczy-omp-platinum-collection-aluminiowy-elektryczny-3-0l\/\"]}]},{\"@type\":\"ImageObject\",\"inLanguage\":\"pl-PL\",\"@id\":\"https:\/\/cybul.eu\/pl\/sklep\/system-gasniczy-omp-platinum-collection-aluminiowy-elektryczny-3-0l\/#primaryimage\",\"url\":\"https:\/\/cybul.eu\/wp-content\/uploads\/2024\/06\/pol_pl_System-gasniczy-OMP-Platinum-Collection-aluminiowy-elektryczny-3-0L-34218_1.jpg\",\"contentUrl\":\"https:\/\/cybul.eu\/wp-content\/uploads\/2024\/06\/pol_pl_System-gasniczy-OMP-Platinum-Collection-aluminiowy-elektryczny-3-0L-34218_1.jpg\",\"width\":900,\"height\":900},{\"@type\":\"BreadcrumbList\",\"@id\":\"https:\/\/cybul.eu\/pl\/sklep\/system-gasniczy-omp-platinum-collection-aluminiowy-elektryczny-3-0l\/#breadcrumb\",\"itemListElement\":[{\"@type\":\"ListItem\",\"position\":1,\"name\":\"Strona g\u0142\u00f3wna\",\"item\":\"https:\/\/cybul.eu\/pl\/\"},{\"@type\":\"ListItem\",\"position\":2,\"name\":\"Sklep\",\"item\":\"https:\/\/cybul.eu\/pl\/sklep\/\"},{\"@type\":\"ListItem\",\"position\":3,\"name\":\"SYSTEM GA\u015aNICZY OMP PLATINUM COLLECTION &#8211; ALUMINIOWY, ELEKTRYCZNY 3.0L\"}]},{\"@type\":\"WebSite\",\"@id\":\"https:\/\/cybul.eu\/pl\/#website\",\"url\":\"https:\/\/cybul.eu\/pl\/\",\"name\":\"CYBUL\",\"description\":\"\",\"potentialAction\":[{\"@type\":\"SearchAction\",\"target\":{\"@type\":\"EntryPoint\",\"urlTemplate\":\"https:\/\/cybul.eu\/pl\/?s={search_term_string}\"},\"query-input\":{\"@type\":\"PropertyValueSpecification\",\"valueRequired\":true,\"valueName\":\"search_term_string\"}}],\"inLanguage\":\"pl-PL\"}]}<\/script>\n<!-- \/ Yoast SEO plugin. -->","yoast_head_json":{"title":"SYSTEM GA\u015aNICZY OMP PLATINUM COLLECTION - ALUMINIOWY, ELEKTRYCZNY 3.0L - CYBUL","robots":{"index":"index","follow":"follow","max-snippet":"max-snippet:-1","max-image-preview":"max-image-preview:large","max-video-preview":"max-video-preview:-1"},"canonical":"https:\/\/cybul.eu\/pl\/sklep\/system-gasniczy-omp-platinum-collection-aluminiowy-elektryczny-3-0l\/","og_locale":"pl_PL","og_type":"article","og_title":"SYSTEM GA\u015aNICZY OMP PLATINUM COLLECTION - ALUMINIOWY, ELEKTRYCZNY 3.0L - CYBUL","og_description":"System ga\u015bniczy OMP Platinum Collection - aluminiowy, elektryczny 3.0LHomologacja&nbsp;FIA&nbsp;2000Konstrukcja butli aluminiowej zapewnia optymaln\u0105 jako\u015b\u0107 wykonania i nisk\u0105 wag\u0119.Ga\u015bnica \u015brodek ga\u015bniczy Ecolife (AFFF), kt\u00f3ry zapewniaj\u0105 najwy\u017cszy poziom bezpiecze\u0144stwa.Waga: 4,3kg&nbsp;(butla z mocowaniami)D\u0142ugo\u015b\u0107 butli: 245mm\u015arednica butli: 160mmW komplecie znajduj\u0105 si\u0119 nast\u0119puj\u0105ce elementy:- 1x Ga\u015bnica 3,0L- 1x Mocowanie butli paskowe, wykonane ze stali nierdzewnej- 2x Adapter Anti-Torpedo (CD\/311\/S-AT)- 1x 5m os\u0142ona przewod\u00f3w 8mm (CD\/324\/8\/N)- 1x 5m przew\u00f3d aluminiowy 8mm (CD\/323\/N\/8)- 1x 3m przew\u00f3d aluminiowy 6mm (CD\/323\/N\/6)- 7x Dysza (CD\/393)- 2x Tr\u00f3jnik T 8mm (CD\/390\/N)- 3x Z\u0142\u0105cze T 8mm (CD\/392\/N)- 1x Z\u0142\u0105cze T 6mm (CD\/392\/N\/6)- 2x Z\u0142\u0105cze L 8mm (CD\/391\/N)- 1x Z\u0142\u0105cze L 6mm (CD\/391\/N\/6)- 1x Redukcja 6mm-&gt;8mm (CD\/399)- 1x Centralka systemu ga\u015bniczego (CD\/398)- 1x Wi\u0105zka przewod\u00f3w elektrycznych (X\/363\/CAB\/CAV)- 1x W\u0142\u0105cznik zewn\u0119trzny (EA\/467)- 1x Os\u0142ona w\u0142\u0105cznika zewn\u0119trznego (X\/181493)- 2x Naklejki bezpiecze\u0144stwa \"E\" (X\/846)","og_url":"https:\/\/cybul.eu\/pl\/sklep\/system-gasniczy-omp-platinum-collection-aluminiowy-elektryczny-3-0l\/","og_site_name":"CYBUL","article_modified_time":"2024-06-08T21:26:41+00:00","og_image":[{"width":900,"height":900,"url":"https:\/\/cybul.eu\/wp-content\/uploads\/2024\/06\/pol_pl_System-gasniczy-OMP-Platinum-Collection-aluminiowy-elektryczny-3-0L-34218_1.jpg","type":"image\/jpeg"}],"twitter_card":"summary_large_image","twitter_misc":{"Szacowany czas czytania":"1 minuta"},"schema":{"@context":"https:\/\/schema.org","@graph":[{"@type":"WebPage","@id":"https:\/\/cybul.eu\/pl\/sklep\/system-gasniczy-omp-platinum-collection-aluminiowy-elektryczny-3-0l\/","url":"https:\/\/cybul.eu\/pl\/sklep\/system-gasniczy-omp-platinum-collection-aluminiowy-elektryczny-3-0l\/","name":"SYSTEM GA\u015aNICZY OMP PLATINUM COLLECTION - ALUMINIOWY, ELEKTRYCZNY 3.0L - CYBUL","isPartOf":{"@id":"https:\/\/cybul.eu\/pl\/#website"},"primaryImageOfPage":{"@id":"https:\/\/cybul.eu\/pl\/sklep\/system-gasniczy-omp-platinum-collection-aluminiowy-elektryczny-3-0l\/#primaryimage"},"image":{"@id":"https:\/\/cybul.eu\/pl\/sklep\/system-gasniczy-omp-platinum-collection-aluminiowy-elektryczny-3-0l\/#primaryimage"},"thumbnailUrl":"https:\/\/cybul.eu\/wp-content\/uploads\/2024\/06\/pol_pl_System-gasniczy-OMP-Platinum-Collection-aluminiowy-elektryczny-3-0L-34218_1.jpg","datePublished":"2024-06-08T21:26:29+00:00","dateModified":"2024-06-08T21:26:41+00:00","breadcrumb":{"@id":"https:\/\/cybul.eu\/pl\/sklep\/system-gasniczy-omp-platinum-collection-aluminiowy-elektryczny-3-0l\/#breadcrumb"},"inLanguage":"pl-PL","potentialAction":[{"@type":"ReadAction","target":["https:\/\/cybul.eu\/pl\/sklep\/system-gasniczy-omp-platinum-collection-aluminiowy-elektryczny-3-0l\/"]}]},{"@type":"ImageObject","inLanguage":"pl-PL","@id":"https:\/\/cybul.eu\/pl\/sklep\/system-gasniczy-omp-platinum-collection-aluminiowy-elektryczny-3-0l\/#primaryimage","url":"https:\/\/cybul.eu\/wp-content\/uploads\/2024\/06\/pol_pl_System-gasniczy-OMP-Platinum-Collection-aluminiowy-elektryczny-3-0L-34218_1.jpg","contentUrl":"https:\/\/cybul.eu\/wp-content\/uploads\/2024\/06\/pol_pl_System-gasniczy-OMP-Platinum-Collection-aluminiowy-elektryczny-3-0L-34218_1.jpg","width":900,"height":900},{"@type":"BreadcrumbList","@id":"https:\/\/cybul.eu\/pl\/sklep\/system-gasniczy-omp-platinum-collection-aluminiowy-elektryczny-3-0l\/#breadcrumb","itemListElement":[{"@type":"ListItem","position":1,"name":"Strona g\u0142\u00f3wna","item":"https:\/\/cybul.eu\/pl\/"},{"@type":"ListItem","position":2,"name":"Sklep","item":"https:\/\/cybul.eu\/pl\/sklep\/"},{"@type":"ListItem","position":3,"name":"SYSTEM GA\u015aNICZY OMP PLATINUM COLLECTION &#8211; ALUMINIOWY, ELEKTRYCZNY 3.0L"}]},{"@type":"WebSite","@id":"https:\/\/cybul.eu\/pl\/#website","url":"https:\/\/cybul.eu\/pl\/","name":"CYBUL","description":"","potentialAction":[{"@type":"SearchAction","target":{"@type":"EntryPoint","urlTemplate":"https:\/\/cybul.eu\/pl\/?s={search_term_string}"},"query-input":{"@type":"PropertyValueSpecification","valueRequired":true,"valueName":"search_term_string"}}],"inLanguage":"pl-PL"}]}},"_links":{"self":[{"href":"https:\/\/cybul.eu\/pl\/wp-json\/wp\/v2\/product\/11485","targetHints":{"allow":["GET"]}}],"collection":[{"href":"https:\/\/cybul.eu\/pl\/wp-json\/wp\/v2\/product"}],"about":[{"href":"https:\/\/cybul.eu\/pl\/wp-json\/wp\/v2\/types\/product"}],"replies":[{"embeddable":true,"href":"https:\/\/cybul.eu\/pl\/wp-json\/wp\/v2\/comments?post=11485"}],"wp:featuredmedia":[{"embeddable":true,"href":"https:\/\/cybul.eu\/pl\/wp-json\/wp\/v2\/media\/11419"}],"wp:attachment":[{"href":"https:\/\/cybul.eu\/pl\/wp-json\/wp\/v2\/media?parent=11485"}],"wp:term":[{"taxonomy":"product_cat","embeddable":true,"href":"https:\/\/cybul.eu\/pl\/wp-json\/wp\/v2\/product_cat?post=11485"},{"taxonomy":"product_tag","embeddable":true,"href":"https:\/\/cybul.eu\/pl\/wp-json\/wp\/v2\/product_tag?post=11485"}],"curies":[{"name":"wp","href":"https:\/\/api.w.org\/{rel}","templated":true}]}}