{"id":11482,"date":"2024-06-08T23:26:29","date_gmt":"2024-06-08T21:26:29","guid":{"rendered":"https:\/\/cybul.eu\/shop\/system-gasniczy-sparco-stalowy-elektryczny-425l\/"},"modified":"2024-06-08T23:26:39","modified_gmt":"2024-06-08T21:26:39","slug":"system-gasniczy-sparco-stalowy-elektryczny-425l","status":"publish","type":"product","link":"https:\/\/cybul.eu\/pl\/sklep\/system-gasniczy-sparco-stalowy-elektryczny-425l\/","title":{"rendered":"SYSTEM GA\u015aNICZY SPARCO &#8211; STALOWY, ELEKTRYCZNY 4,25L"},"content":{"rendered":"<p><strong>System ga\u015bniczy Sparco<\/strong>&nbsp;&#8211; stalowy, elektryczny AFFF, 4,25L<\/p>\n<p>Homologacja: <strong>FIA 2000<\/strong><\/p>\n<p>System Ga\u015bniczy Sparco 4L posiada kompaktowe wymiary.<br \/>Zestaw idealnie nadaje si\u0119 do aut rajdowych.<br \/>Konstrukcja butli ze stali nierdzewnej zapewnia optymaln\u0105 jako\u015b\u0107 wykonania i oszcz\u0119dno\u015b\u0107 wagi.<br \/>Ga\u015bnica zawiera pianki (AFFF), kt\u00f3re zapewniaj\u0105 najwy\u017cszy poziom bezpiecze\u0144stwa.<br \/>Dysze posiadaj\u0105 gwint &#8211; s\u0105 zgodne z najnowszymi regulaminami.<\/p>\n<p><strong>W komplecie znajduj\u0105 si\u0119 nast\u0119puj\u0105ce elementy:<\/strong><br \/>&#8211; 1x ga\u015bnica ze stali nierdzewnej 4,25L<br \/>&#8211; 1x mocowanie anti-torpedo<br \/>&#8211; 1x komplet obejm do ga\u015bnicy<br \/><span>&#8211; 7x dysza<\/span><br \/><span>&#8211; 4x tr\u00f3jnik T<\/span><br \/><span>&#8211; 4x tr\u00f3jnik T<\/span><br \/><span>&#8211; 3x kolanko 90\u00b0<\/span><br \/>&#8211; 2x przew\u00f3d ga\u015bniczy 8mm &#8211; 4m<br \/>&#8211; 1x os\u0142ona przewodu ga\u015bniczego<br \/>&#8211; 1x centralka<br \/>&#8211; 1x kable<br \/>&#8211; 1x w\u0142\u0105cznik zewn\u0119trzny<br \/>&#8211; 2x naklejka &#8222;E&#8221;<\/p>\n","protected":false},"excerpt":{"rendered":"<p><strong>System ga\u015bniczy Sparco<\/strong>&nbsp;&#8211; stalowy, elektryczny AFFF, 4,25L<\/p>\n<p>Homologacja: <strong>FIA 2000<\/strong><\/p>\n<p>System Ga\u015bniczy Sparco 4L posiada kompaktowe wymiary.<br \/>Zestaw idealnie nadaje si\u0119 do aut rajdowych.<br \/>Konstrukcja butli ze stali nierdzewnej zapewnia optymaln\u0105 jako\u015b\u0107 wykonania i oszcz\u0119dno\u015b\u0107 wagi.<br \/>Ga\u015bnica zawiera pianki (AFFF), kt\u00f3re zapewniaj\u0105 najwy\u017cszy poziom bezpiecze\u0144stwa.<br \/>Dysze posiadaj\u0105 gwint &#8211; s\u0105 zgodne z najnowszymi regulaminami.<\/p>\n<p><strong>W komplecie znajduj\u0105 si\u0119 nast\u0119puj\u0105ce elementy:<\/strong><br \/>&#8211; 1x ga\u015bnica ze stali nierdzewnej 4,25L<br \/>&#8211; 1x mocowanie anti-torpedo<br \/>&#8211; 1x komplet obejm do ga\u015bnicy<br \/><span>&#8211; 7x dysza<\/span><br \/><span>&#8211; 4x tr\u00f3jnik T<\/span><br \/><span>&#8211; 4x tr\u00f3jnik T<\/span><br \/><span>&#8211; 3x kolanko 90\u00b0<\/span><br \/>&#8211; 2x przew\u00f3d ga\u015bniczy 8mm &#8211; 4m<br \/>&#8211; 1x os\u0142ona przewodu ga\u015bniczego<br \/>&#8211; 1x centralka<br \/>&#8211; 1x kable<br \/>&#8211; 1x w\u0142\u0105cznik zewn\u0119trzny<br \/>&#8211; 2x naklejka &#8222;E&#8221;<\/p>\n","protected":false},"featured_media":11410,"comment_status":"closed","ping_status":"open","template":"","meta":[],"product_cat":[552,542],"product_tag":[],"class_list":{"0":"post-11482","1":"product","2":"type-product","3":"status-publish","4":"has-post-thumbnail","6":"product_cat-systemy-gasnicze","7":"product_cat-wnetrze","9":"first","10":"instock","11":"taxable","12":"shipping-taxable","13":"purchasable","14":"product-type-simple"},"bundled_by":[],"bundle_stock_status":"instock","bundle_stock_quantity":null,"bundle_virtual":false,"bundle_layout":"","bundle_add_to_cart_form_location":"","bundle_editable_in_cart":false,"bundle_sold_individually_context":"","bundle_item_grouping":"","bundle_min_size":"","bundle_max_size":"","bundle_price":[],"bundled_items":[],"bundle_sell_ids":[],"acf":{"zdjecie_bez_watermarka":null,"zdjecie_bez_watermarka_url":"","product_orgin_url":"https:\/\/inter-rally.pl\/product-eng-707-System-gasniczy-Sparco-stalowy-elektryczny-4-25L.html"},"yoast_head":"<!-- This site is optimized with the Yoast SEO plugin v23.9 - https:\/\/yoast.com\/wordpress\/plugins\/seo\/ -->\n<title>SYSTEM GA\u015aNICZY SPARCO - STALOWY, ELEKTRYCZNY 4,25L - CYBUL<\/title>\n<meta name=\"robots\" content=\"index, follow, max-snippet:-1, max-image-preview:large, max-video-preview:-1\" \/>\n<link rel=\"canonical\" href=\"https:\/\/cybul.eu\/pl\/sklep\/system-gasniczy-sparco-stalowy-elektryczny-425l\/\" \/>\n<meta property=\"og:locale\" content=\"pl_PL\" \/>\n<meta property=\"og:type\" content=\"article\" \/>\n<meta property=\"og:title\" content=\"SYSTEM GA\u015aNICZY SPARCO - STALOWY, ELEKTRYCZNY 4,25L - CYBUL\" \/>\n<meta property=\"og:description\" content=\"System ga\u015bniczy Sparco&nbsp;- stalowy, elektryczny AFFF, 4,25LHomologacja: FIA 2000System Ga\u015bniczy Sparco 4L posiada kompaktowe wymiary.Zestaw idealnie nadaje si\u0119 do aut rajdowych.Konstrukcja butli ze stali nierdzewnej zapewnia optymaln\u0105 jako\u015b\u0107 wykonania i oszcz\u0119dno\u015b\u0107 wagi.Ga\u015bnica zawiera pianki (AFFF), kt\u00f3re zapewniaj\u0105 najwy\u017cszy poziom bezpiecze\u0144stwa.Dysze posiadaj\u0105 gwint - s\u0105 zgodne z najnowszymi regulaminami.W komplecie znajduj\u0105 si\u0119 nast\u0119puj\u0105ce elementy:- 1x ga\u015bnica ze stali nierdzewnej 4,25L- 1x mocowanie anti-torpedo- 1x komplet obejm do ga\u015bnicy- 7x dysza- 4x tr\u00f3jnik T- 4x tr\u00f3jnik T- 3x kolanko 90\u00b0- 2x przew\u00f3d ga\u015bniczy 8mm - 4m- 1x os\u0142ona przewodu ga\u015bniczego- 1x centralka- 1x kable- 1x w\u0142\u0105cznik zewn\u0119trzny- 2x naklejka &quot;E&quot;\" \/>\n<meta property=\"og:url\" content=\"https:\/\/cybul.eu\/pl\/sklep\/system-gasniczy-sparco-stalowy-elektryczny-425l\/\" \/>\n<meta property=\"og:site_name\" content=\"CYBUL\" \/>\n<meta property=\"article:modified_time\" content=\"2024-06-08T21:26:39+00:00\" \/>\n<meta property=\"og:image\" content=\"https:\/\/cybul.eu\/wp-content\/uploads\/2024\/06\/pol_pl_System-gasniczy-Sparco-stalowy-elektryczny-4-25L-707_1.jpg\" \/>\n\t<meta property=\"og:image:width\" content=\"900\" \/>\n\t<meta property=\"og:image:height\" content=\"900\" \/>\n\t<meta property=\"og:image:type\" content=\"image\/jpeg\" \/>\n<meta name=\"twitter:card\" content=\"summary_large_image\" \/>\n<meta name=\"twitter:label1\" content=\"Szacowany czas czytania\" \/>\n\t<meta name=\"twitter:data1\" content=\"1 minuta\" \/>\n<script type=\"application\/ld+json\" class=\"yoast-schema-graph\">{\"@context\":\"https:\/\/schema.org\",\"@graph\":[{\"@type\":\"WebPage\",\"@id\":\"https:\/\/cybul.eu\/pl\/sklep\/system-gasniczy-sparco-stalowy-elektryczny-425l\/\",\"url\":\"https:\/\/cybul.eu\/pl\/sklep\/system-gasniczy-sparco-stalowy-elektryczny-425l\/\",\"name\":\"SYSTEM GA\u015aNICZY SPARCO - STALOWY, ELEKTRYCZNY 4,25L - CYBUL\",\"isPartOf\":{\"@id\":\"https:\/\/cybul.eu\/pl\/#website\"},\"primaryImageOfPage\":{\"@id\":\"https:\/\/cybul.eu\/pl\/sklep\/system-gasniczy-sparco-stalowy-elektryczny-425l\/#primaryimage\"},\"image\":{\"@id\":\"https:\/\/cybul.eu\/pl\/sklep\/system-gasniczy-sparco-stalowy-elektryczny-425l\/#primaryimage\"},\"thumbnailUrl\":\"https:\/\/cybul.eu\/wp-content\/uploads\/2024\/06\/pol_pl_System-gasniczy-Sparco-stalowy-elektryczny-4-25L-707_1.jpg\",\"datePublished\":\"2024-06-08T21:26:29+00:00\",\"dateModified\":\"2024-06-08T21:26:39+00:00\",\"breadcrumb\":{\"@id\":\"https:\/\/cybul.eu\/pl\/sklep\/system-gasniczy-sparco-stalowy-elektryczny-425l\/#breadcrumb\"},\"inLanguage\":\"pl-PL\",\"potentialAction\":[{\"@type\":\"ReadAction\",\"target\":[\"https:\/\/cybul.eu\/pl\/sklep\/system-gasniczy-sparco-stalowy-elektryczny-425l\/\"]}]},{\"@type\":\"ImageObject\",\"inLanguage\":\"pl-PL\",\"@id\":\"https:\/\/cybul.eu\/pl\/sklep\/system-gasniczy-sparco-stalowy-elektryczny-425l\/#primaryimage\",\"url\":\"https:\/\/cybul.eu\/wp-content\/uploads\/2024\/06\/pol_pl_System-gasniczy-Sparco-stalowy-elektryczny-4-25L-707_1.jpg\",\"contentUrl\":\"https:\/\/cybul.eu\/wp-content\/uploads\/2024\/06\/pol_pl_System-gasniczy-Sparco-stalowy-elektryczny-4-25L-707_1.jpg\",\"width\":900,\"height\":900},{\"@type\":\"BreadcrumbList\",\"@id\":\"https:\/\/cybul.eu\/pl\/sklep\/system-gasniczy-sparco-stalowy-elektryczny-425l\/#breadcrumb\",\"itemListElement\":[{\"@type\":\"ListItem\",\"position\":1,\"name\":\"Strona g\u0142\u00f3wna\",\"item\":\"https:\/\/cybul.eu\/pl\/\"},{\"@type\":\"ListItem\",\"position\":2,\"name\":\"Sklep\",\"item\":\"https:\/\/cybul.eu\/pl\/sklep\/\"},{\"@type\":\"ListItem\",\"position\":3,\"name\":\"SYSTEM GA\u015aNICZY SPARCO &#8211; STALOWY, ELEKTRYCZNY 4,25L\"}]},{\"@type\":\"WebSite\",\"@id\":\"https:\/\/cybul.eu\/pl\/#website\",\"url\":\"https:\/\/cybul.eu\/pl\/\",\"name\":\"CYBUL\",\"description\":\"\",\"potentialAction\":[{\"@type\":\"SearchAction\",\"target\":{\"@type\":\"EntryPoint\",\"urlTemplate\":\"https:\/\/cybul.eu\/pl\/?s={search_term_string}\"},\"query-input\":{\"@type\":\"PropertyValueSpecification\",\"valueRequired\":true,\"valueName\":\"search_term_string\"}}],\"inLanguage\":\"pl-PL\"}]}<\/script>\n<!-- \/ Yoast SEO plugin. -->","yoast_head_json":{"title":"SYSTEM GA\u015aNICZY SPARCO - STALOWY, ELEKTRYCZNY 4,25L - CYBUL","robots":{"index":"index","follow":"follow","max-snippet":"max-snippet:-1","max-image-preview":"max-image-preview:large","max-video-preview":"max-video-preview:-1"},"canonical":"https:\/\/cybul.eu\/pl\/sklep\/system-gasniczy-sparco-stalowy-elektryczny-425l\/","og_locale":"pl_PL","og_type":"article","og_title":"SYSTEM GA\u015aNICZY SPARCO - STALOWY, ELEKTRYCZNY 4,25L - CYBUL","og_description":"System ga\u015bniczy Sparco&nbsp;- stalowy, elektryczny AFFF, 4,25LHomologacja: FIA 2000System Ga\u015bniczy Sparco 4L posiada kompaktowe wymiary.Zestaw idealnie nadaje si\u0119 do aut rajdowych.Konstrukcja butli ze stali nierdzewnej zapewnia optymaln\u0105 jako\u015b\u0107 wykonania i oszcz\u0119dno\u015b\u0107 wagi.Ga\u015bnica zawiera pianki (AFFF), kt\u00f3re zapewniaj\u0105 najwy\u017cszy poziom bezpiecze\u0144stwa.Dysze posiadaj\u0105 gwint - s\u0105 zgodne z najnowszymi regulaminami.W komplecie znajduj\u0105 si\u0119 nast\u0119puj\u0105ce elementy:- 1x ga\u015bnica ze stali nierdzewnej 4,25L- 1x mocowanie anti-torpedo- 1x komplet obejm do ga\u015bnicy- 7x dysza- 4x tr\u00f3jnik T- 4x tr\u00f3jnik T- 3x kolanko 90\u00b0- 2x przew\u00f3d ga\u015bniczy 8mm - 4m- 1x os\u0142ona przewodu ga\u015bniczego- 1x centralka- 1x kable- 1x w\u0142\u0105cznik zewn\u0119trzny- 2x naklejka \"E\"","og_url":"https:\/\/cybul.eu\/pl\/sklep\/system-gasniczy-sparco-stalowy-elektryczny-425l\/","og_site_name":"CYBUL","article_modified_time":"2024-06-08T21:26:39+00:00","og_image":[{"width":900,"height":900,"url":"https:\/\/cybul.eu\/wp-content\/uploads\/2024\/06\/pol_pl_System-gasniczy-Sparco-stalowy-elektryczny-4-25L-707_1.jpg","type":"image\/jpeg"}],"twitter_card":"summary_large_image","twitter_misc":{"Szacowany czas czytania":"1 minuta"},"schema":{"@context":"https:\/\/schema.org","@graph":[{"@type":"WebPage","@id":"https:\/\/cybul.eu\/pl\/sklep\/system-gasniczy-sparco-stalowy-elektryczny-425l\/","url":"https:\/\/cybul.eu\/pl\/sklep\/system-gasniczy-sparco-stalowy-elektryczny-425l\/","name":"SYSTEM GA\u015aNICZY SPARCO - STALOWY, ELEKTRYCZNY 4,25L - CYBUL","isPartOf":{"@id":"https:\/\/cybul.eu\/pl\/#website"},"primaryImageOfPage":{"@id":"https:\/\/cybul.eu\/pl\/sklep\/system-gasniczy-sparco-stalowy-elektryczny-425l\/#primaryimage"},"image":{"@id":"https:\/\/cybul.eu\/pl\/sklep\/system-gasniczy-sparco-stalowy-elektryczny-425l\/#primaryimage"},"thumbnailUrl":"https:\/\/cybul.eu\/wp-content\/uploads\/2024\/06\/pol_pl_System-gasniczy-Sparco-stalowy-elektryczny-4-25L-707_1.jpg","datePublished":"2024-06-08T21:26:29+00:00","dateModified":"2024-06-08T21:26:39+00:00","breadcrumb":{"@id":"https:\/\/cybul.eu\/pl\/sklep\/system-gasniczy-sparco-stalowy-elektryczny-425l\/#breadcrumb"},"inLanguage":"pl-PL","potentialAction":[{"@type":"ReadAction","target":["https:\/\/cybul.eu\/pl\/sklep\/system-gasniczy-sparco-stalowy-elektryczny-425l\/"]}]},{"@type":"ImageObject","inLanguage":"pl-PL","@id":"https:\/\/cybul.eu\/pl\/sklep\/system-gasniczy-sparco-stalowy-elektryczny-425l\/#primaryimage","url":"https:\/\/cybul.eu\/wp-content\/uploads\/2024\/06\/pol_pl_System-gasniczy-Sparco-stalowy-elektryczny-4-25L-707_1.jpg","contentUrl":"https:\/\/cybul.eu\/wp-content\/uploads\/2024\/06\/pol_pl_System-gasniczy-Sparco-stalowy-elektryczny-4-25L-707_1.jpg","width":900,"height":900},{"@type":"BreadcrumbList","@id":"https:\/\/cybul.eu\/pl\/sklep\/system-gasniczy-sparco-stalowy-elektryczny-425l\/#breadcrumb","itemListElement":[{"@type":"ListItem","position":1,"name":"Strona g\u0142\u00f3wna","item":"https:\/\/cybul.eu\/pl\/"},{"@type":"ListItem","position":2,"name":"Sklep","item":"https:\/\/cybul.eu\/pl\/sklep\/"},{"@type":"ListItem","position":3,"name":"SYSTEM GA\u015aNICZY SPARCO &#8211; STALOWY, ELEKTRYCZNY 4,25L"}]},{"@type":"WebSite","@id":"https:\/\/cybul.eu\/pl\/#website","url":"https:\/\/cybul.eu\/pl\/","name":"CYBUL","description":"","potentialAction":[{"@type":"SearchAction","target":{"@type":"EntryPoint","urlTemplate":"https:\/\/cybul.eu\/pl\/?s={search_term_string}"},"query-input":{"@type":"PropertyValueSpecification","valueRequired":true,"valueName":"search_term_string"}}],"inLanguage":"pl-PL"}]}},"_links":{"self":[{"href":"https:\/\/cybul.eu\/pl\/wp-json\/wp\/v2\/product\/11482","targetHints":{"allow":["GET"]}}],"collection":[{"href":"https:\/\/cybul.eu\/pl\/wp-json\/wp\/v2\/product"}],"about":[{"href":"https:\/\/cybul.eu\/pl\/wp-json\/wp\/v2\/types\/product"}],"replies":[{"embeddable":true,"href":"https:\/\/cybul.eu\/pl\/wp-json\/wp\/v2\/comments?post=11482"}],"wp:featuredmedia":[{"embeddable":true,"href":"https:\/\/cybul.eu\/pl\/wp-json\/wp\/v2\/media\/11410"}],"wp:attachment":[{"href":"https:\/\/cybul.eu\/pl\/wp-json\/wp\/v2\/media?parent=11482"}],"wp:term":[{"taxonomy":"product_cat","embeddable":true,"href":"https:\/\/cybul.eu\/pl\/wp-json\/wp\/v2\/product_cat?post=11482"},{"taxonomy":"product_tag","embeddable":true,"href":"https:\/\/cybul.eu\/pl\/wp-json\/wp\/v2\/product_tag?post=11482"}],"curies":[{"name":"wp","href":"https:\/\/api.w.org\/{rel}","templated":true}]}}