{"id":11480,"date":"2024-06-08T23:26:29","date_gmt":"2024-06-08T21:26:29","guid":{"rendered":"https:\/\/cybul.eu\/shop\/system-gasniczy-sparco-sp205-stalowy-elektryczny-25l\/"},"modified":"2024-06-08T23:26:38","modified_gmt":"2024-06-08T21:26:38","slug":"system-gasniczy-sparco-sp205-stalowy-elektryczny-25l","status":"publish","type":"product","link":"https:\/\/cybul.eu\/pl\/sklep\/system-gasniczy-sparco-sp205-stalowy-elektryczny-25l\/","title":{"rendered":"SYSTEM GA\u015aNICZY SPARCO SP205 &#8211; STALOWY, ELEKTRYCZNY 2,5L"},"content":{"rendered":"<p><strong>System ga\u015bniczy Sparco <\/strong>&#8211; stalowy, elektryczny<\/p>\n<p>Homologacja: <strong>FIA 2000 (lista techniczna 16)<\/strong><\/p>\n<p>Elektryczny system ga\u015bniczy o pojemno\u015bci 2,5 litra jest homologowany do u\u017cytku w samochodach typu sedan z zamkni\u0119tym kokpitem. Butla ze stali nierdzewnej jest wype\u0142niona AFFF, \u015brodkiem ga\u015bniczym na bazie pianki, kt\u00f3ry ma doskona\u0142e w\u0142a\u015bciwo\u015bci przeciwpo\u017carowe i jest przyjazny dla \u015brodowiska.<\/p>\n<p>Zestaw zawiera obszerny zestaw cz\u0119\u015bci, w tym: elektrycznie sterowan\u0105 butl\u0119, mocowanie butli oraz paski, zasilacz, wi\u0105zk\u0119 przewod\u00f3w, przycisk zewn\u0119trzny, przycisk wewn\u0119trzny, dysze, z\u0142\u0105cza typu T, rurki aluminiowe, opakowanie naklejek.<\/p>\n<p>&#8211; Przyjazny dla \u015brodowiska \u015brodek ga\u015bniczy AFFF<br \/>&#8211; Idealny do samochod\u00f3w wy\u015bcigowych typu sedan lub samochod\u00f3w rajdowych<\/p>\n<p><strong>Wymiary butli:<\/strong> d\u0142ugo\u015b\u0107 302mm x \u015brednica 110mm<\/p>\n","protected":false},"excerpt":{"rendered":"<p><strong>System ga\u015bniczy Sparco <\/strong>&#8211; stalowy, elektryczny<\/p>\n<p>Homologacja: <strong>FIA 2000 (lista techniczna 16)<\/strong><\/p>\n<p>Elektryczny system ga\u015bniczy o pojemno\u015bci 2,5 litra jest homologowany do u\u017cytku w samochodach typu sedan z zamkni\u0119tym kokpitem. Butla ze stali nierdzewnej jest wype\u0142niona AFFF, \u015brodkiem ga\u015bniczym na bazie pianki, kt\u00f3ry ma doskona\u0142e w\u0142a\u015bciwo\u015bci przeciwpo\u017carowe i jest przyjazny dla \u015brodowiska.<\/p>\n<p>Zestaw zawiera obszerny zestaw cz\u0119\u015bci, w tym: elektrycznie sterowan\u0105 butl\u0119, mocowanie butli oraz paski, zasilacz, wi\u0105zk\u0119 przewod\u00f3w, przycisk zewn\u0119trzny, przycisk wewn\u0119trzny, dysze, z\u0142\u0105cza typu T, rurki aluminiowe, opakowanie naklejek.<\/p>\n<p>&#8211; Przyjazny dla \u015brodowiska \u015brodek ga\u015bniczy AFFF<br \/>&#8211; Idealny do samochod\u00f3w wy\u015bcigowych typu sedan lub samochod\u00f3w rajdowych<\/p>\n<p><strong>Wymiary butli:<\/strong> d\u0142ugo\u015b\u0107 302mm x \u015brednica 110mm<\/p>\n","protected":false},"featured_media":11404,"comment_status":"closed","ping_status":"open","template":"","meta":[],"product_cat":[552,542],"product_tag":[],"class_list":{"0":"post-11480","1":"product","2":"type-product","3":"status-publish","4":"has-post-thumbnail","6":"product_cat-systemy-gasnicze","7":"product_cat-wnetrze","9":"first","10":"instock","11":"taxable","12":"shipping-taxable","13":"purchasable","14":"product-type-simple"},"bundled_by":[],"bundle_stock_status":"instock","bundle_stock_quantity":null,"bundle_virtual":false,"bundle_layout":"","bundle_add_to_cart_form_location":"","bundle_editable_in_cart":false,"bundle_sold_individually_context":"","bundle_item_grouping":"","bundle_min_size":"","bundle_max_size":"","bundle_price":[],"bundled_items":[],"bundle_sell_ids":[],"acf":{"zdjecie_bez_watermarka":null,"zdjecie_bez_watermarka_url":"","product_orgin_url":"https:\/\/inter-rally.pl\/product-eng-705-System-gasniczy-Sparco-SP205-stalowy-elektryczny-2-5L.html"},"yoast_head":"<!-- This site is optimized with the Yoast SEO plugin v23.9 - https:\/\/yoast.com\/wordpress\/plugins\/seo\/ -->\n<title>SYSTEM GA\u015aNICZY SPARCO SP205 - STALOWY, ELEKTRYCZNY 2,5L - CYBUL<\/title>\n<meta name=\"robots\" content=\"index, follow, max-snippet:-1, max-image-preview:large, max-video-preview:-1\" \/>\n<link rel=\"canonical\" href=\"https:\/\/cybul.eu\/pl\/sklep\/system-gasniczy-sparco-sp205-stalowy-elektryczny-25l\/\" \/>\n<meta property=\"og:locale\" content=\"pl_PL\" \/>\n<meta property=\"og:type\" content=\"article\" \/>\n<meta property=\"og:title\" content=\"SYSTEM GA\u015aNICZY SPARCO SP205 - STALOWY, ELEKTRYCZNY 2,5L - CYBUL\" \/>\n<meta property=\"og:description\" content=\"System ga\u015bniczy Sparco - stalowy, elektrycznyHomologacja: FIA 2000 (lista techniczna 16)Elektryczny system ga\u015bniczy o pojemno\u015bci 2,5 litra jest homologowany do u\u017cytku w samochodach typu sedan z zamkni\u0119tym kokpitem. Butla ze stali nierdzewnej jest wype\u0142niona AFFF, \u015brodkiem ga\u015bniczym na bazie pianki, kt\u00f3ry ma doskona\u0142e w\u0142a\u015bciwo\u015bci przeciwpo\u017carowe i jest przyjazny dla \u015brodowiska.Zestaw zawiera obszerny zestaw cz\u0119\u015bci, w tym: elektrycznie sterowan\u0105 butl\u0119, mocowanie butli oraz paski, zasilacz, wi\u0105zk\u0119 przewod\u00f3w, przycisk zewn\u0119trzny, przycisk wewn\u0119trzny, dysze, z\u0142\u0105cza typu T, rurki aluminiowe, opakowanie naklejek.- Przyjazny dla \u015brodowiska \u015brodek ga\u015bniczy AFFF- Idealny do samochod\u00f3w wy\u015bcigowych typu sedan lub samochod\u00f3w rajdowychWymiary butli: d\u0142ugo\u015b\u0107 302mm x \u015brednica 110mm\" \/>\n<meta property=\"og:url\" content=\"https:\/\/cybul.eu\/pl\/sklep\/system-gasniczy-sparco-sp205-stalowy-elektryczny-25l\/\" \/>\n<meta property=\"og:site_name\" content=\"CYBUL\" \/>\n<meta property=\"article:modified_time\" content=\"2024-06-08T21:26:38+00:00\" \/>\n<meta property=\"og:image\" content=\"https:\/\/cybul.eu\/wp-content\/uploads\/2024\/06\/pol_pl_System-gasniczy-Sparco-SP205-stalowy-elektryczny-2-5L-705_1.jpg\" \/>\n\t<meta property=\"og:image:width\" content=\"900\" \/>\n\t<meta property=\"og:image:height\" content=\"900\" \/>\n\t<meta property=\"og:image:type\" content=\"image\/jpeg\" \/>\n<meta name=\"twitter:card\" content=\"summary_large_image\" \/>\n<meta name=\"twitter:label1\" content=\"Szacowany czas czytania\" \/>\n\t<meta name=\"twitter:data1\" content=\"1 minuta\" \/>\n<script type=\"application\/ld+json\" class=\"yoast-schema-graph\">{\"@context\":\"https:\/\/schema.org\",\"@graph\":[{\"@type\":\"WebPage\",\"@id\":\"https:\/\/cybul.eu\/pl\/sklep\/system-gasniczy-sparco-sp205-stalowy-elektryczny-25l\/\",\"url\":\"https:\/\/cybul.eu\/pl\/sklep\/system-gasniczy-sparco-sp205-stalowy-elektryczny-25l\/\",\"name\":\"SYSTEM GA\u015aNICZY SPARCO SP205 - STALOWY, ELEKTRYCZNY 2,5L - CYBUL\",\"isPartOf\":{\"@id\":\"https:\/\/cybul.eu\/pl\/#website\"},\"primaryImageOfPage\":{\"@id\":\"https:\/\/cybul.eu\/pl\/sklep\/system-gasniczy-sparco-sp205-stalowy-elektryczny-25l\/#primaryimage\"},\"image\":{\"@id\":\"https:\/\/cybul.eu\/pl\/sklep\/system-gasniczy-sparco-sp205-stalowy-elektryczny-25l\/#primaryimage\"},\"thumbnailUrl\":\"https:\/\/cybul.eu\/wp-content\/uploads\/2024\/06\/pol_pl_System-gasniczy-Sparco-SP205-stalowy-elektryczny-2-5L-705_1.jpg\",\"datePublished\":\"2024-06-08T21:26:29+00:00\",\"dateModified\":\"2024-06-08T21:26:38+00:00\",\"breadcrumb\":{\"@id\":\"https:\/\/cybul.eu\/pl\/sklep\/system-gasniczy-sparco-sp205-stalowy-elektryczny-25l\/#breadcrumb\"},\"inLanguage\":\"pl-PL\",\"potentialAction\":[{\"@type\":\"ReadAction\",\"target\":[\"https:\/\/cybul.eu\/pl\/sklep\/system-gasniczy-sparco-sp205-stalowy-elektryczny-25l\/\"]}]},{\"@type\":\"ImageObject\",\"inLanguage\":\"pl-PL\",\"@id\":\"https:\/\/cybul.eu\/pl\/sklep\/system-gasniczy-sparco-sp205-stalowy-elektryczny-25l\/#primaryimage\",\"url\":\"https:\/\/cybul.eu\/wp-content\/uploads\/2024\/06\/pol_pl_System-gasniczy-Sparco-SP205-stalowy-elektryczny-2-5L-705_1.jpg\",\"contentUrl\":\"https:\/\/cybul.eu\/wp-content\/uploads\/2024\/06\/pol_pl_System-gasniczy-Sparco-SP205-stalowy-elektryczny-2-5L-705_1.jpg\",\"width\":900,\"height\":900},{\"@type\":\"BreadcrumbList\",\"@id\":\"https:\/\/cybul.eu\/pl\/sklep\/system-gasniczy-sparco-sp205-stalowy-elektryczny-25l\/#breadcrumb\",\"itemListElement\":[{\"@type\":\"ListItem\",\"position\":1,\"name\":\"Strona g\u0142\u00f3wna\",\"item\":\"https:\/\/cybul.eu\/pl\/\"},{\"@type\":\"ListItem\",\"position\":2,\"name\":\"Sklep\",\"item\":\"https:\/\/cybul.eu\/pl\/sklep\/\"},{\"@type\":\"ListItem\",\"position\":3,\"name\":\"SYSTEM GA\u015aNICZY SPARCO SP205 &#8211; STALOWY, ELEKTRYCZNY 2,5L\"}]},{\"@type\":\"WebSite\",\"@id\":\"https:\/\/cybul.eu\/pl\/#website\",\"url\":\"https:\/\/cybul.eu\/pl\/\",\"name\":\"CYBUL\",\"description\":\"\",\"potentialAction\":[{\"@type\":\"SearchAction\",\"target\":{\"@type\":\"EntryPoint\",\"urlTemplate\":\"https:\/\/cybul.eu\/pl\/?s={search_term_string}\"},\"query-input\":{\"@type\":\"PropertyValueSpecification\",\"valueRequired\":true,\"valueName\":\"search_term_string\"}}],\"inLanguage\":\"pl-PL\"}]}<\/script>\n<!-- \/ Yoast SEO plugin. -->","yoast_head_json":{"title":"SYSTEM GA\u015aNICZY SPARCO SP205 - STALOWY, ELEKTRYCZNY 2,5L - CYBUL","robots":{"index":"index","follow":"follow","max-snippet":"max-snippet:-1","max-image-preview":"max-image-preview:large","max-video-preview":"max-video-preview:-1"},"canonical":"https:\/\/cybul.eu\/pl\/sklep\/system-gasniczy-sparco-sp205-stalowy-elektryczny-25l\/","og_locale":"pl_PL","og_type":"article","og_title":"SYSTEM GA\u015aNICZY SPARCO SP205 - STALOWY, ELEKTRYCZNY 2,5L - CYBUL","og_description":"System ga\u015bniczy Sparco - stalowy, elektrycznyHomologacja: FIA 2000 (lista techniczna 16)Elektryczny system ga\u015bniczy o pojemno\u015bci 2,5 litra jest homologowany do u\u017cytku w samochodach typu sedan z zamkni\u0119tym kokpitem. Butla ze stali nierdzewnej jest wype\u0142niona AFFF, \u015brodkiem ga\u015bniczym na bazie pianki, kt\u00f3ry ma doskona\u0142e w\u0142a\u015bciwo\u015bci przeciwpo\u017carowe i jest przyjazny dla \u015brodowiska.Zestaw zawiera obszerny zestaw cz\u0119\u015bci, w tym: elektrycznie sterowan\u0105 butl\u0119, mocowanie butli oraz paski, zasilacz, wi\u0105zk\u0119 przewod\u00f3w, przycisk zewn\u0119trzny, przycisk wewn\u0119trzny, dysze, z\u0142\u0105cza typu T, rurki aluminiowe, opakowanie naklejek.- Przyjazny dla \u015brodowiska \u015brodek ga\u015bniczy AFFF- Idealny do samochod\u00f3w wy\u015bcigowych typu sedan lub samochod\u00f3w rajdowychWymiary butli: d\u0142ugo\u015b\u0107 302mm x \u015brednica 110mm","og_url":"https:\/\/cybul.eu\/pl\/sklep\/system-gasniczy-sparco-sp205-stalowy-elektryczny-25l\/","og_site_name":"CYBUL","article_modified_time":"2024-06-08T21:26:38+00:00","og_image":[{"width":900,"height":900,"url":"https:\/\/cybul.eu\/wp-content\/uploads\/2024\/06\/pol_pl_System-gasniczy-Sparco-SP205-stalowy-elektryczny-2-5L-705_1.jpg","type":"image\/jpeg"}],"twitter_card":"summary_large_image","twitter_misc":{"Szacowany czas czytania":"1 minuta"},"schema":{"@context":"https:\/\/schema.org","@graph":[{"@type":"WebPage","@id":"https:\/\/cybul.eu\/pl\/sklep\/system-gasniczy-sparco-sp205-stalowy-elektryczny-25l\/","url":"https:\/\/cybul.eu\/pl\/sklep\/system-gasniczy-sparco-sp205-stalowy-elektryczny-25l\/","name":"SYSTEM GA\u015aNICZY SPARCO SP205 - STALOWY, ELEKTRYCZNY 2,5L - CYBUL","isPartOf":{"@id":"https:\/\/cybul.eu\/pl\/#website"},"primaryImageOfPage":{"@id":"https:\/\/cybul.eu\/pl\/sklep\/system-gasniczy-sparco-sp205-stalowy-elektryczny-25l\/#primaryimage"},"image":{"@id":"https:\/\/cybul.eu\/pl\/sklep\/system-gasniczy-sparco-sp205-stalowy-elektryczny-25l\/#primaryimage"},"thumbnailUrl":"https:\/\/cybul.eu\/wp-content\/uploads\/2024\/06\/pol_pl_System-gasniczy-Sparco-SP205-stalowy-elektryczny-2-5L-705_1.jpg","datePublished":"2024-06-08T21:26:29+00:00","dateModified":"2024-06-08T21:26:38+00:00","breadcrumb":{"@id":"https:\/\/cybul.eu\/pl\/sklep\/system-gasniczy-sparco-sp205-stalowy-elektryczny-25l\/#breadcrumb"},"inLanguage":"pl-PL","potentialAction":[{"@type":"ReadAction","target":["https:\/\/cybul.eu\/pl\/sklep\/system-gasniczy-sparco-sp205-stalowy-elektryczny-25l\/"]}]},{"@type":"ImageObject","inLanguage":"pl-PL","@id":"https:\/\/cybul.eu\/pl\/sklep\/system-gasniczy-sparco-sp205-stalowy-elektryczny-25l\/#primaryimage","url":"https:\/\/cybul.eu\/wp-content\/uploads\/2024\/06\/pol_pl_System-gasniczy-Sparco-SP205-stalowy-elektryczny-2-5L-705_1.jpg","contentUrl":"https:\/\/cybul.eu\/wp-content\/uploads\/2024\/06\/pol_pl_System-gasniczy-Sparco-SP205-stalowy-elektryczny-2-5L-705_1.jpg","width":900,"height":900},{"@type":"BreadcrumbList","@id":"https:\/\/cybul.eu\/pl\/sklep\/system-gasniczy-sparco-sp205-stalowy-elektryczny-25l\/#breadcrumb","itemListElement":[{"@type":"ListItem","position":1,"name":"Strona g\u0142\u00f3wna","item":"https:\/\/cybul.eu\/pl\/"},{"@type":"ListItem","position":2,"name":"Sklep","item":"https:\/\/cybul.eu\/pl\/sklep\/"},{"@type":"ListItem","position":3,"name":"SYSTEM GA\u015aNICZY SPARCO SP205 &#8211; STALOWY, ELEKTRYCZNY 2,5L"}]},{"@type":"WebSite","@id":"https:\/\/cybul.eu\/pl\/#website","url":"https:\/\/cybul.eu\/pl\/","name":"CYBUL","description":"","potentialAction":[{"@type":"SearchAction","target":{"@type":"EntryPoint","urlTemplate":"https:\/\/cybul.eu\/pl\/?s={search_term_string}"},"query-input":{"@type":"PropertyValueSpecification","valueRequired":true,"valueName":"search_term_string"}}],"inLanguage":"pl-PL"}]}},"_links":{"self":[{"href":"https:\/\/cybul.eu\/pl\/wp-json\/wp\/v2\/product\/11480","targetHints":{"allow":["GET"]}}],"collection":[{"href":"https:\/\/cybul.eu\/pl\/wp-json\/wp\/v2\/product"}],"about":[{"href":"https:\/\/cybul.eu\/pl\/wp-json\/wp\/v2\/types\/product"}],"replies":[{"embeddable":true,"href":"https:\/\/cybul.eu\/pl\/wp-json\/wp\/v2\/comments?post=11480"}],"wp:featuredmedia":[{"embeddable":true,"href":"https:\/\/cybul.eu\/pl\/wp-json\/wp\/v2\/media\/11404"}],"wp:attachment":[{"href":"https:\/\/cybul.eu\/pl\/wp-json\/wp\/v2\/media?parent=11480"}],"wp:term":[{"taxonomy":"product_cat","embeddable":true,"href":"https:\/\/cybul.eu\/pl\/wp-json\/wp\/v2\/product_cat?post=11480"},{"taxonomy":"product_tag","embeddable":true,"href":"https:\/\/cybul.eu\/pl\/wp-json\/wp\/v2\/product_tag?post=11480"}],"curies":[{"name":"wp","href":"https:\/\/api.w.org\/{rel}","templated":true}]}}