{"id":11479,"date":"2024-06-08T23:26:29","date_gmt":"2024-06-08T21:26:29","guid":{"rendered":"https:\/\/cybul.eu\/shop\/system-gasniczy-omp-white-collection-aluminiowy-elektryczny-2-8l\/"},"modified":"2024-06-08T23:26:36","modified_gmt":"2024-06-08T21:26:36","slug":"system-gasniczy-omp-white-collection-aluminiowy-elektryczny-2-8l","status":"publish","type":"product","link":"https:\/\/cybul.eu\/pl\/sklep\/system-gasniczy-omp-white-collection-aluminiowy-elektryczny-2-8l\/","title":{"rendered":"SYSTEM GA\u015aNICZY OMP WHITE COLLECTION &#8211; ALUMINIOWY, ELEKTRYCZNY 2.8L"},"content":{"rendered":"<p><strong>System ga\u015bniczy OMP White Collection<\/strong> &#8211; aluminiowy, elektryczny 2.8L<\/p>\n<p>Homologacja <strong>FIA<\/strong><\/p>\n<p>Konstrukcja butli aluminiowej zapewnia optymaln\u0105 jako\u015b\u0107 wykonania i nisk\u0105 wag\u0119.<br \/>Ga\u015bnica \u015brodek ga\u015bniczy AFFF, kt\u00f3ry zapewniaj\u0105 najwy\u017cszy poziom bezpiecze\u0144stwa.<br \/>Przeznaczony do bolid\u00f3w jednomiejscowych.<\/p>\n<p>Waga: <strong>4,3kg (butla z mocowaniami)<\/strong><br \/>D\u0142ugo\u015b\u0107 butli: <strong>245mm<\/strong><br \/>\u015arednica butli: <strong>160mm<\/strong><\/p>\n<p>W komplecie znajduj\u0105 si\u0119 nast\u0119puj\u0105ce elementy:<br \/>&#8211; 1x Ga\u015bnica 2.8L<br \/>&#8211; 1x&nbsp;Mocowanie butli paskowe, wykonane ze stali nierdzewnej<br \/>&#8211; 2x Adapter Anti-Torpedo (CD\/311\/S-AT)<br \/>&#8211; 2x 4 metry w\u0119\u017ca aluminiowego (CD\/323\/A)<br \/>&#8211; 6x Dysza<span>&nbsp;(CD\/393)<\/span><br \/>&#8211; 1x Tr\u00f3jnik T<span>&nbsp;(CD\/390)<\/span><br \/>&#8211; 4x Z\u0142\u0105cza T (CD\/392)<br \/>&#8211; 2x Z\u0142\u0105cza L (CD\/391)<br \/>&#8211; 1x Centralka systemu ga\u015bniczego (CD\/398)<br \/>&#8211; 1x Wi\u0105zka przewod\u00f3w elektrycznych (X\/363\/CAB\/CAV)<br \/>&#8211; 1x W\u0142\u0105cznik zewn\u0119trzny (EA\/467)<br \/>&#8211; 1x Os\u0142ona w\u0142\u0105cznika zewn\u0119trznego (X\/181493)<br \/>&#8211; 2x Naklejki bezpiecze\u0144stwa &#8222;E&#8221; (X\/846)<\/p>\n","protected":false},"excerpt":{"rendered":"<p><strong>System ga\u015bniczy OMP White Collection<\/strong> &#8211; aluminiowy, elektryczny 2.8L<\/p>\n<p>Homologacja <strong>FIA<\/strong><\/p>\n<p>Konstrukcja butli aluminiowej zapewnia optymaln\u0105 jako\u015b\u0107 wykonania i nisk\u0105 wag\u0119.<br \/>Ga\u015bnica \u015brodek ga\u015bniczy AFFF, kt\u00f3ry zapewniaj\u0105 najwy\u017cszy poziom bezpiecze\u0144stwa.<br \/>Przeznaczony do bolid\u00f3w jednomiejscowych.<\/p>\n<p>Waga: <strong>4,3kg (butla z mocowaniami)<\/strong><br \/>D\u0142ugo\u015b\u0107 butli: <strong>245mm<\/strong><br \/>\u015arednica butli: <strong>160mm<\/strong><\/p>\n<p>W komplecie znajduj\u0105 si\u0119 nast\u0119puj\u0105ce elementy:<br \/>&#8211; 1x Ga\u015bnica 2.8L<br \/>&#8211; 1x&nbsp;Mocowanie butli paskowe, wykonane ze stali nierdzewnej<br \/>&#8211; 2x Adapter Anti-Torpedo (CD\/311\/S-AT)<br \/>&#8211; 2x 4 metry w\u0119\u017ca aluminiowego (CD\/323\/A)<br \/>&#8211; 6x Dysza<span>&nbsp;(CD\/393)<\/span><br \/>&#8211; 1x Tr\u00f3jnik T<span>&nbsp;(CD\/390)<\/span><br \/>&#8211; 4x Z\u0142\u0105cza T (CD\/392)<br \/>&#8211; 2x Z\u0142\u0105cza L (CD\/391)<br \/>&#8211; 1x Centralka systemu ga\u015bniczego (CD\/398)<br \/>&#8211; 1x Wi\u0105zka przewod\u00f3w elektrycznych (X\/363\/CAB\/CAV)<br \/>&#8211; 1x W\u0142\u0105cznik zewn\u0119trzny (EA\/467)<br \/>&#8211; 1x Os\u0142ona w\u0142\u0105cznika zewn\u0119trznego (X\/181493)<br \/>&#8211; 2x Naklejki bezpiecze\u0144stwa &#8222;E&#8221; (X\/846)<\/p>\n","protected":false},"featured_media":11401,"comment_status":"closed","ping_status":"open","template":"","meta":[],"product_cat":[552,542],"product_tag":[],"class_list":{"0":"post-11479","1":"product","2":"type-product","3":"status-publish","4":"has-post-thumbnail","6":"product_cat-systemy-gasnicze","7":"product_cat-wnetrze","9":"first","10":"instock","11":"taxable","12":"shipping-taxable","13":"purchasable","14":"product-type-simple"},"bundled_by":[],"bundle_stock_status":"instock","bundle_stock_quantity":null,"bundle_virtual":false,"bundle_layout":"","bundle_add_to_cart_form_location":"","bundle_editable_in_cart":false,"bundle_sold_individually_context":"","bundle_item_grouping":"","bundle_min_size":"","bundle_max_size":"","bundle_price":[],"bundled_items":[],"bundle_sell_ids":[],"acf":{"zdjecie_bez_watermarka":null,"zdjecie_bez_watermarka_url":"","product_orgin_url":"https:\/\/inter-rally.pl\/product-eng-1396-System-gasniczy-OMP-White-Collection-aluminiowy-elektryczny-2-8L.html"},"yoast_head":"<!-- This site is optimized with the Yoast SEO plugin v23.9 - https:\/\/yoast.com\/wordpress\/plugins\/seo\/ -->\n<title>SYSTEM GA\u015aNICZY OMP WHITE COLLECTION - ALUMINIOWY, ELEKTRYCZNY 2.8L - CYBUL<\/title>\n<meta name=\"robots\" content=\"index, follow, max-snippet:-1, max-image-preview:large, max-video-preview:-1\" \/>\n<link rel=\"canonical\" href=\"https:\/\/cybul.eu\/pl\/sklep\/system-gasniczy-omp-white-collection-aluminiowy-elektryczny-2-8l\/\" \/>\n<meta property=\"og:locale\" content=\"pl_PL\" \/>\n<meta property=\"og:type\" content=\"article\" \/>\n<meta property=\"og:title\" content=\"SYSTEM GA\u015aNICZY OMP WHITE COLLECTION - ALUMINIOWY, ELEKTRYCZNY 2.8L - CYBUL\" \/>\n<meta property=\"og:description\" content=\"System ga\u015bniczy OMP White Collection - aluminiowy, elektryczny 2.8LHomologacja FIAKonstrukcja butli aluminiowej zapewnia optymaln\u0105 jako\u015b\u0107 wykonania i nisk\u0105 wag\u0119.Ga\u015bnica \u015brodek ga\u015bniczy AFFF, kt\u00f3ry zapewniaj\u0105 najwy\u017cszy poziom bezpiecze\u0144stwa.Przeznaczony do bolid\u00f3w jednomiejscowych.Waga: 4,3kg (butla z mocowaniami)D\u0142ugo\u015b\u0107 butli: 245mm\u015arednica butli: 160mmW komplecie znajduj\u0105 si\u0119 nast\u0119puj\u0105ce elementy:- 1x Ga\u015bnica 2.8L- 1x&nbsp;Mocowanie butli paskowe, wykonane ze stali nierdzewnej- 2x Adapter Anti-Torpedo (CD\/311\/S-AT)- 2x 4 metry w\u0119\u017ca aluminiowego (CD\/323\/A)- 6x Dysza&nbsp;(CD\/393)- 1x Tr\u00f3jnik T&nbsp;(CD\/390)- 4x Z\u0142\u0105cza T (CD\/392)- 2x Z\u0142\u0105cza L (CD\/391)- 1x Centralka systemu ga\u015bniczego (CD\/398)- 1x Wi\u0105zka przewod\u00f3w elektrycznych (X\/363\/CAB\/CAV)- 1x W\u0142\u0105cznik zewn\u0119trzny (EA\/467)- 1x Os\u0142ona w\u0142\u0105cznika zewn\u0119trznego (X\/181493)- 2x Naklejki bezpiecze\u0144stwa &quot;E&quot; (X\/846)\" \/>\n<meta property=\"og:url\" content=\"https:\/\/cybul.eu\/pl\/sklep\/system-gasniczy-omp-white-collection-aluminiowy-elektryczny-2-8l\/\" \/>\n<meta property=\"og:site_name\" content=\"CYBUL\" \/>\n<meta property=\"article:modified_time\" content=\"2024-06-08T21:26:36+00:00\" \/>\n<meta property=\"og:image\" content=\"https:\/\/cybul.eu\/wp-content\/uploads\/2024\/06\/pol_pl_System-gasniczy-OMP-White-Collection-aluminiowy-elektryczny-2-8L-1396_1.jpg\" \/>\n\t<meta property=\"og:image:width\" content=\"900\" \/>\n\t<meta property=\"og:image:height\" content=\"900\" \/>\n\t<meta property=\"og:image:type\" content=\"image\/jpeg\" \/>\n<meta name=\"twitter:card\" content=\"summary_large_image\" \/>\n<meta name=\"twitter:label1\" content=\"Szacowany czas czytania\" \/>\n\t<meta name=\"twitter:data1\" content=\"1 minuta\" \/>\n<script type=\"application\/ld+json\" class=\"yoast-schema-graph\">{\"@context\":\"https:\/\/schema.org\",\"@graph\":[{\"@type\":\"WebPage\",\"@id\":\"https:\/\/cybul.eu\/pl\/sklep\/system-gasniczy-omp-white-collection-aluminiowy-elektryczny-2-8l\/\",\"url\":\"https:\/\/cybul.eu\/pl\/sklep\/system-gasniczy-omp-white-collection-aluminiowy-elektryczny-2-8l\/\",\"name\":\"SYSTEM GA\u015aNICZY OMP WHITE COLLECTION - ALUMINIOWY, ELEKTRYCZNY 2.8L - CYBUL\",\"isPartOf\":{\"@id\":\"https:\/\/cybul.eu\/pl\/#website\"},\"primaryImageOfPage\":{\"@id\":\"https:\/\/cybul.eu\/pl\/sklep\/system-gasniczy-omp-white-collection-aluminiowy-elektryczny-2-8l\/#primaryimage\"},\"image\":{\"@id\":\"https:\/\/cybul.eu\/pl\/sklep\/system-gasniczy-omp-white-collection-aluminiowy-elektryczny-2-8l\/#primaryimage\"},\"thumbnailUrl\":\"https:\/\/cybul.eu\/wp-content\/uploads\/2024\/06\/pol_pl_System-gasniczy-OMP-White-Collection-aluminiowy-elektryczny-2-8L-1396_1.jpg\",\"datePublished\":\"2024-06-08T21:26:29+00:00\",\"dateModified\":\"2024-06-08T21:26:36+00:00\",\"breadcrumb\":{\"@id\":\"https:\/\/cybul.eu\/pl\/sklep\/system-gasniczy-omp-white-collection-aluminiowy-elektryczny-2-8l\/#breadcrumb\"},\"inLanguage\":\"pl-PL\",\"potentialAction\":[{\"@type\":\"ReadAction\",\"target\":[\"https:\/\/cybul.eu\/pl\/sklep\/system-gasniczy-omp-white-collection-aluminiowy-elektryczny-2-8l\/\"]}]},{\"@type\":\"ImageObject\",\"inLanguage\":\"pl-PL\",\"@id\":\"https:\/\/cybul.eu\/pl\/sklep\/system-gasniczy-omp-white-collection-aluminiowy-elektryczny-2-8l\/#primaryimage\",\"url\":\"https:\/\/cybul.eu\/wp-content\/uploads\/2024\/06\/pol_pl_System-gasniczy-OMP-White-Collection-aluminiowy-elektryczny-2-8L-1396_1.jpg\",\"contentUrl\":\"https:\/\/cybul.eu\/wp-content\/uploads\/2024\/06\/pol_pl_System-gasniczy-OMP-White-Collection-aluminiowy-elektryczny-2-8L-1396_1.jpg\",\"width\":900,\"height\":900},{\"@type\":\"BreadcrumbList\",\"@id\":\"https:\/\/cybul.eu\/pl\/sklep\/system-gasniczy-omp-white-collection-aluminiowy-elektryczny-2-8l\/#breadcrumb\",\"itemListElement\":[{\"@type\":\"ListItem\",\"position\":1,\"name\":\"Strona g\u0142\u00f3wna\",\"item\":\"https:\/\/cybul.eu\/pl\/\"},{\"@type\":\"ListItem\",\"position\":2,\"name\":\"Sklep\",\"item\":\"https:\/\/cybul.eu\/pl\/sklep\/\"},{\"@type\":\"ListItem\",\"position\":3,\"name\":\"SYSTEM GA\u015aNICZY OMP WHITE COLLECTION &#8211; ALUMINIOWY, ELEKTRYCZNY 2.8L\"}]},{\"@type\":\"WebSite\",\"@id\":\"https:\/\/cybul.eu\/pl\/#website\",\"url\":\"https:\/\/cybul.eu\/pl\/\",\"name\":\"CYBUL\",\"description\":\"\",\"potentialAction\":[{\"@type\":\"SearchAction\",\"target\":{\"@type\":\"EntryPoint\",\"urlTemplate\":\"https:\/\/cybul.eu\/pl\/?s={search_term_string}\"},\"query-input\":{\"@type\":\"PropertyValueSpecification\",\"valueRequired\":true,\"valueName\":\"search_term_string\"}}],\"inLanguage\":\"pl-PL\"}]}<\/script>\n<!-- \/ Yoast SEO plugin. -->","yoast_head_json":{"title":"SYSTEM GA\u015aNICZY OMP WHITE COLLECTION - ALUMINIOWY, ELEKTRYCZNY 2.8L - CYBUL","robots":{"index":"index","follow":"follow","max-snippet":"max-snippet:-1","max-image-preview":"max-image-preview:large","max-video-preview":"max-video-preview:-1"},"canonical":"https:\/\/cybul.eu\/pl\/sklep\/system-gasniczy-omp-white-collection-aluminiowy-elektryczny-2-8l\/","og_locale":"pl_PL","og_type":"article","og_title":"SYSTEM GA\u015aNICZY OMP WHITE COLLECTION - ALUMINIOWY, ELEKTRYCZNY 2.8L - CYBUL","og_description":"System ga\u015bniczy OMP White Collection - aluminiowy, elektryczny 2.8LHomologacja FIAKonstrukcja butli aluminiowej zapewnia optymaln\u0105 jako\u015b\u0107 wykonania i nisk\u0105 wag\u0119.Ga\u015bnica \u015brodek ga\u015bniczy AFFF, kt\u00f3ry zapewniaj\u0105 najwy\u017cszy poziom bezpiecze\u0144stwa.Przeznaczony do bolid\u00f3w jednomiejscowych.Waga: 4,3kg (butla z mocowaniami)D\u0142ugo\u015b\u0107 butli: 245mm\u015arednica butli: 160mmW komplecie znajduj\u0105 si\u0119 nast\u0119puj\u0105ce elementy:- 1x Ga\u015bnica 2.8L- 1x&nbsp;Mocowanie butli paskowe, wykonane ze stali nierdzewnej- 2x Adapter Anti-Torpedo (CD\/311\/S-AT)- 2x 4 metry w\u0119\u017ca aluminiowego (CD\/323\/A)- 6x Dysza&nbsp;(CD\/393)- 1x Tr\u00f3jnik T&nbsp;(CD\/390)- 4x Z\u0142\u0105cza T (CD\/392)- 2x Z\u0142\u0105cza L (CD\/391)- 1x Centralka systemu ga\u015bniczego (CD\/398)- 1x Wi\u0105zka przewod\u00f3w elektrycznych (X\/363\/CAB\/CAV)- 1x W\u0142\u0105cznik zewn\u0119trzny (EA\/467)- 1x Os\u0142ona w\u0142\u0105cznika zewn\u0119trznego (X\/181493)- 2x Naklejki bezpiecze\u0144stwa \"E\" (X\/846)","og_url":"https:\/\/cybul.eu\/pl\/sklep\/system-gasniczy-omp-white-collection-aluminiowy-elektryczny-2-8l\/","og_site_name":"CYBUL","article_modified_time":"2024-06-08T21:26:36+00:00","og_image":[{"width":900,"height":900,"url":"https:\/\/cybul.eu\/wp-content\/uploads\/2024\/06\/pol_pl_System-gasniczy-OMP-White-Collection-aluminiowy-elektryczny-2-8L-1396_1.jpg","type":"image\/jpeg"}],"twitter_card":"summary_large_image","twitter_misc":{"Szacowany czas czytania":"1 minuta"},"schema":{"@context":"https:\/\/schema.org","@graph":[{"@type":"WebPage","@id":"https:\/\/cybul.eu\/pl\/sklep\/system-gasniczy-omp-white-collection-aluminiowy-elektryczny-2-8l\/","url":"https:\/\/cybul.eu\/pl\/sklep\/system-gasniczy-omp-white-collection-aluminiowy-elektryczny-2-8l\/","name":"SYSTEM GA\u015aNICZY OMP WHITE COLLECTION - ALUMINIOWY, ELEKTRYCZNY 2.8L - CYBUL","isPartOf":{"@id":"https:\/\/cybul.eu\/pl\/#website"},"primaryImageOfPage":{"@id":"https:\/\/cybul.eu\/pl\/sklep\/system-gasniczy-omp-white-collection-aluminiowy-elektryczny-2-8l\/#primaryimage"},"image":{"@id":"https:\/\/cybul.eu\/pl\/sklep\/system-gasniczy-omp-white-collection-aluminiowy-elektryczny-2-8l\/#primaryimage"},"thumbnailUrl":"https:\/\/cybul.eu\/wp-content\/uploads\/2024\/06\/pol_pl_System-gasniczy-OMP-White-Collection-aluminiowy-elektryczny-2-8L-1396_1.jpg","datePublished":"2024-06-08T21:26:29+00:00","dateModified":"2024-06-08T21:26:36+00:00","breadcrumb":{"@id":"https:\/\/cybul.eu\/pl\/sklep\/system-gasniczy-omp-white-collection-aluminiowy-elektryczny-2-8l\/#breadcrumb"},"inLanguage":"pl-PL","potentialAction":[{"@type":"ReadAction","target":["https:\/\/cybul.eu\/pl\/sklep\/system-gasniczy-omp-white-collection-aluminiowy-elektryczny-2-8l\/"]}]},{"@type":"ImageObject","inLanguage":"pl-PL","@id":"https:\/\/cybul.eu\/pl\/sklep\/system-gasniczy-omp-white-collection-aluminiowy-elektryczny-2-8l\/#primaryimage","url":"https:\/\/cybul.eu\/wp-content\/uploads\/2024\/06\/pol_pl_System-gasniczy-OMP-White-Collection-aluminiowy-elektryczny-2-8L-1396_1.jpg","contentUrl":"https:\/\/cybul.eu\/wp-content\/uploads\/2024\/06\/pol_pl_System-gasniczy-OMP-White-Collection-aluminiowy-elektryczny-2-8L-1396_1.jpg","width":900,"height":900},{"@type":"BreadcrumbList","@id":"https:\/\/cybul.eu\/pl\/sklep\/system-gasniczy-omp-white-collection-aluminiowy-elektryczny-2-8l\/#breadcrumb","itemListElement":[{"@type":"ListItem","position":1,"name":"Strona g\u0142\u00f3wna","item":"https:\/\/cybul.eu\/pl\/"},{"@type":"ListItem","position":2,"name":"Sklep","item":"https:\/\/cybul.eu\/pl\/sklep\/"},{"@type":"ListItem","position":3,"name":"SYSTEM GA\u015aNICZY OMP WHITE COLLECTION &#8211; ALUMINIOWY, ELEKTRYCZNY 2.8L"}]},{"@type":"WebSite","@id":"https:\/\/cybul.eu\/pl\/#website","url":"https:\/\/cybul.eu\/pl\/","name":"CYBUL","description":"","potentialAction":[{"@type":"SearchAction","target":{"@type":"EntryPoint","urlTemplate":"https:\/\/cybul.eu\/pl\/?s={search_term_string}"},"query-input":{"@type":"PropertyValueSpecification","valueRequired":true,"valueName":"search_term_string"}}],"inLanguage":"pl-PL"}]}},"_links":{"self":[{"href":"https:\/\/cybul.eu\/pl\/wp-json\/wp\/v2\/product\/11479","targetHints":{"allow":["GET"]}}],"collection":[{"href":"https:\/\/cybul.eu\/pl\/wp-json\/wp\/v2\/product"}],"about":[{"href":"https:\/\/cybul.eu\/pl\/wp-json\/wp\/v2\/types\/product"}],"replies":[{"embeddable":true,"href":"https:\/\/cybul.eu\/pl\/wp-json\/wp\/v2\/comments?post=11479"}],"wp:featuredmedia":[{"embeddable":true,"href":"https:\/\/cybul.eu\/pl\/wp-json\/wp\/v2\/media\/11401"}],"wp:attachment":[{"href":"https:\/\/cybul.eu\/pl\/wp-json\/wp\/v2\/media?parent=11479"}],"wp:term":[{"taxonomy":"product_cat","embeddable":true,"href":"https:\/\/cybul.eu\/pl\/wp-json\/wp\/v2\/product_cat?post=11479"},{"taxonomy":"product_tag","embeddable":true,"href":"https:\/\/cybul.eu\/pl\/wp-json\/wp\/v2\/product_tag?post=11479"}],"curies":[{"name":"wp","href":"https:\/\/api.w.org\/{rel}","templated":true}]}}