{"id":11477,"date":"2024-06-08T23:26:29","date_gmt":"2024-06-08T21:26:29","guid":{"rendered":"https:\/\/cybul.eu\/shop\/elektryczny-system-gasniczy-rrs-optifirex-fia-425l\/"},"modified":"2024-06-08T23:26:35","modified_gmt":"2024-06-08T21:26:35","slug":"elektryczny-system-gasniczy-rrs-optifirex-fia-425l","status":"publish","type":"product","link":"https:\/\/cybul.eu\/pl\/sklep\/elektryczny-system-gasniczy-rrs-optifirex-fia-425l\/","title":{"rendered":"ELEKTRYCZNY SYSTEM GA\u015aNICZY RRS OPTIFIREX FIA 4,25L"},"content":{"rendered":"<p><strong>Elektryczny system ga\u015bniczy RRS FIA<\/strong><\/p>\n<p>System ga\u015bniczy RRS OPTIFIREX\u00ae zosta\u0142 zaprojektowany, aby umo\u017cliwi\u0107 wszystkim bezpiecze\u0144stwo najwy\u017cszej jako\u015bci, przy jednoczesnym zachowaniu swojego bud\u017cetu.<br \/>Do produkcji system\u00f3w ga\u015bniczych RRS OPTIFIREX\u00ae zastosowano materia\u0142y najwy\u017cszej jako\u015bci, same wykonanie odbywa si\u0119 z najwi\u0119ksz\u0105 dba\u0142o\u015bci\u0105.<br \/>Butla jest wykonana z najwy\u017cszej jako\u015bci stali nierdzewnej.<\/p>\n<p><strong>System ga\u015bniczy RRS sk\u0142ada si\u0119 z:<\/strong><br \/>&#8211; 1 x Butla 4,25 AFFF (z zaworem elektrycznym)<br \/>&#8211; 1 x Centralka<br \/>&#8211; 1 x Bateria 9V do centralki<br \/>&#8211; 1 x Przewody elektryczne<br \/>&#8211; 2 x W\u0142\u0105cznik (wewn\u0119trzny i zewn\u0119trzny)<br \/>&#8211; 2 x Aluminiowa rurka 4m z pow\u0142ok\u0105 ochronn\u0105<br \/>&#8211; 2 x Mocowanie butli z&nbsp;anti-torpedo<br \/>&#8211; 6 x Dysza<br \/>&#8211; 2 x Z\u0142\u0105czki 90\u00b0<br \/>&#8211; 1 x Tr\u00f3jnik<br \/>&#8211; 4 x Tr\u00f3jnik z dysz\u0105<br \/>&#8211; 2 x Naklejka &#8222;E&#8221;<br \/>&#8211; 1x Instrukcja instalacji<\/p>\n<p>Waga: 6,3 kg<\/p>\n<p>Ca\u0142kowita d\u0142ugo\u015b\u0107 butli: 38cm<\/p>\n<p>Dobra jako\u015b\u0107 za konkurencyjn\u0105 cen\u0119.<br \/>Istnieje mo\u017cliwo\u015b\u0107 przed\u0142u\u017cenia wa\u017cno\u015bci homologacji butli!<\/p>\n","protected":false},"excerpt":{"rendered":"<p><strong>Elektryczny system ga\u015bniczy RRS FIA<\/strong><\/p>\n<p>System ga\u015bniczy RRS OPTIFIREX\u00ae zosta\u0142 zaprojektowany, aby umo\u017cliwi\u0107 wszystkim bezpiecze\u0144stwo najwy\u017cszej jako\u015bci, przy jednoczesnym zachowaniu swojego bud\u017cetu.<br \/>Do produkcji system\u00f3w ga\u015bniczych RRS OPTIFIREX\u00ae zastosowano materia\u0142y najwy\u017cszej jako\u015bci, same wykonanie odbywa si\u0119 z najwi\u0119ksz\u0105 dba\u0142o\u015bci\u0105.<br \/>Butla jest wykonana z najwy\u017cszej jako\u015bci stali nierdzewnej.<\/p>\n<p><strong>System ga\u015bniczy RRS sk\u0142ada si\u0119 z:<\/strong><br \/>&#8211; 1 x Butla 4,25 AFFF (z zaworem elektrycznym)<br \/>&#8211; 1 x Centralka<br \/>&#8211; 1 x Bateria 9V do centralki<br \/>&#8211; 1 x Przewody elektryczne<br \/>&#8211; 2 x W\u0142\u0105cznik (wewn\u0119trzny i zewn\u0119trzny)<br \/>&#8211; 2 x Aluminiowa rurka 4m z pow\u0142ok\u0105 ochronn\u0105<br \/>&#8211; 2 x Mocowanie butli z&nbsp;anti-torpedo<br \/>&#8211; 6 x Dysza<br \/>&#8211; 2 x Z\u0142\u0105czki 90\u00b0<br \/>&#8211; 1 x Tr\u00f3jnik<br \/>&#8211; 4 x Tr\u00f3jnik z dysz\u0105<br \/>&#8211; 2 x Naklejka &#8222;E&#8221;<br \/>&#8211; 1x Instrukcja instalacji<\/p>\n<p>Waga: 6,3 kg<\/p>\n<p>Ca\u0142kowita d\u0142ugo\u015b\u0107 butli: 38cm<\/p>\n<p>Dobra jako\u015b\u0107 za konkurencyjn\u0105 cen\u0119.<br \/>Istnieje mo\u017cliwo\u015b\u0107 przed\u0142u\u017cenia wa\u017cno\u015bci homologacji butli!<\/p>\n","protected":false},"featured_media":11387,"comment_status":"closed","ping_status":"open","template":"","meta":[],"product_cat":[552,542],"product_tag":[],"class_list":{"0":"post-11477","1":"product","2":"type-product","3":"status-publish","4":"has-post-thumbnail","6":"product_cat-systemy-gasnicze","7":"product_cat-wnetrze","9":"first","10":"instock","11":"taxable","12":"shipping-taxable","13":"purchasable","14":"product-type-simple"},"bundled_by":[],"bundle_stock_status":"instock","bundle_stock_quantity":null,"bundle_virtual":false,"bundle_layout":"","bundle_add_to_cart_form_location":"","bundle_editable_in_cart":false,"bundle_sold_individually_context":"","bundle_item_grouping":"","bundle_min_size":"","bundle_max_size":"","bundle_price":[],"bundled_items":[],"bundle_sell_ids":[],"acf":{"zdjecie_bez_watermarka":null,"zdjecie_bez_watermarka_url":"","product_orgin_url":"https:\/\/inter-rally.pl\/product-eng-150773-Elektryczny-system-gasniczy-RRS-OPTIFIREX-FIA-4-25L.html"},"yoast_head":"<!-- This site is optimized with the Yoast SEO plugin v23.9 - https:\/\/yoast.com\/wordpress\/plugins\/seo\/ -->\n<title>ELEKTRYCZNY SYSTEM GA\u015aNICZY RRS OPTIFIREX FIA 4,25L - CYBUL<\/title>\n<meta name=\"robots\" content=\"index, follow, max-snippet:-1, max-image-preview:large, max-video-preview:-1\" \/>\n<link rel=\"canonical\" href=\"https:\/\/cybul.eu\/pl\/sklep\/elektryczny-system-gasniczy-rrs-optifirex-fia-425l\/\" \/>\n<meta property=\"og:locale\" content=\"pl_PL\" \/>\n<meta property=\"og:type\" content=\"article\" \/>\n<meta property=\"og:title\" content=\"ELEKTRYCZNY SYSTEM GA\u015aNICZY RRS OPTIFIREX FIA 4,25L - CYBUL\" \/>\n<meta property=\"og:description\" content=\"Elektryczny system ga\u015bniczy RRS FIASystem ga\u015bniczy RRS OPTIFIREX\u00ae zosta\u0142 zaprojektowany, aby umo\u017cliwi\u0107 wszystkim bezpiecze\u0144stwo najwy\u017cszej jako\u015bci, przy jednoczesnym zachowaniu swojego bud\u017cetu.Do produkcji system\u00f3w ga\u015bniczych RRS OPTIFIREX\u00ae zastosowano materia\u0142y najwy\u017cszej jako\u015bci, same wykonanie odbywa si\u0119 z najwi\u0119ksz\u0105 dba\u0142o\u015bci\u0105.Butla jest wykonana z najwy\u017cszej jako\u015bci stali nierdzewnej.System ga\u015bniczy RRS sk\u0142ada si\u0119 z:- 1 x Butla 4,25 AFFF (z zaworem elektrycznym)- 1 x Centralka- 1 x Bateria 9V do centralki- 1 x Przewody elektryczne- 2 x W\u0142\u0105cznik (wewn\u0119trzny i zewn\u0119trzny)- 2 x Aluminiowa rurka 4m z pow\u0142ok\u0105 ochronn\u0105- 2 x Mocowanie butli z&nbsp;anti-torpedo- 6 x Dysza- 2 x Z\u0142\u0105czki 90\u00b0- 1 x Tr\u00f3jnik- 4 x Tr\u00f3jnik z dysz\u0105- 2 x Naklejka &quot;E&quot;- 1x Instrukcja instalacjiWaga: 6,3 kgCa\u0142kowita d\u0142ugo\u015b\u0107 butli: 38cmDobra jako\u015b\u0107 za konkurencyjn\u0105 cen\u0119.Istnieje mo\u017cliwo\u015b\u0107 przed\u0142u\u017cenia wa\u017cno\u015bci homologacji butli!\" \/>\n<meta property=\"og:url\" content=\"https:\/\/cybul.eu\/pl\/sklep\/elektryczny-system-gasniczy-rrs-optifirex-fia-425l\/\" \/>\n<meta property=\"og:site_name\" content=\"CYBUL\" \/>\n<meta property=\"article:modified_time\" content=\"2024-06-08T21:26:35+00:00\" \/>\n<meta property=\"og:image\" content=\"https:\/\/cybul.eu\/wp-content\/uploads\/2024\/06\/pol_pl_Elektryczny-system-gasniczy-RRS-OPTIFIREX-FIA-4-25L-150773_1.jpg\" \/>\n\t<meta property=\"og:image:width\" content=\"900\" \/>\n\t<meta property=\"og:image:height\" content=\"900\" \/>\n\t<meta property=\"og:image:type\" content=\"image\/jpeg\" \/>\n<meta name=\"twitter:card\" content=\"summary_large_image\" \/>\n<meta name=\"twitter:label1\" content=\"Szacowany czas czytania\" \/>\n\t<meta name=\"twitter:data1\" content=\"1 minuta\" \/>\n<script type=\"application\/ld+json\" class=\"yoast-schema-graph\">{\"@context\":\"https:\/\/schema.org\",\"@graph\":[{\"@type\":\"WebPage\",\"@id\":\"https:\/\/cybul.eu\/pl\/sklep\/elektryczny-system-gasniczy-rrs-optifirex-fia-425l\/\",\"url\":\"https:\/\/cybul.eu\/pl\/sklep\/elektryczny-system-gasniczy-rrs-optifirex-fia-425l\/\",\"name\":\"ELEKTRYCZNY SYSTEM GA\u015aNICZY RRS OPTIFIREX FIA 4,25L - CYBUL\",\"isPartOf\":{\"@id\":\"https:\/\/cybul.eu\/pl\/#website\"},\"primaryImageOfPage\":{\"@id\":\"https:\/\/cybul.eu\/pl\/sklep\/elektryczny-system-gasniczy-rrs-optifirex-fia-425l\/#primaryimage\"},\"image\":{\"@id\":\"https:\/\/cybul.eu\/pl\/sklep\/elektryczny-system-gasniczy-rrs-optifirex-fia-425l\/#primaryimage\"},\"thumbnailUrl\":\"https:\/\/cybul.eu\/wp-content\/uploads\/2024\/06\/pol_pl_Elektryczny-system-gasniczy-RRS-OPTIFIREX-FIA-4-25L-150773_1.jpg\",\"datePublished\":\"2024-06-08T21:26:29+00:00\",\"dateModified\":\"2024-06-08T21:26:35+00:00\",\"breadcrumb\":{\"@id\":\"https:\/\/cybul.eu\/pl\/sklep\/elektryczny-system-gasniczy-rrs-optifirex-fia-425l\/#breadcrumb\"},\"inLanguage\":\"pl-PL\",\"potentialAction\":[{\"@type\":\"ReadAction\",\"target\":[\"https:\/\/cybul.eu\/pl\/sklep\/elektryczny-system-gasniczy-rrs-optifirex-fia-425l\/\"]}]},{\"@type\":\"ImageObject\",\"inLanguage\":\"pl-PL\",\"@id\":\"https:\/\/cybul.eu\/pl\/sklep\/elektryczny-system-gasniczy-rrs-optifirex-fia-425l\/#primaryimage\",\"url\":\"https:\/\/cybul.eu\/wp-content\/uploads\/2024\/06\/pol_pl_Elektryczny-system-gasniczy-RRS-OPTIFIREX-FIA-4-25L-150773_1.jpg\",\"contentUrl\":\"https:\/\/cybul.eu\/wp-content\/uploads\/2024\/06\/pol_pl_Elektryczny-system-gasniczy-RRS-OPTIFIREX-FIA-4-25L-150773_1.jpg\",\"width\":900,\"height\":900},{\"@type\":\"BreadcrumbList\",\"@id\":\"https:\/\/cybul.eu\/pl\/sklep\/elektryczny-system-gasniczy-rrs-optifirex-fia-425l\/#breadcrumb\",\"itemListElement\":[{\"@type\":\"ListItem\",\"position\":1,\"name\":\"Strona g\u0142\u00f3wna\",\"item\":\"https:\/\/cybul.eu\/pl\/\"},{\"@type\":\"ListItem\",\"position\":2,\"name\":\"Sklep\",\"item\":\"https:\/\/cybul.eu\/pl\/sklep\/\"},{\"@type\":\"ListItem\",\"position\":3,\"name\":\"ELEKTRYCZNY SYSTEM GA\u015aNICZY RRS OPTIFIREX FIA 4,25L\"}]},{\"@type\":\"WebSite\",\"@id\":\"https:\/\/cybul.eu\/pl\/#website\",\"url\":\"https:\/\/cybul.eu\/pl\/\",\"name\":\"CYBUL\",\"description\":\"\",\"potentialAction\":[{\"@type\":\"SearchAction\",\"target\":{\"@type\":\"EntryPoint\",\"urlTemplate\":\"https:\/\/cybul.eu\/pl\/?s={search_term_string}\"},\"query-input\":{\"@type\":\"PropertyValueSpecification\",\"valueRequired\":true,\"valueName\":\"search_term_string\"}}],\"inLanguage\":\"pl-PL\"}]}<\/script>\n<!-- \/ Yoast SEO plugin. -->","yoast_head_json":{"title":"ELEKTRYCZNY SYSTEM GA\u015aNICZY RRS OPTIFIREX FIA 4,25L - CYBUL","robots":{"index":"index","follow":"follow","max-snippet":"max-snippet:-1","max-image-preview":"max-image-preview:large","max-video-preview":"max-video-preview:-1"},"canonical":"https:\/\/cybul.eu\/pl\/sklep\/elektryczny-system-gasniczy-rrs-optifirex-fia-425l\/","og_locale":"pl_PL","og_type":"article","og_title":"ELEKTRYCZNY SYSTEM GA\u015aNICZY RRS OPTIFIREX FIA 4,25L - CYBUL","og_description":"Elektryczny system ga\u015bniczy RRS FIASystem ga\u015bniczy RRS OPTIFIREX\u00ae zosta\u0142 zaprojektowany, aby umo\u017cliwi\u0107 wszystkim bezpiecze\u0144stwo najwy\u017cszej jako\u015bci, przy jednoczesnym zachowaniu swojego bud\u017cetu.Do produkcji system\u00f3w ga\u015bniczych RRS OPTIFIREX\u00ae zastosowano materia\u0142y najwy\u017cszej jako\u015bci, same wykonanie odbywa si\u0119 z najwi\u0119ksz\u0105 dba\u0142o\u015bci\u0105.Butla jest wykonana z najwy\u017cszej jako\u015bci stali nierdzewnej.System ga\u015bniczy RRS sk\u0142ada si\u0119 z:- 1 x Butla 4,25 AFFF (z zaworem elektrycznym)- 1 x Centralka- 1 x Bateria 9V do centralki- 1 x Przewody elektryczne- 2 x W\u0142\u0105cznik (wewn\u0119trzny i zewn\u0119trzny)- 2 x Aluminiowa rurka 4m z pow\u0142ok\u0105 ochronn\u0105- 2 x Mocowanie butli z&nbsp;anti-torpedo- 6 x Dysza- 2 x Z\u0142\u0105czki 90\u00b0- 1 x Tr\u00f3jnik- 4 x Tr\u00f3jnik z dysz\u0105- 2 x Naklejka \"E\"- 1x Instrukcja instalacjiWaga: 6,3 kgCa\u0142kowita d\u0142ugo\u015b\u0107 butli: 38cmDobra jako\u015b\u0107 za konkurencyjn\u0105 cen\u0119.Istnieje mo\u017cliwo\u015b\u0107 przed\u0142u\u017cenia wa\u017cno\u015bci homologacji butli!","og_url":"https:\/\/cybul.eu\/pl\/sklep\/elektryczny-system-gasniczy-rrs-optifirex-fia-425l\/","og_site_name":"CYBUL","article_modified_time":"2024-06-08T21:26:35+00:00","og_image":[{"width":900,"height":900,"url":"https:\/\/cybul.eu\/wp-content\/uploads\/2024\/06\/pol_pl_Elektryczny-system-gasniczy-RRS-OPTIFIREX-FIA-4-25L-150773_1.jpg","type":"image\/jpeg"}],"twitter_card":"summary_large_image","twitter_misc":{"Szacowany czas czytania":"1 minuta"},"schema":{"@context":"https:\/\/schema.org","@graph":[{"@type":"WebPage","@id":"https:\/\/cybul.eu\/pl\/sklep\/elektryczny-system-gasniczy-rrs-optifirex-fia-425l\/","url":"https:\/\/cybul.eu\/pl\/sklep\/elektryczny-system-gasniczy-rrs-optifirex-fia-425l\/","name":"ELEKTRYCZNY SYSTEM GA\u015aNICZY RRS OPTIFIREX FIA 4,25L - CYBUL","isPartOf":{"@id":"https:\/\/cybul.eu\/pl\/#website"},"primaryImageOfPage":{"@id":"https:\/\/cybul.eu\/pl\/sklep\/elektryczny-system-gasniczy-rrs-optifirex-fia-425l\/#primaryimage"},"image":{"@id":"https:\/\/cybul.eu\/pl\/sklep\/elektryczny-system-gasniczy-rrs-optifirex-fia-425l\/#primaryimage"},"thumbnailUrl":"https:\/\/cybul.eu\/wp-content\/uploads\/2024\/06\/pol_pl_Elektryczny-system-gasniczy-RRS-OPTIFIREX-FIA-4-25L-150773_1.jpg","datePublished":"2024-06-08T21:26:29+00:00","dateModified":"2024-06-08T21:26:35+00:00","breadcrumb":{"@id":"https:\/\/cybul.eu\/pl\/sklep\/elektryczny-system-gasniczy-rrs-optifirex-fia-425l\/#breadcrumb"},"inLanguage":"pl-PL","potentialAction":[{"@type":"ReadAction","target":["https:\/\/cybul.eu\/pl\/sklep\/elektryczny-system-gasniczy-rrs-optifirex-fia-425l\/"]}]},{"@type":"ImageObject","inLanguage":"pl-PL","@id":"https:\/\/cybul.eu\/pl\/sklep\/elektryczny-system-gasniczy-rrs-optifirex-fia-425l\/#primaryimage","url":"https:\/\/cybul.eu\/wp-content\/uploads\/2024\/06\/pol_pl_Elektryczny-system-gasniczy-RRS-OPTIFIREX-FIA-4-25L-150773_1.jpg","contentUrl":"https:\/\/cybul.eu\/wp-content\/uploads\/2024\/06\/pol_pl_Elektryczny-system-gasniczy-RRS-OPTIFIREX-FIA-4-25L-150773_1.jpg","width":900,"height":900},{"@type":"BreadcrumbList","@id":"https:\/\/cybul.eu\/pl\/sklep\/elektryczny-system-gasniczy-rrs-optifirex-fia-425l\/#breadcrumb","itemListElement":[{"@type":"ListItem","position":1,"name":"Strona g\u0142\u00f3wna","item":"https:\/\/cybul.eu\/pl\/"},{"@type":"ListItem","position":2,"name":"Sklep","item":"https:\/\/cybul.eu\/pl\/sklep\/"},{"@type":"ListItem","position":3,"name":"ELEKTRYCZNY SYSTEM GA\u015aNICZY RRS OPTIFIREX FIA 4,25L"}]},{"@type":"WebSite","@id":"https:\/\/cybul.eu\/pl\/#website","url":"https:\/\/cybul.eu\/pl\/","name":"CYBUL","description":"","potentialAction":[{"@type":"SearchAction","target":{"@type":"EntryPoint","urlTemplate":"https:\/\/cybul.eu\/pl\/?s={search_term_string}"},"query-input":{"@type":"PropertyValueSpecification","valueRequired":true,"valueName":"search_term_string"}}],"inLanguage":"pl-PL"}]}},"_links":{"self":[{"href":"https:\/\/cybul.eu\/pl\/wp-json\/wp\/v2\/product\/11477","targetHints":{"allow":["GET"]}}],"collection":[{"href":"https:\/\/cybul.eu\/pl\/wp-json\/wp\/v2\/product"}],"about":[{"href":"https:\/\/cybul.eu\/pl\/wp-json\/wp\/v2\/types\/product"}],"replies":[{"embeddable":true,"href":"https:\/\/cybul.eu\/pl\/wp-json\/wp\/v2\/comments?post=11477"}],"wp:featuredmedia":[{"embeddable":true,"href":"https:\/\/cybul.eu\/pl\/wp-json\/wp\/v2\/media\/11387"}],"wp:attachment":[{"href":"https:\/\/cybul.eu\/pl\/wp-json\/wp\/v2\/media?parent=11477"}],"wp:term":[{"taxonomy":"product_cat","embeddable":true,"href":"https:\/\/cybul.eu\/pl\/wp-json\/wp\/v2\/product_cat?post=11477"},{"taxonomy":"product_tag","embeddable":true,"href":"https:\/\/cybul.eu\/pl\/wp-json\/wp\/v2\/product_tag?post=11477"}],"curies":[{"name":"wp","href":"https:\/\/api.w.org\/{rel}","templated":true}]}}