{"id":11472,"date":"2024-06-08T23:26:29","date_gmt":"2024-06-08T21:26:29","guid":{"rendered":"https:\/\/cybul.eu\/shop\/mechaniczny-system-gasniczy-rrs-ecofirex-fia-425l\/"},"modified":"2024-06-08T23:26:32","modified_gmt":"2024-06-08T21:26:32","slug":"mechaniczny-system-gasniczy-rrs-ecofirex-fia-425l","status":"publish","type":"product","link":"https:\/\/cybul.eu\/pl\/sklep\/mechaniczny-system-gasniczy-rrs-ecofirex-fia-425l\/","title":{"rendered":"MECHANICZNY SYSTEM GA\u015aNICZY RRS ECOFIREX FIA 4,25L"},"content":{"rendered":"<p><span style=\"font-family: arial, helvetica, sans-serif;\"><strong>Mechaniczny system ga\u015bniczy RRS. FIA.<\/strong><\/span><br \/><span style=\"font-family: arial, helvetica, sans-serif;\"> Po miesi\u0105cach rozwoju i testowania sukces, FIA da\u0142a zielone \u015bwiat\u0142o do produkcji system\u00f3w ga\u015bniczych RRS! <\/span><br \/><span style=\"font-family: arial, helvetica, sans-serif;\"> System ga\u015bniczy RRS ECO FIREX \u00ae zosta\u0142 zaprojektowany, aby umo\u017cliwi\u0107 wszystkim bezpiecze\u0144stwo najwy\u017cszej jako\u015bci, przy jednoczesnym zachowaniu swojego bud\u017cetu.<\/span><\/p>\n<p><span style=\"font-family: arial, helvetica, sans-serif;\">Do produkcji system\u00f3w ga\u015bniczych RRS ECO Firex \u00ae zastosowano materia\u0142y najwy\u017cszej jako\u015bci, same wykonanie odbywa si\u0119 z najwi\u0119ksz\u0105 dba\u0142o\u015bci\u0105. <\/span><\/p>\n<p><span style=\"font-family: arial, helvetica, sans-serif;\">Butla, na przyk\u0142ad, jest wykonana z najwy\u017cszej jako\u015bci stali o wewn\u0119trznej obr\u00f3bce antykorozyjnej.<\/p>\n<p><\/span>System ga\u015bniczy RRS sk\u0142ada si\u0119 z:<\/p>\n<p>&#8211; 1 x Butla 4,25 AFFF (z zaworem mechanicznym)<br \/>&#8211; 2 x Mocowanie butli<br \/>&#8211; 1 x Adaptery anti-torpedo<br \/>&#8211; 2 x Linka<br \/>&#8211; 6 x Dysza<br \/>&#8211; 2 x z\u0142\u0105czki 90\u00b0<br \/>&#8211; 1 x Tr\u00f3jnik<br \/>\n&#8211; 4 x Tr\u00f3jnik z dysz\u0105<br \/>\n&#8211; 2 x Naklejka<br \/>\n&#8211; 1x Instrukcja instalacji<\/p>\n<p><\/p>\n<p>Waga: 8,1 kg<\/p>\n<p>Dobra jako\u015b\u0107 za konkurencyjn\u0105 cen\u0119.<\/p>\n<p style=\"text-align: center;\"><span style=\"font-family: arial, helvetica, sans-serif;\"><span style=\"text-decoration: underline; font-size: 12pt; color: #ff0000;\"><strong>Istnieje mo\u017cliwo\u015b\u0107 przed\u0142u\u017cenia wa\u017cno\u015bci homologacji butli!<\/strong><\/span><br \/><\/span><\/p>\n","protected":false},"excerpt":{"rendered":"<p><span style=\"font-family: arial, helvetica, sans-serif;\"><strong>Mechaniczny system ga\u015bniczy RRS. FIA.<\/strong><\/span><br \/><span style=\"font-family: arial, helvetica, sans-serif;\"> Po miesi\u0105cach rozwoju i testowania sukces, FIA da\u0142a zielone \u015bwiat\u0142o do produkcji system\u00f3w ga\u015bniczych RRS! <\/span><br \/><span style=\"font-family: arial, helvetica, sans-serif;\"> System ga\u015bniczy RRS ECO FIREX \u00ae zosta\u0142 zaprojektowany, aby umo\u017cliwi\u0107 wszystkim bezpiecze\u0144stwo najwy\u017cszej jako\u015bci, przy jednoczesnym zachowaniu swojego bud\u017cetu.<\/span><\/p>\n","protected":false},"featured_media":11360,"comment_status":"closed","ping_status":"open","template":"","meta":[],"product_cat":[552,542],"product_tag":[],"class_list":{"0":"post-11472","1":"product","2":"type-product","3":"status-publish","4":"has-post-thumbnail","6":"product_cat-systemy-gasnicze","7":"product_cat-wnetrze","9":"first","10":"instock","11":"taxable","12":"shipping-taxable","13":"purchasable","14":"product-type-simple"},"bundled_by":[],"bundle_stock_status":"instock","bundle_stock_quantity":null,"bundle_virtual":false,"bundle_layout":"","bundle_add_to_cart_form_location":"","bundle_editable_in_cart":false,"bundle_sold_individually_context":"","bundle_item_grouping":"","bundle_min_size":"","bundle_max_size":"","bundle_price":[],"bundled_items":[],"bundle_sell_ids":[],"acf":{"zdjecie_bez_watermarka":null,"zdjecie_bez_watermarka_url":"","product_orgin_url":"https:\/\/inter-rally.pl\/product-eng-9600-Mechaniczny-system-gasniczy-RRS-ECOFIREX-FIA-4-25L.html"},"yoast_head":"<!-- This site is optimized with the Yoast SEO plugin v23.9 - https:\/\/yoast.com\/wordpress\/plugins\/seo\/ -->\n<title>MECHANICZNY SYSTEM GA\u015aNICZY RRS ECOFIREX FIA 4,25L - CYBUL<\/title>\n<meta name=\"robots\" content=\"index, follow, max-snippet:-1, max-image-preview:large, max-video-preview:-1\" \/>\n<link rel=\"canonical\" href=\"https:\/\/cybul.eu\/pl\/sklep\/mechaniczny-system-gasniczy-rrs-ecofirex-fia-425l\/\" \/>\n<meta property=\"og:locale\" content=\"pl_PL\" \/>\n<meta property=\"og:type\" content=\"article\" \/>\n<meta property=\"og:title\" content=\"MECHANICZNY SYSTEM GA\u015aNICZY RRS ECOFIREX FIA 4,25L - CYBUL\" \/>\n<meta property=\"og:description\" content=\"Mechaniczny system ga\u015bniczy RRS. FIA. Po miesi\u0105cach rozwoju i testowania sukces, FIA da\u0142a zielone \u015bwiat\u0142o do produkcji system\u00f3w ga\u015bniczych RRS! System ga\u015bniczy RRS ECO FIREX \u00ae zosta\u0142 zaprojektowany, aby umo\u017cliwi\u0107 wszystkim bezpiecze\u0144stwo najwy\u017cszej jako\u015bci, przy jednoczesnym zachowaniu swojego bud\u017cetu.\" \/>\n<meta property=\"og:url\" content=\"https:\/\/cybul.eu\/pl\/sklep\/mechaniczny-system-gasniczy-rrs-ecofirex-fia-425l\/\" \/>\n<meta property=\"og:site_name\" content=\"CYBUL\" \/>\n<meta property=\"article:modified_time\" content=\"2024-06-08T21:26:32+00:00\" \/>\n<meta property=\"og:image\" content=\"https:\/\/cybul.eu\/wp-content\/uploads\/2024\/06\/pol_pl_Mechaniczny-system-gasniczy-RRS-ECOFIREX-FIA-4-25L-9600_2.jpg\" \/>\n\t<meta property=\"og:image:width\" content=\"600\" \/>\n\t<meta property=\"og:image:height\" content=\"499\" \/>\n\t<meta property=\"og:image:type\" content=\"image\/jpeg\" \/>\n<meta name=\"twitter:card\" content=\"summary_large_image\" \/>\n<meta name=\"twitter:label1\" content=\"Szacowany czas czytania\" \/>\n\t<meta name=\"twitter:data1\" content=\"1 minuta\" \/>\n<script type=\"application\/ld+json\" class=\"yoast-schema-graph\">{\"@context\":\"https:\/\/schema.org\",\"@graph\":[{\"@type\":\"WebPage\",\"@id\":\"https:\/\/cybul.eu\/pl\/sklep\/mechaniczny-system-gasniczy-rrs-ecofirex-fia-425l\/\",\"url\":\"https:\/\/cybul.eu\/pl\/sklep\/mechaniczny-system-gasniczy-rrs-ecofirex-fia-425l\/\",\"name\":\"MECHANICZNY SYSTEM GA\u015aNICZY RRS ECOFIREX FIA 4,25L - CYBUL\",\"isPartOf\":{\"@id\":\"https:\/\/cybul.eu\/pl\/#website\"},\"primaryImageOfPage\":{\"@id\":\"https:\/\/cybul.eu\/pl\/sklep\/mechaniczny-system-gasniczy-rrs-ecofirex-fia-425l\/#primaryimage\"},\"image\":{\"@id\":\"https:\/\/cybul.eu\/pl\/sklep\/mechaniczny-system-gasniczy-rrs-ecofirex-fia-425l\/#primaryimage\"},\"thumbnailUrl\":\"https:\/\/cybul.eu\/wp-content\/uploads\/2024\/06\/pol_pl_Mechaniczny-system-gasniczy-RRS-ECOFIREX-FIA-4-25L-9600_2.jpg\",\"datePublished\":\"2024-06-08T21:26:29+00:00\",\"dateModified\":\"2024-06-08T21:26:32+00:00\",\"breadcrumb\":{\"@id\":\"https:\/\/cybul.eu\/pl\/sklep\/mechaniczny-system-gasniczy-rrs-ecofirex-fia-425l\/#breadcrumb\"},\"inLanguage\":\"pl-PL\",\"potentialAction\":[{\"@type\":\"ReadAction\",\"target\":[\"https:\/\/cybul.eu\/pl\/sklep\/mechaniczny-system-gasniczy-rrs-ecofirex-fia-425l\/\"]}]},{\"@type\":\"ImageObject\",\"inLanguage\":\"pl-PL\",\"@id\":\"https:\/\/cybul.eu\/pl\/sklep\/mechaniczny-system-gasniczy-rrs-ecofirex-fia-425l\/#primaryimage\",\"url\":\"https:\/\/cybul.eu\/wp-content\/uploads\/2024\/06\/pol_pl_Mechaniczny-system-gasniczy-RRS-ECOFIREX-FIA-4-25L-9600_2.jpg\",\"contentUrl\":\"https:\/\/cybul.eu\/wp-content\/uploads\/2024\/06\/pol_pl_Mechaniczny-system-gasniczy-RRS-ECOFIREX-FIA-4-25L-9600_2.jpg\",\"width\":600,\"height\":499},{\"@type\":\"BreadcrumbList\",\"@id\":\"https:\/\/cybul.eu\/pl\/sklep\/mechaniczny-system-gasniczy-rrs-ecofirex-fia-425l\/#breadcrumb\",\"itemListElement\":[{\"@type\":\"ListItem\",\"position\":1,\"name\":\"Strona g\u0142\u00f3wna\",\"item\":\"https:\/\/cybul.eu\/pl\/\"},{\"@type\":\"ListItem\",\"position\":2,\"name\":\"Sklep\",\"item\":\"https:\/\/cybul.eu\/pl\/sklep\/\"},{\"@type\":\"ListItem\",\"position\":3,\"name\":\"MECHANICZNY SYSTEM GA\u015aNICZY RRS ECOFIREX FIA 4,25L\"}]},{\"@type\":\"WebSite\",\"@id\":\"https:\/\/cybul.eu\/pl\/#website\",\"url\":\"https:\/\/cybul.eu\/pl\/\",\"name\":\"CYBUL\",\"description\":\"\",\"potentialAction\":[{\"@type\":\"SearchAction\",\"target\":{\"@type\":\"EntryPoint\",\"urlTemplate\":\"https:\/\/cybul.eu\/pl\/?s={search_term_string}\"},\"query-input\":{\"@type\":\"PropertyValueSpecification\",\"valueRequired\":true,\"valueName\":\"search_term_string\"}}],\"inLanguage\":\"pl-PL\"}]}<\/script>\n<!-- \/ Yoast SEO plugin. -->","yoast_head_json":{"title":"MECHANICZNY SYSTEM GA\u015aNICZY RRS ECOFIREX FIA 4,25L - CYBUL","robots":{"index":"index","follow":"follow","max-snippet":"max-snippet:-1","max-image-preview":"max-image-preview:large","max-video-preview":"max-video-preview:-1"},"canonical":"https:\/\/cybul.eu\/pl\/sklep\/mechaniczny-system-gasniczy-rrs-ecofirex-fia-425l\/","og_locale":"pl_PL","og_type":"article","og_title":"MECHANICZNY SYSTEM GA\u015aNICZY RRS ECOFIREX FIA 4,25L - CYBUL","og_description":"Mechaniczny system ga\u015bniczy RRS. FIA. Po miesi\u0105cach rozwoju i testowania sukces, FIA da\u0142a zielone \u015bwiat\u0142o do produkcji system\u00f3w ga\u015bniczych RRS! System ga\u015bniczy RRS ECO FIREX \u00ae zosta\u0142 zaprojektowany, aby umo\u017cliwi\u0107 wszystkim bezpiecze\u0144stwo najwy\u017cszej jako\u015bci, przy jednoczesnym zachowaniu swojego bud\u017cetu.","og_url":"https:\/\/cybul.eu\/pl\/sklep\/mechaniczny-system-gasniczy-rrs-ecofirex-fia-425l\/","og_site_name":"CYBUL","article_modified_time":"2024-06-08T21:26:32+00:00","og_image":[{"width":600,"height":499,"url":"https:\/\/cybul.eu\/wp-content\/uploads\/2024\/06\/pol_pl_Mechaniczny-system-gasniczy-RRS-ECOFIREX-FIA-4-25L-9600_2.jpg","type":"image\/jpeg"}],"twitter_card":"summary_large_image","twitter_misc":{"Szacowany czas czytania":"1 minuta"},"schema":{"@context":"https:\/\/schema.org","@graph":[{"@type":"WebPage","@id":"https:\/\/cybul.eu\/pl\/sklep\/mechaniczny-system-gasniczy-rrs-ecofirex-fia-425l\/","url":"https:\/\/cybul.eu\/pl\/sklep\/mechaniczny-system-gasniczy-rrs-ecofirex-fia-425l\/","name":"MECHANICZNY SYSTEM GA\u015aNICZY RRS ECOFIREX FIA 4,25L - CYBUL","isPartOf":{"@id":"https:\/\/cybul.eu\/pl\/#website"},"primaryImageOfPage":{"@id":"https:\/\/cybul.eu\/pl\/sklep\/mechaniczny-system-gasniczy-rrs-ecofirex-fia-425l\/#primaryimage"},"image":{"@id":"https:\/\/cybul.eu\/pl\/sklep\/mechaniczny-system-gasniczy-rrs-ecofirex-fia-425l\/#primaryimage"},"thumbnailUrl":"https:\/\/cybul.eu\/wp-content\/uploads\/2024\/06\/pol_pl_Mechaniczny-system-gasniczy-RRS-ECOFIREX-FIA-4-25L-9600_2.jpg","datePublished":"2024-06-08T21:26:29+00:00","dateModified":"2024-06-08T21:26:32+00:00","breadcrumb":{"@id":"https:\/\/cybul.eu\/pl\/sklep\/mechaniczny-system-gasniczy-rrs-ecofirex-fia-425l\/#breadcrumb"},"inLanguage":"pl-PL","potentialAction":[{"@type":"ReadAction","target":["https:\/\/cybul.eu\/pl\/sklep\/mechaniczny-system-gasniczy-rrs-ecofirex-fia-425l\/"]}]},{"@type":"ImageObject","inLanguage":"pl-PL","@id":"https:\/\/cybul.eu\/pl\/sklep\/mechaniczny-system-gasniczy-rrs-ecofirex-fia-425l\/#primaryimage","url":"https:\/\/cybul.eu\/wp-content\/uploads\/2024\/06\/pol_pl_Mechaniczny-system-gasniczy-RRS-ECOFIREX-FIA-4-25L-9600_2.jpg","contentUrl":"https:\/\/cybul.eu\/wp-content\/uploads\/2024\/06\/pol_pl_Mechaniczny-system-gasniczy-RRS-ECOFIREX-FIA-4-25L-9600_2.jpg","width":600,"height":499},{"@type":"BreadcrumbList","@id":"https:\/\/cybul.eu\/pl\/sklep\/mechaniczny-system-gasniczy-rrs-ecofirex-fia-425l\/#breadcrumb","itemListElement":[{"@type":"ListItem","position":1,"name":"Strona g\u0142\u00f3wna","item":"https:\/\/cybul.eu\/pl\/"},{"@type":"ListItem","position":2,"name":"Sklep","item":"https:\/\/cybul.eu\/pl\/sklep\/"},{"@type":"ListItem","position":3,"name":"MECHANICZNY SYSTEM GA\u015aNICZY RRS ECOFIREX FIA 4,25L"}]},{"@type":"WebSite","@id":"https:\/\/cybul.eu\/pl\/#website","url":"https:\/\/cybul.eu\/pl\/","name":"CYBUL","description":"","potentialAction":[{"@type":"SearchAction","target":{"@type":"EntryPoint","urlTemplate":"https:\/\/cybul.eu\/pl\/?s={search_term_string}"},"query-input":{"@type":"PropertyValueSpecification","valueRequired":true,"valueName":"search_term_string"}}],"inLanguage":"pl-PL"}]}},"_links":{"self":[{"href":"https:\/\/cybul.eu\/pl\/wp-json\/wp\/v2\/product\/11472","targetHints":{"allow":["GET"]}}],"collection":[{"href":"https:\/\/cybul.eu\/pl\/wp-json\/wp\/v2\/product"}],"about":[{"href":"https:\/\/cybul.eu\/pl\/wp-json\/wp\/v2\/types\/product"}],"replies":[{"embeddable":true,"href":"https:\/\/cybul.eu\/pl\/wp-json\/wp\/v2\/comments?post=11472"}],"wp:featuredmedia":[{"embeddable":true,"href":"https:\/\/cybul.eu\/pl\/wp-json\/wp\/v2\/media\/11360"}],"wp:attachment":[{"href":"https:\/\/cybul.eu\/pl\/wp-json\/wp\/v2\/media?parent=11472"}],"wp:term":[{"taxonomy":"product_cat","embeddable":true,"href":"https:\/\/cybul.eu\/pl\/wp-json\/wp\/v2\/product_cat?post=11472"},{"taxonomy":"product_tag","embeddable":true,"href":"https:\/\/cybul.eu\/pl\/wp-json\/wp\/v2\/product_tag?post=11472"}],"curies":[{"name":"wp","href":"https:\/\/api.w.org\/{rel}","templated":true}]}}