{"id":11342,"date":"2024-06-06T22:47:29","date_gmt":"2024-06-06T20:47:29","guid":{"rendered":"https:\/\/cybul.eu\/shop\/gasnica-irp-pro-2kg-abc-mocowanie-zal-j\/"},"modified":"2024-06-06T22:47:34","modified_gmt":"2024-06-06T20:47:34","slug":"gasnica-irp-pro-2kg-abc-mocowanie-zal-j","status":"publish","type":"product","link":"https:\/\/cybul.eu\/pl\/sklep\/gasnica-irp-pro-2kg-abc-mocowanie-zal-j\/","title":{"rendered":"GA\u015aNICA IRP PRO 2KG ABC MOCOWANIE ZA\u0141. &#8222;J&#8221;"},"content":{"rendered":"<p>Ga\u015bnica IRP PRO 2kg ABC &#8211; metalowa r\u0105czka<\/p>\n<p>&nbsp;<\/p>\n<p>Produkowana zgodnie z wymaganiami rynku krajowego i unijnego w oparciu o certyfikowany system jako\u015bci ISO 9001. Spe\u0142nia wymagania normy europejskiej EN3 oraz Dyrektywy Bezpiecze\u0144stwa PED 97\/23\/EC.<\/p>\n<p>&nbsp;<\/p>\n<ul>\n<li><strong>Metalowe mocowanie zgodne z za\u0142\u0105cznikiem &#8222;J&#8221; w komplecie!<\/strong><\/li>\n<li><strong>Masa \u015brodka ga\u015bniczego: 2 kg<\/strong><\/li>\n<li><strong>Masa ca\u0142kowita: 3,5kg<\/strong><\/li>\n<li><strong>Zaw\u00f3r odcinaj\u0105cy za wska\u017anikiem ci\u015bnienia u\u0142atwia kontrol\u0119 ga\u015bnicy<\/strong><\/li>\n<li><strong>Konstrukcja zaworu umo\u017cliwia czasowe przerwanie gaszenia<\/strong><\/li>\n<li><strong>Wyprodukowano w Polsce<\/strong><\/li>\n<\/ul>\n<p>&nbsp;<\/p>\n<ul>\n<li>\u0141atwa i ergonomiczna w obs\u0142udze.<\/li>\n<li>Szybka i skuteczna w gaszeniu.<\/li>\n<li>Ekonomiczna w utrzymaniu i obs\u0142udze serwisowej.<\/li>\n<li>Zbiornik ga\u015bnicy nie podlega kontrolnym badaniom UDT.<\/li>\n<li>Mo\u017cliwo\u015b\u0107 wielokrotnego nape\u0142niania.<\/li>\n<li>Zbiornik ga\u015bnicy pokryty farb\u0105 poliestrow\u0105 odporn\u0105 na promienie UV.<\/li>\n<li>Czas dzia\u0142ania: 9s<\/li>\n<li>Zakres temperatur stosowania: od -30\u00b0C do +60\u00b0C<\/li>\n<li>Maks. napi\u0119cie gaszonego urz\u0105dzenia: 1000V&nbsp;<\/li>\n<li>Ca\u0142kowita wysoko\u015b\u0107: 370mm<\/li>\n<li>\u015arednica zbiornika: 110mm<\/li>\n<\/ul>\n<p><span style=\"font-size: small;\"><\/p>\n<p><\/span><\/p>\n","protected":false},"excerpt":{"rendered":"<li><strong>Metalowe mocowanie zgodne z za\u0142\u0105cznikiem &#8222;J&#8221; w komplecie!<\/strong><\/li>\n","protected":false},"featured_media":11295,"comment_status":"closed","ping_status":"open","template":"","meta":[],"product_cat":[550,542],"product_tag":[],"class_list":{"0":"post-11342","1":"product","2":"type-product","3":"status-publish","4":"has-post-thumbnail","6":"product_cat-gasnice-reczne","7":"product_cat-wnetrze","9":"first","10":"instock","11":"taxable","12":"shipping-taxable","13":"purchasable","14":"product-type-simple"},"bundled_by":[],"bundle_stock_status":"instock","bundle_stock_quantity":null,"bundle_virtual":false,"bundle_layout":"","bundle_add_to_cart_form_location":"","bundle_editable_in_cart":false,"bundle_sold_individually_context":"","bundle_item_grouping":"","bundle_min_size":"","bundle_max_size":"","bundle_price":[],"bundled_items":[],"bundle_sell_ids":[],"acf":{"zdjecie_bez_watermarka":null,"zdjecie_bez_watermarka_url":"","product_orgin_url":"https:\/\/inter-rally.pl\/product-eng-6151-Gasnica-IRP-PRO-2kg-ABC-mocowanie-zal-J.html"},"yoast_head":"<!-- This site is optimized with the Yoast SEO plugin v23.9 - https:\/\/yoast.com\/wordpress\/plugins\/seo\/ -->\n<title>GA\u015aNICA IRP PRO 2KG ABC MOCOWANIE ZA\u0141. &quot;J&quot; - CYBUL<\/title>\n<meta name=\"robots\" content=\"index, follow, max-snippet:-1, max-image-preview:large, max-video-preview:-1\" \/>\n<link rel=\"canonical\" href=\"https:\/\/cybul.eu\/pl\/sklep\/gasnica-irp-pro-2kg-abc-mocowanie-zal-j\/\" \/>\n<meta property=\"og:locale\" content=\"pl_PL\" \/>\n<meta property=\"og:type\" content=\"article\" \/>\n<meta property=\"og:title\" content=\"GA\u015aNICA IRP PRO 2KG ABC MOCOWANIE ZA\u0141. &quot;J&quot; - CYBUL\" \/>\n<meta property=\"og:description\" content=\"Metalowe mocowanie zgodne z za\u0142\u0105cznikiem &quot;J&quot; w komplecie!\" \/>\n<meta property=\"og:url\" content=\"https:\/\/cybul.eu\/pl\/sklep\/gasnica-irp-pro-2kg-abc-mocowanie-zal-j\/\" \/>\n<meta property=\"og:site_name\" content=\"CYBUL\" \/>\n<meta property=\"article:modified_time\" content=\"2024-06-06T20:47:34+00:00\" \/>\n<meta property=\"og:image\" content=\"https:\/\/cybul.eu\/wp-content\/uploads\/2024\/06\/pol_pl_Gasnica-IRP-PRO-2kg-ABC-mocowanie-zal-J-6151_4.jpg\" \/>\n\t<meta property=\"og:image:width\" content=\"444\" \/>\n\t<meta property=\"og:image:height\" content=\"900\" \/>\n\t<meta property=\"og:image:type\" content=\"image\/jpeg\" \/>\n<meta name=\"twitter:card\" content=\"summary_large_image\" \/>\n<meta name=\"twitter:label1\" content=\"Szacowany czas czytania\" \/>\n\t<meta name=\"twitter:data1\" content=\"1 minuta\" \/>\n<script type=\"application\/ld+json\" class=\"yoast-schema-graph\">{\"@context\":\"https:\/\/schema.org\",\"@graph\":[{\"@type\":\"WebPage\",\"@id\":\"https:\/\/cybul.eu\/pl\/sklep\/gasnica-irp-pro-2kg-abc-mocowanie-zal-j\/\",\"url\":\"https:\/\/cybul.eu\/pl\/sklep\/gasnica-irp-pro-2kg-abc-mocowanie-zal-j\/\",\"name\":\"GA\u015aNICA IRP PRO 2KG ABC MOCOWANIE ZA\u0141. \\\"J\\\" - CYBUL\",\"isPartOf\":{\"@id\":\"https:\/\/cybul.eu\/pl\/#website\"},\"primaryImageOfPage\":{\"@id\":\"https:\/\/cybul.eu\/pl\/sklep\/gasnica-irp-pro-2kg-abc-mocowanie-zal-j\/#primaryimage\"},\"image\":{\"@id\":\"https:\/\/cybul.eu\/pl\/sklep\/gasnica-irp-pro-2kg-abc-mocowanie-zal-j\/#primaryimage\"},\"thumbnailUrl\":\"https:\/\/cybul.eu\/wp-content\/uploads\/2024\/06\/pol_pl_Gasnica-IRP-PRO-2kg-ABC-mocowanie-zal-J-6151_4.jpg\",\"datePublished\":\"2024-06-06T20:47:29+00:00\",\"dateModified\":\"2024-06-06T20:47:34+00:00\",\"breadcrumb\":{\"@id\":\"https:\/\/cybul.eu\/pl\/sklep\/gasnica-irp-pro-2kg-abc-mocowanie-zal-j\/#breadcrumb\"},\"inLanguage\":\"pl-PL\",\"potentialAction\":[{\"@type\":\"ReadAction\",\"target\":[\"https:\/\/cybul.eu\/pl\/sklep\/gasnica-irp-pro-2kg-abc-mocowanie-zal-j\/\"]}]},{\"@type\":\"ImageObject\",\"inLanguage\":\"pl-PL\",\"@id\":\"https:\/\/cybul.eu\/pl\/sklep\/gasnica-irp-pro-2kg-abc-mocowanie-zal-j\/#primaryimage\",\"url\":\"https:\/\/cybul.eu\/wp-content\/uploads\/2024\/06\/pol_pl_Gasnica-IRP-PRO-2kg-ABC-mocowanie-zal-J-6151_4.jpg\",\"contentUrl\":\"https:\/\/cybul.eu\/wp-content\/uploads\/2024\/06\/pol_pl_Gasnica-IRP-PRO-2kg-ABC-mocowanie-zal-J-6151_4.jpg\",\"width\":444,\"height\":900},{\"@type\":\"BreadcrumbList\",\"@id\":\"https:\/\/cybul.eu\/pl\/sklep\/gasnica-irp-pro-2kg-abc-mocowanie-zal-j\/#breadcrumb\",\"itemListElement\":[{\"@type\":\"ListItem\",\"position\":1,\"name\":\"Strona g\u0142\u00f3wna\",\"item\":\"https:\/\/cybul.eu\/pl\/\"},{\"@type\":\"ListItem\",\"position\":2,\"name\":\"Sklep\",\"item\":\"https:\/\/cybul.eu\/pl\/sklep\/\"},{\"@type\":\"ListItem\",\"position\":3,\"name\":\"GA\u015aNICA IRP PRO 2KG ABC MOCOWANIE ZA\u0141. &#8220;J&#8221;\"}]},{\"@type\":\"WebSite\",\"@id\":\"https:\/\/cybul.eu\/pl\/#website\",\"url\":\"https:\/\/cybul.eu\/pl\/\",\"name\":\"CYBUL\",\"description\":\"\",\"potentialAction\":[{\"@type\":\"SearchAction\",\"target\":{\"@type\":\"EntryPoint\",\"urlTemplate\":\"https:\/\/cybul.eu\/pl\/?s={search_term_string}\"},\"query-input\":{\"@type\":\"PropertyValueSpecification\",\"valueRequired\":true,\"valueName\":\"search_term_string\"}}],\"inLanguage\":\"pl-PL\"}]}<\/script>\n<!-- \/ Yoast SEO plugin. -->","yoast_head_json":{"title":"GA\u015aNICA IRP PRO 2KG ABC MOCOWANIE ZA\u0141. \"J\" - CYBUL","robots":{"index":"index","follow":"follow","max-snippet":"max-snippet:-1","max-image-preview":"max-image-preview:large","max-video-preview":"max-video-preview:-1"},"canonical":"https:\/\/cybul.eu\/pl\/sklep\/gasnica-irp-pro-2kg-abc-mocowanie-zal-j\/","og_locale":"pl_PL","og_type":"article","og_title":"GA\u015aNICA IRP PRO 2KG ABC MOCOWANIE ZA\u0141. \"J\" - CYBUL","og_description":"Metalowe mocowanie zgodne z za\u0142\u0105cznikiem \"J\" w komplecie!","og_url":"https:\/\/cybul.eu\/pl\/sklep\/gasnica-irp-pro-2kg-abc-mocowanie-zal-j\/","og_site_name":"CYBUL","article_modified_time":"2024-06-06T20:47:34+00:00","og_image":[{"width":444,"height":900,"url":"https:\/\/cybul.eu\/wp-content\/uploads\/2024\/06\/pol_pl_Gasnica-IRP-PRO-2kg-ABC-mocowanie-zal-J-6151_4.jpg","type":"image\/jpeg"}],"twitter_card":"summary_large_image","twitter_misc":{"Szacowany czas czytania":"1 minuta"},"schema":{"@context":"https:\/\/schema.org","@graph":[{"@type":"WebPage","@id":"https:\/\/cybul.eu\/pl\/sklep\/gasnica-irp-pro-2kg-abc-mocowanie-zal-j\/","url":"https:\/\/cybul.eu\/pl\/sklep\/gasnica-irp-pro-2kg-abc-mocowanie-zal-j\/","name":"GA\u015aNICA IRP PRO 2KG ABC MOCOWANIE ZA\u0141. \"J\" - CYBUL","isPartOf":{"@id":"https:\/\/cybul.eu\/pl\/#website"},"primaryImageOfPage":{"@id":"https:\/\/cybul.eu\/pl\/sklep\/gasnica-irp-pro-2kg-abc-mocowanie-zal-j\/#primaryimage"},"image":{"@id":"https:\/\/cybul.eu\/pl\/sklep\/gasnica-irp-pro-2kg-abc-mocowanie-zal-j\/#primaryimage"},"thumbnailUrl":"https:\/\/cybul.eu\/wp-content\/uploads\/2024\/06\/pol_pl_Gasnica-IRP-PRO-2kg-ABC-mocowanie-zal-J-6151_4.jpg","datePublished":"2024-06-06T20:47:29+00:00","dateModified":"2024-06-06T20:47:34+00:00","breadcrumb":{"@id":"https:\/\/cybul.eu\/pl\/sklep\/gasnica-irp-pro-2kg-abc-mocowanie-zal-j\/#breadcrumb"},"inLanguage":"pl-PL","potentialAction":[{"@type":"ReadAction","target":["https:\/\/cybul.eu\/pl\/sklep\/gasnica-irp-pro-2kg-abc-mocowanie-zal-j\/"]}]},{"@type":"ImageObject","inLanguage":"pl-PL","@id":"https:\/\/cybul.eu\/pl\/sklep\/gasnica-irp-pro-2kg-abc-mocowanie-zal-j\/#primaryimage","url":"https:\/\/cybul.eu\/wp-content\/uploads\/2024\/06\/pol_pl_Gasnica-IRP-PRO-2kg-ABC-mocowanie-zal-J-6151_4.jpg","contentUrl":"https:\/\/cybul.eu\/wp-content\/uploads\/2024\/06\/pol_pl_Gasnica-IRP-PRO-2kg-ABC-mocowanie-zal-J-6151_4.jpg","width":444,"height":900},{"@type":"BreadcrumbList","@id":"https:\/\/cybul.eu\/pl\/sklep\/gasnica-irp-pro-2kg-abc-mocowanie-zal-j\/#breadcrumb","itemListElement":[{"@type":"ListItem","position":1,"name":"Strona g\u0142\u00f3wna","item":"https:\/\/cybul.eu\/pl\/"},{"@type":"ListItem","position":2,"name":"Sklep","item":"https:\/\/cybul.eu\/pl\/sklep\/"},{"@type":"ListItem","position":3,"name":"GA\u015aNICA IRP PRO 2KG ABC MOCOWANIE ZA\u0141. &#8220;J&#8221;"}]},{"@type":"WebSite","@id":"https:\/\/cybul.eu\/pl\/#website","url":"https:\/\/cybul.eu\/pl\/","name":"CYBUL","description":"","potentialAction":[{"@type":"SearchAction","target":{"@type":"EntryPoint","urlTemplate":"https:\/\/cybul.eu\/pl\/?s={search_term_string}"},"query-input":{"@type":"PropertyValueSpecification","valueRequired":true,"valueName":"search_term_string"}}],"inLanguage":"pl-PL"}]}},"_links":{"self":[{"href":"https:\/\/cybul.eu\/pl\/wp-json\/wp\/v2\/product\/11342","targetHints":{"allow":["GET"]}}],"collection":[{"href":"https:\/\/cybul.eu\/pl\/wp-json\/wp\/v2\/product"}],"about":[{"href":"https:\/\/cybul.eu\/pl\/wp-json\/wp\/v2\/types\/product"}],"replies":[{"embeddable":true,"href":"https:\/\/cybul.eu\/pl\/wp-json\/wp\/v2\/comments?post=11342"}],"wp:featuredmedia":[{"embeddable":true,"href":"https:\/\/cybul.eu\/pl\/wp-json\/wp\/v2\/media\/11295"}],"wp:attachment":[{"href":"https:\/\/cybul.eu\/pl\/wp-json\/wp\/v2\/media?parent=11342"}],"wp:term":[{"taxonomy":"product_cat","embeddable":true,"href":"https:\/\/cybul.eu\/pl\/wp-json\/wp\/v2\/product_cat?post=11342"},{"taxonomy":"product_tag","embeddable":true,"href":"https:\/\/cybul.eu\/pl\/wp-json\/wp\/v2\/product_tag?post=11342"}],"curies":[{"name":"wp","href":"https:\/\/api.w.org\/{rel}","templated":true}]}}