{"id":11279,"date":"2024-06-06T22:29:27","date_gmt":"2024-06-06T20:29:27","guid":{"rendered":"https:\/\/cybul.eu\/shop\/pasy-omp-one-d-2-formula\/"},"modified":"2024-06-06T22:29:44","modified_gmt":"2024-06-06T20:29:44","slug":"pasy-omp-one-d-2-formula","status":"publish","type":"product","link":"https:\/\/cybul.eu\/pl\/sklep\/pasy-omp-one-d-2-formula\/","title":{"rendered":"PASY OMP ONE-D 2 FORMULA"},"content":{"rendered":"<p><strong>Pasy OMP ONE-D 2 Formula<\/strong>&nbsp;&#8211; 6 punktowe HANS<\/p>\n<p>Homologacja: <strong>FIA&nbsp;8853-2016<\/strong><\/p>\n<p>Zaawansowany model pas\u00f3w OMP przystosowanych do systemu HANS.<br \/>Przeznaczone do bolid\u00f3w jednomiejscowych.<br \/>Wykonane z&nbsp;w\u0142\u00f3kien Dyneema\u00ae, bardzo lekkiego i wytrzyma\u0142ego materia\u0142u.<br \/><strong>Pasy OMP&nbsp;Dyneema\u00ae s\u0105 o 40% l\u017cejsze i 15% wytrzymalsze od tradycyjnych pas\u00f3w.<\/strong><\/p>\n<p>&#8211; Lekka klamra centralna wykonana z aluminium<br \/>&#8211; Pas kroczowy typu formula<br \/>&#8211; Pasy biodrowe typu pull-down<br \/>&#8211; \u015aruby oczkowe do mocowania w komplecie<\/p>\n<p>Pasy ramienne: 2&#8243; szeroko\u015bci<br \/>Pasy biodrowe: 2&#8243; szeroko\u015bci<br \/>Pas kroczowy: 2&#8243; szeroko\u015bci<\/p>\n","protected":false},"excerpt":{"rendered":"<p><strong>Pasy OMP ONE-D 2 Formula<\/strong>&nbsp;&#8211; 6 punktowe HANS<\/p>\n<p>Homologacja: <strong>FIA&nbsp;8853-2016<\/strong><\/p>\n<p>Zaawansowany model pas\u00f3w OMP przystosowanych do systemu HANS.<br \/>Przeznaczone do bolid\u00f3w jednomiejscowych.<br \/>Wykonane z&nbsp;w\u0142\u00f3kien Dyneema\u00ae, bardzo lekkiego i wytrzyma\u0142ego materia\u0142u.<br \/><strong>Pasy OMP&nbsp;Dyneema\u00ae s\u0105 o 40% l\u017cejsze i 15% wytrzymalsze od tradycyjnych pas\u00f3w.<\/strong><\/p>\n<p>&#8211; Lekka klamra centralna wykonana z aluminium<br \/>&#8211; Pas kroczowy typu formula<br \/>&#8211; Pasy biodrowe typu pull-down<br \/>&#8211; \u015aruby oczkowe do mocowania w komplecie<\/p>\n<p>Pasy ramienne: 2&#8243; szeroko\u015bci<br \/>Pasy biodrowe: 2&#8243; szeroko\u015bci<br \/>Pas kroczowy: 2&#8243; szeroko\u015bci<\/p>\n","protected":false},"featured_media":11129,"comment_status":"closed","ping_status":"open","template":"","meta":[],"product_cat":[548,542],"product_tag":[],"class_list":{"0":"post-11279","1":"product","2":"type-product","3":"status-publish","4":"has-post-thumbnail","6":"product_cat-pasy-rajdowe","7":"product_cat-wnetrze","9":"first","10":"instock","11":"taxable","12":"shipping-taxable","13":"purchasable","14":"product-type-simple"},"bundled_by":[],"bundle_stock_status":"instock","bundle_stock_quantity":null,"bundle_virtual":false,"bundle_layout":"","bundle_add_to_cart_form_location":"","bundle_editable_in_cart":false,"bundle_sold_individually_context":"","bundle_item_grouping":"","bundle_min_size":"","bundle_max_size":"","bundle_price":[],"bundled_items":[],"bundle_sell_ids":[],"acf":{"zdjecie_bez_watermarka":null,"zdjecie_bez_watermarka_url":"","product_orgin_url":"https:\/\/inter-rally.pl\/product-eng-4118-Pasy-OMP-ONE-D-2-Formula.html"},"yoast_head":"<!-- This site is optimized with the Yoast SEO plugin v23.9 - https:\/\/yoast.com\/wordpress\/plugins\/seo\/ -->\n<title>PASY OMP ONE-D 2 FORMULA - CYBUL<\/title>\n<meta name=\"robots\" content=\"index, follow, max-snippet:-1, max-image-preview:large, max-video-preview:-1\" \/>\n<link rel=\"canonical\" href=\"https:\/\/cybul.eu\/pl\/sklep\/pasy-omp-one-d-2-formula\/\" \/>\n<meta property=\"og:locale\" content=\"pl_PL\" \/>\n<meta property=\"og:type\" content=\"article\" \/>\n<meta property=\"og:title\" content=\"PASY OMP ONE-D 2 FORMULA - CYBUL\" \/>\n<meta property=\"og:description\" content=\"Pasy OMP ONE-D 2 Formula&nbsp;- 6 punktowe HANSHomologacja: FIA&nbsp;8853-2016Zaawansowany model pas\u00f3w OMP przystosowanych do systemu HANS.Przeznaczone do bolid\u00f3w jednomiejscowych.Wykonane z&nbsp;w\u0142\u00f3kien Dyneema\u00ae, bardzo lekkiego i wytrzyma\u0142ego materia\u0142u.Pasy OMP&nbsp;Dyneema\u00ae s\u0105 o 40% l\u017cejsze i 15% wytrzymalsze od tradycyjnych pas\u00f3w.- Lekka klamra centralna wykonana z aluminium- Pas kroczowy typu formula- Pasy biodrowe typu pull-down- \u015aruby oczkowe do mocowania w kompleciePasy ramienne: 2&quot; szeroko\u015bciPasy biodrowe: 2&quot; szeroko\u015bciPas kroczowy: 2&quot; szeroko\u015bci\" \/>\n<meta property=\"og:url\" content=\"https:\/\/cybul.eu\/pl\/sklep\/pasy-omp-one-d-2-formula\/\" \/>\n<meta property=\"og:site_name\" content=\"CYBUL\" \/>\n<meta property=\"article:modified_time\" content=\"2024-06-06T20:29:44+00:00\" \/>\n<meta property=\"og:image\" content=\"https:\/\/cybul.eu\/wp-content\/uploads\/2024\/06\/pol_pl_Pasy-OMP-ONE-D-2-Formula-4118_1.jpg\" \/>\n\t<meta property=\"og:image:width\" content=\"900\" \/>\n\t<meta property=\"og:image:height\" content=\"900\" \/>\n\t<meta property=\"og:image:type\" content=\"image\/jpeg\" \/>\n<meta name=\"twitter:card\" content=\"summary_large_image\" \/>\n<script type=\"application\/ld+json\" class=\"yoast-schema-graph\">{\"@context\":\"https:\/\/schema.org\",\"@graph\":[{\"@type\":\"WebPage\",\"@id\":\"https:\/\/cybul.eu\/pl\/sklep\/pasy-omp-one-d-2-formula\/\",\"url\":\"https:\/\/cybul.eu\/pl\/sklep\/pasy-omp-one-d-2-formula\/\",\"name\":\"PASY OMP ONE-D 2 FORMULA - CYBUL\",\"isPartOf\":{\"@id\":\"https:\/\/cybul.eu\/pl\/#website\"},\"primaryImageOfPage\":{\"@id\":\"https:\/\/cybul.eu\/pl\/sklep\/pasy-omp-one-d-2-formula\/#primaryimage\"},\"image\":{\"@id\":\"https:\/\/cybul.eu\/pl\/sklep\/pasy-omp-one-d-2-formula\/#primaryimage\"},\"thumbnailUrl\":\"https:\/\/cybul.eu\/wp-content\/uploads\/2024\/06\/pol_pl_Pasy-OMP-ONE-D-2-Formula-4118_1.jpg\",\"datePublished\":\"2024-06-06T20:29:27+00:00\",\"dateModified\":\"2024-06-06T20:29:44+00:00\",\"breadcrumb\":{\"@id\":\"https:\/\/cybul.eu\/pl\/sklep\/pasy-omp-one-d-2-formula\/#breadcrumb\"},\"inLanguage\":\"pl-PL\",\"potentialAction\":[{\"@type\":\"ReadAction\",\"target\":[\"https:\/\/cybul.eu\/pl\/sklep\/pasy-omp-one-d-2-formula\/\"]}]},{\"@type\":\"ImageObject\",\"inLanguage\":\"pl-PL\",\"@id\":\"https:\/\/cybul.eu\/pl\/sklep\/pasy-omp-one-d-2-formula\/#primaryimage\",\"url\":\"https:\/\/cybul.eu\/wp-content\/uploads\/2024\/06\/pol_pl_Pasy-OMP-ONE-D-2-Formula-4118_1.jpg\",\"contentUrl\":\"https:\/\/cybul.eu\/wp-content\/uploads\/2024\/06\/pol_pl_Pasy-OMP-ONE-D-2-Formula-4118_1.jpg\",\"width\":900,\"height\":900},{\"@type\":\"BreadcrumbList\",\"@id\":\"https:\/\/cybul.eu\/pl\/sklep\/pasy-omp-one-d-2-formula\/#breadcrumb\",\"itemListElement\":[{\"@type\":\"ListItem\",\"position\":1,\"name\":\"Strona g\u0142\u00f3wna\",\"item\":\"https:\/\/cybul.eu\/pl\/\"},{\"@type\":\"ListItem\",\"position\":2,\"name\":\"Sklep\",\"item\":\"https:\/\/cybul.eu\/pl\/sklep\/\"},{\"@type\":\"ListItem\",\"position\":3,\"name\":\"PASY OMP ONE-D 2 FORMULA\"}]},{\"@type\":\"WebSite\",\"@id\":\"https:\/\/cybul.eu\/pl\/#website\",\"url\":\"https:\/\/cybul.eu\/pl\/\",\"name\":\"CYBUL\",\"description\":\"\",\"potentialAction\":[{\"@type\":\"SearchAction\",\"target\":{\"@type\":\"EntryPoint\",\"urlTemplate\":\"https:\/\/cybul.eu\/pl\/?s={search_term_string}\"},\"query-input\":{\"@type\":\"PropertyValueSpecification\",\"valueRequired\":true,\"valueName\":\"search_term_string\"}}],\"inLanguage\":\"pl-PL\"}]}<\/script>\n<!-- \/ Yoast SEO plugin. -->","yoast_head_json":{"title":"PASY OMP ONE-D 2 FORMULA - CYBUL","robots":{"index":"index","follow":"follow","max-snippet":"max-snippet:-1","max-image-preview":"max-image-preview:large","max-video-preview":"max-video-preview:-1"},"canonical":"https:\/\/cybul.eu\/pl\/sklep\/pasy-omp-one-d-2-formula\/","og_locale":"pl_PL","og_type":"article","og_title":"PASY OMP ONE-D 2 FORMULA - CYBUL","og_description":"Pasy OMP ONE-D 2 Formula&nbsp;- 6 punktowe HANSHomologacja: FIA&nbsp;8853-2016Zaawansowany model pas\u00f3w OMP przystosowanych do systemu HANS.Przeznaczone do bolid\u00f3w jednomiejscowych.Wykonane z&nbsp;w\u0142\u00f3kien Dyneema\u00ae, bardzo lekkiego i wytrzyma\u0142ego materia\u0142u.Pasy OMP&nbsp;Dyneema\u00ae s\u0105 o 40% l\u017cejsze i 15% wytrzymalsze od tradycyjnych pas\u00f3w.- Lekka klamra centralna wykonana z aluminium- Pas kroczowy typu formula- Pasy biodrowe typu pull-down- \u015aruby oczkowe do mocowania w kompleciePasy ramienne: 2\" szeroko\u015bciPasy biodrowe: 2\" szeroko\u015bciPas kroczowy: 2\" szeroko\u015bci","og_url":"https:\/\/cybul.eu\/pl\/sklep\/pasy-omp-one-d-2-formula\/","og_site_name":"CYBUL","article_modified_time":"2024-06-06T20:29:44+00:00","og_image":[{"width":900,"height":900,"url":"https:\/\/cybul.eu\/wp-content\/uploads\/2024\/06\/pol_pl_Pasy-OMP-ONE-D-2-Formula-4118_1.jpg","type":"image\/jpeg"}],"twitter_card":"summary_large_image","schema":{"@context":"https:\/\/schema.org","@graph":[{"@type":"WebPage","@id":"https:\/\/cybul.eu\/pl\/sklep\/pasy-omp-one-d-2-formula\/","url":"https:\/\/cybul.eu\/pl\/sklep\/pasy-omp-one-d-2-formula\/","name":"PASY OMP ONE-D 2 FORMULA - CYBUL","isPartOf":{"@id":"https:\/\/cybul.eu\/pl\/#website"},"primaryImageOfPage":{"@id":"https:\/\/cybul.eu\/pl\/sklep\/pasy-omp-one-d-2-formula\/#primaryimage"},"image":{"@id":"https:\/\/cybul.eu\/pl\/sklep\/pasy-omp-one-d-2-formula\/#primaryimage"},"thumbnailUrl":"https:\/\/cybul.eu\/wp-content\/uploads\/2024\/06\/pol_pl_Pasy-OMP-ONE-D-2-Formula-4118_1.jpg","datePublished":"2024-06-06T20:29:27+00:00","dateModified":"2024-06-06T20:29:44+00:00","breadcrumb":{"@id":"https:\/\/cybul.eu\/pl\/sklep\/pasy-omp-one-d-2-formula\/#breadcrumb"},"inLanguage":"pl-PL","potentialAction":[{"@type":"ReadAction","target":["https:\/\/cybul.eu\/pl\/sklep\/pasy-omp-one-d-2-formula\/"]}]},{"@type":"ImageObject","inLanguage":"pl-PL","@id":"https:\/\/cybul.eu\/pl\/sklep\/pasy-omp-one-d-2-formula\/#primaryimage","url":"https:\/\/cybul.eu\/wp-content\/uploads\/2024\/06\/pol_pl_Pasy-OMP-ONE-D-2-Formula-4118_1.jpg","contentUrl":"https:\/\/cybul.eu\/wp-content\/uploads\/2024\/06\/pol_pl_Pasy-OMP-ONE-D-2-Formula-4118_1.jpg","width":900,"height":900},{"@type":"BreadcrumbList","@id":"https:\/\/cybul.eu\/pl\/sklep\/pasy-omp-one-d-2-formula\/#breadcrumb","itemListElement":[{"@type":"ListItem","position":1,"name":"Strona g\u0142\u00f3wna","item":"https:\/\/cybul.eu\/pl\/"},{"@type":"ListItem","position":2,"name":"Sklep","item":"https:\/\/cybul.eu\/pl\/sklep\/"},{"@type":"ListItem","position":3,"name":"PASY OMP ONE-D 2 FORMULA"}]},{"@type":"WebSite","@id":"https:\/\/cybul.eu\/pl\/#website","url":"https:\/\/cybul.eu\/pl\/","name":"CYBUL","description":"","potentialAction":[{"@type":"SearchAction","target":{"@type":"EntryPoint","urlTemplate":"https:\/\/cybul.eu\/pl\/?s={search_term_string}"},"query-input":{"@type":"PropertyValueSpecification","valueRequired":true,"valueName":"search_term_string"}}],"inLanguage":"pl-PL"}]}},"_links":{"self":[{"href":"https:\/\/cybul.eu\/pl\/wp-json\/wp\/v2\/product\/11279","targetHints":{"allow":["GET"]}}],"collection":[{"href":"https:\/\/cybul.eu\/pl\/wp-json\/wp\/v2\/product"}],"about":[{"href":"https:\/\/cybul.eu\/pl\/wp-json\/wp\/v2\/types\/product"}],"replies":[{"embeddable":true,"href":"https:\/\/cybul.eu\/pl\/wp-json\/wp\/v2\/comments?post=11279"}],"wp:featuredmedia":[{"embeddable":true,"href":"https:\/\/cybul.eu\/pl\/wp-json\/wp\/v2\/media\/11129"}],"wp:attachment":[{"href":"https:\/\/cybul.eu\/pl\/wp-json\/wp\/v2\/media?parent=11279"}],"wp:term":[{"taxonomy":"product_cat","embeddable":true,"href":"https:\/\/cybul.eu\/pl\/wp-json\/wp\/v2\/product_cat?post=11279"},{"taxonomy":"product_tag","embeddable":true,"href":"https:\/\/cybul.eu\/pl\/wp-json\/wp\/v2\/product_tag?post=11279"}],"curies":[{"name":"wp","href":"https:\/\/api.w.org\/{rel}","templated":true}]}}