{"id":11271,"date":"2024-06-06T22:29:27","date_gmt":"2024-06-06T20:29:27","guid":{"rendered":"https:\/\/cybul.eu\/shop\/pasy-schroth-profi-ii-asm-flexi-belt\/"},"modified":"2024-06-06T22:29:37","modified_gmt":"2024-06-06T20:29:37","slug":"pasy-schroth-profi-ii-asm-flexi-belt","status":"publish","type":"product","link":"https:\/\/cybul.eu\/pl\/sklep\/pasy-schroth-profi-ii-asm-flexi-belt\/","title":{"rendered":"PASY SCHROTH PROFI II ASM FLEXI BELT"},"content":{"rendered":"<p><strong>Pasy Schroth&nbsp;Profi II asm Flexi Belt<\/p>\n<p><\/strong>Homologacja:<strong> FIA&nbsp;8854\/98<\/p>\n<p>Technologia Anti-Submarining (ASM)<\/p>\n<p><\/strong>Posiadaj\u0105 innowacyjne pasy biodrowe Flexi, kt\u00f3re pozwalaj\u0105 na wyb\u00f3r sposobu regulowania pas\u00f3w (pull-up lub pull-down), oraz zapewniaj\u0105 du\u017co wi\u0119ksz\u0105 regulacj\u0119 ni\u017c tradycyjne pasy biodrowe. U\u0142atwia to monta\u017c oraz dopasowanie pas\u00f3w do w\u0142asnych preferencji.<strong><\/p>\n<p><\/strong>Punkty mocowa\u0144: 4<\/p>\n<p>Szeroko\u015b\u0107:<br \/>&#8211; 3&#8243; ramienny<br \/>&#8211; 2&#8243; okr\u0119\u017cny<br \/><strong><br \/><\/strong>Mocowania na \u015bruby oczkowe (w komplecie)<\/p>\n<p>Firma SCHROTH od ponad 50 lat zajmuje si\u0119 produkcj\u0105 pas\u00f3w sportowych i tuningowych. <span> Od 1960 roku SCHROTH jest \u015bwiatowych liderem w produkcji pas\u00f3w bezpiecze\u0144stwa, wci\u0105\u017c przeprowadzane testy zderzeniowe prowadz\u0105 do dalszego wzrostu jako\u015b\u0107 produkt\u00f3w i wydajno\u015b\u0107, aby sprosta\u0107 rosn\u0105cym wymaganiom dotycz\u0105cych bezpiecze\u0144stwa. <\/span><span> Wiedza zdobyta w ten spos\u00f3b przez firm\u0119 SCHROTH zaowocowa\u0142a tym, \u017ce jest liderem w dziedzinie technologii produkowania pas\u00f3w. Produkty niemieckiego producenta mo\u017cna spotka\u0107 w wy\u015bcigach i w F1, WRC, IndyCar, NASCAR, Porsche, ALMS, Rajd Dakar, FIA GT, a nawet w bran\u017cy lotniczej.<\/span><\/p>\n","protected":false},"excerpt":{"rendered":"<p><strong>Pasy Schroth&nbsp;Profi II asm Flexi Belt<\/p>\n<p><\/strong>Homologacja:<strong> FIA&nbsp;8854\/98<\/p>\n<p>Technologia Anti-Submarining (ASM)<\/p>\n<p><\/strong>Posiadaj\u0105 innowacyjne pasy biodrowe Flexi, kt\u00f3re pozwalaj\u0105 na wyb\u00f3r sposobu regulowania pas\u00f3w (pull-up lub pull-down), oraz zapewniaj\u0105 du\u017co wi\u0119ksz\u0105 regulacj\u0119 ni\u017c tradycyjne pasy biodrowe. U\u0142atwia to monta\u017c oraz dopasowanie pas\u00f3w do w\u0142asnych preferencji.<strong><\/p>\n<p><\/strong>Punkty mocowa\u0144: 4<\/p>\n<p>Szeroko\u015b\u0107:<br \/>&#8211; 3&#8243; ramienny<br \/>&#8211; 2&#8243; okr\u0119\u017cny<br \/><strong><br \/><\/strong>Mocowania na \u015bruby oczkowe (w komplecie)<\/p>\n<p>Firma SCHROTH od ponad 50 lat zajmuje si\u0119 produkcj\u0105 pas\u00f3w sportowych i tuningowych. <span> Od 1960 roku SCHROTH jest \u015bwiatowych liderem w produkcji pas\u00f3w bezpiecze\u0144stwa, wci\u0105\u017c przeprowadzane testy zderzeniowe prowadz\u0105 do dalszego wzrostu jako\u015b\u0107 produkt\u00f3w i wydajno\u015b\u0107, aby sprosta\u0107 rosn\u0105cym wymaganiom dotycz\u0105cych bezpiecze\u0144stwa. <\/span><span> Wiedza zdobyta w ten spos\u00f3b przez firm\u0119 SCHROTH zaowocowa\u0142a tym, \u017ce jest liderem w dziedzinie technologii produkowania pas\u00f3w. Produkty niemieckiego producenta mo\u017cna spotka\u0107 w wy\u015bcigach i w F1, WRC, IndyCar, NASCAR, Porsche, ALMS, Rajd Dakar, FIA GT, a nawet w bran\u017cy lotniczej.<\/span><\/p>\n","protected":false},"featured_media":11083,"comment_status":"closed","ping_status":"open","template":"","meta":[],"product_cat":[548,542],"product_tag":[],"class_list":{"0":"post-11271","1":"product","2":"type-product","3":"status-publish","4":"has-post-thumbnail","6":"product_cat-pasy-rajdowe","7":"product_cat-wnetrze","9":"first","10":"instock","11":"taxable","12":"shipping-taxable","13":"purchasable","14":"product-type-simple"},"bundled_by":[],"bundle_stock_status":"instock","bundle_stock_quantity":null,"bundle_virtual":false,"bundle_layout":"","bundle_add_to_cart_form_location":"","bundle_editable_in_cart":false,"bundle_sold_individually_context":"","bundle_item_grouping":"","bundle_min_size":"","bundle_max_size":"","bundle_price":[],"bundled_items":[],"bundle_sell_ids":[],"acf":{"zdjecie_bez_watermarka":null,"zdjecie_bez_watermarka_url":"","product_orgin_url":"https:\/\/inter-rally.pl\/product-eng-8290-Pasy-Schroth-Profi-II-asm-Flexi-Belt.html"},"yoast_head":"<!-- This site is optimized with the Yoast SEO plugin v23.9 - https:\/\/yoast.com\/wordpress\/plugins\/seo\/ -->\n<title>PASY SCHROTH PROFI II ASM FLEXI BELT - CYBUL<\/title>\n<meta name=\"robots\" content=\"index, follow, max-snippet:-1, max-image-preview:large, max-video-preview:-1\" \/>\n<link rel=\"canonical\" href=\"https:\/\/cybul.eu\/pl\/sklep\/pasy-schroth-profi-ii-asm-flexi-belt\/\" \/>\n<meta property=\"og:locale\" content=\"pl_PL\" \/>\n<meta property=\"og:type\" content=\"article\" \/>\n<meta property=\"og:title\" content=\"PASY SCHROTH PROFI II ASM FLEXI BELT - CYBUL\" \/>\n<meta property=\"og:description\" content=\"Pasy Schroth&nbsp;Profi II asm Flexi BeltHomologacja: FIA&nbsp;8854\/98Technologia Anti-Submarining (ASM)Posiadaj\u0105 innowacyjne pasy biodrowe Flexi, kt\u00f3re pozwalaj\u0105 na wyb\u00f3r sposobu regulowania pas\u00f3w (pull-up lub pull-down), oraz zapewniaj\u0105 du\u017co wi\u0119ksz\u0105 regulacj\u0119 ni\u017c tradycyjne pasy biodrowe. U\u0142atwia to monta\u017c oraz dopasowanie pas\u00f3w do w\u0142asnych preferencji.Punkty mocowa\u0144: 4Szeroko\u015b\u0107:- 3&quot; ramienny- 2&quot; okr\u0119\u017cnyMocowania na \u015bruby oczkowe (w komplecie)Firma SCHROTH od ponad 50 lat zajmuje si\u0119 produkcj\u0105 pas\u00f3w sportowych i tuningowych. Od 1960 roku SCHROTH jest \u015bwiatowych liderem w produkcji pas\u00f3w bezpiecze\u0144stwa, wci\u0105\u017c przeprowadzane testy zderzeniowe prowadz\u0105 do dalszego wzrostu jako\u015b\u0107 produkt\u00f3w i wydajno\u015b\u0107, aby sprosta\u0107 rosn\u0105cym wymaganiom dotycz\u0105cych bezpiecze\u0144stwa. Wiedza zdobyta w ten spos\u00f3b przez firm\u0119 SCHROTH zaowocowa\u0142a tym, \u017ce jest liderem w dziedzinie technologii produkowania pas\u00f3w. Produkty niemieckiego producenta mo\u017cna spotka\u0107 w wy\u015bcigach i w F1, WRC, IndyCar, NASCAR, Porsche, ALMS, Rajd Dakar, FIA GT, a nawet w bran\u017cy lotniczej.\" \/>\n<meta property=\"og:url\" content=\"https:\/\/cybul.eu\/pl\/sklep\/pasy-schroth-profi-ii-asm-flexi-belt\/\" \/>\n<meta property=\"og:site_name\" content=\"CYBUL\" \/>\n<meta property=\"article:modified_time\" content=\"2024-06-06T20:29:37+00:00\" \/>\n<meta property=\"og:image\" content=\"https:\/\/cybul.eu\/wp-content\/uploads\/2024\/06\/pol_pl_Pasy-Schroth-Profi-II-asm-Flexi-Belt-8290_2.jpg\" \/>\n\t<meta property=\"og:image:width\" content=\"900\" \/>\n\t<meta property=\"og:image:height\" content=\"900\" \/>\n\t<meta property=\"og:image:type\" content=\"image\/jpeg\" \/>\n<meta name=\"twitter:card\" content=\"summary_large_image\" \/>\n<meta name=\"twitter:label1\" content=\"Szacowany czas czytania\" \/>\n\t<meta name=\"twitter:data1\" content=\"1 minuta\" \/>\n<script type=\"application\/ld+json\" class=\"yoast-schema-graph\">{\"@context\":\"https:\/\/schema.org\",\"@graph\":[{\"@type\":\"WebPage\",\"@id\":\"https:\/\/cybul.eu\/pl\/sklep\/pasy-schroth-profi-ii-asm-flexi-belt\/\",\"url\":\"https:\/\/cybul.eu\/pl\/sklep\/pasy-schroth-profi-ii-asm-flexi-belt\/\",\"name\":\"PASY SCHROTH PROFI II ASM FLEXI BELT - CYBUL\",\"isPartOf\":{\"@id\":\"https:\/\/cybul.eu\/pl\/#website\"},\"primaryImageOfPage\":{\"@id\":\"https:\/\/cybul.eu\/pl\/sklep\/pasy-schroth-profi-ii-asm-flexi-belt\/#primaryimage\"},\"image\":{\"@id\":\"https:\/\/cybul.eu\/pl\/sklep\/pasy-schroth-profi-ii-asm-flexi-belt\/#primaryimage\"},\"thumbnailUrl\":\"https:\/\/cybul.eu\/wp-content\/uploads\/2024\/06\/pol_pl_Pasy-Schroth-Profi-II-asm-Flexi-Belt-8290_2.jpg\",\"datePublished\":\"2024-06-06T20:29:27+00:00\",\"dateModified\":\"2024-06-06T20:29:37+00:00\",\"breadcrumb\":{\"@id\":\"https:\/\/cybul.eu\/pl\/sklep\/pasy-schroth-profi-ii-asm-flexi-belt\/#breadcrumb\"},\"inLanguage\":\"pl-PL\",\"potentialAction\":[{\"@type\":\"ReadAction\",\"target\":[\"https:\/\/cybul.eu\/pl\/sklep\/pasy-schroth-profi-ii-asm-flexi-belt\/\"]}]},{\"@type\":\"ImageObject\",\"inLanguage\":\"pl-PL\",\"@id\":\"https:\/\/cybul.eu\/pl\/sklep\/pasy-schroth-profi-ii-asm-flexi-belt\/#primaryimage\",\"url\":\"https:\/\/cybul.eu\/wp-content\/uploads\/2024\/06\/pol_pl_Pasy-Schroth-Profi-II-asm-Flexi-Belt-8290_2.jpg\",\"contentUrl\":\"https:\/\/cybul.eu\/wp-content\/uploads\/2024\/06\/pol_pl_Pasy-Schroth-Profi-II-asm-Flexi-Belt-8290_2.jpg\",\"width\":900,\"height\":900},{\"@type\":\"BreadcrumbList\",\"@id\":\"https:\/\/cybul.eu\/pl\/sklep\/pasy-schroth-profi-ii-asm-flexi-belt\/#breadcrumb\",\"itemListElement\":[{\"@type\":\"ListItem\",\"position\":1,\"name\":\"Strona g\u0142\u00f3wna\",\"item\":\"https:\/\/cybul.eu\/pl\/\"},{\"@type\":\"ListItem\",\"position\":2,\"name\":\"Sklep\",\"item\":\"https:\/\/cybul.eu\/pl\/sklep\/\"},{\"@type\":\"ListItem\",\"position\":3,\"name\":\"PASY SCHROTH PROFI II ASM FLEXI BELT\"}]},{\"@type\":\"WebSite\",\"@id\":\"https:\/\/cybul.eu\/pl\/#website\",\"url\":\"https:\/\/cybul.eu\/pl\/\",\"name\":\"CYBUL\",\"description\":\"\",\"potentialAction\":[{\"@type\":\"SearchAction\",\"target\":{\"@type\":\"EntryPoint\",\"urlTemplate\":\"https:\/\/cybul.eu\/pl\/?s={search_term_string}\"},\"query-input\":{\"@type\":\"PropertyValueSpecification\",\"valueRequired\":true,\"valueName\":\"search_term_string\"}}],\"inLanguage\":\"pl-PL\"}]}<\/script>\n<!-- \/ Yoast SEO plugin. -->","yoast_head_json":{"title":"PASY SCHROTH PROFI II ASM FLEXI BELT - CYBUL","robots":{"index":"index","follow":"follow","max-snippet":"max-snippet:-1","max-image-preview":"max-image-preview:large","max-video-preview":"max-video-preview:-1"},"canonical":"https:\/\/cybul.eu\/pl\/sklep\/pasy-schroth-profi-ii-asm-flexi-belt\/","og_locale":"pl_PL","og_type":"article","og_title":"PASY SCHROTH PROFI II ASM FLEXI BELT - CYBUL","og_description":"Pasy Schroth&nbsp;Profi II asm Flexi BeltHomologacja: FIA&nbsp;8854\/98Technologia Anti-Submarining (ASM)Posiadaj\u0105 innowacyjne pasy biodrowe Flexi, kt\u00f3re pozwalaj\u0105 na wyb\u00f3r sposobu regulowania pas\u00f3w (pull-up lub pull-down), oraz zapewniaj\u0105 du\u017co wi\u0119ksz\u0105 regulacj\u0119 ni\u017c tradycyjne pasy biodrowe. U\u0142atwia to monta\u017c oraz dopasowanie pas\u00f3w do w\u0142asnych preferencji.Punkty mocowa\u0144: 4Szeroko\u015b\u0107:- 3\" ramienny- 2\" okr\u0119\u017cnyMocowania na \u015bruby oczkowe (w komplecie)Firma SCHROTH od ponad 50 lat zajmuje si\u0119 produkcj\u0105 pas\u00f3w sportowych i tuningowych. Od 1960 roku SCHROTH jest \u015bwiatowych liderem w produkcji pas\u00f3w bezpiecze\u0144stwa, wci\u0105\u017c przeprowadzane testy zderzeniowe prowadz\u0105 do dalszego wzrostu jako\u015b\u0107 produkt\u00f3w i wydajno\u015b\u0107, aby sprosta\u0107 rosn\u0105cym wymaganiom dotycz\u0105cych bezpiecze\u0144stwa. Wiedza zdobyta w ten spos\u00f3b przez firm\u0119 SCHROTH zaowocowa\u0142a tym, \u017ce jest liderem w dziedzinie technologii produkowania pas\u00f3w. Produkty niemieckiego producenta mo\u017cna spotka\u0107 w wy\u015bcigach i w F1, WRC, IndyCar, NASCAR, Porsche, ALMS, Rajd Dakar, FIA GT, a nawet w bran\u017cy lotniczej.","og_url":"https:\/\/cybul.eu\/pl\/sklep\/pasy-schroth-profi-ii-asm-flexi-belt\/","og_site_name":"CYBUL","article_modified_time":"2024-06-06T20:29:37+00:00","og_image":[{"width":900,"height":900,"url":"https:\/\/cybul.eu\/wp-content\/uploads\/2024\/06\/pol_pl_Pasy-Schroth-Profi-II-asm-Flexi-Belt-8290_2.jpg","type":"image\/jpeg"}],"twitter_card":"summary_large_image","twitter_misc":{"Szacowany czas czytania":"1 minuta"},"schema":{"@context":"https:\/\/schema.org","@graph":[{"@type":"WebPage","@id":"https:\/\/cybul.eu\/pl\/sklep\/pasy-schroth-profi-ii-asm-flexi-belt\/","url":"https:\/\/cybul.eu\/pl\/sklep\/pasy-schroth-profi-ii-asm-flexi-belt\/","name":"PASY SCHROTH PROFI II ASM FLEXI BELT - CYBUL","isPartOf":{"@id":"https:\/\/cybul.eu\/pl\/#website"},"primaryImageOfPage":{"@id":"https:\/\/cybul.eu\/pl\/sklep\/pasy-schroth-profi-ii-asm-flexi-belt\/#primaryimage"},"image":{"@id":"https:\/\/cybul.eu\/pl\/sklep\/pasy-schroth-profi-ii-asm-flexi-belt\/#primaryimage"},"thumbnailUrl":"https:\/\/cybul.eu\/wp-content\/uploads\/2024\/06\/pol_pl_Pasy-Schroth-Profi-II-asm-Flexi-Belt-8290_2.jpg","datePublished":"2024-06-06T20:29:27+00:00","dateModified":"2024-06-06T20:29:37+00:00","breadcrumb":{"@id":"https:\/\/cybul.eu\/pl\/sklep\/pasy-schroth-profi-ii-asm-flexi-belt\/#breadcrumb"},"inLanguage":"pl-PL","potentialAction":[{"@type":"ReadAction","target":["https:\/\/cybul.eu\/pl\/sklep\/pasy-schroth-profi-ii-asm-flexi-belt\/"]}]},{"@type":"ImageObject","inLanguage":"pl-PL","@id":"https:\/\/cybul.eu\/pl\/sklep\/pasy-schroth-profi-ii-asm-flexi-belt\/#primaryimage","url":"https:\/\/cybul.eu\/wp-content\/uploads\/2024\/06\/pol_pl_Pasy-Schroth-Profi-II-asm-Flexi-Belt-8290_2.jpg","contentUrl":"https:\/\/cybul.eu\/wp-content\/uploads\/2024\/06\/pol_pl_Pasy-Schroth-Profi-II-asm-Flexi-Belt-8290_2.jpg","width":900,"height":900},{"@type":"BreadcrumbList","@id":"https:\/\/cybul.eu\/pl\/sklep\/pasy-schroth-profi-ii-asm-flexi-belt\/#breadcrumb","itemListElement":[{"@type":"ListItem","position":1,"name":"Strona g\u0142\u00f3wna","item":"https:\/\/cybul.eu\/pl\/"},{"@type":"ListItem","position":2,"name":"Sklep","item":"https:\/\/cybul.eu\/pl\/sklep\/"},{"@type":"ListItem","position":3,"name":"PASY SCHROTH PROFI II ASM FLEXI BELT"}]},{"@type":"WebSite","@id":"https:\/\/cybul.eu\/pl\/#website","url":"https:\/\/cybul.eu\/pl\/","name":"CYBUL","description":"","potentialAction":[{"@type":"SearchAction","target":{"@type":"EntryPoint","urlTemplate":"https:\/\/cybul.eu\/pl\/?s={search_term_string}"},"query-input":{"@type":"PropertyValueSpecification","valueRequired":true,"valueName":"search_term_string"}}],"inLanguage":"pl-PL"}]}},"_links":{"self":[{"href":"https:\/\/cybul.eu\/pl\/wp-json\/wp\/v2\/product\/11271","targetHints":{"allow":["GET"]}}],"collection":[{"href":"https:\/\/cybul.eu\/pl\/wp-json\/wp\/v2\/product"}],"about":[{"href":"https:\/\/cybul.eu\/pl\/wp-json\/wp\/v2\/types\/product"}],"replies":[{"embeddable":true,"href":"https:\/\/cybul.eu\/pl\/wp-json\/wp\/v2\/comments?post=11271"}],"wp:featuredmedia":[{"embeddable":true,"href":"https:\/\/cybul.eu\/pl\/wp-json\/wp\/v2\/media\/11083"}],"wp:attachment":[{"href":"https:\/\/cybul.eu\/pl\/wp-json\/wp\/v2\/media?parent=11271"}],"wp:term":[{"taxonomy":"product_cat","embeddable":true,"href":"https:\/\/cybul.eu\/pl\/wp-json\/wp\/v2\/product_cat?post=11271"},{"taxonomy":"product_tag","embeddable":true,"href":"https:\/\/cybul.eu\/pl\/wp-json\/wp\/v2\/product_tag?post=11271"}],"curies":[{"name":"wp","href":"https:\/\/api.w.org\/{rel}","templated":true}]}}