{"id":11256,"date":"2024-06-06T22:28:33","date_gmt":"2024-06-06T20:28:33","guid":{"rendered":"https:\/\/cybul.eu\/shop\/pasy-omp-one-32-endurance\/"},"modified":"2024-06-06T22:28:53","modified_gmt":"2024-06-06T20:28:53","slug":"pasy-omp-one-32-endurance","status":"publish","type":"product","link":"https:\/\/cybul.eu\/pl\/sklep\/pasy-omp-one-32-endurance\/","title":{"rendered":"PASY OMP ONE 3+2 ENDURANCE"},"content":{"rendered":"<p><strong>Pasy bezpiecze\u0144stwa OMP ONE 3+2 Endurance<\/strong>&nbsp;&#8211; 6 punktowe HANS<\/p>\n<p>Homologacja: <strong>FIA 8853-2016<\/strong><\/p>\n<p>Zaawansowany model pas\u00f3w OMP przystosowanych do systemu HANS.<br \/>Lekka klamra centralna wykonana z aluminium.<br \/>Pas kroczowy typu T.<br \/>Pas ramienny &#8211; 2\/3 cale szeroko\u015bci \/ pas biodrowy &#8211; 2 cale szeroko\u015bci \/ pas kroczowy &#8211; 2 cale szeroko\u015bci<br \/>Pasy biodrowe&nbsp;typu <strong>pull-down<\/strong><br \/>Mo\u017cliwo\u015b\u0107 mocowania do klatki<br \/>\u015aruby oczkowe do mocowania w komplecie.<\/p>\n<p>Kolory: <span style=\"color: #ff0000;\"><strong>Czerwony<\/strong><\/span>, <strong>Czarny<\/strong><\/p>\n","protected":false},"excerpt":{"rendered":"<p><strong>Pasy bezpiecze\u0144stwa OMP ONE 3+2 Endurance<\/strong>&nbsp;&#8211; 6 punktowe HANS<\/p>\n<p>Homologacja: <strong>FIA 8853-2016<\/strong><\/p>\n<p>Zaawansowany model pas\u00f3w OMP przystosowanych do systemu HANS.<br \/>Lekka klamra centralna wykonana z aluminium.<br \/>Pas kroczowy typu T.<br \/>Pas ramienny &#8211; 2\/3 cale szeroko\u015bci \/ pas biodrowy &#8211; 2 cale szeroko\u015bci \/ pas kroczowy &#8211; 2 cale szeroko\u015bci<br \/>Pasy biodrowe&nbsp;typu <strong>pull-down<\/strong><br \/>Mo\u017cliwo\u015b\u0107 mocowania do klatki<br \/>\u015aruby oczkowe do mocowania w komplecie.<\/p>\n<p>Kolory: <span style=\"color: #ff0000;\"><strong>Czerwony<\/strong><\/span>, <strong>Czarny<\/strong><\/p>\n","protected":false},"featured_media":11012,"comment_status":"closed","ping_status":"open","template":"","meta":[],"product_cat":[548,542],"product_tag":[],"class_list":{"0":"post-11256","1":"product","2":"type-product","3":"status-publish","4":"has-post-thumbnail","6":"product_cat-pasy-rajdowe","7":"product_cat-wnetrze","9":"first","10":"instock","11":"taxable","12":"shipping-taxable","13":"purchasable","14":"product-type-simple"},"bundled_by":[],"bundle_stock_status":"instock","bundle_stock_quantity":null,"bundle_virtual":false,"bundle_layout":"","bundle_add_to_cart_form_location":"","bundle_editable_in_cart":false,"bundle_sold_individually_context":"","bundle_item_grouping":"","bundle_min_size":"","bundle_max_size":"","bundle_price":[],"bundled_items":[],"bundle_sell_ids":[],"acf":{"zdjecie_bez_watermarka":null,"zdjecie_bez_watermarka_url":"","product_orgin_url":"https:\/\/inter-rally.pl\/product-eng-1294-Pasy-OMP-ONE-3-2-Endurance.html"},"yoast_head":"<!-- This site is optimized with the Yoast SEO plugin v23.9 - https:\/\/yoast.com\/wordpress\/plugins\/seo\/ -->\n<title>PASY OMP ONE 3+2 ENDURANCE - CYBUL<\/title>\n<meta name=\"robots\" content=\"index, follow, max-snippet:-1, max-image-preview:large, max-video-preview:-1\" \/>\n<link rel=\"canonical\" href=\"https:\/\/cybul.eu\/pl\/sklep\/pasy-omp-one-32-endurance\/\" \/>\n<meta property=\"og:locale\" content=\"pl_PL\" \/>\n<meta property=\"og:type\" content=\"article\" \/>\n<meta property=\"og:title\" content=\"PASY OMP ONE 3+2 ENDURANCE - CYBUL\" \/>\n<meta property=\"og:description\" content=\"Pasy bezpiecze\u0144stwa OMP ONE 3+2 Endurance&nbsp;- 6 punktowe HANSHomologacja: FIA 8853-2016Zaawansowany model pas\u00f3w OMP przystosowanych do systemu HANS.Lekka klamra centralna wykonana z aluminium.Pas kroczowy typu T.Pas ramienny - 2\/3 cale szeroko\u015bci \/ pas biodrowy - 2 cale szeroko\u015bci \/ pas kroczowy - 2 cale szeroko\u015bciPasy biodrowe&nbsp;typu pull-downMo\u017cliwo\u015b\u0107 mocowania do klatki\u015aruby oczkowe do mocowania w komplecie.Kolory: Czerwony, Czarny\" \/>\n<meta property=\"og:url\" content=\"https:\/\/cybul.eu\/pl\/sklep\/pasy-omp-one-32-endurance\/\" \/>\n<meta property=\"og:site_name\" content=\"CYBUL\" \/>\n<meta property=\"article:modified_time\" content=\"2024-06-06T20:28:53+00:00\" \/>\n<meta property=\"og:image\" content=\"https:\/\/cybul.eu\/wp-content\/uploads\/2024\/06\/pol_pl_Pasy-OMP-ONE-3-2-Endurance-1294_1.jpg\" \/>\n\t<meta property=\"og:image:width\" content=\"900\" \/>\n\t<meta property=\"og:image:height\" content=\"900\" \/>\n\t<meta property=\"og:image:type\" content=\"image\/jpeg\" \/>\n<meta name=\"twitter:card\" content=\"summary_large_image\" \/>\n<script type=\"application\/ld+json\" class=\"yoast-schema-graph\">{\"@context\":\"https:\/\/schema.org\",\"@graph\":[{\"@type\":\"WebPage\",\"@id\":\"https:\/\/cybul.eu\/pl\/sklep\/pasy-omp-one-32-endurance\/\",\"url\":\"https:\/\/cybul.eu\/pl\/sklep\/pasy-omp-one-32-endurance\/\",\"name\":\"PASY OMP ONE 3+2 ENDURANCE - CYBUL\",\"isPartOf\":{\"@id\":\"https:\/\/cybul.eu\/pl\/#website\"},\"primaryImageOfPage\":{\"@id\":\"https:\/\/cybul.eu\/pl\/sklep\/pasy-omp-one-32-endurance\/#primaryimage\"},\"image\":{\"@id\":\"https:\/\/cybul.eu\/pl\/sklep\/pasy-omp-one-32-endurance\/#primaryimage\"},\"thumbnailUrl\":\"https:\/\/cybul.eu\/wp-content\/uploads\/2024\/06\/pol_pl_Pasy-OMP-ONE-3-2-Endurance-1294_1.jpg\",\"datePublished\":\"2024-06-06T20:28:33+00:00\",\"dateModified\":\"2024-06-06T20:28:53+00:00\",\"breadcrumb\":{\"@id\":\"https:\/\/cybul.eu\/pl\/sklep\/pasy-omp-one-32-endurance\/#breadcrumb\"},\"inLanguage\":\"pl-PL\",\"potentialAction\":[{\"@type\":\"ReadAction\",\"target\":[\"https:\/\/cybul.eu\/pl\/sklep\/pasy-omp-one-32-endurance\/\"]}]},{\"@type\":\"ImageObject\",\"inLanguage\":\"pl-PL\",\"@id\":\"https:\/\/cybul.eu\/pl\/sklep\/pasy-omp-one-32-endurance\/#primaryimage\",\"url\":\"https:\/\/cybul.eu\/wp-content\/uploads\/2024\/06\/pol_pl_Pasy-OMP-ONE-3-2-Endurance-1294_1.jpg\",\"contentUrl\":\"https:\/\/cybul.eu\/wp-content\/uploads\/2024\/06\/pol_pl_Pasy-OMP-ONE-3-2-Endurance-1294_1.jpg\",\"width\":900,\"height\":900},{\"@type\":\"BreadcrumbList\",\"@id\":\"https:\/\/cybul.eu\/pl\/sklep\/pasy-omp-one-32-endurance\/#breadcrumb\",\"itemListElement\":[{\"@type\":\"ListItem\",\"position\":1,\"name\":\"Strona g\u0142\u00f3wna\",\"item\":\"https:\/\/cybul.eu\/pl\/\"},{\"@type\":\"ListItem\",\"position\":2,\"name\":\"Sklep\",\"item\":\"https:\/\/cybul.eu\/pl\/sklep\/\"},{\"@type\":\"ListItem\",\"position\":3,\"name\":\"PASY OMP ONE 3+2 ENDURANCE\"}]},{\"@type\":\"WebSite\",\"@id\":\"https:\/\/cybul.eu\/pl\/#website\",\"url\":\"https:\/\/cybul.eu\/pl\/\",\"name\":\"CYBUL\",\"description\":\"\",\"potentialAction\":[{\"@type\":\"SearchAction\",\"target\":{\"@type\":\"EntryPoint\",\"urlTemplate\":\"https:\/\/cybul.eu\/pl\/?s={search_term_string}\"},\"query-input\":{\"@type\":\"PropertyValueSpecification\",\"valueRequired\":true,\"valueName\":\"search_term_string\"}}],\"inLanguage\":\"pl-PL\"}]}<\/script>\n<!-- \/ Yoast SEO plugin. -->","yoast_head_json":{"title":"PASY OMP ONE 3+2 ENDURANCE - CYBUL","robots":{"index":"index","follow":"follow","max-snippet":"max-snippet:-1","max-image-preview":"max-image-preview:large","max-video-preview":"max-video-preview:-1"},"canonical":"https:\/\/cybul.eu\/pl\/sklep\/pasy-omp-one-32-endurance\/","og_locale":"pl_PL","og_type":"article","og_title":"PASY OMP ONE 3+2 ENDURANCE - CYBUL","og_description":"Pasy bezpiecze\u0144stwa OMP ONE 3+2 Endurance&nbsp;- 6 punktowe HANSHomologacja: FIA 8853-2016Zaawansowany model pas\u00f3w OMP przystosowanych do systemu HANS.Lekka klamra centralna wykonana z aluminium.Pas kroczowy typu T.Pas ramienny - 2\/3 cale szeroko\u015bci \/ pas biodrowy - 2 cale szeroko\u015bci \/ pas kroczowy - 2 cale szeroko\u015bciPasy biodrowe&nbsp;typu pull-downMo\u017cliwo\u015b\u0107 mocowania do klatki\u015aruby oczkowe do mocowania w komplecie.Kolory: Czerwony, Czarny","og_url":"https:\/\/cybul.eu\/pl\/sklep\/pasy-omp-one-32-endurance\/","og_site_name":"CYBUL","article_modified_time":"2024-06-06T20:28:53+00:00","og_image":[{"width":900,"height":900,"url":"https:\/\/cybul.eu\/wp-content\/uploads\/2024\/06\/pol_pl_Pasy-OMP-ONE-3-2-Endurance-1294_1.jpg","type":"image\/jpeg"}],"twitter_card":"summary_large_image","schema":{"@context":"https:\/\/schema.org","@graph":[{"@type":"WebPage","@id":"https:\/\/cybul.eu\/pl\/sklep\/pasy-omp-one-32-endurance\/","url":"https:\/\/cybul.eu\/pl\/sklep\/pasy-omp-one-32-endurance\/","name":"PASY OMP ONE 3+2 ENDURANCE - CYBUL","isPartOf":{"@id":"https:\/\/cybul.eu\/pl\/#website"},"primaryImageOfPage":{"@id":"https:\/\/cybul.eu\/pl\/sklep\/pasy-omp-one-32-endurance\/#primaryimage"},"image":{"@id":"https:\/\/cybul.eu\/pl\/sklep\/pasy-omp-one-32-endurance\/#primaryimage"},"thumbnailUrl":"https:\/\/cybul.eu\/wp-content\/uploads\/2024\/06\/pol_pl_Pasy-OMP-ONE-3-2-Endurance-1294_1.jpg","datePublished":"2024-06-06T20:28:33+00:00","dateModified":"2024-06-06T20:28:53+00:00","breadcrumb":{"@id":"https:\/\/cybul.eu\/pl\/sklep\/pasy-omp-one-32-endurance\/#breadcrumb"},"inLanguage":"pl-PL","potentialAction":[{"@type":"ReadAction","target":["https:\/\/cybul.eu\/pl\/sklep\/pasy-omp-one-32-endurance\/"]}]},{"@type":"ImageObject","inLanguage":"pl-PL","@id":"https:\/\/cybul.eu\/pl\/sklep\/pasy-omp-one-32-endurance\/#primaryimage","url":"https:\/\/cybul.eu\/wp-content\/uploads\/2024\/06\/pol_pl_Pasy-OMP-ONE-3-2-Endurance-1294_1.jpg","contentUrl":"https:\/\/cybul.eu\/wp-content\/uploads\/2024\/06\/pol_pl_Pasy-OMP-ONE-3-2-Endurance-1294_1.jpg","width":900,"height":900},{"@type":"BreadcrumbList","@id":"https:\/\/cybul.eu\/pl\/sklep\/pasy-omp-one-32-endurance\/#breadcrumb","itemListElement":[{"@type":"ListItem","position":1,"name":"Strona g\u0142\u00f3wna","item":"https:\/\/cybul.eu\/pl\/"},{"@type":"ListItem","position":2,"name":"Sklep","item":"https:\/\/cybul.eu\/pl\/sklep\/"},{"@type":"ListItem","position":3,"name":"PASY OMP ONE 3+2 ENDURANCE"}]},{"@type":"WebSite","@id":"https:\/\/cybul.eu\/pl\/#website","url":"https:\/\/cybul.eu\/pl\/","name":"CYBUL","description":"","potentialAction":[{"@type":"SearchAction","target":{"@type":"EntryPoint","urlTemplate":"https:\/\/cybul.eu\/pl\/?s={search_term_string}"},"query-input":{"@type":"PropertyValueSpecification","valueRequired":true,"valueName":"search_term_string"}}],"inLanguage":"pl-PL"}]}},"_links":{"self":[{"href":"https:\/\/cybul.eu\/pl\/wp-json\/wp\/v2\/product\/11256","targetHints":{"allow":["GET"]}}],"collection":[{"href":"https:\/\/cybul.eu\/pl\/wp-json\/wp\/v2\/product"}],"about":[{"href":"https:\/\/cybul.eu\/pl\/wp-json\/wp\/v2\/types\/product"}],"replies":[{"embeddable":true,"href":"https:\/\/cybul.eu\/pl\/wp-json\/wp\/v2\/comments?post=11256"}],"wp:featuredmedia":[{"embeddable":true,"href":"https:\/\/cybul.eu\/pl\/wp-json\/wp\/v2\/media\/11012"}],"wp:attachment":[{"href":"https:\/\/cybul.eu\/pl\/wp-json\/wp\/v2\/media?parent=11256"}],"wp:term":[{"taxonomy":"product_cat","embeddable":true,"href":"https:\/\/cybul.eu\/pl\/wp-json\/wp\/v2\/product_cat?post=11256"},{"taxonomy":"product_tag","embeddable":true,"href":"https:\/\/cybul.eu\/pl\/wp-json\/wp\/v2\/product_tag?post=11256"}],"curies":[{"name":"wp","href":"https:\/\/api.w.org\/{rel}","templated":true}]}}