{"id":11243,"date":"2024-06-06T22:28:06","date_gmt":"2024-06-06T20:28:06","guid":{"rendered":"https:\/\/cybul.eu\/shop\/pasy-sparco-competition-h-32\/"},"modified":"2024-06-06T22:28:20","modified_gmt":"2024-06-06T20:28:20","slug":"pasy-sparco-competition-h-32","status":"publish","type":"product","link":"https:\/\/cybul.eu\/pl\/sklep\/pasy-sparco-competition-h-32\/","title":{"rendered":"PASY SPARCO COMPETITION H-3+2"},"content":{"rendered":"<p><strong>Pasy bezpiecze\u0144stwa Sparco COMPETITION H-3+2<\/strong>&nbsp;&#8211; 6 punktowe<\/p>\n<p>Homologacja: <strong>FIA 8853-2016<\/strong><\/p>\n<p>Jest to podstawowy model pas\u00f3w.<br \/>Posiada stalowe klamry regulacyjne.<br \/>Klamra centralna wykonana z aluminium.<br \/>Pas ramienny &#8211; 3 cale szeroko\u015bci \/ pas biodrowy &#8211;&nbsp;3 cale szeroko\u015bci.<br \/>Wszystkie pasy mocowane za pomoc\u0105 karabi\u0144czyk\u00f3w.<br \/>Mo\u017cliwo\u015b\u0107 zamocowana g\u00f3rnych pas\u00f3w do klatki bezpiecze\u0144stwa.<\/p>\n<p>Kolory:<span style=\"color: #000000;\"><strong> Czarny<\/strong>,<\/span> <strong><span style=\"color: #ff0000;\">Czerwony<\/span><\/strong>, <span style=\"color: #0000ff;\"><strong>Niebieski<\/p>\n<p><\/strong><\/span><strong>Wymiary pas\u00f3w:<br \/><\/strong><strong>1: 1700mm<br \/><\/strong><strong>2: 400mm<br \/><\/strong><strong>3: 800mm<br \/><\/strong><strong>4: 150mm<br \/><\/strong><strong>5: 850mm<\/strong>&nbsp;<\/p>\n<p><span style=\"color: #0000ff;\"><strong><img loading=\"lazy\" decoding=\"async\" src=\"\/data\/include\/cms\/Fotele-Sparco-2017\/Wymiary_pasow_Sparco.jpg\" border=\"0\" alt=\"\" width=\"548\" height=\"900\"><\/strong><\/span><\/p>\n","protected":false},"excerpt":{"rendered":"<p><strong>Pasy bezpiecze\u0144stwa Sparco COMPETITION H-3+2<\/strong>&nbsp;&#8211; 6 punktowe<\/p>\n<p>Homologacja: <strong>FIA 8853-2016<\/strong><\/p>\n<p>Jest to podstawowy model pas\u00f3w.<br \/>Posiada stalowe klamry regulacyjne.<br \/>Klamra centralna wykonana z aluminium.<br \/>Pas ramienny &#8211; 3 cale szeroko\u015bci \/ pas biodrowy &#8211;&nbsp;3 cale szeroko\u015bci.<br \/>Wszystkie pasy mocowane za pomoc\u0105 karabi\u0144czyk\u00f3w.<br \/>Mo\u017cliwo\u015b\u0107 zamocowana g\u00f3rnych pas\u00f3w do klatki bezpiecze\u0144stwa.<\/p>\n<p>Kolory:<span style=\"color: #000000;\"><strong> Czarny<\/strong>,<\/span> <strong><span style=\"color: #ff0000;\">Czerwony<\/span><\/strong>, <span style=\"color: #0000ff;\"><strong>Niebieski<\/p>\n<p><\/strong><\/span><strong>Wymiary pas\u00f3w:<br \/><\/strong><strong>1: 1700mm<br \/><\/strong><strong>2: 400mm<br \/><\/strong><strong>3: 800mm<br \/><\/strong><strong>4: 150mm<br \/><\/strong><strong>5: 850mm<\/strong>&nbsp;<\/p>\n","protected":false},"featured_media":10949,"comment_status":"closed","ping_status":"open","template":"","meta":[],"product_cat":[548,542],"product_tag":[],"class_list":{"0":"post-11243","1":"product","2":"type-product","3":"status-publish","4":"has-post-thumbnail","6":"product_cat-pasy-rajdowe","7":"product_cat-wnetrze","9":"first","10":"instock","11":"taxable","12":"shipping-taxable","13":"purchasable","14":"product-type-simple"},"bundled_by":[],"bundle_stock_status":"instock","bundle_stock_quantity":null,"bundle_virtual":false,"bundle_layout":"","bundle_add_to_cart_form_location":"","bundle_editable_in_cart":false,"bundle_sold_individually_context":"","bundle_item_grouping":"","bundle_min_size":"","bundle_max_size":"","bundle_price":[],"bundled_items":[],"bundle_sell_ids":[],"acf":{"zdjecie_bez_watermarka":null,"zdjecie_bez_watermarka_url":"","product_orgin_url":"https:\/\/inter-rally.pl\/product-eng-72917-Pasy-Sparco-COMPETITION-H-3-2.html"},"yoast_head":"<!-- This site is optimized with the Yoast SEO plugin v23.9 - https:\/\/yoast.com\/wordpress\/plugins\/seo\/ -->\n<title>PASY SPARCO COMPETITION H-3+2 - CYBUL<\/title>\n<meta name=\"robots\" content=\"index, follow, max-snippet:-1, max-image-preview:large, max-video-preview:-1\" \/>\n<link rel=\"canonical\" href=\"https:\/\/cybul.eu\/pl\/sklep\/pasy-sparco-competition-h-32\/\" \/>\n<meta property=\"og:locale\" content=\"pl_PL\" \/>\n<meta property=\"og:type\" content=\"article\" \/>\n<meta property=\"og:title\" content=\"PASY SPARCO COMPETITION H-3+2 - CYBUL\" \/>\n<meta property=\"og:description\" content=\"Pasy bezpiecze\u0144stwa Sparco COMPETITION H-3+2&nbsp;- 6 punktoweHomologacja: FIA 8853-2016Jest to podstawowy model pas\u00f3w.Posiada stalowe klamry regulacyjne.Klamra centralna wykonana z aluminium.Pas ramienny - 3 cale szeroko\u015bci \/ pas biodrowy -&nbsp;3 cale szeroko\u015bci.Wszystkie pasy mocowane za pomoc\u0105 karabi\u0144czyk\u00f3w.Mo\u017cliwo\u015b\u0107 zamocowana g\u00f3rnych pas\u00f3w do klatki bezpiecze\u0144stwa.Kolory: Czarny, Czerwony, NiebieskiWymiary pas\u00f3w:1: 1700mm2: 400mm3: 800mm4: 150mm5: 850mm&nbsp;\" \/>\n<meta property=\"og:url\" content=\"https:\/\/cybul.eu\/pl\/sklep\/pasy-sparco-competition-h-32\/\" \/>\n<meta property=\"og:site_name\" content=\"CYBUL\" \/>\n<meta property=\"article:modified_time\" content=\"2024-06-06T20:28:20+00:00\" \/>\n<meta property=\"og:image\" content=\"https:\/\/cybul.eu\/wp-content\/uploads\/2024\/06\/pol_pl_Pasy-Sparco-COMPETITION-H-3-2-72917_2.jpg\" \/>\n\t<meta property=\"og:image:width\" content=\"900\" \/>\n\t<meta property=\"og:image:height\" content=\"900\" \/>\n\t<meta property=\"og:image:type\" content=\"image\/jpeg\" \/>\n<meta name=\"twitter:card\" content=\"summary_large_image\" \/>\n<script type=\"application\/ld+json\" class=\"yoast-schema-graph\">{\"@context\":\"https:\/\/schema.org\",\"@graph\":[{\"@type\":\"WebPage\",\"@id\":\"https:\/\/cybul.eu\/pl\/sklep\/pasy-sparco-competition-h-32\/\",\"url\":\"https:\/\/cybul.eu\/pl\/sklep\/pasy-sparco-competition-h-32\/\",\"name\":\"PASY SPARCO COMPETITION H-3+2 - CYBUL\",\"isPartOf\":{\"@id\":\"https:\/\/cybul.eu\/pl\/#website\"},\"primaryImageOfPage\":{\"@id\":\"https:\/\/cybul.eu\/pl\/sklep\/pasy-sparco-competition-h-32\/#primaryimage\"},\"image\":{\"@id\":\"https:\/\/cybul.eu\/pl\/sklep\/pasy-sparco-competition-h-32\/#primaryimage\"},\"thumbnailUrl\":\"https:\/\/cybul.eu\/wp-content\/uploads\/2024\/06\/pol_pl_Pasy-Sparco-COMPETITION-H-3-2-72917_2.jpg\",\"datePublished\":\"2024-06-06T20:28:06+00:00\",\"dateModified\":\"2024-06-06T20:28:20+00:00\",\"breadcrumb\":{\"@id\":\"https:\/\/cybul.eu\/pl\/sklep\/pasy-sparco-competition-h-32\/#breadcrumb\"},\"inLanguage\":\"pl-PL\",\"potentialAction\":[{\"@type\":\"ReadAction\",\"target\":[\"https:\/\/cybul.eu\/pl\/sklep\/pasy-sparco-competition-h-32\/\"]}]},{\"@type\":\"ImageObject\",\"inLanguage\":\"pl-PL\",\"@id\":\"https:\/\/cybul.eu\/pl\/sklep\/pasy-sparco-competition-h-32\/#primaryimage\",\"url\":\"https:\/\/cybul.eu\/wp-content\/uploads\/2024\/06\/pol_pl_Pasy-Sparco-COMPETITION-H-3-2-72917_2.jpg\",\"contentUrl\":\"https:\/\/cybul.eu\/wp-content\/uploads\/2024\/06\/pol_pl_Pasy-Sparco-COMPETITION-H-3-2-72917_2.jpg\",\"width\":900,\"height\":900},{\"@type\":\"BreadcrumbList\",\"@id\":\"https:\/\/cybul.eu\/pl\/sklep\/pasy-sparco-competition-h-32\/#breadcrumb\",\"itemListElement\":[{\"@type\":\"ListItem\",\"position\":1,\"name\":\"Strona g\u0142\u00f3wna\",\"item\":\"https:\/\/cybul.eu\/pl\/\"},{\"@type\":\"ListItem\",\"position\":2,\"name\":\"Sklep\",\"item\":\"https:\/\/cybul.eu\/pl\/sklep\/\"},{\"@type\":\"ListItem\",\"position\":3,\"name\":\"PASY SPARCO COMPETITION H-3+2\"}]},{\"@type\":\"WebSite\",\"@id\":\"https:\/\/cybul.eu\/pl\/#website\",\"url\":\"https:\/\/cybul.eu\/pl\/\",\"name\":\"CYBUL\",\"description\":\"\",\"potentialAction\":[{\"@type\":\"SearchAction\",\"target\":{\"@type\":\"EntryPoint\",\"urlTemplate\":\"https:\/\/cybul.eu\/pl\/?s={search_term_string}\"},\"query-input\":{\"@type\":\"PropertyValueSpecification\",\"valueRequired\":true,\"valueName\":\"search_term_string\"}}],\"inLanguage\":\"pl-PL\"}]}<\/script>\n<!-- \/ Yoast SEO plugin. -->","yoast_head_json":{"title":"PASY SPARCO COMPETITION H-3+2 - CYBUL","robots":{"index":"index","follow":"follow","max-snippet":"max-snippet:-1","max-image-preview":"max-image-preview:large","max-video-preview":"max-video-preview:-1"},"canonical":"https:\/\/cybul.eu\/pl\/sklep\/pasy-sparco-competition-h-32\/","og_locale":"pl_PL","og_type":"article","og_title":"PASY SPARCO COMPETITION H-3+2 - CYBUL","og_description":"Pasy bezpiecze\u0144stwa Sparco COMPETITION H-3+2&nbsp;- 6 punktoweHomologacja: FIA 8853-2016Jest to podstawowy model pas\u00f3w.Posiada stalowe klamry regulacyjne.Klamra centralna wykonana z aluminium.Pas ramienny - 3 cale szeroko\u015bci \/ pas biodrowy -&nbsp;3 cale szeroko\u015bci.Wszystkie pasy mocowane za pomoc\u0105 karabi\u0144czyk\u00f3w.Mo\u017cliwo\u015b\u0107 zamocowana g\u00f3rnych pas\u00f3w do klatki bezpiecze\u0144stwa.Kolory: Czarny, Czerwony, NiebieskiWymiary pas\u00f3w:1: 1700mm2: 400mm3: 800mm4: 150mm5: 850mm&nbsp;","og_url":"https:\/\/cybul.eu\/pl\/sklep\/pasy-sparco-competition-h-32\/","og_site_name":"CYBUL","article_modified_time":"2024-06-06T20:28:20+00:00","og_image":[{"width":900,"height":900,"url":"https:\/\/cybul.eu\/wp-content\/uploads\/2024\/06\/pol_pl_Pasy-Sparco-COMPETITION-H-3-2-72917_2.jpg","type":"image\/jpeg"}],"twitter_card":"summary_large_image","schema":{"@context":"https:\/\/schema.org","@graph":[{"@type":"WebPage","@id":"https:\/\/cybul.eu\/pl\/sklep\/pasy-sparco-competition-h-32\/","url":"https:\/\/cybul.eu\/pl\/sklep\/pasy-sparco-competition-h-32\/","name":"PASY SPARCO COMPETITION H-3+2 - CYBUL","isPartOf":{"@id":"https:\/\/cybul.eu\/pl\/#website"},"primaryImageOfPage":{"@id":"https:\/\/cybul.eu\/pl\/sklep\/pasy-sparco-competition-h-32\/#primaryimage"},"image":{"@id":"https:\/\/cybul.eu\/pl\/sklep\/pasy-sparco-competition-h-32\/#primaryimage"},"thumbnailUrl":"https:\/\/cybul.eu\/wp-content\/uploads\/2024\/06\/pol_pl_Pasy-Sparco-COMPETITION-H-3-2-72917_2.jpg","datePublished":"2024-06-06T20:28:06+00:00","dateModified":"2024-06-06T20:28:20+00:00","breadcrumb":{"@id":"https:\/\/cybul.eu\/pl\/sklep\/pasy-sparco-competition-h-32\/#breadcrumb"},"inLanguage":"pl-PL","potentialAction":[{"@type":"ReadAction","target":["https:\/\/cybul.eu\/pl\/sklep\/pasy-sparco-competition-h-32\/"]}]},{"@type":"ImageObject","inLanguage":"pl-PL","@id":"https:\/\/cybul.eu\/pl\/sklep\/pasy-sparco-competition-h-32\/#primaryimage","url":"https:\/\/cybul.eu\/wp-content\/uploads\/2024\/06\/pol_pl_Pasy-Sparco-COMPETITION-H-3-2-72917_2.jpg","contentUrl":"https:\/\/cybul.eu\/wp-content\/uploads\/2024\/06\/pol_pl_Pasy-Sparco-COMPETITION-H-3-2-72917_2.jpg","width":900,"height":900},{"@type":"BreadcrumbList","@id":"https:\/\/cybul.eu\/pl\/sklep\/pasy-sparco-competition-h-32\/#breadcrumb","itemListElement":[{"@type":"ListItem","position":1,"name":"Strona g\u0142\u00f3wna","item":"https:\/\/cybul.eu\/pl\/"},{"@type":"ListItem","position":2,"name":"Sklep","item":"https:\/\/cybul.eu\/pl\/sklep\/"},{"@type":"ListItem","position":3,"name":"PASY SPARCO COMPETITION H-3+2"}]},{"@type":"WebSite","@id":"https:\/\/cybul.eu\/pl\/#website","url":"https:\/\/cybul.eu\/pl\/","name":"CYBUL","description":"","potentialAction":[{"@type":"SearchAction","target":{"@type":"EntryPoint","urlTemplate":"https:\/\/cybul.eu\/pl\/?s={search_term_string}"},"query-input":{"@type":"PropertyValueSpecification","valueRequired":true,"valueName":"search_term_string"}}],"inLanguage":"pl-PL"}]}},"_links":{"self":[{"href":"https:\/\/cybul.eu\/pl\/wp-json\/wp\/v2\/product\/11243","targetHints":{"allow":["GET"]}}],"collection":[{"href":"https:\/\/cybul.eu\/pl\/wp-json\/wp\/v2\/product"}],"about":[{"href":"https:\/\/cybul.eu\/pl\/wp-json\/wp\/v2\/types\/product"}],"replies":[{"embeddable":true,"href":"https:\/\/cybul.eu\/pl\/wp-json\/wp\/v2\/comments?post=11243"}],"wp:featuredmedia":[{"embeddable":true,"href":"https:\/\/cybul.eu\/pl\/wp-json\/wp\/v2\/media\/10949"}],"wp:attachment":[{"href":"https:\/\/cybul.eu\/pl\/wp-json\/wp\/v2\/media?parent=11243"}],"wp:term":[{"taxonomy":"product_cat","embeddable":true,"href":"https:\/\/cybul.eu\/pl\/wp-json\/wp\/v2\/product_cat?post=11243"},{"taxonomy":"product_tag","embeddable":true,"href":"https:\/\/cybul.eu\/pl\/wp-json\/wp\/v2\/product_tag?post=11243"}],"curies":[{"name":"wp","href":"https:\/\/api.w.org\/{rel}","templated":true}]}}