{"id":11234,"date":"2024-06-06T22:28:06","date_gmt":"2024-06-06T20:28:06","guid":{"rendered":"https:\/\/cybul.eu\/shop\/pasy-qsp-fhr-touring-6p-2-3-fia\/"},"modified":"2024-06-06T22:28:11","modified_gmt":"2024-06-06T20:28:11","slug":"pasy-qsp-fhr-touring-6p-2-3-fia","status":"publish","type":"product","link":"https:\/\/cybul.eu\/pl\/sklep\/pasy-qsp-fhr-touring-6p-2-3-fia\/","title":{"rendered":"PASY QSP FHR TOURING 6P 2\/3&#8243; FIA"},"content":{"rendered":"<p><strong>Pasy bezpiecze\u0144stwa QSP FHR Touring 6-punktowe 2\/3&#8243;<\/strong><\/p>\n<p>Homologacja:<strong> FIA&nbsp;8853-2016<\/strong><\/p>\n<p>Dost\u0119pne w kolorach: <strong><span style=\"color: #ff0000;\">czerwony<\/span>, czarny, <span style=\"color: #0000ff;\">niebieski<span style=\"color: #000000;\">,<\/span>&nbsp;<span style=\"color: #99cc00;\">zielony<span style=\"color: #000000;\">, <span style=\"color: #ffff00;\">\u017c\u00f3\u0142ty<\/span><\/span><\/span><\/span><\/strong><\/p>\n","protected":false},"excerpt":{"rendered":"<p><strong>Pasy bezpiecze\u0144stwa QSP FHR Touring 6-punktowe 2\/3&#8243;<\/strong><\/p>\n<p>Homologacja:<strong> FIA&nbsp;8853-2016<\/strong><\/p>\n<p>Dost\u0119pne w kolorach: <strong><span style=\"color: #ff0000;\">czerwony<\/span>, czarny, <span style=\"color: #0000ff;\">niebieski<span style=\"color: #000000;\">,<\/span>&nbsp;<span style=\"color: #99cc00;\">zielony<span style=\"color: #000000;\">, <span style=\"color: #ffff00;\">\u017c\u00f3\u0142ty<\/span><\/span><\/span><\/span><\/strong><\/p>\n","protected":false},"featured_media":10888,"comment_status":"closed","ping_status":"open","template":"","meta":[],"product_cat":[548,542],"product_tag":[],"class_list":{"0":"post-11234","1":"product","2":"type-product","3":"status-publish","4":"has-post-thumbnail","6":"product_cat-pasy-rajdowe","7":"product_cat-wnetrze","9":"first","10":"instock","11":"taxable","12":"shipping-taxable","13":"purchasable","14":"product-type-simple"},"bundled_by":[],"bundle_stock_status":"instock","bundle_stock_quantity":null,"bundle_virtual":false,"bundle_layout":"","bundle_add_to_cart_form_location":"","bundle_editable_in_cart":false,"bundle_sold_individually_context":"","bundle_item_grouping":"","bundle_min_size":"","bundle_max_size":"","bundle_price":[],"bundled_items":[],"bundle_sell_ids":[],"acf":{"zdjecie_bez_watermarka":null,"zdjecie_bez_watermarka_url":"","product_orgin_url":"https:\/\/inter-rally.pl\/product-eng-141144-Pasy-QSP-FHR-Touring-6p-2-3-FIA.html"},"yoast_head":"<!-- This site is optimized with the Yoast SEO plugin v23.9 - https:\/\/yoast.com\/wordpress\/plugins\/seo\/ -->\n<title>PASY QSP FHR TOURING 6P 2\/3&quot; FIA - CYBUL<\/title>\n<meta name=\"robots\" content=\"index, follow, max-snippet:-1, max-image-preview:large, max-video-preview:-1\" \/>\n<link rel=\"canonical\" href=\"https:\/\/cybul.eu\/pl\/sklep\/pasy-qsp-fhr-touring-6p-2-3-fia\/\" \/>\n<meta property=\"og:locale\" content=\"pl_PL\" \/>\n<meta property=\"og:type\" content=\"article\" \/>\n<meta property=\"og:title\" content=\"PASY QSP FHR TOURING 6P 2\/3&quot; FIA - CYBUL\" \/>\n<meta property=\"og:description\" content=\"Pasy bezpiecze\u0144stwa QSP FHR Touring 6-punktowe 2\/3&quot;Homologacja: FIA&nbsp;8853-2016Dost\u0119pne w kolorach: czerwony, czarny, niebieski,&nbsp;zielony, \u017c\u00f3\u0142ty\" \/>\n<meta property=\"og:url\" content=\"https:\/\/cybul.eu\/pl\/sklep\/pasy-qsp-fhr-touring-6p-2-3-fia\/\" \/>\n<meta property=\"og:site_name\" content=\"CYBUL\" \/>\n<meta property=\"article:modified_time\" content=\"2024-06-06T20:28:11+00:00\" \/>\n<meta property=\"og:image\" content=\"https:\/\/cybul.eu\/wp-content\/uploads\/2024\/06\/pol_pl_Pasy-QSP-FHR-Touring-6p-2-3-FIA-141144_4.jpg\" \/>\n\t<meta property=\"og:image:width\" content=\"900\" \/>\n\t<meta property=\"og:image:height\" content=\"900\" \/>\n\t<meta property=\"og:image:type\" content=\"image\/jpeg\" \/>\n<meta name=\"twitter:card\" content=\"summary_large_image\" \/>\n<script type=\"application\/ld+json\" class=\"yoast-schema-graph\">{\"@context\":\"https:\/\/schema.org\",\"@graph\":[{\"@type\":\"WebPage\",\"@id\":\"https:\/\/cybul.eu\/pl\/sklep\/pasy-qsp-fhr-touring-6p-2-3-fia\/\",\"url\":\"https:\/\/cybul.eu\/pl\/sklep\/pasy-qsp-fhr-touring-6p-2-3-fia\/\",\"name\":\"PASY QSP FHR TOURING 6P 2\/3\\\" FIA - CYBUL\",\"isPartOf\":{\"@id\":\"https:\/\/cybul.eu\/pl\/#website\"},\"primaryImageOfPage\":{\"@id\":\"https:\/\/cybul.eu\/pl\/sklep\/pasy-qsp-fhr-touring-6p-2-3-fia\/#primaryimage\"},\"image\":{\"@id\":\"https:\/\/cybul.eu\/pl\/sklep\/pasy-qsp-fhr-touring-6p-2-3-fia\/#primaryimage\"},\"thumbnailUrl\":\"https:\/\/cybul.eu\/wp-content\/uploads\/2024\/06\/pol_pl_Pasy-QSP-FHR-Touring-6p-2-3-FIA-141144_4.jpg\",\"datePublished\":\"2024-06-06T20:28:06+00:00\",\"dateModified\":\"2024-06-06T20:28:11+00:00\",\"breadcrumb\":{\"@id\":\"https:\/\/cybul.eu\/pl\/sklep\/pasy-qsp-fhr-touring-6p-2-3-fia\/#breadcrumb\"},\"inLanguage\":\"pl-PL\",\"potentialAction\":[{\"@type\":\"ReadAction\",\"target\":[\"https:\/\/cybul.eu\/pl\/sklep\/pasy-qsp-fhr-touring-6p-2-3-fia\/\"]}]},{\"@type\":\"ImageObject\",\"inLanguage\":\"pl-PL\",\"@id\":\"https:\/\/cybul.eu\/pl\/sklep\/pasy-qsp-fhr-touring-6p-2-3-fia\/#primaryimage\",\"url\":\"https:\/\/cybul.eu\/wp-content\/uploads\/2024\/06\/pol_pl_Pasy-QSP-FHR-Touring-6p-2-3-FIA-141144_4.jpg\",\"contentUrl\":\"https:\/\/cybul.eu\/wp-content\/uploads\/2024\/06\/pol_pl_Pasy-QSP-FHR-Touring-6p-2-3-FIA-141144_4.jpg\",\"width\":900,\"height\":900},{\"@type\":\"BreadcrumbList\",\"@id\":\"https:\/\/cybul.eu\/pl\/sklep\/pasy-qsp-fhr-touring-6p-2-3-fia\/#breadcrumb\",\"itemListElement\":[{\"@type\":\"ListItem\",\"position\":1,\"name\":\"Strona g\u0142\u00f3wna\",\"item\":\"https:\/\/cybul.eu\/pl\/\"},{\"@type\":\"ListItem\",\"position\":2,\"name\":\"Sklep\",\"item\":\"https:\/\/cybul.eu\/pl\/sklep\/\"},{\"@type\":\"ListItem\",\"position\":3,\"name\":\"PASY QSP FHR TOURING 6P 2\/3&#8243; FIA\"}]},{\"@type\":\"WebSite\",\"@id\":\"https:\/\/cybul.eu\/pl\/#website\",\"url\":\"https:\/\/cybul.eu\/pl\/\",\"name\":\"CYBUL\",\"description\":\"\",\"potentialAction\":[{\"@type\":\"SearchAction\",\"target\":{\"@type\":\"EntryPoint\",\"urlTemplate\":\"https:\/\/cybul.eu\/pl\/?s={search_term_string}\"},\"query-input\":{\"@type\":\"PropertyValueSpecification\",\"valueRequired\":true,\"valueName\":\"search_term_string\"}}],\"inLanguage\":\"pl-PL\"}]}<\/script>\n<!-- \/ Yoast SEO plugin. -->","yoast_head_json":{"title":"PASY QSP FHR TOURING 6P 2\/3\" FIA - CYBUL","robots":{"index":"index","follow":"follow","max-snippet":"max-snippet:-1","max-image-preview":"max-image-preview:large","max-video-preview":"max-video-preview:-1"},"canonical":"https:\/\/cybul.eu\/pl\/sklep\/pasy-qsp-fhr-touring-6p-2-3-fia\/","og_locale":"pl_PL","og_type":"article","og_title":"PASY QSP FHR TOURING 6P 2\/3\" FIA - CYBUL","og_description":"Pasy bezpiecze\u0144stwa QSP FHR Touring 6-punktowe 2\/3\"Homologacja: FIA&nbsp;8853-2016Dost\u0119pne w kolorach: czerwony, czarny, niebieski,&nbsp;zielony, \u017c\u00f3\u0142ty","og_url":"https:\/\/cybul.eu\/pl\/sklep\/pasy-qsp-fhr-touring-6p-2-3-fia\/","og_site_name":"CYBUL","article_modified_time":"2024-06-06T20:28:11+00:00","og_image":[{"width":900,"height":900,"url":"https:\/\/cybul.eu\/wp-content\/uploads\/2024\/06\/pol_pl_Pasy-QSP-FHR-Touring-6p-2-3-FIA-141144_4.jpg","type":"image\/jpeg"}],"twitter_card":"summary_large_image","schema":{"@context":"https:\/\/schema.org","@graph":[{"@type":"WebPage","@id":"https:\/\/cybul.eu\/pl\/sklep\/pasy-qsp-fhr-touring-6p-2-3-fia\/","url":"https:\/\/cybul.eu\/pl\/sklep\/pasy-qsp-fhr-touring-6p-2-3-fia\/","name":"PASY QSP FHR TOURING 6P 2\/3\" FIA - CYBUL","isPartOf":{"@id":"https:\/\/cybul.eu\/pl\/#website"},"primaryImageOfPage":{"@id":"https:\/\/cybul.eu\/pl\/sklep\/pasy-qsp-fhr-touring-6p-2-3-fia\/#primaryimage"},"image":{"@id":"https:\/\/cybul.eu\/pl\/sklep\/pasy-qsp-fhr-touring-6p-2-3-fia\/#primaryimage"},"thumbnailUrl":"https:\/\/cybul.eu\/wp-content\/uploads\/2024\/06\/pol_pl_Pasy-QSP-FHR-Touring-6p-2-3-FIA-141144_4.jpg","datePublished":"2024-06-06T20:28:06+00:00","dateModified":"2024-06-06T20:28:11+00:00","breadcrumb":{"@id":"https:\/\/cybul.eu\/pl\/sklep\/pasy-qsp-fhr-touring-6p-2-3-fia\/#breadcrumb"},"inLanguage":"pl-PL","potentialAction":[{"@type":"ReadAction","target":["https:\/\/cybul.eu\/pl\/sklep\/pasy-qsp-fhr-touring-6p-2-3-fia\/"]}]},{"@type":"ImageObject","inLanguage":"pl-PL","@id":"https:\/\/cybul.eu\/pl\/sklep\/pasy-qsp-fhr-touring-6p-2-3-fia\/#primaryimage","url":"https:\/\/cybul.eu\/wp-content\/uploads\/2024\/06\/pol_pl_Pasy-QSP-FHR-Touring-6p-2-3-FIA-141144_4.jpg","contentUrl":"https:\/\/cybul.eu\/wp-content\/uploads\/2024\/06\/pol_pl_Pasy-QSP-FHR-Touring-6p-2-3-FIA-141144_4.jpg","width":900,"height":900},{"@type":"BreadcrumbList","@id":"https:\/\/cybul.eu\/pl\/sklep\/pasy-qsp-fhr-touring-6p-2-3-fia\/#breadcrumb","itemListElement":[{"@type":"ListItem","position":1,"name":"Strona g\u0142\u00f3wna","item":"https:\/\/cybul.eu\/pl\/"},{"@type":"ListItem","position":2,"name":"Sklep","item":"https:\/\/cybul.eu\/pl\/sklep\/"},{"@type":"ListItem","position":3,"name":"PASY QSP FHR TOURING 6P 2\/3&#8243; FIA"}]},{"@type":"WebSite","@id":"https:\/\/cybul.eu\/pl\/#website","url":"https:\/\/cybul.eu\/pl\/","name":"CYBUL","description":"","potentialAction":[{"@type":"SearchAction","target":{"@type":"EntryPoint","urlTemplate":"https:\/\/cybul.eu\/pl\/?s={search_term_string}"},"query-input":{"@type":"PropertyValueSpecification","valueRequired":true,"valueName":"search_term_string"}}],"inLanguage":"pl-PL"}]}},"_links":{"self":[{"href":"https:\/\/cybul.eu\/pl\/wp-json\/wp\/v2\/product\/11234","targetHints":{"allow":["GET"]}}],"collection":[{"href":"https:\/\/cybul.eu\/pl\/wp-json\/wp\/v2\/product"}],"about":[{"href":"https:\/\/cybul.eu\/pl\/wp-json\/wp\/v2\/types\/product"}],"replies":[{"embeddable":true,"href":"https:\/\/cybul.eu\/pl\/wp-json\/wp\/v2\/comments?post=11234"}],"wp:featuredmedia":[{"embeddable":true,"href":"https:\/\/cybul.eu\/pl\/wp-json\/wp\/v2\/media\/10888"}],"wp:attachment":[{"href":"https:\/\/cybul.eu\/pl\/wp-json\/wp\/v2\/media?parent=11234"}],"wp:term":[{"taxonomy":"product_cat","embeddable":true,"href":"https:\/\/cybul.eu\/pl\/wp-json\/wp\/v2\/product_cat?post=11234"},{"taxonomy":"product_tag","embeddable":true,"href":"https:\/\/cybul.eu\/pl\/wp-json\/wp\/v2\/product_tag?post=11234"}],"curies":[{"name":"wp","href":"https:\/\/api.w.org\/{rel}","templated":true}]}}