{"id":11230,"date":"2024-06-06T22:28:06","date_gmt":"2024-06-06T20:28:06","guid":{"rendered":"https:\/\/cybul.eu\/shop\/pasy-rrs-r6-hans-fia-ultralekkie-6-punktowe-2-3\/"},"modified":"2024-06-06T22:28:06","modified_gmt":"2024-06-06T20:28:06","slug":"pasy-rrs-r6-hans-fia-ultralekkie-6-punktowe-2-3","status":"publish","type":"product","link":"https:\/\/cybul.eu\/pl\/sklep\/pasy-rrs-r6-hans-fia-ultralekkie-6-punktowe-2-3\/","title":{"rendered":"PASY RRS R6 HANS FIA ULTRALEKKIE &#8211; 6 PUNKTOWE 2\/3&#8243;"},"content":{"rendered":"<p><span><strong>Pasy bezpiecze\u0144stwa RRS 6 punktowe 2&#8243;\/3&#8243;\/3&#8243; HANS ultralekkie &#8211; FIA<\/strong><\/p>\n<p>Homologacja: <span style=\"color: #ff0000;\"><strong><span style=\"color: #000000;\">FIA&nbsp;8853-2016<\/span>&nbsp;(Wa\u017cna do 31.12.2029)<\/strong><\/span><\/p>\n<p><\/span><span>Przystosowane do systemu HANS, zw\u0119\u017cane w miejscu ko\u0142nierza nie trac\u0105c przy tym na komforcie.&nbsp;<\/span>3&#8243; pasy zw\u0119\u017caj\u0105 si\u0119 do 2&#8243;, s\u0105 przy tym bardzo d\u0142ugie i pasuj\u0105 do ka\u017cdego rodzaju nadwodzia.<br \/><strong><br \/><\/strong>&#8211; <strong>Nowa klamra centralna ze stop\u00f3w magnezu!<br \/><\/strong>&#8211; <strong>Waga: 2,8 kg ultralekkie w swojej klasie<br \/><\/strong>&#8211; Aluminiowe lekkie mocowania i klamry<br \/>&#8211; Klamry i mocowania pokryte matowym lakierem<br \/>&#8211; D\u0142ugo\u015b\u0107 pas\u00f3w ramion: 185cm<br \/>&#8211; W komplecie \u015bruby oczkowe<br \/>&#8211; Rzep do kabla interkomu lub systemu&nbsp;do picia<br \/>&#8211; Paski u\u0142atwiaj\u0105ce naci\u0105ganie i luzowanie pas\u00f3w<\/p>\n<p> <strong>Mo\u017cliwo\u015b\u0107 zamontowania do klatki<\/strong> (d\u0142ugo\u015b\u0107 pas\u00f3w ramiennych &#8211; oko\u0142o 190cm)<\/p>\n<p>Kolory: <span style=\"color: #ff0000;\"><strong>Czerwony<\/strong><\/span>, <strong>Czarny<\/strong>, <span style=\"color: #0000ff;\"><strong>Niebieski<\/strong><\/span><\/p>\n","protected":false},"excerpt":{"rendered":"<p><span><strong>Pasy bezpiecze\u0144stwa RRS 6 punktowe 2&#8243;\/3&#8243;\/3&#8243; HANS ultralekkie &#8211; FIA<\/strong><\/p>\n<p>Homologacja: <span style=\"color: #ff0000;\"><strong><span style=\"color: #000000;\">FIA&nbsp;8853-2016<\/span>&nbsp;(Wa\u017cna do 31.12.2029)<\/strong><\/span><\/p>\n<p><\/span><span>Przystosowane do systemu HANS, zw\u0119\u017cane w miejscu ko\u0142nierza nie trac\u0105c przy tym na komforcie.&nbsp;<\/span>3&#8243; pasy zw\u0119\u017caj\u0105 si\u0119 do 2&#8243;, s\u0105 przy tym bardzo d\u0142ugie i pasuj\u0105 do ka\u017cdego rodzaju nadwodzia.<br \/><strong><br \/><\/strong>&#8211; <strong>Nowa klamra centralna ze stop\u00f3w magnezu!<br \/><\/strong>&#8211; <strong>Waga: 2,8 kg ultralekkie w swojej klasie<br \/><\/strong>&#8211; Aluminiowe lekkie mocowania i klamry<br \/>&#8211; Klamry i mocowania pokryte matowym lakierem<br \/>&#8211; D\u0142ugo\u015b\u0107 pas\u00f3w ramion: 185cm<br \/>&#8211; W komplecie \u015bruby oczkowe<br \/>&#8211; Rzep do kabla interkomu lub systemu&nbsp;do picia<br \/>&#8211; Paski u\u0142atwiaj\u0105ce naci\u0105ganie i luzowanie pas\u00f3w<\/p>\n<p> <strong>Mo\u017cliwo\u015b\u0107 zamontowania do klatki<\/strong> (d\u0142ugo\u015b\u0107 pas\u00f3w ramiennych &#8211; oko\u0142o 190cm)<\/p>\n<p>Kolory: <span style=\"color: #ff0000;\"><strong>Czerwony<\/strong><\/span>, <strong>Czarny<\/strong>, <span style=\"color: #0000ff;\"><strong>Niebieski<\/strong><\/span><\/p>\n","protected":false},"featured_media":10850,"comment_status":"closed","ping_status":"open","template":"","meta":[],"product_cat":[548,542],"product_tag":[],"class_list":{"0":"post-11230","1":"product","2":"type-product","3":"status-publish","4":"has-post-thumbnail","6":"product_cat-pasy-rajdowe","7":"product_cat-wnetrze","9":"first","10":"instock","11":"taxable","12":"shipping-taxable","13":"purchasable","14":"product-type-simple"},"bundled_by":[],"bundle_stock_status":"instock","bundle_stock_quantity":null,"bundle_virtual":false,"bundle_layout":"","bundle_add_to_cart_form_location":"","bundle_editable_in_cart":false,"bundle_sold_individually_context":"","bundle_item_grouping":"","bundle_min_size":"","bundle_max_size":"","bundle_price":[],"bundled_items":[],"bundle_sell_ids":[],"acf":{"zdjecie_bez_watermarka":null,"zdjecie_bez_watermarka_url":"","product_orgin_url":"https:\/\/inter-rally.pl\/product-eng-58316-Pasy-RRS-R6-HANS-FIA-Ultralekkie-6-punktowe-2-3.html"},"yoast_head":"<!-- This site is optimized with the Yoast SEO plugin v23.9 - https:\/\/yoast.com\/wordpress\/plugins\/seo\/ -->\n<title>PASY RRS R6 HANS FIA ULTRALEKKIE - 6 PUNKTOWE 2\/3&quot; - CYBUL<\/title>\n<meta name=\"robots\" content=\"index, follow, max-snippet:-1, max-image-preview:large, max-video-preview:-1\" \/>\n<link rel=\"canonical\" href=\"https:\/\/cybul.eu\/pl\/sklep\/pasy-rrs-r6-hans-fia-ultralekkie-6-punktowe-2-3\/\" \/>\n<meta property=\"og:locale\" content=\"pl_PL\" \/>\n<meta property=\"og:type\" content=\"article\" \/>\n<meta property=\"og:title\" content=\"PASY RRS R6 HANS FIA ULTRALEKKIE - 6 PUNKTOWE 2\/3&quot; - CYBUL\" \/>\n<meta property=\"og:description\" content=\"Pasy bezpiecze\u0144stwa RRS 6 punktowe 2&quot;\/3&quot;\/3&quot; HANS ultralekkie - FIAHomologacja: FIA&nbsp;8853-2016&nbsp;(Wa\u017cna do 31.12.2029)Przystosowane do systemu HANS, zw\u0119\u017cane w miejscu ko\u0142nierza nie trac\u0105c przy tym na komforcie.&nbsp;3&quot; pasy zw\u0119\u017caj\u0105 si\u0119 do 2&quot;, s\u0105 przy tym bardzo d\u0142ugie i pasuj\u0105 do ka\u017cdego rodzaju nadwodzia.- Nowa klamra centralna ze stop\u00f3w magnezu!- Waga: 2,8 kg ultralekkie w swojej klasie- Aluminiowe lekkie mocowania i klamry- Klamry i mocowania pokryte matowym lakierem- D\u0142ugo\u015b\u0107 pas\u00f3w ramion: 185cm- W komplecie \u015bruby oczkowe- Rzep do kabla interkomu lub systemu&nbsp;do picia- Paski u\u0142atwiaj\u0105ce naci\u0105ganie i luzowanie pas\u00f3w Mo\u017cliwo\u015b\u0107 zamontowania do klatki (d\u0142ugo\u015b\u0107 pas\u00f3w ramiennych - oko\u0142o 190cm) Kolory: Czerwony, Czarny, Niebieski\" \/>\n<meta property=\"og:url\" content=\"https:\/\/cybul.eu\/pl\/sklep\/pasy-rrs-r6-hans-fia-ultralekkie-6-punktowe-2-3\/\" \/>\n<meta property=\"og:site_name\" content=\"CYBUL\" \/>\n<meta property=\"og:image\" content=\"https:\/\/cybul.eu\/wp-content\/uploads\/2024\/06\/pol_pl_Pasy-RRS-R6-HANS-FIA-Ultralekkie-6-punktowe-2-3-58316_8.jpg\" \/>\n\t<meta property=\"og:image:width\" content=\"900\" \/>\n\t<meta property=\"og:image:height\" content=\"900\" \/>\n\t<meta property=\"og:image:type\" content=\"image\/jpeg\" \/>\n<meta name=\"twitter:card\" content=\"summary_large_image\" \/>\n<meta name=\"twitter:label1\" content=\"Szacowany czas czytania\" \/>\n\t<meta name=\"twitter:data1\" content=\"1 minuta\" \/>\n<script type=\"application\/ld+json\" class=\"yoast-schema-graph\">{\"@context\":\"https:\/\/schema.org\",\"@graph\":[{\"@type\":\"WebPage\",\"@id\":\"https:\/\/cybul.eu\/pl\/sklep\/pasy-rrs-r6-hans-fia-ultralekkie-6-punktowe-2-3\/\",\"url\":\"https:\/\/cybul.eu\/pl\/sklep\/pasy-rrs-r6-hans-fia-ultralekkie-6-punktowe-2-3\/\",\"name\":\"PASY RRS R6 HANS FIA ULTRALEKKIE - 6 PUNKTOWE 2\/3\\\" - CYBUL\",\"isPartOf\":{\"@id\":\"https:\/\/cybul.eu\/pl\/#website\"},\"primaryImageOfPage\":{\"@id\":\"https:\/\/cybul.eu\/pl\/sklep\/pasy-rrs-r6-hans-fia-ultralekkie-6-punktowe-2-3\/#primaryimage\"},\"image\":{\"@id\":\"https:\/\/cybul.eu\/pl\/sklep\/pasy-rrs-r6-hans-fia-ultralekkie-6-punktowe-2-3\/#primaryimage\"},\"thumbnailUrl\":\"https:\/\/cybul.eu\/wp-content\/uploads\/2024\/06\/pol_pl_Pasy-RRS-R6-HANS-FIA-Ultralekkie-6-punktowe-2-3-58316_8.jpg\",\"datePublished\":\"2024-06-06T20:28:06+00:00\",\"dateModified\":\"2024-06-06T20:28:06+00:00\",\"breadcrumb\":{\"@id\":\"https:\/\/cybul.eu\/pl\/sklep\/pasy-rrs-r6-hans-fia-ultralekkie-6-punktowe-2-3\/#breadcrumb\"},\"inLanguage\":\"pl-PL\",\"potentialAction\":[{\"@type\":\"ReadAction\",\"target\":[\"https:\/\/cybul.eu\/pl\/sklep\/pasy-rrs-r6-hans-fia-ultralekkie-6-punktowe-2-3\/\"]}]},{\"@type\":\"ImageObject\",\"inLanguage\":\"pl-PL\",\"@id\":\"https:\/\/cybul.eu\/pl\/sklep\/pasy-rrs-r6-hans-fia-ultralekkie-6-punktowe-2-3\/#primaryimage\",\"url\":\"https:\/\/cybul.eu\/wp-content\/uploads\/2024\/06\/pol_pl_Pasy-RRS-R6-HANS-FIA-Ultralekkie-6-punktowe-2-3-58316_8.jpg\",\"contentUrl\":\"https:\/\/cybul.eu\/wp-content\/uploads\/2024\/06\/pol_pl_Pasy-RRS-R6-HANS-FIA-Ultralekkie-6-punktowe-2-3-58316_8.jpg\",\"width\":900,\"height\":900},{\"@type\":\"BreadcrumbList\",\"@id\":\"https:\/\/cybul.eu\/pl\/sklep\/pasy-rrs-r6-hans-fia-ultralekkie-6-punktowe-2-3\/#breadcrumb\",\"itemListElement\":[{\"@type\":\"ListItem\",\"position\":1,\"name\":\"Strona g\u0142\u00f3wna\",\"item\":\"https:\/\/cybul.eu\/pl\/\"},{\"@type\":\"ListItem\",\"position\":2,\"name\":\"Sklep\",\"item\":\"https:\/\/cybul.eu\/pl\/sklep\/\"},{\"@type\":\"ListItem\",\"position\":3,\"name\":\"PASY RRS R6 HANS FIA ULTRALEKKIE &#8211; 6 PUNKTOWE 2\/3&#8243;\"}]},{\"@type\":\"WebSite\",\"@id\":\"https:\/\/cybul.eu\/pl\/#website\",\"url\":\"https:\/\/cybul.eu\/pl\/\",\"name\":\"CYBUL\",\"description\":\"\",\"potentialAction\":[{\"@type\":\"SearchAction\",\"target\":{\"@type\":\"EntryPoint\",\"urlTemplate\":\"https:\/\/cybul.eu\/pl\/?s={search_term_string}\"},\"query-input\":{\"@type\":\"PropertyValueSpecification\",\"valueRequired\":true,\"valueName\":\"search_term_string\"}}],\"inLanguage\":\"pl-PL\"}]}<\/script>\n<!-- \/ Yoast SEO plugin. -->","yoast_head_json":{"title":"PASY RRS R6 HANS FIA ULTRALEKKIE - 6 PUNKTOWE 2\/3\" - CYBUL","robots":{"index":"index","follow":"follow","max-snippet":"max-snippet:-1","max-image-preview":"max-image-preview:large","max-video-preview":"max-video-preview:-1"},"canonical":"https:\/\/cybul.eu\/pl\/sklep\/pasy-rrs-r6-hans-fia-ultralekkie-6-punktowe-2-3\/","og_locale":"pl_PL","og_type":"article","og_title":"PASY RRS R6 HANS FIA ULTRALEKKIE - 6 PUNKTOWE 2\/3\" - CYBUL","og_description":"Pasy bezpiecze\u0144stwa RRS 6 punktowe 2\"\/3\"\/3\" HANS ultralekkie - FIAHomologacja: FIA&nbsp;8853-2016&nbsp;(Wa\u017cna do 31.12.2029)Przystosowane do systemu HANS, zw\u0119\u017cane w miejscu ko\u0142nierza nie trac\u0105c przy tym na komforcie.&nbsp;3\" pasy zw\u0119\u017caj\u0105 si\u0119 do 2\", s\u0105 przy tym bardzo d\u0142ugie i pasuj\u0105 do ka\u017cdego rodzaju nadwodzia.- Nowa klamra centralna ze stop\u00f3w magnezu!- Waga: 2,8 kg ultralekkie w swojej klasie- Aluminiowe lekkie mocowania i klamry- Klamry i mocowania pokryte matowym lakierem- D\u0142ugo\u015b\u0107 pas\u00f3w ramion: 185cm- W komplecie \u015bruby oczkowe- Rzep do kabla interkomu lub systemu&nbsp;do picia- Paski u\u0142atwiaj\u0105ce naci\u0105ganie i luzowanie pas\u00f3w Mo\u017cliwo\u015b\u0107 zamontowania do klatki (d\u0142ugo\u015b\u0107 pas\u00f3w ramiennych - oko\u0142o 190cm) Kolory: Czerwony, Czarny, Niebieski","og_url":"https:\/\/cybul.eu\/pl\/sklep\/pasy-rrs-r6-hans-fia-ultralekkie-6-punktowe-2-3\/","og_site_name":"CYBUL","og_image":[{"width":900,"height":900,"url":"https:\/\/cybul.eu\/wp-content\/uploads\/2024\/06\/pol_pl_Pasy-RRS-R6-HANS-FIA-Ultralekkie-6-punktowe-2-3-58316_8.jpg","type":"image\/jpeg"}],"twitter_card":"summary_large_image","twitter_misc":{"Szacowany czas czytania":"1 minuta"},"schema":{"@context":"https:\/\/schema.org","@graph":[{"@type":"WebPage","@id":"https:\/\/cybul.eu\/pl\/sklep\/pasy-rrs-r6-hans-fia-ultralekkie-6-punktowe-2-3\/","url":"https:\/\/cybul.eu\/pl\/sklep\/pasy-rrs-r6-hans-fia-ultralekkie-6-punktowe-2-3\/","name":"PASY RRS R6 HANS FIA ULTRALEKKIE - 6 PUNKTOWE 2\/3\" - CYBUL","isPartOf":{"@id":"https:\/\/cybul.eu\/pl\/#website"},"primaryImageOfPage":{"@id":"https:\/\/cybul.eu\/pl\/sklep\/pasy-rrs-r6-hans-fia-ultralekkie-6-punktowe-2-3\/#primaryimage"},"image":{"@id":"https:\/\/cybul.eu\/pl\/sklep\/pasy-rrs-r6-hans-fia-ultralekkie-6-punktowe-2-3\/#primaryimage"},"thumbnailUrl":"https:\/\/cybul.eu\/wp-content\/uploads\/2024\/06\/pol_pl_Pasy-RRS-R6-HANS-FIA-Ultralekkie-6-punktowe-2-3-58316_8.jpg","datePublished":"2024-06-06T20:28:06+00:00","dateModified":"2024-06-06T20:28:06+00:00","breadcrumb":{"@id":"https:\/\/cybul.eu\/pl\/sklep\/pasy-rrs-r6-hans-fia-ultralekkie-6-punktowe-2-3\/#breadcrumb"},"inLanguage":"pl-PL","potentialAction":[{"@type":"ReadAction","target":["https:\/\/cybul.eu\/pl\/sklep\/pasy-rrs-r6-hans-fia-ultralekkie-6-punktowe-2-3\/"]}]},{"@type":"ImageObject","inLanguage":"pl-PL","@id":"https:\/\/cybul.eu\/pl\/sklep\/pasy-rrs-r6-hans-fia-ultralekkie-6-punktowe-2-3\/#primaryimage","url":"https:\/\/cybul.eu\/wp-content\/uploads\/2024\/06\/pol_pl_Pasy-RRS-R6-HANS-FIA-Ultralekkie-6-punktowe-2-3-58316_8.jpg","contentUrl":"https:\/\/cybul.eu\/wp-content\/uploads\/2024\/06\/pol_pl_Pasy-RRS-R6-HANS-FIA-Ultralekkie-6-punktowe-2-3-58316_8.jpg","width":900,"height":900},{"@type":"BreadcrumbList","@id":"https:\/\/cybul.eu\/pl\/sklep\/pasy-rrs-r6-hans-fia-ultralekkie-6-punktowe-2-3\/#breadcrumb","itemListElement":[{"@type":"ListItem","position":1,"name":"Strona g\u0142\u00f3wna","item":"https:\/\/cybul.eu\/pl\/"},{"@type":"ListItem","position":2,"name":"Sklep","item":"https:\/\/cybul.eu\/pl\/sklep\/"},{"@type":"ListItem","position":3,"name":"PASY RRS R6 HANS FIA ULTRALEKKIE &#8211; 6 PUNKTOWE 2\/3&#8243;"}]},{"@type":"WebSite","@id":"https:\/\/cybul.eu\/pl\/#website","url":"https:\/\/cybul.eu\/pl\/","name":"CYBUL","description":"","potentialAction":[{"@type":"SearchAction","target":{"@type":"EntryPoint","urlTemplate":"https:\/\/cybul.eu\/pl\/?s={search_term_string}"},"query-input":{"@type":"PropertyValueSpecification","valueRequired":true,"valueName":"search_term_string"}}],"inLanguage":"pl-PL"}]}},"_links":{"self":[{"href":"https:\/\/cybul.eu\/pl\/wp-json\/wp\/v2\/product\/11230","targetHints":{"allow":["GET"]}}],"collection":[{"href":"https:\/\/cybul.eu\/pl\/wp-json\/wp\/v2\/product"}],"about":[{"href":"https:\/\/cybul.eu\/pl\/wp-json\/wp\/v2\/types\/product"}],"replies":[{"embeddable":true,"href":"https:\/\/cybul.eu\/pl\/wp-json\/wp\/v2\/comments?post=11230"}],"wp:featuredmedia":[{"embeddable":true,"href":"https:\/\/cybul.eu\/pl\/wp-json\/wp\/v2\/media\/10850"}],"wp:attachment":[{"href":"https:\/\/cybul.eu\/pl\/wp-json\/wp\/v2\/media?parent=11230"}],"wp:term":[{"taxonomy":"product_cat","embeddable":true,"href":"https:\/\/cybul.eu\/pl\/wp-json\/wp\/v2\/product_cat?post=11230"},{"taxonomy":"product_tag","embeddable":true,"href":"https:\/\/cybul.eu\/pl\/wp-json\/wp\/v2\/product_tag?post=11230"}],"curies":[{"name":"wp","href":"https:\/\/api.w.org\/{rel}","templated":true}]}}