{"id":11228,"date":"2024-06-06T22:27:57","date_gmt":"2024-06-06T20:27:57","guid":{"rendered":"https:\/\/cybul.eu\/shop\/pasy-rrs-r6-kolor-6-punktowe-3-2023\/"},"modified":"2024-06-06T22:28:03","modified_gmt":"2024-06-06T20:28:03","slug":"pasy-rrs-r6-kolor-6-punktowe-3-2023","status":"publish","type":"product","link":"https:\/\/cybul.eu\/pl\/sklep\/pasy-rrs-r6-kolor-6-punktowe-3-2023\/","title":{"rendered":"PASY RRS R6 KOLOR &#8211; 6 PUNKTOWE 3&#8243; (2023)"},"content":{"rendered":"<div class=\"n56174_desc\">\n<p><strong>Pasy RRS R6 KOLOR &#8211; 6 punktowe 3&#8243;&nbsp;(2023)<\/p>\n<p><\/strong><span style=\"color: #000000;\">H<\/span><span style=\"color: #000000;\">omologacja:&nbsp;<\/span><strong><span style=\"color: #000000;\">FIA 8853-2016<span>&nbsp;<\/span><span style=\"color: #ff0000;\">(Wa\u017cna do 31.12.2028)<\/p>\n<p><\/span><\/span><\/strong>&#8211; <strong>Nowa klamra centralna ze stop\u00f3w magnezu!<\/strong><br \/>&#8211; Aluminiowe lekkie mocowania i klamry<br \/>&#8211; Klamry i mocowania pokryte matowym lakierem<br \/>&#8211; Paski przy klamrach u\u0142atwiaj\u0105ce szybkie poluzowanie pas\u00f3w<br \/>&#8211; Uchwyty na rzep do przewodu interkomu lub systemu do picia<br \/>&#8211; \u015aruby oczkowe do mocowania w komplecie<\/p>\n<p> <strong>Mo\u017cliwo\u015b\u0107 zamontowania do klatki<\/strong> (d\u0142ugo\u015b\u0107 pas\u00f3w ramiennych &#8211; oko\u0142o 190cm)<br \/><span style=\"color: #000000;\"><br \/>Kolor:<\/span><strong><strong><span style=\"color: #000000;\">&nbsp;<\/span><\/strong><span style=\"color: #0000ff;\"><strong><span style=\"color: #808000;\">Moro<\/span><\/strong><\/span><\/strong><\/p>\n<\/div>\n","protected":false},"excerpt":{"rendered":"<p><strong>Pasy RRS R6 KOLOR &#8211; 6 punktowe 3&#8243;&nbsp;(2023)<\/p>\n<p><\/strong><span style=\"color: #000000;\">H<\/span><span style=\"color: #000000;\">omologacja:&nbsp;<\/span><strong><span style=\"color: #000000;\">FIA 8853-2016<span>&nbsp;<\/span><span style=\"color: #ff0000;\">(Wa\u017cna do 31.12.2028)<\/p>\n<p><\/span><\/span><\/strong>&#8211; <strong>Nowa klamra centralna ze stop\u00f3w magnezu!<\/strong><br \/>&#8211; Aluminiowe lekkie mocowania i klamry<br \/>&#8211; Klamry i mocowania pokryte matowym lakierem<br \/>&#8211; Paski przy klamrach u\u0142atwiaj\u0105ce szybkie poluzowanie pas\u00f3w<br \/>&#8211; Uchwyty na rzep do przewodu interkomu lub systemu do picia<br \/>&#8211; \u015aruby oczkowe do mocowania w komplecie<\/p>\n<p> <strong>Mo\u017cliwo\u015b\u0107 zamontowania do klatki<\/strong> (d\u0142ugo\u015b\u0107 pas\u00f3w ramiennych &#8211; oko\u0142o 190cm)<br \/><span style=\"color: #000000;\"><br \/>Kolor:<\/span><strong><strong><span style=\"color: #000000;\">&nbsp;<\/span><\/strong><span style=\"color: #0000ff;\"><strong><span style=\"color: #808000;\">Moro<\/span><\/strong><\/span><\/strong><\/p>\n","protected":false},"featured_media":10837,"comment_status":"closed","ping_status":"open","template":"","meta":[],"product_cat":[548,542],"product_tag":[],"class_list":{"0":"post-11228","1":"product","2":"type-product","3":"status-publish","4":"has-post-thumbnail","6":"product_cat-pasy-rajdowe","7":"product_cat-wnetrze","9":"first","10":"instock","11":"taxable","12":"shipping-taxable","13":"purchasable","14":"product-type-simple"},"bundled_by":[],"bundle_stock_status":"instock","bundle_stock_quantity":null,"bundle_virtual":false,"bundle_layout":"","bundle_add_to_cart_form_location":"","bundle_editable_in_cart":false,"bundle_sold_individually_context":"","bundle_item_grouping":"","bundle_min_size":"","bundle_max_size":"","bundle_price":[],"bundled_items":[],"bundle_sell_ids":[],"acf":{"zdjecie_bez_watermarka":null,"zdjecie_bez_watermarka_url":"","product_orgin_url":"https:\/\/inter-rally.pl\/product-eng-47781-Pasy-RRS-R6-KOLOR-6-punktowe-3-2023.html"},"yoast_head":"<!-- This site is optimized with the Yoast SEO plugin v23.9 - https:\/\/yoast.com\/wordpress\/plugins\/seo\/ -->\n<title>PASY RRS R6 KOLOR - 6 PUNKTOWE 3&quot; (2023) - CYBUL<\/title>\n<meta name=\"robots\" content=\"index, follow, max-snippet:-1, max-image-preview:large, max-video-preview:-1\" \/>\n<link rel=\"canonical\" href=\"https:\/\/cybul.eu\/pl\/sklep\/pasy-rrs-r6-kolor-6-punktowe-3-2023\/\" \/>\n<meta property=\"og:locale\" content=\"pl_PL\" \/>\n<meta property=\"og:type\" content=\"article\" \/>\n<meta property=\"og:title\" content=\"PASY RRS R6 KOLOR - 6 PUNKTOWE 3&quot; (2023) - CYBUL\" \/>\n<meta property=\"og:description\" content=\"Pasy RRS R6 KOLOR - 6 punktowe 3&quot;&nbsp;(2023)Homologacja:&nbsp;FIA 8853-2016&nbsp;(Wa\u017cna do 31.12.2028)- Nowa klamra centralna ze stop\u00f3w magnezu!- Aluminiowe lekkie mocowania i klamry- Klamry i mocowania pokryte matowym lakierem- Paski przy klamrach u\u0142atwiaj\u0105ce szybkie poluzowanie pas\u00f3w- Uchwyty na rzep do przewodu interkomu lub systemu do picia- \u015aruby oczkowe do mocowania w komplecie Mo\u017cliwo\u015b\u0107 zamontowania do klatki (d\u0142ugo\u015b\u0107 pas\u00f3w ramiennych - oko\u0142o 190cm)Kolor:&nbsp;Moro\" \/>\n<meta property=\"og:url\" content=\"https:\/\/cybul.eu\/pl\/sklep\/pasy-rrs-r6-kolor-6-punktowe-3-2023\/\" \/>\n<meta property=\"og:site_name\" content=\"CYBUL\" \/>\n<meta property=\"article:modified_time\" content=\"2024-06-06T20:28:03+00:00\" \/>\n<meta property=\"og:image\" content=\"https:\/\/cybul.eu\/wp-content\/uploads\/2024\/06\/pol_pl_Pasy-RRS-R6-KOLOR-6-punktowe-3-2023-47781_7.jpg\" \/>\n\t<meta property=\"og:image:width\" content=\"600\" \/>\n\t<meta property=\"og:image:height\" content=\"600\" \/>\n\t<meta property=\"og:image:type\" content=\"image\/jpeg\" \/>\n<meta name=\"twitter:card\" content=\"summary_large_image\" \/>\n<script type=\"application\/ld+json\" class=\"yoast-schema-graph\">{\"@context\":\"https:\/\/schema.org\",\"@graph\":[{\"@type\":\"WebPage\",\"@id\":\"https:\/\/cybul.eu\/pl\/sklep\/pasy-rrs-r6-kolor-6-punktowe-3-2023\/\",\"url\":\"https:\/\/cybul.eu\/pl\/sklep\/pasy-rrs-r6-kolor-6-punktowe-3-2023\/\",\"name\":\"PASY RRS R6 KOLOR - 6 PUNKTOWE 3\\\" (2023) - CYBUL\",\"isPartOf\":{\"@id\":\"https:\/\/cybul.eu\/pl\/#website\"},\"primaryImageOfPage\":{\"@id\":\"https:\/\/cybul.eu\/pl\/sklep\/pasy-rrs-r6-kolor-6-punktowe-3-2023\/#primaryimage\"},\"image\":{\"@id\":\"https:\/\/cybul.eu\/pl\/sklep\/pasy-rrs-r6-kolor-6-punktowe-3-2023\/#primaryimage\"},\"thumbnailUrl\":\"https:\/\/cybul.eu\/wp-content\/uploads\/2024\/06\/pol_pl_Pasy-RRS-R6-KOLOR-6-punktowe-3-2023-47781_7.jpg\",\"datePublished\":\"2024-06-06T20:27:57+00:00\",\"dateModified\":\"2024-06-06T20:28:03+00:00\",\"breadcrumb\":{\"@id\":\"https:\/\/cybul.eu\/pl\/sklep\/pasy-rrs-r6-kolor-6-punktowe-3-2023\/#breadcrumb\"},\"inLanguage\":\"pl-PL\",\"potentialAction\":[{\"@type\":\"ReadAction\",\"target\":[\"https:\/\/cybul.eu\/pl\/sklep\/pasy-rrs-r6-kolor-6-punktowe-3-2023\/\"]}]},{\"@type\":\"ImageObject\",\"inLanguage\":\"pl-PL\",\"@id\":\"https:\/\/cybul.eu\/pl\/sklep\/pasy-rrs-r6-kolor-6-punktowe-3-2023\/#primaryimage\",\"url\":\"https:\/\/cybul.eu\/wp-content\/uploads\/2024\/06\/pol_pl_Pasy-RRS-R6-KOLOR-6-punktowe-3-2023-47781_7.jpg\",\"contentUrl\":\"https:\/\/cybul.eu\/wp-content\/uploads\/2024\/06\/pol_pl_Pasy-RRS-R6-KOLOR-6-punktowe-3-2023-47781_7.jpg\",\"width\":600,\"height\":600},{\"@type\":\"BreadcrumbList\",\"@id\":\"https:\/\/cybul.eu\/pl\/sklep\/pasy-rrs-r6-kolor-6-punktowe-3-2023\/#breadcrumb\",\"itemListElement\":[{\"@type\":\"ListItem\",\"position\":1,\"name\":\"Strona g\u0142\u00f3wna\",\"item\":\"https:\/\/cybul.eu\/pl\/\"},{\"@type\":\"ListItem\",\"position\":2,\"name\":\"Sklep\",\"item\":\"https:\/\/cybul.eu\/pl\/sklep\/\"},{\"@type\":\"ListItem\",\"position\":3,\"name\":\"PASY RRS R6 KOLOR &#8211; 6 PUNKTOWE 3&#8243; (2023)\"}]},{\"@type\":\"WebSite\",\"@id\":\"https:\/\/cybul.eu\/pl\/#website\",\"url\":\"https:\/\/cybul.eu\/pl\/\",\"name\":\"CYBUL\",\"description\":\"\",\"potentialAction\":[{\"@type\":\"SearchAction\",\"target\":{\"@type\":\"EntryPoint\",\"urlTemplate\":\"https:\/\/cybul.eu\/pl\/?s={search_term_string}\"},\"query-input\":{\"@type\":\"PropertyValueSpecification\",\"valueRequired\":true,\"valueName\":\"search_term_string\"}}],\"inLanguage\":\"pl-PL\"}]}<\/script>\n<!-- \/ Yoast SEO plugin. -->","yoast_head_json":{"title":"PASY RRS R6 KOLOR - 6 PUNKTOWE 3\" (2023) - CYBUL","robots":{"index":"index","follow":"follow","max-snippet":"max-snippet:-1","max-image-preview":"max-image-preview:large","max-video-preview":"max-video-preview:-1"},"canonical":"https:\/\/cybul.eu\/pl\/sklep\/pasy-rrs-r6-kolor-6-punktowe-3-2023\/","og_locale":"pl_PL","og_type":"article","og_title":"PASY RRS R6 KOLOR - 6 PUNKTOWE 3\" (2023) - CYBUL","og_description":"Pasy RRS R6 KOLOR - 6 punktowe 3\"&nbsp;(2023)Homologacja:&nbsp;FIA 8853-2016&nbsp;(Wa\u017cna do 31.12.2028)- Nowa klamra centralna ze stop\u00f3w magnezu!- Aluminiowe lekkie mocowania i klamry- Klamry i mocowania pokryte matowym lakierem- Paski przy klamrach u\u0142atwiaj\u0105ce szybkie poluzowanie pas\u00f3w- Uchwyty na rzep do przewodu interkomu lub systemu do picia- \u015aruby oczkowe do mocowania w komplecie Mo\u017cliwo\u015b\u0107 zamontowania do klatki (d\u0142ugo\u015b\u0107 pas\u00f3w ramiennych - oko\u0142o 190cm)Kolor:&nbsp;Moro","og_url":"https:\/\/cybul.eu\/pl\/sklep\/pasy-rrs-r6-kolor-6-punktowe-3-2023\/","og_site_name":"CYBUL","article_modified_time":"2024-06-06T20:28:03+00:00","og_image":[{"width":600,"height":600,"url":"https:\/\/cybul.eu\/wp-content\/uploads\/2024\/06\/pol_pl_Pasy-RRS-R6-KOLOR-6-punktowe-3-2023-47781_7.jpg","type":"image\/jpeg"}],"twitter_card":"summary_large_image","schema":{"@context":"https:\/\/schema.org","@graph":[{"@type":"WebPage","@id":"https:\/\/cybul.eu\/pl\/sklep\/pasy-rrs-r6-kolor-6-punktowe-3-2023\/","url":"https:\/\/cybul.eu\/pl\/sklep\/pasy-rrs-r6-kolor-6-punktowe-3-2023\/","name":"PASY RRS R6 KOLOR - 6 PUNKTOWE 3\" (2023) - CYBUL","isPartOf":{"@id":"https:\/\/cybul.eu\/pl\/#website"},"primaryImageOfPage":{"@id":"https:\/\/cybul.eu\/pl\/sklep\/pasy-rrs-r6-kolor-6-punktowe-3-2023\/#primaryimage"},"image":{"@id":"https:\/\/cybul.eu\/pl\/sklep\/pasy-rrs-r6-kolor-6-punktowe-3-2023\/#primaryimage"},"thumbnailUrl":"https:\/\/cybul.eu\/wp-content\/uploads\/2024\/06\/pol_pl_Pasy-RRS-R6-KOLOR-6-punktowe-3-2023-47781_7.jpg","datePublished":"2024-06-06T20:27:57+00:00","dateModified":"2024-06-06T20:28:03+00:00","breadcrumb":{"@id":"https:\/\/cybul.eu\/pl\/sklep\/pasy-rrs-r6-kolor-6-punktowe-3-2023\/#breadcrumb"},"inLanguage":"pl-PL","potentialAction":[{"@type":"ReadAction","target":["https:\/\/cybul.eu\/pl\/sklep\/pasy-rrs-r6-kolor-6-punktowe-3-2023\/"]}]},{"@type":"ImageObject","inLanguage":"pl-PL","@id":"https:\/\/cybul.eu\/pl\/sklep\/pasy-rrs-r6-kolor-6-punktowe-3-2023\/#primaryimage","url":"https:\/\/cybul.eu\/wp-content\/uploads\/2024\/06\/pol_pl_Pasy-RRS-R6-KOLOR-6-punktowe-3-2023-47781_7.jpg","contentUrl":"https:\/\/cybul.eu\/wp-content\/uploads\/2024\/06\/pol_pl_Pasy-RRS-R6-KOLOR-6-punktowe-3-2023-47781_7.jpg","width":600,"height":600},{"@type":"BreadcrumbList","@id":"https:\/\/cybul.eu\/pl\/sklep\/pasy-rrs-r6-kolor-6-punktowe-3-2023\/#breadcrumb","itemListElement":[{"@type":"ListItem","position":1,"name":"Strona g\u0142\u00f3wna","item":"https:\/\/cybul.eu\/pl\/"},{"@type":"ListItem","position":2,"name":"Sklep","item":"https:\/\/cybul.eu\/pl\/sklep\/"},{"@type":"ListItem","position":3,"name":"PASY RRS R6 KOLOR &#8211; 6 PUNKTOWE 3&#8243; (2023)"}]},{"@type":"WebSite","@id":"https:\/\/cybul.eu\/pl\/#website","url":"https:\/\/cybul.eu\/pl\/","name":"CYBUL","description":"","potentialAction":[{"@type":"SearchAction","target":{"@type":"EntryPoint","urlTemplate":"https:\/\/cybul.eu\/pl\/?s={search_term_string}"},"query-input":{"@type":"PropertyValueSpecification","valueRequired":true,"valueName":"search_term_string"}}],"inLanguage":"pl-PL"}]}},"_links":{"self":[{"href":"https:\/\/cybul.eu\/pl\/wp-json\/wp\/v2\/product\/11228","targetHints":{"allow":["GET"]}}],"collection":[{"href":"https:\/\/cybul.eu\/pl\/wp-json\/wp\/v2\/product"}],"about":[{"href":"https:\/\/cybul.eu\/pl\/wp-json\/wp\/v2\/types\/product"}],"replies":[{"embeddable":true,"href":"https:\/\/cybul.eu\/pl\/wp-json\/wp\/v2\/comments?post=11228"}],"wp:featuredmedia":[{"embeddable":true,"href":"https:\/\/cybul.eu\/pl\/wp-json\/wp\/v2\/media\/10837"}],"wp:attachment":[{"href":"https:\/\/cybul.eu\/pl\/wp-json\/wp\/v2\/media?parent=11228"}],"wp:term":[{"taxonomy":"product_cat","embeddable":true,"href":"https:\/\/cybul.eu\/pl\/wp-json\/wp\/v2\/product_cat?post=11228"},{"taxonomy":"product_tag","embeddable":true,"href":"https:\/\/cybul.eu\/pl\/wp-json\/wp\/v2\/product_tag?post=11228"}],"curies":[{"name":"wp","href":"https:\/\/api.w.org\/{rel}","templated":true}]}}