{"id":10794,"date":"2024-06-06T20:37:40","date_gmt":"2024-06-06T18:37:40","guid":{"rendered":"https:\/\/cybul.eu\/shop\/fotel-tuningowy-sparco-spx\/"},"modified":"2024-06-06T20:39:06","modified_gmt":"2024-06-06T18:39:06","slug":"fotel-tuningowy-sparco-spx","status":"publish","type":"product","link":"https:\/\/cybul.eu\/pl\/sklep\/fotel-tuningowy-sparco-spx\/","title":{"rendered":"FOTEL TUNINGOWY SPARCO SPX"},"content":{"rendered":"<p><strong> Fotel Sparco SPX<\/p>\n<p><\/strong>Zosta\u0142 zaprojektowany jako jeden z najbardziej zaawansowanych siedze\u0144 sportowych na \u015bwiecie.<br \/>Sparco zaprojektowa\u0142 i opracowa\u0142 jako pierwszy w historii regulowane siedzenie z w\u0142\u00f3kna w\u0119glowego dla super samochod\u00f3w w 1998 roku, dla Lamborghini Diablo.<br \/>Od tamtej pory niezliczone super samochody takie jak Bugatti Veyron i Lamborghini Aventador wykorzystali projekt Sparco w swoich pojazdach.<br \/>Dostarczanie cz\u0119\u015bci dla producent\u00f3w OEM wymaga, aby wszystkie cz\u0119\u015bci przechodzi\u0142y wymagaj\u0105ce testy bezpiecze\u0144stwa i trwa\u0142o\u015bci.<br \/>Sparco posiada rozleg\u0142e do\u015bwiadczenie w technologii w\u0142\u00f3kien w\u0119glowych, dlatego Sparco jest dostawc\u0105 cz\u0119\u015bci dla Alfa Romeo, AMG, Aston Martin, Audi, Bentley, Bugatti, Ferrari, Lamborghini, Keonigsegg i Lotus.<\/p>\n<p>SPX jest produkowany r\u0119cznie we W\u0142oszech, przy u\u017cyciu tej samej technologii i materia\u0142\u00f3w u\u017cywanych do super samochod\u00f3w.<br \/>W rzeczywisto\u015bci SPX jest pierwszym fotelem Carbonowym dost\u0119pnym w sprzeda\u017cy, kt\u00f3ry spe\u0142nia te same wymogi stawiane przez producent\u00f3w OEM.<br \/>Oznacza to, \u017ce dba\u0142o\u015b\u0107 o szczeg\u00f3\u0142y i jako\u015b\u0107 nie mog\u0105 by\u0107 por\u00f3wnane przez \u017cadnego innego producenta foteli dost\u0119pnych obecnie na rynku.<br \/>Dzi\u0119ki ergonomicznemu kszta\u0142towi oparcia z w\u0142\u00f3kna w\u0119glowego pozycji siedz\u0105cej kompozytu, jest wygodny dla d\u0142ugich podr\u00f3\u017cy samochodem.<br \/>SPX jest pokryty perforowan\u0105 pi\u0119kn\u0105 i g\u0142adk\u0105 w\u0142osk\u0105 sk\u00f3r\u0105.<br \/>\u015arodek SPX jest pokryta Alcantar\u0105, co pozwala na uzyskanie niskiej wagi i pozwala zwi\u0119kszy\u0107 swoje wra\u017cenia z jazdy. &nbsp; Wszystkie szwy r\u0119czne wykonuje si\u0119 w tym samym odcieniu w czarnym z logo Sparco.<br \/>Posiada sk\u00f3rzany pasek do \u015bci\u0105gania, kt\u00f3ry u\u0142atwia z\u0142o\u017cenie oparcia do przodu.<br \/>Fotel posiada r\u00f3wnie\u017c pokr\u0119t\u0142o regulacji pochylenia, kt\u00f3ry pozwala na wybieranie idealnej pozycji za kierownic\u0105.<\/p>\n<p>SPX jest sprzedawany w wersjach kierowcy i pasa\u017cera (lewy i prawy).<\/p>\n<p><span style=\"color: #ff0000;\"><strong>Produkowany na zam\u00f3wienie. Czas oczekiwania to oko\u0142o 2-3 miesi\u0105ce!<\/strong><\/span><\/p>\n<p><img decoding=\"async\" src=\"https:\/\/inter-rally.pl\/data\/include\/cms\/Fotele-Sparco-2017\/Wymiary_foteli_tuningowych_sparco.jpg\" border=\"0\" alt=\"\" width=\"750\"><\/p>\n","protected":false},"excerpt":{"rendered":"<p><strong> Fotel Sparco SPX<\/p>\n<p><\/strong>Zosta\u0142 zaprojektowany jako jeden z najbardziej zaawansowanych siedze\u0144 sportowych na \u015bwiecie.<br \/>Sparco zaprojektowa\u0142 i opracowa\u0142 jako pierwszy w historii regulowane siedzenie z w\u0142\u00f3kna w\u0119glowego dla super samochod\u00f3w w 1998 roku, dla Lamborghini Diablo.<br \/>Od tamtej pory niezliczone super samochody takie jak Bugatti Veyron i Lamborghini Aventador wykorzystali projekt Sparco w swoich pojazdach.<br \/>Dostarczanie cz\u0119\u015bci dla producent\u00f3w OEM wymaga, aby wszystkie cz\u0119\u015bci przechodzi\u0142y wymagaj\u0105ce testy bezpiecze\u0144stwa i trwa\u0142o\u015bci.<br \/>Sparco posiada rozleg\u0142e do\u015bwiadczenie w technologii w\u0142\u00f3kien w\u0119glowych, dlatego Sparco jest dostawc\u0105 cz\u0119\u015bci dla Alfa Romeo, AMG, Aston Martin, Audi, Bentley, Bugatti, Ferrari, Lamborghini, Keonigsegg i Lotus.<\/p>\n<p>SPX jest produkowany r\u0119cznie we W\u0142oszech, przy u\u017cyciu tej samej technologii i materia\u0142\u00f3w u\u017cywanych do super samochod\u00f3w.<br \/>W rzeczywisto\u015bci SPX jest pierwszym fotelem Carbonowym dost\u0119pnym w sprzeda\u017cy, kt\u00f3ry spe\u0142nia te same wymogi stawiane przez producent\u00f3w OEM.<br \/>Oznacza to, \u017ce dba\u0142o\u015b\u0107 o szczeg\u00f3\u0142y i jako\u015b\u0107 nie mog\u0105 by\u0107 por\u00f3wnane przez \u017cadnego innego producenta foteli dost\u0119pnych obecnie na rynku.<br \/>Dzi\u0119ki ergonomicznemu kszta\u0142towi oparcia z w\u0142\u00f3kna w\u0119glowego pozycji siedz\u0105cej kompozytu, jest wygodny dla d\u0142ugich podr\u00f3\u017cy samochodem.<br \/>SPX jest pokryty perforowan\u0105 pi\u0119kn\u0105 i g\u0142adk\u0105 w\u0142osk\u0105 sk\u00f3r\u0105.<br \/>\u015arodek SPX jest pokryta Alcantar\u0105, co pozwala na uzyskanie niskiej wagi i pozwala zwi\u0119kszy\u0107 swoje wra\u017cenia z jazdy. &nbsp; Wszystkie szwy r\u0119czne wykonuje si\u0119 w tym samym odcieniu w czarnym z logo Sparco.<br \/>Posiada sk\u00f3rzany pasek do \u015bci\u0105gania, kt\u00f3ry u\u0142atwia z\u0142o\u017cenie oparcia do przodu.<br \/>Fotel posiada r\u00f3wnie\u017c pokr\u0119t\u0142o regulacji pochylenia, kt\u00f3ry pozwala na wybieranie idealnej pozycji za kierownic\u0105.<\/p>\n<p>SPX jest sprzedawany w wersjach kierowcy i pasa\u017cera (lewy i prawy).<\/p>\n<p><span style=\"color: #ff0000;\"><strong>Produkowany na zam\u00f3wienie. Czas oczekiwania to oko\u0142o 2-3 miesi\u0105ce!<\/strong><\/span><\/p>\n","protected":false},"featured_media":10765,"comment_status":"closed","ping_status":"open","template":"","meta":[],"product_cat":[545,542],"product_tag":[],"class_list":{"0":"post-10794","1":"product","2":"type-product","3":"status-publish","4":"has-post-thumbnail","6":"product_cat-fotele-tuningowe-bez-homologacji-fia","7":"product_cat-wnetrze","9":"first","10":"instock","11":"taxable","12":"shipping-taxable","13":"purchasable","14":"product-type-simple"},"bundled_by":[],"bundle_stock_status":"instock","bundle_stock_quantity":null,"bundle_virtual":false,"bundle_layout":"","bundle_add_to_cart_form_location":"","bundle_editable_in_cart":false,"bundle_sold_individually_context":"","bundle_item_grouping":"","bundle_min_size":"","bundle_max_size":"","bundle_price":[],"bundled_items":[],"bundle_sell_ids":[],"acf":{"zdjecie_bez_watermarka":null,"zdjecie_bez_watermarka_url":"","product_orgin_url":"https:\/\/inter-rally.pl\/product-eng-1173-Fotel-tuningowy-Sparco-SPX.html"},"yoast_head":"<!-- This site is optimized with the Yoast SEO plugin v23.9 - https:\/\/yoast.com\/wordpress\/plugins\/seo\/ -->\n<title>FOTEL TUNINGOWY SPARCO SPX - CYBUL<\/title>\n<meta name=\"robots\" content=\"index, follow, max-snippet:-1, max-image-preview:large, max-video-preview:-1\" \/>\n<link rel=\"canonical\" href=\"https:\/\/cybul.eu\/pl\/sklep\/fotel-tuningowy-sparco-spx\/\" \/>\n<meta property=\"og:locale\" content=\"pl_PL\" \/>\n<meta property=\"og:type\" content=\"article\" \/>\n<meta property=\"og:title\" content=\"FOTEL TUNINGOWY SPARCO SPX - CYBUL\" \/>\n<meta property=\"og:description\" content=\"Fotel Sparco SPXZosta\u0142 zaprojektowany jako jeden z najbardziej zaawansowanych siedze\u0144 sportowych na \u015bwiecie.Sparco zaprojektowa\u0142 i opracowa\u0142 jako pierwszy w historii regulowane siedzenie z w\u0142\u00f3kna w\u0119glowego dla super samochod\u00f3w w 1998 roku, dla Lamborghini Diablo.Od tamtej pory niezliczone super samochody takie jak Bugatti Veyron i Lamborghini Aventador wykorzystali projekt Sparco w swoich pojazdach.Dostarczanie cz\u0119\u015bci dla producent\u00f3w OEM wymaga, aby wszystkie cz\u0119\u015bci przechodzi\u0142y wymagaj\u0105ce testy bezpiecze\u0144stwa i trwa\u0142o\u015bci.Sparco posiada rozleg\u0142e do\u015bwiadczenie w technologii w\u0142\u00f3kien w\u0119glowych, dlatego Sparco jest dostawc\u0105 cz\u0119\u015bci dla Alfa Romeo, AMG, Aston Martin, Audi, Bentley, Bugatti, Ferrari, Lamborghini, Keonigsegg i Lotus.SPX jest produkowany r\u0119cznie we W\u0142oszech, przy u\u017cyciu tej samej technologii i materia\u0142\u00f3w u\u017cywanych do super samochod\u00f3w.W rzeczywisto\u015bci SPX jest pierwszym fotelem Carbonowym dost\u0119pnym w sprzeda\u017cy, kt\u00f3ry spe\u0142nia te same wymogi stawiane przez producent\u00f3w OEM.Oznacza to, \u017ce dba\u0142o\u015b\u0107 o szczeg\u00f3\u0142y i jako\u015b\u0107 nie mog\u0105 by\u0107 por\u00f3wnane przez \u017cadnego innego producenta foteli dost\u0119pnych obecnie na rynku.Dzi\u0119ki ergonomicznemu kszta\u0142towi oparcia z w\u0142\u00f3kna w\u0119glowego pozycji siedz\u0105cej kompozytu, jest wygodny dla d\u0142ugich podr\u00f3\u017cy samochodem.SPX jest pokryty perforowan\u0105 pi\u0119kn\u0105 i g\u0142adk\u0105 w\u0142osk\u0105 sk\u00f3r\u0105.\u015arodek SPX jest pokryta Alcantar\u0105, co pozwala na uzyskanie niskiej wagi i pozwala zwi\u0119kszy\u0107 swoje wra\u017cenia z jazdy. &nbsp; Wszystkie szwy r\u0119czne wykonuje si\u0119 w tym samym odcieniu w czarnym z logo Sparco.Posiada sk\u00f3rzany pasek do \u015bci\u0105gania, kt\u00f3ry u\u0142atwia z\u0142o\u017cenie oparcia do przodu.Fotel posiada r\u00f3wnie\u017c pokr\u0119t\u0142o regulacji pochylenia, kt\u00f3ry pozwala na wybieranie idealnej pozycji za kierownic\u0105.SPX jest sprzedawany w wersjach kierowcy i pasa\u017cera (lewy i prawy).Produkowany na zam\u00f3wienie. Czas oczekiwania to oko\u0142o 2-3 miesi\u0105ce!\" \/>\n<meta property=\"og:url\" content=\"https:\/\/cybul.eu\/pl\/sklep\/fotel-tuningowy-sparco-spx\/\" \/>\n<meta property=\"og:site_name\" content=\"CYBUL\" \/>\n<meta property=\"article:modified_time\" content=\"2024-06-06T18:39:06+00:00\" \/>\n<meta property=\"og:image\" content=\"https:\/\/cybul.eu\/wp-content\/uploads\/2024\/06\/pol_pl_Fotel-tuningowy-Sparco-SPX-1173_1.jpg\" \/>\n\t<meta property=\"og:image:width\" content=\"900\" \/>\n\t<meta property=\"og:image:height\" content=\"900\" \/>\n\t<meta property=\"og:image:type\" content=\"image\/jpeg\" \/>\n<meta name=\"twitter:card\" content=\"summary_large_image\" \/>\n<meta name=\"twitter:label1\" content=\"Szacowany czas czytania\" \/>\n\t<meta name=\"twitter:data1\" content=\"2 minuty\" \/>\n<script type=\"application\/ld+json\" class=\"yoast-schema-graph\">{\"@context\":\"https:\/\/schema.org\",\"@graph\":[{\"@type\":\"WebPage\",\"@id\":\"https:\/\/cybul.eu\/pl\/sklep\/fotel-tuningowy-sparco-spx\/\",\"url\":\"https:\/\/cybul.eu\/pl\/sklep\/fotel-tuningowy-sparco-spx\/\",\"name\":\"FOTEL TUNINGOWY SPARCO SPX - CYBUL\",\"isPartOf\":{\"@id\":\"https:\/\/cybul.eu\/pl\/#website\"},\"primaryImageOfPage\":{\"@id\":\"https:\/\/cybul.eu\/pl\/sklep\/fotel-tuningowy-sparco-spx\/#primaryimage\"},\"image\":{\"@id\":\"https:\/\/cybul.eu\/pl\/sklep\/fotel-tuningowy-sparco-spx\/#primaryimage\"},\"thumbnailUrl\":\"https:\/\/cybul.eu\/wp-content\/uploads\/2024\/06\/pol_pl_Fotel-tuningowy-Sparco-SPX-1173_1.jpg\",\"datePublished\":\"2024-06-06T18:37:40+00:00\",\"dateModified\":\"2024-06-06T18:39:06+00:00\",\"breadcrumb\":{\"@id\":\"https:\/\/cybul.eu\/pl\/sklep\/fotel-tuningowy-sparco-spx\/#breadcrumb\"},\"inLanguage\":\"pl-PL\",\"potentialAction\":[{\"@type\":\"ReadAction\",\"target\":[\"https:\/\/cybul.eu\/pl\/sklep\/fotel-tuningowy-sparco-spx\/\"]}]},{\"@type\":\"ImageObject\",\"inLanguage\":\"pl-PL\",\"@id\":\"https:\/\/cybul.eu\/pl\/sklep\/fotel-tuningowy-sparco-spx\/#primaryimage\",\"url\":\"https:\/\/cybul.eu\/wp-content\/uploads\/2024\/06\/pol_pl_Fotel-tuningowy-Sparco-SPX-1173_1.jpg\",\"contentUrl\":\"https:\/\/cybul.eu\/wp-content\/uploads\/2024\/06\/pol_pl_Fotel-tuningowy-Sparco-SPX-1173_1.jpg\",\"width\":900,\"height\":900},{\"@type\":\"BreadcrumbList\",\"@id\":\"https:\/\/cybul.eu\/pl\/sklep\/fotel-tuningowy-sparco-spx\/#breadcrumb\",\"itemListElement\":[{\"@type\":\"ListItem\",\"position\":1,\"name\":\"Strona g\u0142\u00f3wna\",\"item\":\"https:\/\/cybul.eu\/pl\/\"},{\"@type\":\"ListItem\",\"position\":2,\"name\":\"Sklep\",\"item\":\"https:\/\/cybul.eu\/pl\/sklep\/\"},{\"@type\":\"ListItem\",\"position\":3,\"name\":\"FOTEL TUNINGOWY SPARCO SPX\"}]},{\"@type\":\"WebSite\",\"@id\":\"https:\/\/cybul.eu\/pl\/#website\",\"url\":\"https:\/\/cybul.eu\/pl\/\",\"name\":\"CYBUL\",\"description\":\"\",\"potentialAction\":[{\"@type\":\"SearchAction\",\"target\":{\"@type\":\"EntryPoint\",\"urlTemplate\":\"https:\/\/cybul.eu\/pl\/?s={search_term_string}\"},\"query-input\":{\"@type\":\"PropertyValueSpecification\",\"valueRequired\":true,\"valueName\":\"search_term_string\"}}],\"inLanguage\":\"pl-PL\"}]}<\/script>\n<!-- \/ Yoast SEO plugin. -->","yoast_head_json":{"title":"FOTEL TUNINGOWY SPARCO SPX - CYBUL","robots":{"index":"index","follow":"follow","max-snippet":"max-snippet:-1","max-image-preview":"max-image-preview:large","max-video-preview":"max-video-preview:-1"},"canonical":"https:\/\/cybul.eu\/pl\/sklep\/fotel-tuningowy-sparco-spx\/","og_locale":"pl_PL","og_type":"article","og_title":"FOTEL TUNINGOWY SPARCO SPX - CYBUL","og_description":"Fotel Sparco SPXZosta\u0142 zaprojektowany jako jeden z najbardziej zaawansowanych siedze\u0144 sportowych na \u015bwiecie.Sparco zaprojektowa\u0142 i opracowa\u0142 jako pierwszy w historii regulowane siedzenie z w\u0142\u00f3kna w\u0119glowego dla super samochod\u00f3w w 1998 roku, dla Lamborghini Diablo.Od tamtej pory niezliczone super samochody takie jak Bugatti Veyron i Lamborghini Aventador wykorzystali projekt Sparco w swoich pojazdach.Dostarczanie cz\u0119\u015bci dla producent\u00f3w OEM wymaga, aby wszystkie cz\u0119\u015bci przechodzi\u0142y wymagaj\u0105ce testy bezpiecze\u0144stwa i trwa\u0142o\u015bci.Sparco posiada rozleg\u0142e do\u015bwiadczenie w technologii w\u0142\u00f3kien w\u0119glowych, dlatego Sparco jest dostawc\u0105 cz\u0119\u015bci dla Alfa Romeo, AMG, Aston Martin, Audi, Bentley, Bugatti, Ferrari, Lamborghini, Keonigsegg i Lotus.SPX jest produkowany r\u0119cznie we W\u0142oszech, przy u\u017cyciu tej samej technologii i materia\u0142\u00f3w u\u017cywanych do super samochod\u00f3w.W rzeczywisto\u015bci SPX jest pierwszym fotelem Carbonowym dost\u0119pnym w sprzeda\u017cy, kt\u00f3ry spe\u0142nia te same wymogi stawiane przez producent\u00f3w OEM.Oznacza to, \u017ce dba\u0142o\u015b\u0107 o szczeg\u00f3\u0142y i jako\u015b\u0107 nie mog\u0105 by\u0107 por\u00f3wnane przez \u017cadnego innego producenta foteli dost\u0119pnych obecnie na rynku.Dzi\u0119ki ergonomicznemu kszta\u0142towi oparcia z w\u0142\u00f3kna w\u0119glowego pozycji siedz\u0105cej kompozytu, jest wygodny dla d\u0142ugich podr\u00f3\u017cy samochodem.SPX jest pokryty perforowan\u0105 pi\u0119kn\u0105 i g\u0142adk\u0105 w\u0142osk\u0105 sk\u00f3r\u0105.\u015arodek SPX jest pokryta Alcantar\u0105, co pozwala na uzyskanie niskiej wagi i pozwala zwi\u0119kszy\u0107 swoje wra\u017cenia z jazdy. &nbsp; Wszystkie szwy r\u0119czne wykonuje si\u0119 w tym samym odcieniu w czarnym z logo Sparco.Posiada sk\u00f3rzany pasek do \u015bci\u0105gania, kt\u00f3ry u\u0142atwia z\u0142o\u017cenie oparcia do przodu.Fotel posiada r\u00f3wnie\u017c pokr\u0119t\u0142o regulacji pochylenia, kt\u00f3ry pozwala na wybieranie idealnej pozycji za kierownic\u0105.SPX jest sprzedawany w wersjach kierowcy i pasa\u017cera (lewy i prawy).Produkowany na zam\u00f3wienie. Czas oczekiwania to oko\u0142o 2-3 miesi\u0105ce!","og_url":"https:\/\/cybul.eu\/pl\/sklep\/fotel-tuningowy-sparco-spx\/","og_site_name":"CYBUL","article_modified_time":"2024-06-06T18:39:06+00:00","og_image":[{"width":900,"height":900,"url":"https:\/\/cybul.eu\/wp-content\/uploads\/2024\/06\/pol_pl_Fotel-tuningowy-Sparco-SPX-1173_1.jpg","type":"image\/jpeg"}],"twitter_card":"summary_large_image","twitter_misc":{"Szacowany czas czytania":"2 minuty"},"schema":{"@context":"https:\/\/schema.org","@graph":[{"@type":"WebPage","@id":"https:\/\/cybul.eu\/pl\/sklep\/fotel-tuningowy-sparco-spx\/","url":"https:\/\/cybul.eu\/pl\/sklep\/fotel-tuningowy-sparco-spx\/","name":"FOTEL TUNINGOWY SPARCO SPX - CYBUL","isPartOf":{"@id":"https:\/\/cybul.eu\/pl\/#website"},"primaryImageOfPage":{"@id":"https:\/\/cybul.eu\/pl\/sklep\/fotel-tuningowy-sparco-spx\/#primaryimage"},"image":{"@id":"https:\/\/cybul.eu\/pl\/sklep\/fotel-tuningowy-sparco-spx\/#primaryimage"},"thumbnailUrl":"https:\/\/cybul.eu\/wp-content\/uploads\/2024\/06\/pol_pl_Fotel-tuningowy-Sparco-SPX-1173_1.jpg","datePublished":"2024-06-06T18:37:40+00:00","dateModified":"2024-06-06T18:39:06+00:00","breadcrumb":{"@id":"https:\/\/cybul.eu\/pl\/sklep\/fotel-tuningowy-sparco-spx\/#breadcrumb"},"inLanguage":"pl-PL","potentialAction":[{"@type":"ReadAction","target":["https:\/\/cybul.eu\/pl\/sklep\/fotel-tuningowy-sparco-spx\/"]}]},{"@type":"ImageObject","inLanguage":"pl-PL","@id":"https:\/\/cybul.eu\/pl\/sklep\/fotel-tuningowy-sparco-spx\/#primaryimage","url":"https:\/\/cybul.eu\/wp-content\/uploads\/2024\/06\/pol_pl_Fotel-tuningowy-Sparco-SPX-1173_1.jpg","contentUrl":"https:\/\/cybul.eu\/wp-content\/uploads\/2024\/06\/pol_pl_Fotel-tuningowy-Sparco-SPX-1173_1.jpg","width":900,"height":900},{"@type":"BreadcrumbList","@id":"https:\/\/cybul.eu\/pl\/sklep\/fotel-tuningowy-sparco-spx\/#breadcrumb","itemListElement":[{"@type":"ListItem","position":1,"name":"Strona g\u0142\u00f3wna","item":"https:\/\/cybul.eu\/pl\/"},{"@type":"ListItem","position":2,"name":"Sklep","item":"https:\/\/cybul.eu\/pl\/sklep\/"},{"@type":"ListItem","position":3,"name":"FOTEL TUNINGOWY SPARCO SPX"}]},{"@type":"WebSite","@id":"https:\/\/cybul.eu\/pl\/#website","url":"https:\/\/cybul.eu\/pl\/","name":"CYBUL","description":"","potentialAction":[{"@type":"SearchAction","target":{"@type":"EntryPoint","urlTemplate":"https:\/\/cybul.eu\/pl\/?s={search_term_string}"},"query-input":{"@type":"PropertyValueSpecification","valueRequired":true,"valueName":"search_term_string"}}],"inLanguage":"pl-PL"}]}},"_links":{"self":[{"href":"https:\/\/cybul.eu\/pl\/wp-json\/wp\/v2\/product\/10794","targetHints":{"allow":["GET"]}}],"collection":[{"href":"https:\/\/cybul.eu\/pl\/wp-json\/wp\/v2\/product"}],"about":[{"href":"https:\/\/cybul.eu\/pl\/wp-json\/wp\/v2\/types\/product"}],"replies":[{"embeddable":true,"href":"https:\/\/cybul.eu\/pl\/wp-json\/wp\/v2\/comments?post=10794"}],"wp:featuredmedia":[{"embeddable":true,"href":"https:\/\/cybul.eu\/pl\/wp-json\/wp\/v2\/media\/10765"}],"wp:attachment":[{"href":"https:\/\/cybul.eu\/pl\/wp-json\/wp\/v2\/media?parent=10794"}],"wp:term":[{"taxonomy":"product_cat","embeddable":true,"href":"https:\/\/cybul.eu\/pl\/wp-json\/wp\/v2\/product_cat?post=10794"},{"taxonomy":"product_tag","embeddable":true,"href":"https:\/\/cybul.eu\/pl\/wp-json\/wp\/v2\/product_tag?post=10794"}],"curies":[{"name":"wp","href":"https:\/\/api.w.org\/{rel}","templated":true}]}}