{"id":10791,"date":"2024-06-06T20:37:40","date_gmt":"2024-06-06T18:37:40","guid":{"rendered":"https:\/\/cybul.eu\/shop\/fotel-tuningowy-sparco-r100-3\/"},"modified":"2024-06-06T20:38:44","modified_gmt":"2024-06-06T18:38:44","slug":"fotel-tuningowy-sparco-r100-3","status":"publish","type":"product","link":"https:\/\/cybul.eu\/pl\/sklep\/fotel-tuningowy-sparco-r100-3\/","title":{"rendered":"FOTEL TUNINGOWY SPARCO R100+"},"content":{"rendered":"<div class=\"n56174_desc\">\n<p><strong>Fotel tuningowy Sparco R100+<\/p>\n<p><\/strong>Fotel R100+ Performance firmy Sparco jest skonstruowany przy u\u017cyciu mocnej rurowej ramy i obszyty mi\u0119kk\u0105 winylow\u0105 powierzchni\u0105 ze sztucznej sk\u00f3ry z oddychaj\u0105cym \u015brodkiem z mikrofibry, co zapewnia luksusowy wygl\u0105d. Wyj\u0105tkowo mi\u0119kkie i wygodne siedzisko z niskimi bocznymi podparciami i nieco w\u0119\u017csz\u0105 stalow\u0105 ram\u0105 pozwala zmie\u015bci\u0107 si\u0119 w pojazdach, w kt\u00f3rych monta\u017c siedze\u0144 z wi\u0119kszymi bocznymi podparciami mo\u017ce by\u0107 utrudniony.<\/p>\n<p>&#8211;&nbsp;Podw\u00f3jna d\u017awignia regulacji do szybkiego i \u0142atwego przechylania<br \/>&#8211; Regulowane oparcie w celu uzyskania najlepszej pozycji do siedzenia<br \/>&#8211; Wyko\u0144czone mi\u0119kk\u0105 sztuczn\u0105 sk\u00f3r\u0105 i mikrofibr\u0105, nadaj\u0105ce luksusowy wygl\u0105d i styl<br \/>&#8211; Kompatybilny z pasami 3 i 4 punktowymi<\/p>\n<\/div>\n","protected":false},"excerpt":{"rendered":"<p><strong>Fotel tuningowy Sparco R100+<\/p>\n<p><\/strong>Fotel R100+ Performance firmy Sparco jest skonstruowany przy u\u017cyciu mocnej rurowej ramy i obszyty mi\u0119kk\u0105 winylow\u0105 powierzchni\u0105 ze sztucznej sk\u00f3ry z oddychaj\u0105cym \u015brodkiem z mikrofibry, co zapewnia luksusowy wygl\u0105d. Wyj\u0105tkowo mi\u0119kkie i wygodne siedzisko z niskimi bocznymi podparciami i nieco w\u0119\u017csz\u0105 stalow\u0105 ram\u0105 pozwala zmie\u015bci\u0107 si\u0119 w pojazdach, w kt\u00f3rych monta\u017c siedze\u0144 z wi\u0119kszymi bocznymi podparciami mo\u017ce by\u0107 utrudniony.<\/p>\n<p>&#8211;&nbsp;Podw\u00f3jna d\u017awignia regulacji do szybkiego i \u0142atwego przechylania<br \/>&#8211; Regulowane oparcie w celu uzyskania najlepszej pozycji do siedzenia<br \/>&#8211; Wyko\u0144czone mi\u0119kk\u0105 sztuczn\u0105 sk\u00f3r\u0105 i mikrofibr\u0105, nadaj\u0105ce luksusowy wygl\u0105d i styl<br \/>&#8211; Kompatybilny z pasami 3 i 4 punktowymi<\/p>\n","protected":false},"featured_media":10742,"comment_status":"closed","ping_status":"open","template":"","meta":[],"product_cat":[545,542],"product_tag":[],"class_list":{"0":"post-10791","1":"product","2":"type-product","3":"status-publish","4":"has-post-thumbnail","6":"product_cat-fotele-tuningowe-bez-homologacji-fia","7":"product_cat-wnetrze","9":"first","10":"instock","11":"taxable","12":"shipping-taxable","13":"purchasable","14":"product-type-simple"},"bundled_by":[],"bundle_stock_status":"instock","bundle_stock_quantity":null,"bundle_virtual":false,"bundle_layout":"","bundle_add_to_cart_form_location":"","bundle_editable_in_cart":false,"bundle_sold_individually_context":"","bundle_item_grouping":"","bundle_min_size":"","bundle_max_size":"","bundle_price":[],"bundled_items":[],"bundle_sell_ids":[],"acf":{"zdjecie_bez_watermarka":null,"zdjecie_bez_watermarka_url":"","product_orgin_url":"https:\/\/inter-rally.pl\/product-eng-192498-Fotel-tuningowy-Sparco-R100.html"},"yoast_head":"<!-- This site is optimized with the Yoast SEO plugin v23.9 - https:\/\/yoast.com\/wordpress\/plugins\/seo\/ -->\n<title>FOTEL TUNINGOWY SPARCO R100+ - CYBUL<\/title>\n<meta name=\"robots\" content=\"index, follow, max-snippet:-1, max-image-preview:large, max-video-preview:-1\" \/>\n<link rel=\"canonical\" href=\"https:\/\/cybul.eu\/pl\/sklep\/fotel-tuningowy-sparco-r100-3\/\" \/>\n<meta property=\"og:locale\" content=\"pl_PL\" \/>\n<meta property=\"og:type\" content=\"article\" \/>\n<meta property=\"og:title\" content=\"FOTEL TUNINGOWY SPARCO R100+ - CYBUL\" \/>\n<meta property=\"og:description\" content=\"Fotel tuningowy Sparco R100+Fotel R100+ Performance firmy Sparco jest skonstruowany przy u\u017cyciu mocnej rurowej ramy i obszyty mi\u0119kk\u0105 winylow\u0105 powierzchni\u0105 ze sztucznej sk\u00f3ry z oddychaj\u0105cym \u015brodkiem z mikrofibry, co zapewnia luksusowy wygl\u0105d. Wyj\u0105tkowo mi\u0119kkie i wygodne siedzisko z niskimi bocznymi podparciami i nieco w\u0119\u017csz\u0105 stalow\u0105 ram\u0105 pozwala zmie\u015bci\u0107 si\u0119 w pojazdach, w kt\u00f3rych monta\u017c siedze\u0144 z wi\u0119kszymi bocznymi podparciami mo\u017ce by\u0107 utrudniony.-&nbsp;Podw\u00f3jna d\u017awignia regulacji do szybkiego i \u0142atwego przechylania- Regulowane oparcie w celu uzyskania najlepszej pozycji do siedzenia- Wyko\u0144czone mi\u0119kk\u0105 sztuczn\u0105 sk\u00f3r\u0105 i mikrofibr\u0105, nadaj\u0105ce luksusowy wygl\u0105d i styl- Kompatybilny z pasami 3 i 4 punktowymi\" \/>\n<meta property=\"og:url\" content=\"https:\/\/cybul.eu\/pl\/sklep\/fotel-tuningowy-sparco-r100-3\/\" \/>\n<meta property=\"og:site_name\" content=\"CYBUL\" \/>\n<meta property=\"article:modified_time\" content=\"2024-06-06T18:38:44+00:00\" \/>\n<meta property=\"og:image\" content=\"https:\/\/cybul.eu\/wp-content\/uploads\/2024\/06\/pol_pl_Fotel-tuningowy-Sparco-R100-192498_1.jpg\" \/>\n\t<meta property=\"og:image:width\" content=\"900\" \/>\n\t<meta property=\"og:image:height\" content=\"900\" \/>\n\t<meta property=\"og:image:type\" content=\"image\/jpeg\" \/>\n<meta name=\"twitter:card\" content=\"summary_large_image\" \/>\n<meta name=\"twitter:label1\" content=\"Szacowany czas czytania\" \/>\n\t<meta name=\"twitter:data1\" content=\"1 minuta\" \/>\n<script type=\"application\/ld+json\" class=\"yoast-schema-graph\">{\"@context\":\"https:\/\/schema.org\",\"@graph\":[{\"@type\":\"WebPage\",\"@id\":\"https:\/\/cybul.eu\/pl\/sklep\/fotel-tuningowy-sparco-r100-3\/\",\"url\":\"https:\/\/cybul.eu\/pl\/sklep\/fotel-tuningowy-sparco-r100-3\/\",\"name\":\"FOTEL TUNINGOWY SPARCO R100+ - CYBUL\",\"isPartOf\":{\"@id\":\"https:\/\/cybul.eu\/pl\/#website\"},\"primaryImageOfPage\":{\"@id\":\"https:\/\/cybul.eu\/pl\/sklep\/fotel-tuningowy-sparco-r100-3\/#primaryimage\"},\"image\":{\"@id\":\"https:\/\/cybul.eu\/pl\/sklep\/fotel-tuningowy-sparco-r100-3\/#primaryimage\"},\"thumbnailUrl\":\"https:\/\/cybul.eu\/wp-content\/uploads\/2024\/06\/pol_pl_Fotel-tuningowy-Sparco-R100-192498_1.jpg\",\"datePublished\":\"2024-06-06T18:37:40+00:00\",\"dateModified\":\"2024-06-06T18:38:44+00:00\",\"breadcrumb\":{\"@id\":\"https:\/\/cybul.eu\/pl\/sklep\/fotel-tuningowy-sparco-r100-3\/#breadcrumb\"},\"inLanguage\":\"pl-PL\",\"potentialAction\":[{\"@type\":\"ReadAction\",\"target\":[\"https:\/\/cybul.eu\/pl\/sklep\/fotel-tuningowy-sparco-r100-3\/\"]}]},{\"@type\":\"ImageObject\",\"inLanguage\":\"pl-PL\",\"@id\":\"https:\/\/cybul.eu\/pl\/sklep\/fotel-tuningowy-sparco-r100-3\/#primaryimage\",\"url\":\"https:\/\/cybul.eu\/wp-content\/uploads\/2024\/06\/pol_pl_Fotel-tuningowy-Sparco-R100-192498_1.jpg\",\"contentUrl\":\"https:\/\/cybul.eu\/wp-content\/uploads\/2024\/06\/pol_pl_Fotel-tuningowy-Sparco-R100-192498_1.jpg\",\"width\":900,\"height\":900},{\"@type\":\"BreadcrumbList\",\"@id\":\"https:\/\/cybul.eu\/pl\/sklep\/fotel-tuningowy-sparco-r100-3\/#breadcrumb\",\"itemListElement\":[{\"@type\":\"ListItem\",\"position\":1,\"name\":\"Strona g\u0142\u00f3wna\",\"item\":\"https:\/\/cybul.eu\/pl\/\"},{\"@type\":\"ListItem\",\"position\":2,\"name\":\"Sklep\",\"item\":\"https:\/\/cybul.eu\/pl\/sklep\/\"},{\"@type\":\"ListItem\",\"position\":3,\"name\":\"FOTEL TUNINGOWY SPARCO R100+\"}]},{\"@type\":\"WebSite\",\"@id\":\"https:\/\/cybul.eu\/pl\/#website\",\"url\":\"https:\/\/cybul.eu\/pl\/\",\"name\":\"CYBUL\",\"description\":\"\",\"potentialAction\":[{\"@type\":\"SearchAction\",\"target\":{\"@type\":\"EntryPoint\",\"urlTemplate\":\"https:\/\/cybul.eu\/pl\/?s={search_term_string}\"},\"query-input\":{\"@type\":\"PropertyValueSpecification\",\"valueRequired\":true,\"valueName\":\"search_term_string\"}}],\"inLanguage\":\"pl-PL\"}]}<\/script>\n<!-- \/ Yoast SEO plugin. -->","yoast_head_json":{"title":"FOTEL TUNINGOWY SPARCO R100+ - CYBUL","robots":{"index":"index","follow":"follow","max-snippet":"max-snippet:-1","max-image-preview":"max-image-preview:large","max-video-preview":"max-video-preview:-1"},"canonical":"https:\/\/cybul.eu\/pl\/sklep\/fotel-tuningowy-sparco-r100-3\/","og_locale":"pl_PL","og_type":"article","og_title":"FOTEL TUNINGOWY SPARCO R100+ - CYBUL","og_description":"Fotel tuningowy Sparco R100+Fotel R100+ Performance firmy Sparco jest skonstruowany przy u\u017cyciu mocnej rurowej ramy i obszyty mi\u0119kk\u0105 winylow\u0105 powierzchni\u0105 ze sztucznej sk\u00f3ry z oddychaj\u0105cym \u015brodkiem z mikrofibry, co zapewnia luksusowy wygl\u0105d. Wyj\u0105tkowo mi\u0119kkie i wygodne siedzisko z niskimi bocznymi podparciami i nieco w\u0119\u017csz\u0105 stalow\u0105 ram\u0105 pozwala zmie\u015bci\u0107 si\u0119 w pojazdach, w kt\u00f3rych monta\u017c siedze\u0144 z wi\u0119kszymi bocznymi podparciami mo\u017ce by\u0107 utrudniony.-&nbsp;Podw\u00f3jna d\u017awignia regulacji do szybkiego i \u0142atwego przechylania- Regulowane oparcie w celu uzyskania najlepszej pozycji do siedzenia- Wyko\u0144czone mi\u0119kk\u0105 sztuczn\u0105 sk\u00f3r\u0105 i mikrofibr\u0105, nadaj\u0105ce luksusowy wygl\u0105d i styl- Kompatybilny z pasami 3 i 4 punktowymi","og_url":"https:\/\/cybul.eu\/pl\/sklep\/fotel-tuningowy-sparco-r100-3\/","og_site_name":"CYBUL","article_modified_time":"2024-06-06T18:38:44+00:00","og_image":[{"width":900,"height":900,"url":"https:\/\/cybul.eu\/wp-content\/uploads\/2024\/06\/pol_pl_Fotel-tuningowy-Sparco-R100-192498_1.jpg","type":"image\/jpeg"}],"twitter_card":"summary_large_image","twitter_misc":{"Szacowany czas czytania":"1 minuta"},"schema":{"@context":"https:\/\/schema.org","@graph":[{"@type":"WebPage","@id":"https:\/\/cybul.eu\/pl\/sklep\/fotel-tuningowy-sparco-r100-3\/","url":"https:\/\/cybul.eu\/pl\/sklep\/fotel-tuningowy-sparco-r100-3\/","name":"FOTEL TUNINGOWY SPARCO R100+ - CYBUL","isPartOf":{"@id":"https:\/\/cybul.eu\/pl\/#website"},"primaryImageOfPage":{"@id":"https:\/\/cybul.eu\/pl\/sklep\/fotel-tuningowy-sparco-r100-3\/#primaryimage"},"image":{"@id":"https:\/\/cybul.eu\/pl\/sklep\/fotel-tuningowy-sparco-r100-3\/#primaryimage"},"thumbnailUrl":"https:\/\/cybul.eu\/wp-content\/uploads\/2024\/06\/pol_pl_Fotel-tuningowy-Sparco-R100-192498_1.jpg","datePublished":"2024-06-06T18:37:40+00:00","dateModified":"2024-06-06T18:38:44+00:00","breadcrumb":{"@id":"https:\/\/cybul.eu\/pl\/sklep\/fotel-tuningowy-sparco-r100-3\/#breadcrumb"},"inLanguage":"pl-PL","potentialAction":[{"@type":"ReadAction","target":["https:\/\/cybul.eu\/pl\/sklep\/fotel-tuningowy-sparco-r100-3\/"]}]},{"@type":"ImageObject","inLanguage":"pl-PL","@id":"https:\/\/cybul.eu\/pl\/sklep\/fotel-tuningowy-sparco-r100-3\/#primaryimage","url":"https:\/\/cybul.eu\/wp-content\/uploads\/2024\/06\/pol_pl_Fotel-tuningowy-Sparco-R100-192498_1.jpg","contentUrl":"https:\/\/cybul.eu\/wp-content\/uploads\/2024\/06\/pol_pl_Fotel-tuningowy-Sparco-R100-192498_1.jpg","width":900,"height":900},{"@type":"BreadcrumbList","@id":"https:\/\/cybul.eu\/pl\/sklep\/fotel-tuningowy-sparco-r100-3\/#breadcrumb","itemListElement":[{"@type":"ListItem","position":1,"name":"Strona g\u0142\u00f3wna","item":"https:\/\/cybul.eu\/pl\/"},{"@type":"ListItem","position":2,"name":"Sklep","item":"https:\/\/cybul.eu\/pl\/sklep\/"},{"@type":"ListItem","position":3,"name":"FOTEL TUNINGOWY SPARCO R100+"}]},{"@type":"WebSite","@id":"https:\/\/cybul.eu\/pl\/#website","url":"https:\/\/cybul.eu\/pl\/","name":"CYBUL","description":"","potentialAction":[{"@type":"SearchAction","target":{"@type":"EntryPoint","urlTemplate":"https:\/\/cybul.eu\/pl\/?s={search_term_string}"},"query-input":{"@type":"PropertyValueSpecification","valueRequired":true,"valueName":"search_term_string"}}],"inLanguage":"pl-PL"}]}},"_links":{"self":[{"href":"https:\/\/cybul.eu\/pl\/wp-json\/wp\/v2\/product\/10791","targetHints":{"allow":["GET"]}}],"collection":[{"href":"https:\/\/cybul.eu\/pl\/wp-json\/wp\/v2\/product"}],"about":[{"href":"https:\/\/cybul.eu\/pl\/wp-json\/wp\/v2\/types\/product"}],"replies":[{"embeddable":true,"href":"https:\/\/cybul.eu\/pl\/wp-json\/wp\/v2\/comments?post=10791"}],"wp:featuredmedia":[{"embeddable":true,"href":"https:\/\/cybul.eu\/pl\/wp-json\/wp\/v2\/media\/10742"}],"wp:attachment":[{"href":"https:\/\/cybul.eu\/pl\/wp-json\/wp\/v2\/media?parent=10791"}],"wp:term":[{"taxonomy":"product_cat","embeddable":true,"href":"https:\/\/cybul.eu\/pl\/wp-json\/wp\/v2\/product_cat?post=10791"},{"taxonomy":"product_tag","embeddable":true,"href":"https:\/\/cybul.eu\/pl\/wp-json\/wp\/v2\/product_tag?post=10791"}],"curies":[{"name":"wp","href":"https:\/\/api.w.org\/{rel}","templated":true}]}}