{"id":10785,"date":"2024-06-06T20:37:40","date_gmt":"2024-06-06T18:37:40","guid":{"rendered":"https:\/\/cybul.eu\/shop\/fotel-tuningowy-sparco-r100-sky\/"},"modified":"2024-06-06T20:38:06","modified_gmt":"2024-06-06T18:38:06","slug":"fotel-tuningowy-sparco-r100-sky","status":"publish","type":"product","link":"https:\/\/cybul.eu\/pl\/sklep\/fotel-tuningowy-sparco-r100-sky\/","title":{"rendered":"FOTEL TUNINGOWY SPARCO R100 SKY"},"content":{"rendered":"<p><strong>Fotel tuningowy Sparco R100&nbsp;SKY<\/p>\n<p><\/strong><span class=\"\">Kompaktowy i wygodny fotel,<\/span> <span class=\"\">nadaje si\u0119 do<\/span> <span class=\"\">wi\u0119kszo\u015bci samochod\u00f3w<\/span>.<br \/>Podparcie odcinka l\u0119d\u017awiowego kr\u0119gos\u0142upa zapewniaj\u0105 kierowcy wysoki komfort jazdy.<br \/>Bardzo dobre trzymanie boczne.<br \/>Posiada precyzyjny system regulacji nachylenia oparcia.<\/p>\n<p>Mocowanie&nbsp;dolne:&nbsp;271 x 345 mm.<\/p>\n<p>Kompatybilny&nbsp;z 3 lub 4 punktowymi pasami.<\/p>\n<p><\/p>\n<p><img decoding=\"async\" src=\"https:\/\/inter-rally.pl\/data\/include\/cms\/Fotele-Sparco-2017\/Wymiary_foteli_tuningowych_sparco.jpg\" border=\"0\" alt=\"\" width=\"750\"><\/p>\n","protected":false},"excerpt":{"rendered":"<p><strong>Fotel tuningowy Sparco R100&nbsp;SKY<\/p>\n<p><\/strong><span class=\"\">Kompaktowy i wygodny fotel,<\/span> <span class=\"\">nadaje si\u0119 do<\/span> <span class=\"\">wi\u0119kszo\u015bci samochod\u00f3w<\/span>.<br \/>Podparcie odcinka l\u0119d\u017awiowego kr\u0119gos\u0142upa zapewniaj\u0105 kierowcy wysoki komfort jazdy.<br \/>Bardzo dobre trzymanie boczne.<br \/>Posiada precyzyjny system regulacji nachylenia oparcia.<\/p>\n","protected":false},"featured_media":10706,"comment_status":"closed","ping_status":"open","template":"","meta":[],"product_cat":[545,542],"product_tag":[],"class_list":{"0":"post-10785","1":"product","2":"type-product","3":"status-publish","4":"has-post-thumbnail","6":"product_cat-fotele-tuningowe-bez-homologacji-fia","7":"product_cat-wnetrze","9":"first","10":"instock","11":"taxable","12":"shipping-taxable","13":"purchasable","14":"product-type-simple"},"bundled_by":[],"bundle_stock_status":"instock","bundle_stock_quantity":null,"bundle_virtual":false,"bundle_layout":"","bundle_add_to_cart_form_location":"","bundle_editable_in_cart":false,"bundle_sold_individually_context":"","bundle_item_grouping":"","bundle_min_size":"","bundle_max_size":"","bundle_price":[],"bundled_items":[],"bundle_sell_ids":[],"acf":{"zdjecie_bez_watermarka":null,"zdjecie_bez_watermarka_url":"","product_orgin_url":"https:\/\/inter-rally.pl\/product-eng-9670-Fotel-tuningowy-Sparco-R100-SKY.html"},"yoast_head":"<!-- This site is optimized with the Yoast SEO plugin v23.9 - https:\/\/yoast.com\/wordpress\/plugins\/seo\/ -->\n<title>FOTEL TUNINGOWY SPARCO R100 SKY - CYBUL<\/title>\n<meta name=\"robots\" content=\"index, follow, max-snippet:-1, max-image-preview:large, max-video-preview:-1\" \/>\n<link rel=\"canonical\" href=\"https:\/\/cybul.eu\/pl\/sklep\/fotel-tuningowy-sparco-r100-sky\/\" \/>\n<meta property=\"og:locale\" content=\"pl_PL\" \/>\n<meta property=\"og:type\" content=\"article\" \/>\n<meta property=\"og:title\" content=\"FOTEL TUNINGOWY SPARCO R100 SKY - CYBUL\" \/>\n<meta property=\"og:description\" content=\"Fotel tuningowy Sparco R100&nbsp;SKYKompaktowy i wygodny fotel, nadaje si\u0119 do wi\u0119kszo\u015bci samochod\u00f3w.Podparcie odcinka l\u0119d\u017awiowego kr\u0119gos\u0142upa zapewniaj\u0105 kierowcy wysoki komfort jazdy.Bardzo dobre trzymanie boczne.Posiada precyzyjny system regulacji nachylenia oparcia.\" \/>\n<meta property=\"og:url\" content=\"https:\/\/cybul.eu\/pl\/sklep\/fotel-tuningowy-sparco-r100-sky\/\" \/>\n<meta property=\"og:site_name\" content=\"CYBUL\" \/>\n<meta property=\"article:modified_time\" content=\"2024-06-06T18:38:06+00:00\" \/>\n<meta property=\"og:image\" content=\"https:\/\/cybul.eu\/wp-content\/uploads\/2024\/06\/pol_pl_Fotel-tuningowy-Sparco-R100-SKY-9670_1.jpg\" \/>\n\t<meta property=\"og:image:width\" content=\"900\" \/>\n\t<meta property=\"og:image:height\" content=\"900\" \/>\n\t<meta property=\"og:image:type\" content=\"image\/jpeg\" \/>\n<meta name=\"twitter:card\" content=\"summary_large_image\" \/>\n<script type=\"application\/ld+json\" class=\"yoast-schema-graph\">{\"@context\":\"https:\/\/schema.org\",\"@graph\":[{\"@type\":\"WebPage\",\"@id\":\"https:\/\/cybul.eu\/pl\/sklep\/fotel-tuningowy-sparco-r100-sky\/\",\"url\":\"https:\/\/cybul.eu\/pl\/sklep\/fotel-tuningowy-sparco-r100-sky\/\",\"name\":\"FOTEL TUNINGOWY SPARCO R100 SKY - CYBUL\",\"isPartOf\":{\"@id\":\"https:\/\/cybul.eu\/pl\/#website\"},\"primaryImageOfPage\":{\"@id\":\"https:\/\/cybul.eu\/pl\/sklep\/fotel-tuningowy-sparco-r100-sky\/#primaryimage\"},\"image\":{\"@id\":\"https:\/\/cybul.eu\/pl\/sklep\/fotel-tuningowy-sparco-r100-sky\/#primaryimage\"},\"thumbnailUrl\":\"https:\/\/cybul.eu\/wp-content\/uploads\/2024\/06\/pol_pl_Fotel-tuningowy-Sparco-R100-SKY-9670_1.jpg\",\"datePublished\":\"2024-06-06T18:37:40+00:00\",\"dateModified\":\"2024-06-06T18:38:06+00:00\",\"breadcrumb\":{\"@id\":\"https:\/\/cybul.eu\/pl\/sklep\/fotel-tuningowy-sparco-r100-sky\/#breadcrumb\"},\"inLanguage\":\"pl-PL\",\"potentialAction\":[{\"@type\":\"ReadAction\",\"target\":[\"https:\/\/cybul.eu\/pl\/sklep\/fotel-tuningowy-sparco-r100-sky\/\"]}]},{\"@type\":\"ImageObject\",\"inLanguage\":\"pl-PL\",\"@id\":\"https:\/\/cybul.eu\/pl\/sklep\/fotel-tuningowy-sparco-r100-sky\/#primaryimage\",\"url\":\"https:\/\/cybul.eu\/wp-content\/uploads\/2024\/06\/pol_pl_Fotel-tuningowy-Sparco-R100-SKY-9670_1.jpg\",\"contentUrl\":\"https:\/\/cybul.eu\/wp-content\/uploads\/2024\/06\/pol_pl_Fotel-tuningowy-Sparco-R100-SKY-9670_1.jpg\",\"width\":900,\"height\":900},{\"@type\":\"BreadcrumbList\",\"@id\":\"https:\/\/cybul.eu\/pl\/sklep\/fotel-tuningowy-sparco-r100-sky\/#breadcrumb\",\"itemListElement\":[{\"@type\":\"ListItem\",\"position\":1,\"name\":\"Strona g\u0142\u00f3wna\",\"item\":\"https:\/\/cybul.eu\/pl\/\"},{\"@type\":\"ListItem\",\"position\":2,\"name\":\"Sklep\",\"item\":\"https:\/\/cybul.eu\/pl\/sklep\/\"},{\"@type\":\"ListItem\",\"position\":3,\"name\":\"FOTEL TUNINGOWY SPARCO R100 SKY\"}]},{\"@type\":\"WebSite\",\"@id\":\"https:\/\/cybul.eu\/pl\/#website\",\"url\":\"https:\/\/cybul.eu\/pl\/\",\"name\":\"CYBUL\",\"description\":\"\",\"potentialAction\":[{\"@type\":\"SearchAction\",\"target\":{\"@type\":\"EntryPoint\",\"urlTemplate\":\"https:\/\/cybul.eu\/pl\/?s={search_term_string}\"},\"query-input\":{\"@type\":\"PropertyValueSpecification\",\"valueRequired\":true,\"valueName\":\"search_term_string\"}}],\"inLanguage\":\"pl-PL\"}]}<\/script>\n<!-- \/ Yoast SEO plugin. -->","yoast_head_json":{"title":"FOTEL TUNINGOWY SPARCO R100 SKY - CYBUL","robots":{"index":"index","follow":"follow","max-snippet":"max-snippet:-1","max-image-preview":"max-image-preview:large","max-video-preview":"max-video-preview:-1"},"canonical":"https:\/\/cybul.eu\/pl\/sklep\/fotel-tuningowy-sparco-r100-sky\/","og_locale":"pl_PL","og_type":"article","og_title":"FOTEL TUNINGOWY SPARCO R100 SKY - CYBUL","og_description":"Fotel tuningowy Sparco R100&nbsp;SKYKompaktowy i wygodny fotel, nadaje si\u0119 do wi\u0119kszo\u015bci samochod\u00f3w.Podparcie odcinka l\u0119d\u017awiowego kr\u0119gos\u0142upa zapewniaj\u0105 kierowcy wysoki komfort jazdy.Bardzo dobre trzymanie boczne.Posiada precyzyjny system regulacji nachylenia oparcia.","og_url":"https:\/\/cybul.eu\/pl\/sklep\/fotel-tuningowy-sparco-r100-sky\/","og_site_name":"CYBUL","article_modified_time":"2024-06-06T18:38:06+00:00","og_image":[{"width":900,"height":900,"url":"https:\/\/cybul.eu\/wp-content\/uploads\/2024\/06\/pol_pl_Fotel-tuningowy-Sparco-R100-SKY-9670_1.jpg","type":"image\/jpeg"}],"twitter_card":"summary_large_image","schema":{"@context":"https:\/\/schema.org","@graph":[{"@type":"WebPage","@id":"https:\/\/cybul.eu\/pl\/sklep\/fotel-tuningowy-sparco-r100-sky\/","url":"https:\/\/cybul.eu\/pl\/sklep\/fotel-tuningowy-sparco-r100-sky\/","name":"FOTEL TUNINGOWY SPARCO R100 SKY - CYBUL","isPartOf":{"@id":"https:\/\/cybul.eu\/pl\/#website"},"primaryImageOfPage":{"@id":"https:\/\/cybul.eu\/pl\/sklep\/fotel-tuningowy-sparco-r100-sky\/#primaryimage"},"image":{"@id":"https:\/\/cybul.eu\/pl\/sklep\/fotel-tuningowy-sparco-r100-sky\/#primaryimage"},"thumbnailUrl":"https:\/\/cybul.eu\/wp-content\/uploads\/2024\/06\/pol_pl_Fotel-tuningowy-Sparco-R100-SKY-9670_1.jpg","datePublished":"2024-06-06T18:37:40+00:00","dateModified":"2024-06-06T18:38:06+00:00","breadcrumb":{"@id":"https:\/\/cybul.eu\/pl\/sklep\/fotel-tuningowy-sparco-r100-sky\/#breadcrumb"},"inLanguage":"pl-PL","potentialAction":[{"@type":"ReadAction","target":["https:\/\/cybul.eu\/pl\/sklep\/fotel-tuningowy-sparco-r100-sky\/"]}]},{"@type":"ImageObject","inLanguage":"pl-PL","@id":"https:\/\/cybul.eu\/pl\/sklep\/fotel-tuningowy-sparco-r100-sky\/#primaryimage","url":"https:\/\/cybul.eu\/wp-content\/uploads\/2024\/06\/pol_pl_Fotel-tuningowy-Sparco-R100-SKY-9670_1.jpg","contentUrl":"https:\/\/cybul.eu\/wp-content\/uploads\/2024\/06\/pol_pl_Fotel-tuningowy-Sparco-R100-SKY-9670_1.jpg","width":900,"height":900},{"@type":"BreadcrumbList","@id":"https:\/\/cybul.eu\/pl\/sklep\/fotel-tuningowy-sparco-r100-sky\/#breadcrumb","itemListElement":[{"@type":"ListItem","position":1,"name":"Strona g\u0142\u00f3wna","item":"https:\/\/cybul.eu\/pl\/"},{"@type":"ListItem","position":2,"name":"Sklep","item":"https:\/\/cybul.eu\/pl\/sklep\/"},{"@type":"ListItem","position":3,"name":"FOTEL TUNINGOWY SPARCO R100 SKY"}]},{"@type":"WebSite","@id":"https:\/\/cybul.eu\/pl\/#website","url":"https:\/\/cybul.eu\/pl\/","name":"CYBUL","description":"","potentialAction":[{"@type":"SearchAction","target":{"@type":"EntryPoint","urlTemplate":"https:\/\/cybul.eu\/pl\/?s={search_term_string}"},"query-input":{"@type":"PropertyValueSpecification","valueRequired":true,"valueName":"search_term_string"}}],"inLanguage":"pl-PL"}]}},"_links":{"self":[{"href":"https:\/\/cybul.eu\/pl\/wp-json\/wp\/v2\/product\/10785","targetHints":{"allow":["GET"]}}],"collection":[{"href":"https:\/\/cybul.eu\/pl\/wp-json\/wp\/v2\/product"}],"about":[{"href":"https:\/\/cybul.eu\/pl\/wp-json\/wp\/v2\/types\/product"}],"replies":[{"embeddable":true,"href":"https:\/\/cybul.eu\/pl\/wp-json\/wp\/v2\/comments?post=10785"}],"wp:featuredmedia":[{"embeddable":true,"href":"https:\/\/cybul.eu\/pl\/wp-json\/wp\/v2\/media\/10706"}],"wp:attachment":[{"href":"https:\/\/cybul.eu\/pl\/wp-json\/wp\/v2\/media?parent=10785"}],"wp:term":[{"taxonomy":"product_cat","embeddable":true,"href":"https:\/\/cybul.eu\/pl\/wp-json\/wp\/v2\/product_cat?post=10785"},{"taxonomy":"product_tag","embeddable":true,"href":"https:\/\/cybul.eu\/pl\/wp-json\/wp\/v2\/product_tag?post=10785"}],"curies":[{"name":"wp","href":"https:\/\/api.w.org\/{rel}","templated":true}]}}