{"id":10782,"date":"2024-06-06T20:16:03","date_gmt":"2024-06-06T18:37:40","guid":{"rendered":"https:\/\/cybul.eu\/shop\/fotel-bimarco-racer\/"},"modified":"2024-06-06T20:38:01","modified_gmt":"2024-06-06T18:38:01","slug":"fotel-bimarco-racer","status":"publish","type":"product","link":"https:\/\/cybul.eu\/pl\/sklep\/fotel-bimarco-racer\/","title":{"rendered":"FOTEL BIMARCO RACER"},"content":{"rendered":"<h2>Fotel Bimarco Racer<\/h2>\n<p>Bardzo dobre wyko\u0144czenie i gwarantowana sztywno\u015b\u0107<br \/>5 przej\u015b\u0107 dla uprz\u0119\u017cy<br \/>Mocowania boczne (brak w zestawie): m8 w rozstawie 290mm<br \/>Ty\u0142 z czarnego woskowanego w\u0142\u00f3kna<br \/>Zdejmowane poduszki Velcro\u00ae: plecy, siedzisko, nogi<br \/>W zestawie 4 \u015bruby<br \/>Waga fotela: 10,66 kg<br \/>Przeznaczony dla kierowc\u00f3w&nbsp;85-110 kg.<\/p>\n","protected":false},"excerpt":{"rendered":"<p>Bardzo dobre wyko\u0144czenie i gwarantowana sztywno\u015b\u0107<br \/>5 przej\u015b\u0107 dla uprz\u0119\u017cy<br \/>Mocowania boczne (brak w zestawie): m8 w rozstawie 290mm<br \/>Ty\u0142 z czarnego woskowanego w\u0142\u00f3kna<br \/>Zdejmowane poduszki Velcro\u00ae: plecy, siedzisko, nogi<br \/>W zestawie 4 \u015bruby<br \/>Waga fotela: 10,66 kg<br \/>Przeznaczony dla kierowc\u00f3w&nbsp;85-110 kg.<\/p>\n","protected":false},"featured_media":10683,"comment_status":"closed","ping_status":"closed","template":"","meta":[],"product_cat":[545,542],"product_tag":[],"class_list":{"0":"post-10782","1":"product","2":"type-product","3":"status-publish","4":"has-post-thumbnail","6":"product_cat-fotele-tuningowe-bez-homologacji-fia","7":"product_cat-wnetrze","9":"first","10":"instock","11":"taxable","12":"shipping-taxable","13":"purchasable","14":"product-type-simple"},"bundled_by":[],"bundle_stock_status":"instock","bundle_stock_quantity":null,"bundle_virtual":false,"bundle_layout":"","bundle_add_to_cart_form_location":"","bundle_editable_in_cart":false,"bundle_sold_individually_context":"","bundle_item_grouping":"","bundle_min_size":"","bundle_max_size":"","bundle_price":[],"bundled_items":[],"bundle_sell_ids":[],"acf":{"zdjecie_bez_watermarka":null,"zdjecie_bez_watermarka_url":"","product_orgin_url":"https:\/\/inter-rally.pl\/product-eng-184478-Fotel-BIMARCO-Racer.html"},"yoast_head":"<!-- This site is optimized with the Yoast SEO plugin v23.9 - https:\/\/yoast.com\/wordpress\/plugins\/seo\/ -->\n<title>FOTEL BIMARCO RACER - CYBUL<\/title>\n<meta name=\"robots\" content=\"index, follow, max-snippet:-1, max-image-preview:large, max-video-preview:-1\" \/>\n<link rel=\"canonical\" href=\"https:\/\/cybul.eu\/pl\/sklep\/fotel-bimarco-racer\/\" \/>\n<meta property=\"og:locale\" content=\"pl_PL\" \/>\n<meta property=\"og:type\" content=\"article\" \/>\n<meta property=\"og:title\" content=\"FOTEL BIMARCO RACER - CYBUL\" \/>\n<meta property=\"og:description\" content=\"Bardzo dobre wyko\u0144czenie i gwarantowana sztywno\u015b\u01075 przej\u015b\u0107 dla uprz\u0119\u017cyMocowania boczne (brak w zestawie): m8 w rozstawie 290mmTy\u0142 z czarnego woskowanego w\u0142\u00f3knaZdejmowane poduszki Velcro\u00ae: plecy, siedzisko, nogiW zestawie 4 \u015brubyWaga fotela: 10,66 kgPrzeznaczony dla kierowc\u00f3w&nbsp;85-110 kg.\" \/>\n<meta property=\"og:url\" content=\"https:\/\/cybul.eu\/pl\/sklep\/fotel-bimarco-racer\/\" \/>\n<meta property=\"og:site_name\" content=\"CYBUL\" \/>\n<meta property=\"article:modified_time\" content=\"2024-06-06T18:38:01+00:00\" \/>\n<meta property=\"og:image\" content=\"https:\/\/cybul.eu\/wp-content\/uploads\/2024\/06\/pol_pl_Fotel-BIMARCO-Racer-184478_1.jpg\" \/>\n\t<meta property=\"og:image:width\" content=\"600\" \/>\n\t<meta property=\"og:image:height\" content=\"900\" \/>\n\t<meta property=\"og:image:type\" content=\"image\/jpeg\" \/>\n<meta name=\"twitter:card\" content=\"summary_large_image\" \/>\n<script type=\"application\/ld+json\" class=\"yoast-schema-graph\">{\"@context\":\"https:\/\/schema.org\",\"@graph\":[{\"@type\":\"WebPage\",\"@id\":\"https:\/\/cybul.eu\/pl\/sklep\/fotel-bimarco-racer\/\",\"url\":\"https:\/\/cybul.eu\/pl\/sklep\/fotel-bimarco-racer\/\",\"name\":\"FOTEL BIMARCO RACER - CYBUL\",\"isPartOf\":{\"@id\":\"https:\/\/cybul.eu\/pl\/#website\"},\"primaryImageOfPage\":{\"@id\":\"https:\/\/cybul.eu\/pl\/sklep\/fotel-bimarco-racer\/#primaryimage\"},\"image\":{\"@id\":\"https:\/\/cybul.eu\/pl\/sklep\/fotel-bimarco-racer\/#primaryimage\"},\"thumbnailUrl\":\"https:\/\/cybul.eu\/wp-content\/uploads\/2024\/06\/pol_pl_Fotel-BIMARCO-Racer-184478_1.jpg\",\"datePublished\":\"2024-06-06T18:37:40+00:00\",\"dateModified\":\"2024-06-06T18:38:01+00:00\",\"breadcrumb\":{\"@id\":\"https:\/\/cybul.eu\/pl\/sklep\/fotel-bimarco-racer\/#breadcrumb\"},\"inLanguage\":\"pl-PL\",\"potentialAction\":[{\"@type\":\"ReadAction\",\"target\":[\"https:\/\/cybul.eu\/pl\/sklep\/fotel-bimarco-racer\/\"]}]},{\"@type\":\"ImageObject\",\"inLanguage\":\"pl-PL\",\"@id\":\"https:\/\/cybul.eu\/pl\/sklep\/fotel-bimarco-racer\/#primaryimage\",\"url\":\"https:\/\/cybul.eu\/wp-content\/uploads\/2024\/06\/pol_pl_Fotel-BIMARCO-Racer-184478_1.jpg\",\"contentUrl\":\"https:\/\/cybul.eu\/wp-content\/uploads\/2024\/06\/pol_pl_Fotel-BIMARCO-Racer-184478_1.jpg\",\"width\":600,\"height\":900},{\"@type\":\"BreadcrumbList\",\"@id\":\"https:\/\/cybul.eu\/pl\/sklep\/fotel-bimarco-racer\/#breadcrumb\",\"itemListElement\":[{\"@type\":\"ListItem\",\"position\":1,\"name\":\"Strona g\u0142\u00f3wna\",\"item\":\"https:\/\/cybul.eu\/pl\/\"},{\"@type\":\"ListItem\",\"position\":2,\"name\":\"Sklep\",\"item\":\"https:\/\/cybul.eu\/pl\/sklep\/\"},{\"@type\":\"ListItem\",\"position\":3,\"name\":\"FOTEL BIMARCO RACER\"}]},{\"@type\":\"WebSite\",\"@id\":\"https:\/\/cybul.eu\/pl\/#website\",\"url\":\"https:\/\/cybul.eu\/pl\/\",\"name\":\"CYBUL\",\"description\":\"\",\"potentialAction\":[{\"@type\":\"SearchAction\",\"target\":{\"@type\":\"EntryPoint\",\"urlTemplate\":\"https:\/\/cybul.eu\/pl\/?s={search_term_string}\"},\"query-input\":{\"@type\":\"PropertyValueSpecification\",\"valueRequired\":true,\"valueName\":\"search_term_string\"}}],\"inLanguage\":\"pl-PL\"}]}<\/script>\n<!-- \/ Yoast SEO plugin. -->","yoast_head_json":{"title":"FOTEL BIMARCO RACER - CYBUL","robots":{"index":"index","follow":"follow","max-snippet":"max-snippet:-1","max-image-preview":"max-image-preview:large","max-video-preview":"max-video-preview:-1"},"canonical":"https:\/\/cybul.eu\/pl\/sklep\/fotel-bimarco-racer\/","og_locale":"pl_PL","og_type":"article","og_title":"FOTEL BIMARCO RACER - CYBUL","og_description":"Bardzo dobre wyko\u0144czenie i gwarantowana sztywno\u015b\u01075 przej\u015b\u0107 dla uprz\u0119\u017cyMocowania boczne (brak w zestawie): m8 w rozstawie 290mmTy\u0142 z czarnego woskowanego w\u0142\u00f3knaZdejmowane poduszki Velcro\u00ae: plecy, siedzisko, nogiW zestawie 4 \u015brubyWaga fotela: 10,66 kgPrzeznaczony dla kierowc\u00f3w&nbsp;85-110 kg.","og_url":"https:\/\/cybul.eu\/pl\/sklep\/fotel-bimarco-racer\/","og_site_name":"CYBUL","article_modified_time":"2024-06-06T18:38:01+00:00","og_image":[{"width":600,"height":900,"url":"https:\/\/cybul.eu\/wp-content\/uploads\/2024\/06\/pol_pl_Fotel-BIMARCO-Racer-184478_1.jpg","type":"image\/jpeg"}],"twitter_card":"summary_large_image","schema":{"@context":"https:\/\/schema.org","@graph":[{"@type":"WebPage","@id":"https:\/\/cybul.eu\/pl\/sklep\/fotel-bimarco-racer\/","url":"https:\/\/cybul.eu\/pl\/sklep\/fotel-bimarco-racer\/","name":"FOTEL BIMARCO RACER - CYBUL","isPartOf":{"@id":"https:\/\/cybul.eu\/pl\/#website"},"primaryImageOfPage":{"@id":"https:\/\/cybul.eu\/pl\/sklep\/fotel-bimarco-racer\/#primaryimage"},"image":{"@id":"https:\/\/cybul.eu\/pl\/sklep\/fotel-bimarco-racer\/#primaryimage"},"thumbnailUrl":"https:\/\/cybul.eu\/wp-content\/uploads\/2024\/06\/pol_pl_Fotel-BIMARCO-Racer-184478_1.jpg","datePublished":"2024-06-06T18:37:40+00:00","dateModified":"2024-06-06T18:38:01+00:00","breadcrumb":{"@id":"https:\/\/cybul.eu\/pl\/sklep\/fotel-bimarco-racer\/#breadcrumb"},"inLanguage":"pl-PL","potentialAction":[{"@type":"ReadAction","target":["https:\/\/cybul.eu\/pl\/sklep\/fotel-bimarco-racer\/"]}]},{"@type":"ImageObject","inLanguage":"pl-PL","@id":"https:\/\/cybul.eu\/pl\/sklep\/fotel-bimarco-racer\/#primaryimage","url":"https:\/\/cybul.eu\/wp-content\/uploads\/2024\/06\/pol_pl_Fotel-BIMARCO-Racer-184478_1.jpg","contentUrl":"https:\/\/cybul.eu\/wp-content\/uploads\/2024\/06\/pol_pl_Fotel-BIMARCO-Racer-184478_1.jpg","width":600,"height":900},{"@type":"BreadcrumbList","@id":"https:\/\/cybul.eu\/pl\/sklep\/fotel-bimarco-racer\/#breadcrumb","itemListElement":[{"@type":"ListItem","position":1,"name":"Strona g\u0142\u00f3wna","item":"https:\/\/cybul.eu\/pl\/"},{"@type":"ListItem","position":2,"name":"Sklep","item":"https:\/\/cybul.eu\/pl\/sklep\/"},{"@type":"ListItem","position":3,"name":"FOTEL BIMARCO RACER"}]},{"@type":"WebSite","@id":"https:\/\/cybul.eu\/pl\/#website","url":"https:\/\/cybul.eu\/pl\/","name":"CYBUL","description":"","potentialAction":[{"@type":"SearchAction","target":{"@type":"EntryPoint","urlTemplate":"https:\/\/cybul.eu\/pl\/?s={search_term_string}"},"query-input":{"@type":"PropertyValueSpecification","valueRequired":true,"valueName":"search_term_string"}}],"inLanguage":"pl-PL"}]}},"_links":{"self":[{"href":"https:\/\/cybul.eu\/pl\/wp-json\/wp\/v2\/product\/10782","targetHints":{"allow":["GET"]}}],"collection":[{"href":"https:\/\/cybul.eu\/pl\/wp-json\/wp\/v2\/product"}],"about":[{"href":"https:\/\/cybul.eu\/pl\/wp-json\/wp\/v2\/types\/product"}],"replies":[{"embeddable":true,"href":"https:\/\/cybul.eu\/pl\/wp-json\/wp\/v2\/comments?post=10782"}],"wp:featuredmedia":[{"embeddable":true,"href":"https:\/\/cybul.eu\/pl\/wp-json\/wp\/v2\/media\/10683"}],"wp:attachment":[{"href":"https:\/\/cybul.eu\/pl\/wp-json\/wp\/v2\/media?parent=10782"}],"wp:term":[{"taxonomy":"product_cat","embeddable":true,"href":"https:\/\/cybul.eu\/pl\/wp-json\/wp\/v2\/product_cat?post=10782"},{"taxonomy":"product_tag","embeddable":true,"href":"https:\/\/cybul.eu\/pl\/wp-json\/wp\/v2\/product_tag?post=10782"}],"curies":[{"name":"wp","href":"https:\/\/api.w.org\/{rel}","templated":true}]}}