{"id":10608,"date":"2024-06-06T19:46:53","date_gmt":"2024-06-06T17:46:53","guid":{"rendered":"https:\/\/cybul.eu\/shop\/fotel-sparco-evo-l-carbon\/"},"modified":"2024-06-06T19:47:17","modified_gmt":"2024-06-06T17:47:17","slug":"fotel-sparco-evo-l-carbon","status":"publish","type":"product","link":"https:\/\/cybul.eu\/pl\/sklep\/fotel-sparco-evo-l-carbon\/","title":{"rendered":"FOTEL SPARCO EVO L CARBON"},"content":{"rendered":"<p><strong>Fotel Sparco&nbsp;EVO L Carbon<\/p>\n<p><\/strong>Homologacja:<strong> FIA 8855-1999<\/p>\n<p><\/strong>Poszycie fotela wykonane z weluru z antypo\u015blizgowymi wstawkami.<br \/>Skorupa wykonana z w\u0142\u00f3kna&nbsp;w\u0119glowego tworzy mocn\u0105 i ultralekk\u0105 konstrukcj\u0119.<br \/>Fotel posiada wy\u017csze podparcia boczne zapewniaj\u0105ce lepsze trzymanie.<br \/>Posiada dodatkowy otw\u00f3r na pas kroczowy, co daje mo\u017cliwo\u015b\u0107 u\u017cywania go z pasami 3, 4, 5 lub 6 punktowymi.<br \/>Mocowanie boczne.<br \/>Waga: 5,6 kg<\/p>\n<p><img decoding=\"async\" src=\"\/data\/include\/cms\/rozmiary\/Sparco\/2020\/sparco-evo-l-xl-wymiary.jpg\" border=\"0\" alt=\"\" width=\"750\"><\/p>\n","protected":false},"excerpt":{"rendered":"<p><strong>Fotel Sparco&nbsp;EVO L Carbon<\/p>\n<p><\/strong>Homologacja:<strong> FIA 8855-1999<\/p>\n<p><\/strong>Poszycie fotela wykonane z weluru z antypo\u015blizgowymi wstawkami.<br \/>Skorupa wykonana z w\u0142\u00f3kna&nbsp;w\u0119glowego tworzy mocn\u0105 i ultralekk\u0105 konstrukcj\u0119.<br \/>Fotel posiada wy\u017csze podparcia boczne zapewniaj\u0105ce lepsze trzymanie.<br \/>Posiada dodatkowy otw\u00f3r na pas kroczowy, co daje mo\u017cliwo\u015b\u0107 u\u017cywania go z pasami 3, 4, 5 lub 6 punktowymi.<br \/>Mocowanie boczne.<br \/>Waga: 5,6 kg<\/p>\n","protected":false},"featured_media":10402,"comment_status":"closed","ping_status":"open","template":"","meta":[],"product_cat":[546,542],"product_tag":[],"class_list":{"0":"post-10608","1":"product","2":"type-product","3":"status-publish","4":"has-post-thumbnail","6":"product_cat-fotele-rajdowe-z-homologacja-fia","7":"product_cat-wnetrze","9":"first","10":"instock","11":"taxable","12":"shipping-taxable","13":"purchasable","14":"product-type-simple"},"bundled_by":[],"bundle_stock_status":"instock","bundle_stock_quantity":null,"bundle_virtual":false,"bundle_layout":"","bundle_add_to_cart_form_location":"","bundle_editable_in_cart":false,"bundle_sold_individually_context":"","bundle_item_grouping":"","bundle_min_size":"","bundle_max_size":"","bundle_price":[],"bundled_items":[],"bundle_sell_ids":[],"acf":{"zdjecie_bez_watermarka":null,"zdjecie_bez_watermarka_url":"","product_orgin_url":"https:\/\/inter-rally.pl\/product-eng-176278-Fotel-Sparco-EVO-L-Carbon.html"},"yoast_head":"<!-- This site is optimized with the Yoast SEO plugin v23.9 - https:\/\/yoast.com\/wordpress\/plugins\/seo\/ -->\n<title>FOTEL SPARCO EVO L CARBON - CYBUL<\/title>\n<meta name=\"robots\" content=\"index, follow, max-snippet:-1, max-image-preview:large, max-video-preview:-1\" \/>\n<link rel=\"canonical\" href=\"https:\/\/cybul.eu\/pl\/sklep\/fotel-sparco-evo-l-carbon\/\" \/>\n<meta property=\"og:locale\" content=\"pl_PL\" \/>\n<meta property=\"og:type\" content=\"article\" \/>\n<meta property=\"og:title\" content=\"FOTEL SPARCO EVO L CARBON - CYBUL\" \/>\n<meta property=\"og:description\" content=\"Fotel Sparco&nbsp;EVO L CarbonHomologacja: FIA 8855-1999Poszycie fotela wykonane z weluru z antypo\u015blizgowymi wstawkami.Skorupa wykonana z w\u0142\u00f3kna&nbsp;w\u0119glowego tworzy mocn\u0105 i ultralekk\u0105 konstrukcj\u0119.Fotel posiada wy\u017csze podparcia boczne zapewniaj\u0105ce lepsze trzymanie.Posiada dodatkowy otw\u00f3r na pas kroczowy, co daje mo\u017cliwo\u015b\u0107 u\u017cywania go z pasami 3, 4, 5 lub 6 punktowymi.Mocowanie boczne.Waga: 5,6 kg\" \/>\n<meta property=\"og:url\" content=\"https:\/\/cybul.eu\/pl\/sklep\/fotel-sparco-evo-l-carbon\/\" \/>\n<meta property=\"og:site_name\" content=\"CYBUL\" \/>\n<meta property=\"article:modified_time\" content=\"2024-06-06T17:47:17+00:00\" \/>\n<meta property=\"og:image\" content=\"https:\/\/cybul.eu\/wp-content\/uploads\/2024\/06\/pol_pl_Fotel-Sparco-EVO-L-Carbon-176278_1.jpg\" \/>\n\t<meta property=\"og:image:width\" content=\"900\" \/>\n\t<meta property=\"og:image:height\" content=\"900\" \/>\n\t<meta property=\"og:image:type\" content=\"image\/jpeg\" \/>\n<meta name=\"twitter:card\" content=\"summary_large_image\" \/>\n<script type=\"application\/ld+json\" class=\"yoast-schema-graph\">{\"@context\":\"https:\/\/schema.org\",\"@graph\":[{\"@type\":\"WebPage\",\"@id\":\"https:\/\/cybul.eu\/pl\/sklep\/fotel-sparco-evo-l-carbon\/\",\"url\":\"https:\/\/cybul.eu\/pl\/sklep\/fotel-sparco-evo-l-carbon\/\",\"name\":\"FOTEL SPARCO EVO L CARBON - CYBUL\",\"isPartOf\":{\"@id\":\"https:\/\/cybul.eu\/pl\/#website\"},\"primaryImageOfPage\":{\"@id\":\"https:\/\/cybul.eu\/pl\/sklep\/fotel-sparco-evo-l-carbon\/#primaryimage\"},\"image\":{\"@id\":\"https:\/\/cybul.eu\/pl\/sklep\/fotel-sparco-evo-l-carbon\/#primaryimage\"},\"thumbnailUrl\":\"https:\/\/cybul.eu\/wp-content\/uploads\/2024\/06\/pol_pl_Fotel-Sparco-EVO-L-Carbon-176278_1.jpg\",\"datePublished\":\"2024-06-06T17:46:53+00:00\",\"dateModified\":\"2024-06-06T17:47:17+00:00\",\"breadcrumb\":{\"@id\":\"https:\/\/cybul.eu\/pl\/sklep\/fotel-sparco-evo-l-carbon\/#breadcrumb\"},\"inLanguage\":\"pl-PL\",\"potentialAction\":[{\"@type\":\"ReadAction\",\"target\":[\"https:\/\/cybul.eu\/pl\/sklep\/fotel-sparco-evo-l-carbon\/\"]}]},{\"@type\":\"ImageObject\",\"inLanguage\":\"pl-PL\",\"@id\":\"https:\/\/cybul.eu\/pl\/sklep\/fotel-sparco-evo-l-carbon\/#primaryimage\",\"url\":\"https:\/\/cybul.eu\/wp-content\/uploads\/2024\/06\/pol_pl_Fotel-Sparco-EVO-L-Carbon-176278_1.jpg\",\"contentUrl\":\"https:\/\/cybul.eu\/wp-content\/uploads\/2024\/06\/pol_pl_Fotel-Sparco-EVO-L-Carbon-176278_1.jpg\",\"width\":900,\"height\":900},{\"@type\":\"BreadcrumbList\",\"@id\":\"https:\/\/cybul.eu\/pl\/sklep\/fotel-sparco-evo-l-carbon\/#breadcrumb\",\"itemListElement\":[{\"@type\":\"ListItem\",\"position\":1,\"name\":\"Strona g\u0142\u00f3wna\",\"item\":\"https:\/\/cybul.eu\/pl\/\"},{\"@type\":\"ListItem\",\"position\":2,\"name\":\"Sklep\",\"item\":\"https:\/\/cybul.eu\/pl\/sklep\/\"},{\"@type\":\"ListItem\",\"position\":3,\"name\":\"FOTEL SPARCO EVO L CARBON\"}]},{\"@type\":\"WebSite\",\"@id\":\"https:\/\/cybul.eu\/pl\/#website\",\"url\":\"https:\/\/cybul.eu\/pl\/\",\"name\":\"CYBUL\",\"description\":\"\",\"potentialAction\":[{\"@type\":\"SearchAction\",\"target\":{\"@type\":\"EntryPoint\",\"urlTemplate\":\"https:\/\/cybul.eu\/pl\/?s={search_term_string}\"},\"query-input\":{\"@type\":\"PropertyValueSpecification\",\"valueRequired\":true,\"valueName\":\"search_term_string\"}}],\"inLanguage\":\"pl-PL\"}]}<\/script>\n<!-- \/ Yoast SEO plugin. -->","yoast_head_json":{"title":"FOTEL SPARCO EVO L CARBON - CYBUL","robots":{"index":"index","follow":"follow","max-snippet":"max-snippet:-1","max-image-preview":"max-image-preview:large","max-video-preview":"max-video-preview:-1"},"canonical":"https:\/\/cybul.eu\/pl\/sklep\/fotel-sparco-evo-l-carbon\/","og_locale":"pl_PL","og_type":"article","og_title":"FOTEL SPARCO EVO L CARBON - CYBUL","og_description":"Fotel Sparco&nbsp;EVO L CarbonHomologacja: FIA 8855-1999Poszycie fotela wykonane z weluru z antypo\u015blizgowymi wstawkami.Skorupa wykonana z w\u0142\u00f3kna&nbsp;w\u0119glowego tworzy mocn\u0105 i ultralekk\u0105 konstrukcj\u0119.Fotel posiada wy\u017csze podparcia boczne zapewniaj\u0105ce lepsze trzymanie.Posiada dodatkowy otw\u00f3r na pas kroczowy, co daje mo\u017cliwo\u015b\u0107 u\u017cywania go z pasami 3, 4, 5 lub 6 punktowymi.Mocowanie boczne.Waga: 5,6 kg","og_url":"https:\/\/cybul.eu\/pl\/sklep\/fotel-sparco-evo-l-carbon\/","og_site_name":"CYBUL","article_modified_time":"2024-06-06T17:47:17+00:00","og_image":[{"width":900,"height":900,"url":"https:\/\/cybul.eu\/wp-content\/uploads\/2024\/06\/pol_pl_Fotel-Sparco-EVO-L-Carbon-176278_1.jpg","type":"image\/jpeg"}],"twitter_card":"summary_large_image","schema":{"@context":"https:\/\/schema.org","@graph":[{"@type":"WebPage","@id":"https:\/\/cybul.eu\/pl\/sklep\/fotel-sparco-evo-l-carbon\/","url":"https:\/\/cybul.eu\/pl\/sklep\/fotel-sparco-evo-l-carbon\/","name":"FOTEL SPARCO EVO L CARBON - CYBUL","isPartOf":{"@id":"https:\/\/cybul.eu\/pl\/#website"},"primaryImageOfPage":{"@id":"https:\/\/cybul.eu\/pl\/sklep\/fotel-sparco-evo-l-carbon\/#primaryimage"},"image":{"@id":"https:\/\/cybul.eu\/pl\/sklep\/fotel-sparco-evo-l-carbon\/#primaryimage"},"thumbnailUrl":"https:\/\/cybul.eu\/wp-content\/uploads\/2024\/06\/pol_pl_Fotel-Sparco-EVO-L-Carbon-176278_1.jpg","datePublished":"2024-06-06T17:46:53+00:00","dateModified":"2024-06-06T17:47:17+00:00","breadcrumb":{"@id":"https:\/\/cybul.eu\/pl\/sklep\/fotel-sparco-evo-l-carbon\/#breadcrumb"},"inLanguage":"pl-PL","potentialAction":[{"@type":"ReadAction","target":["https:\/\/cybul.eu\/pl\/sklep\/fotel-sparco-evo-l-carbon\/"]}]},{"@type":"ImageObject","inLanguage":"pl-PL","@id":"https:\/\/cybul.eu\/pl\/sklep\/fotel-sparco-evo-l-carbon\/#primaryimage","url":"https:\/\/cybul.eu\/wp-content\/uploads\/2024\/06\/pol_pl_Fotel-Sparco-EVO-L-Carbon-176278_1.jpg","contentUrl":"https:\/\/cybul.eu\/wp-content\/uploads\/2024\/06\/pol_pl_Fotel-Sparco-EVO-L-Carbon-176278_1.jpg","width":900,"height":900},{"@type":"BreadcrumbList","@id":"https:\/\/cybul.eu\/pl\/sklep\/fotel-sparco-evo-l-carbon\/#breadcrumb","itemListElement":[{"@type":"ListItem","position":1,"name":"Strona g\u0142\u00f3wna","item":"https:\/\/cybul.eu\/pl\/"},{"@type":"ListItem","position":2,"name":"Sklep","item":"https:\/\/cybul.eu\/pl\/sklep\/"},{"@type":"ListItem","position":3,"name":"FOTEL SPARCO EVO L CARBON"}]},{"@type":"WebSite","@id":"https:\/\/cybul.eu\/pl\/#website","url":"https:\/\/cybul.eu\/pl\/","name":"CYBUL","description":"","potentialAction":[{"@type":"SearchAction","target":{"@type":"EntryPoint","urlTemplate":"https:\/\/cybul.eu\/pl\/?s={search_term_string}"},"query-input":{"@type":"PropertyValueSpecification","valueRequired":true,"valueName":"search_term_string"}}],"inLanguage":"pl-PL"}]}},"_links":{"self":[{"href":"https:\/\/cybul.eu\/pl\/wp-json\/wp\/v2\/product\/10608","targetHints":{"allow":["GET"]}}],"collection":[{"href":"https:\/\/cybul.eu\/pl\/wp-json\/wp\/v2\/product"}],"about":[{"href":"https:\/\/cybul.eu\/pl\/wp-json\/wp\/v2\/types\/product"}],"replies":[{"embeddable":true,"href":"https:\/\/cybul.eu\/pl\/wp-json\/wp\/v2\/comments?post=10608"}],"wp:featuredmedia":[{"embeddable":true,"href":"https:\/\/cybul.eu\/pl\/wp-json\/wp\/v2\/media\/10402"}],"wp:attachment":[{"href":"https:\/\/cybul.eu\/pl\/wp-json\/wp\/v2\/media?parent=10608"}],"wp:term":[{"taxonomy":"product_cat","embeddable":true,"href":"https:\/\/cybul.eu\/pl\/wp-json\/wp\/v2\/product_cat?post=10608"},{"taxonomy":"product_tag","embeddable":true,"href":"https:\/\/cybul.eu\/pl\/wp-json\/wp\/v2\/product_tag?post=10608"}],"curies":[{"name":"wp","href":"https:\/\/api.w.org\/{rel}","templated":true}]}}