{"id":10605,"date":"2024-06-06T19:46:53","date_gmt":"2024-06-06T17:46:53","guid":{"rendered":"https:\/\/cybul.eu\/shop\/fotel-sparco-qrt-c\/"},"modified":"2024-06-06T19:47:07","modified_gmt":"2024-06-06T17:47:07","slug":"fotel-sparco-qrt-c","status":"publish","type":"product","link":"https:\/\/cybul.eu\/pl\/sklep\/fotel-sparco-qrt-c\/","title":{"rendered":"FOTEL SPARCO QRT-C"},"content":{"rendered":"<p><strong>Fotel Sparco QRT-C<\/p>\n<p><\/strong>Homologacja:<strong> FIA 8855-1999<\/p>\n<p><\/strong><span>W modelu QRT-R zastosowano antypo\u015blizgowy materia\u0142 na ramionach i podstawie siedziska.<\/span><br \/><span>Nowa poduszka podudzia zapewnia dodatkowe podparcie.<\/span><br \/><span>Jest to najl\u017cejszy fotel w swojej klasie.<\/span><br \/><span>G\u0142\u0119bokie boczki oferuj\u0105 doskona\u0142e trzymanie.<\/span><br \/>Waga:&nbsp;5,5 kg<\/p>\n<p><img loading=\"lazy\" decoding=\"async\" src=\"\/data\/include\/cms\/rozmiary\/Sparco\/2019\/sparco-qrt-c-wymiary.jpg\" border=\"0\" width=\"750\" height=\"432\"><\/p>\n","protected":false},"excerpt":{"rendered":"<p><strong>Fotel Sparco QRT-C<\/p>\n<p><\/strong>Homologacja:<strong> FIA 8855-1999<\/p>\n<p><\/strong><span>W modelu QRT-R zastosowano antypo\u015blizgowy materia\u0142 na ramionach i podstawie siedziska.<\/span><br \/><span>Nowa poduszka podudzia zapewnia dodatkowe podparcie.<\/span><br \/><span>Jest to najl\u017cejszy fotel w swojej klasie.<\/span><br \/><span>G\u0142\u0119bokie boczki oferuj\u0105 doskona\u0142e trzymanie.<\/span><br \/>Waga:&nbsp;5,5 kg<\/p>\n","protected":false},"featured_media":10377,"comment_status":"closed","ping_status":"open","template":"","meta":[],"product_cat":[546,542],"product_tag":[],"class_list":{"0":"post-10605","1":"product","2":"type-product","3":"status-publish","4":"has-post-thumbnail","6":"product_cat-fotele-rajdowe-z-homologacja-fia","7":"product_cat-wnetrze","9":"first","10":"instock","11":"taxable","12":"shipping-taxable","13":"purchasable","14":"product-type-simple"},"bundled_by":[],"bundle_stock_status":"instock","bundle_stock_quantity":null,"bundle_virtual":false,"bundle_layout":"","bundle_add_to_cart_form_location":"","bundle_editable_in_cart":false,"bundle_sold_individually_context":"","bundle_item_grouping":"","bundle_min_size":"","bundle_max_size":"","bundle_price":[],"bundled_items":[],"bundle_sell_ids":[],"acf":{"zdjecie_bez_watermarka":null,"zdjecie_bez_watermarka_url":"","product_orgin_url":"https:\/\/inter-rally.pl\/product-eng-72799-Fotel-Sparco-QRT-C.html"},"yoast_head":"<!-- This site is optimized with the Yoast SEO plugin v23.9 - https:\/\/yoast.com\/wordpress\/plugins\/seo\/ -->\n<title>FOTEL SPARCO QRT-C - CYBUL<\/title>\n<meta name=\"robots\" content=\"index, follow, max-snippet:-1, max-image-preview:large, max-video-preview:-1\" \/>\n<link rel=\"canonical\" href=\"https:\/\/cybul.eu\/pl\/sklep\/fotel-sparco-qrt-c\/\" \/>\n<meta property=\"og:locale\" content=\"pl_PL\" \/>\n<meta property=\"og:type\" content=\"article\" \/>\n<meta property=\"og:title\" content=\"FOTEL SPARCO QRT-C - CYBUL\" \/>\n<meta property=\"og:description\" content=\"Fotel Sparco QRT-CHomologacja: FIA 8855-1999W modelu QRT-R zastosowano antypo\u015blizgowy materia\u0142 na ramionach i podstawie siedziska.Nowa poduszka podudzia zapewnia dodatkowe podparcie.Jest to najl\u017cejszy fotel w swojej klasie.G\u0142\u0119bokie boczki oferuj\u0105 doskona\u0142e trzymanie.Waga:&nbsp;5,5 kg\" \/>\n<meta property=\"og:url\" content=\"https:\/\/cybul.eu\/pl\/sklep\/fotel-sparco-qrt-c\/\" \/>\n<meta property=\"og:site_name\" content=\"CYBUL\" \/>\n<meta property=\"article:modified_time\" content=\"2024-06-06T17:47:07+00:00\" \/>\n<meta property=\"og:image\" content=\"https:\/\/cybul.eu\/wp-content\/uploads\/2024\/06\/pol_pl_Fotel-Sparco-QRT-C-72799_1.jpg\" \/>\n\t<meta property=\"og:image:width\" content=\"900\" \/>\n\t<meta property=\"og:image:height\" content=\"900\" \/>\n\t<meta property=\"og:image:type\" content=\"image\/jpeg\" \/>\n<meta name=\"twitter:card\" content=\"summary_large_image\" \/>\n<script type=\"application\/ld+json\" class=\"yoast-schema-graph\">{\"@context\":\"https:\/\/schema.org\",\"@graph\":[{\"@type\":\"WebPage\",\"@id\":\"https:\/\/cybul.eu\/pl\/sklep\/fotel-sparco-qrt-c\/\",\"url\":\"https:\/\/cybul.eu\/pl\/sklep\/fotel-sparco-qrt-c\/\",\"name\":\"FOTEL SPARCO QRT-C - CYBUL\",\"isPartOf\":{\"@id\":\"https:\/\/cybul.eu\/pl\/#website\"},\"primaryImageOfPage\":{\"@id\":\"https:\/\/cybul.eu\/pl\/sklep\/fotel-sparco-qrt-c\/#primaryimage\"},\"image\":{\"@id\":\"https:\/\/cybul.eu\/pl\/sklep\/fotel-sparco-qrt-c\/#primaryimage\"},\"thumbnailUrl\":\"https:\/\/cybul.eu\/wp-content\/uploads\/2024\/06\/pol_pl_Fotel-Sparco-QRT-C-72799_1.jpg\",\"datePublished\":\"2024-06-06T17:46:53+00:00\",\"dateModified\":\"2024-06-06T17:47:07+00:00\",\"breadcrumb\":{\"@id\":\"https:\/\/cybul.eu\/pl\/sklep\/fotel-sparco-qrt-c\/#breadcrumb\"},\"inLanguage\":\"pl-PL\",\"potentialAction\":[{\"@type\":\"ReadAction\",\"target\":[\"https:\/\/cybul.eu\/pl\/sklep\/fotel-sparco-qrt-c\/\"]}]},{\"@type\":\"ImageObject\",\"inLanguage\":\"pl-PL\",\"@id\":\"https:\/\/cybul.eu\/pl\/sklep\/fotel-sparco-qrt-c\/#primaryimage\",\"url\":\"https:\/\/cybul.eu\/wp-content\/uploads\/2024\/06\/pol_pl_Fotel-Sparco-QRT-C-72799_1.jpg\",\"contentUrl\":\"https:\/\/cybul.eu\/wp-content\/uploads\/2024\/06\/pol_pl_Fotel-Sparco-QRT-C-72799_1.jpg\",\"width\":900,\"height\":900},{\"@type\":\"BreadcrumbList\",\"@id\":\"https:\/\/cybul.eu\/pl\/sklep\/fotel-sparco-qrt-c\/#breadcrumb\",\"itemListElement\":[{\"@type\":\"ListItem\",\"position\":1,\"name\":\"Strona g\u0142\u00f3wna\",\"item\":\"https:\/\/cybul.eu\/pl\/\"},{\"@type\":\"ListItem\",\"position\":2,\"name\":\"Sklep\",\"item\":\"https:\/\/cybul.eu\/pl\/sklep\/\"},{\"@type\":\"ListItem\",\"position\":3,\"name\":\"FOTEL SPARCO QRT-C\"}]},{\"@type\":\"WebSite\",\"@id\":\"https:\/\/cybul.eu\/pl\/#website\",\"url\":\"https:\/\/cybul.eu\/pl\/\",\"name\":\"CYBUL\",\"description\":\"\",\"potentialAction\":[{\"@type\":\"SearchAction\",\"target\":{\"@type\":\"EntryPoint\",\"urlTemplate\":\"https:\/\/cybul.eu\/pl\/?s={search_term_string}\"},\"query-input\":{\"@type\":\"PropertyValueSpecification\",\"valueRequired\":true,\"valueName\":\"search_term_string\"}}],\"inLanguage\":\"pl-PL\"}]}<\/script>\n<!-- \/ Yoast SEO plugin. -->","yoast_head_json":{"title":"FOTEL SPARCO QRT-C - CYBUL","robots":{"index":"index","follow":"follow","max-snippet":"max-snippet:-1","max-image-preview":"max-image-preview:large","max-video-preview":"max-video-preview:-1"},"canonical":"https:\/\/cybul.eu\/pl\/sklep\/fotel-sparco-qrt-c\/","og_locale":"pl_PL","og_type":"article","og_title":"FOTEL SPARCO QRT-C - CYBUL","og_description":"Fotel Sparco QRT-CHomologacja: FIA 8855-1999W modelu QRT-R zastosowano antypo\u015blizgowy materia\u0142 na ramionach i podstawie siedziska.Nowa poduszka podudzia zapewnia dodatkowe podparcie.Jest to najl\u017cejszy fotel w swojej klasie.G\u0142\u0119bokie boczki oferuj\u0105 doskona\u0142e trzymanie.Waga:&nbsp;5,5 kg","og_url":"https:\/\/cybul.eu\/pl\/sklep\/fotel-sparco-qrt-c\/","og_site_name":"CYBUL","article_modified_time":"2024-06-06T17:47:07+00:00","og_image":[{"width":900,"height":900,"url":"https:\/\/cybul.eu\/wp-content\/uploads\/2024\/06\/pol_pl_Fotel-Sparco-QRT-C-72799_1.jpg","type":"image\/jpeg"}],"twitter_card":"summary_large_image","schema":{"@context":"https:\/\/schema.org","@graph":[{"@type":"WebPage","@id":"https:\/\/cybul.eu\/pl\/sklep\/fotel-sparco-qrt-c\/","url":"https:\/\/cybul.eu\/pl\/sklep\/fotel-sparco-qrt-c\/","name":"FOTEL SPARCO QRT-C - CYBUL","isPartOf":{"@id":"https:\/\/cybul.eu\/pl\/#website"},"primaryImageOfPage":{"@id":"https:\/\/cybul.eu\/pl\/sklep\/fotel-sparco-qrt-c\/#primaryimage"},"image":{"@id":"https:\/\/cybul.eu\/pl\/sklep\/fotel-sparco-qrt-c\/#primaryimage"},"thumbnailUrl":"https:\/\/cybul.eu\/wp-content\/uploads\/2024\/06\/pol_pl_Fotel-Sparco-QRT-C-72799_1.jpg","datePublished":"2024-06-06T17:46:53+00:00","dateModified":"2024-06-06T17:47:07+00:00","breadcrumb":{"@id":"https:\/\/cybul.eu\/pl\/sklep\/fotel-sparco-qrt-c\/#breadcrumb"},"inLanguage":"pl-PL","potentialAction":[{"@type":"ReadAction","target":["https:\/\/cybul.eu\/pl\/sklep\/fotel-sparco-qrt-c\/"]}]},{"@type":"ImageObject","inLanguage":"pl-PL","@id":"https:\/\/cybul.eu\/pl\/sklep\/fotel-sparco-qrt-c\/#primaryimage","url":"https:\/\/cybul.eu\/wp-content\/uploads\/2024\/06\/pol_pl_Fotel-Sparco-QRT-C-72799_1.jpg","contentUrl":"https:\/\/cybul.eu\/wp-content\/uploads\/2024\/06\/pol_pl_Fotel-Sparco-QRT-C-72799_1.jpg","width":900,"height":900},{"@type":"BreadcrumbList","@id":"https:\/\/cybul.eu\/pl\/sklep\/fotel-sparco-qrt-c\/#breadcrumb","itemListElement":[{"@type":"ListItem","position":1,"name":"Strona g\u0142\u00f3wna","item":"https:\/\/cybul.eu\/pl\/"},{"@type":"ListItem","position":2,"name":"Sklep","item":"https:\/\/cybul.eu\/pl\/sklep\/"},{"@type":"ListItem","position":3,"name":"FOTEL SPARCO QRT-C"}]},{"@type":"WebSite","@id":"https:\/\/cybul.eu\/pl\/#website","url":"https:\/\/cybul.eu\/pl\/","name":"CYBUL","description":"","potentialAction":[{"@type":"SearchAction","target":{"@type":"EntryPoint","urlTemplate":"https:\/\/cybul.eu\/pl\/?s={search_term_string}"},"query-input":{"@type":"PropertyValueSpecification","valueRequired":true,"valueName":"search_term_string"}}],"inLanguage":"pl-PL"}]}},"_links":{"self":[{"href":"https:\/\/cybul.eu\/pl\/wp-json\/wp\/v2\/product\/10605","targetHints":{"allow":["GET"]}}],"collection":[{"href":"https:\/\/cybul.eu\/pl\/wp-json\/wp\/v2\/product"}],"about":[{"href":"https:\/\/cybul.eu\/pl\/wp-json\/wp\/v2\/types\/product"}],"replies":[{"embeddable":true,"href":"https:\/\/cybul.eu\/pl\/wp-json\/wp\/v2\/comments?post=10605"}],"wp:featuredmedia":[{"embeddable":true,"href":"https:\/\/cybul.eu\/pl\/wp-json\/wp\/v2\/media\/10377"}],"wp:attachment":[{"href":"https:\/\/cybul.eu\/pl\/wp-json\/wp\/v2\/media?parent=10605"}],"wp:term":[{"taxonomy":"product_cat","embeddable":true,"href":"https:\/\/cybul.eu\/pl\/wp-json\/wp\/v2\/product_cat?post=10605"},{"taxonomy":"product_tag","embeddable":true,"href":"https:\/\/cybul.eu\/pl\/wp-json\/wp\/v2\/product_tag?post=10605"}],"curies":[{"name":"wp","href":"https:\/\/api.w.org\/{rel}","templated":true}]}}