{"id":10601,"date":"2024-06-06T19:46:53","date_gmt":"2024-06-06T17:46:53","guid":{"rendered":"https:\/\/cybul.eu\/shop\/fotel-omp-hte-evo-vtr-fibreglass-s\/"},"modified":"2024-06-06T19:46:55","modified_gmt":"2024-06-06T17:46:55","slug":"fotel-omp-hte-evo-vtr-fibreglass-s","status":"publish","type":"product","link":"https:\/\/cybul.eu\/pl\/sklep\/fotel-omp-hte-evo-vtr-fibreglass-s\/","title":{"rendered":"FOTEL OMP HTE EVO VTR FIBREGLASS S"},"content":{"rendered":"<div class=\"n56174_desc\"><strong>Fotel OMP HTE Evo VTR Fibreglass S<\/p>\n<p>Homologacja:&nbsp;FIA 8855-2021 <\/strong>(tylko przy u\u017cyciu odpowiednich mocowa\u0144 bocznych<strong>&nbsp;HC0-0951-A02<\/strong>)<strong><\/p>\n<p><\/strong>OMP HTE Evo VTR bazuje na wielokrotnie nagradzanym fotelu HTE One, ale jest wykonany z super mocnej i lekkiej skorupy z w\u0142\u00f3kna szklanego, zgodnej z najnowsz\u0105 norm\u0105 FIA 8855-2021.<\/p>\n<p>Skorupa wytrzymuj\u0105ca uderzenia do 42 g<br \/>Wytrzyma\u0142o\u015b\u0107 i ochrona na poziomie zbli\u017conym do w\u0142\u00f3kna w\u0119glowego<br \/>Lekki, od 11,5 kg<br \/>Materia\u0142 3D Airnet pomaga ograniczy\u0107 pocenie<\/p>\n<\/div>\n<div class=\"n56174_desc\"><strong>Rozmiar: S<\/strong><\/div>\n","protected":false},"excerpt":{"rendered":"<p>Fotel OMP HTE Evo VTR Fibreglass S Homologacja:&nbsp;FIA 8855-2021 (tylko przy u\u017cyciu odpowiednich mocowa\u0144 bocznych&nbsp;HC0-0951-A02) OMP HTE Evo VTR bazuje na wielokrotnie nagradzanym fotelu HTE One, ale jest wykonany z super mocnej i lekkiej skorupy z w\u0142\u00f3kna szklanego, zgodnej z najnowsz\u0105 norm\u0105 FIA 8855-2021. Skorupa wytrzymuj\u0105ca uderzenia do 42 gWytrzyma\u0142o\u015b\u0107 i ochrona na poziomie zbli\u017conym [&#8230;]\n","protected":false},"featured_media":10351,"comment_status":"closed","ping_status":"open","template":"","meta":[],"product_cat":[546,542],"product_tag":[],"class_list":{"0":"post-10601","1":"product","2":"type-product","3":"status-publish","4":"has-post-thumbnail","6":"product_cat-fotele-rajdowe-z-homologacja-fia","7":"product_cat-wnetrze","9":"first","10":"instock","11":"taxable","12":"shipping-taxable","13":"purchasable","14":"product-type-simple"},"bundled_by":[],"bundle_stock_status":"instock","bundle_stock_quantity":null,"bundle_virtual":false,"bundle_layout":"","bundle_add_to_cart_form_location":"","bundle_editable_in_cart":false,"bundle_sold_individually_context":"","bundle_item_grouping":"","bundle_min_size":"","bundle_max_size":"","bundle_price":[],"bundled_items":[],"bundle_sell_ids":[],"acf":{"zdjecie_bez_watermarka":null,"zdjecie_bez_watermarka_url":"","product_orgin_url":"https:\/\/inter-rally.pl\/product-eng-203817-Fotel-OMP-HTE-Evo-VTR-Fibreglass-S.html"},"yoast_head":"<!-- This site is optimized with the Yoast SEO plugin v23.9 - https:\/\/yoast.com\/wordpress\/plugins\/seo\/ -->\n<title>FOTEL OMP HTE EVO VTR FIBREGLASS S - CYBUL<\/title>\n<meta name=\"robots\" content=\"index, follow, max-snippet:-1, max-image-preview:large, max-video-preview:-1\" \/>\n<link rel=\"canonical\" href=\"https:\/\/cybul.eu\/pl\/sklep\/fotel-omp-hte-evo-vtr-fibreglass-s\/\" \/>\n<meta property=\"og:locale\" content=\"pl_PL\" \/>\n<meta property=\"og:type\" content=\"article\" \/>\n<meta property=\"og:title\" content=\"FOTEL OMP HTE EVO VTR FIBREGLASS S - CYBUL\" \/>\n<meta property=\"og:description\" content=\"Fotel OMP HTE Evo VTR Fibreglass S Homologacja:&nbsp;FIA 8855-2021 (tylko przy u\u017cyciu odpowiednich mocowa\u0144 bocznych&nbsp;HC0-0951-A02) OMP HTE Evo VTR bazuje na wielokrotnie nagradzanym fotelu HTE One, ale jest wykonany z super mocnej i lekkiej skorupy z w\u0142\u00f3kna szklanego, zgodnej z najnowsz\u0105 norm\u0105 FIA 8855-2021. Skorupa wytrzymuj\u0105ca uderzenia do 42 gWytrzyma\u0142o\u015b\u0107 i ochrona na poziomie zbli\u017conym [...]\" \/>\n<meta property=\"og:url\" content=\"https:\/\/cybul.eu\/pl\/sklep\/fotel-omp-hte-evo-vtr-fibreglass-s\/\" \/>\n<meta property=\"og:site_name\" content=\"CYBUL\" \/>\n<meta property=\"article:modified_time\" content=\"2024-06-06T17:46:55+00:00\" \/>\n<meta property=\"og:image\" content=\"https:\/\/cybul.eu\/wp-content\/uploads\/2024\/06\/pol_pl_Fotel-OMP-HTE-Evo-VTR-Fibreglass-S-203817_1.jpg\" \/>\n\t<meta property=\"og:image:width\" content=\"900\" \/>\n\t<meta property=\"og:image:height\" content=\"900\" \/>\n\t<meta property=\"og:image:type\" content=\"image\/jpeg\" \/>\n<meta name=\"twitter:card\" content=\"summary_large_image\" \/>\n<script type=\"application\/ld+json\" class=\"yoast-schema-graph\">{\"@context\":\"https:\/\/schema.org\",\"@graph\":[{\"@type\":\"WebPage\",\"@id\":\"https:\/\/cybul.eu\/pl\/sklep\/fotel-omp-hte-evo-vtr-fibreglass-s\/\",\"url\":\"https:\/\/cybul.eu\/pl\/sklep\/fotel-omp-hte-evo-vtr-fibreglass-s\/\",\"name\":\"FOTEL OMP HTE EVO VTR FIBREGLASS S - CYBUL\",\"isPartOf\":{\"@id\":\"https:\/\/cybul.eu\/pl\/#website\"},\"primaryImageOfPage\":{\"@id\":\"https:\/\/cybul.eu\/pl\/sklep\/fotel-omp-hte-evo-vtr-fibreglass-s\/#primaryimage\"},\"image\":{\"@id\":\"https:\/\/cybul.eu\/pl\/sklep\/fotel-omp-hte-evo-vtr-fibreglass-s\/#primaryimage\"},\"thumbnailUrl\":\"https:\/\/cybul.eu\/wp-content\/uploads\/2024\/06\/pol_pl_Fotel-OMP-HTE-Evo-VTR-Fibreglass-S-203817_1.jpg\",\"datePublished\":\"2024-06-06T17:46:53+00:00\",\"dateModified\":\"2024-06-06T17:46:55+00:00\",\"breadcrumb\":{\"@id\":\"https:\/\/cybul.eu\/pl\/sklep\/fotel-omp-hte-evo-vtr-fibreglass-s\/#breadcrumb\"},\"inLanguage\":\"pl-PL\",\"potentialAction\":[{\"@type\":\"ReadAction\",\"target\":[\"https:\/\/cybul.eu\/pl\/sklep\/fotel-omp-hte-evo-vtr-fibreglass-s\/\"]}]},{\"@type\":\"ImageObject\",\"inLanguage\":\"pl-PL\",\"@id\":\"https:\/\/cybul.eu\/pl\/sklep\/fotel-omp-hte-evo-vtr-fibreglass-s\/#primaryimage\",\"url\":\"https:\/\/cybul.eu\/wp-content\/uploads\/2024\/06\/pol_pl_Fotel-OMP-HTE-Evo-VTR-Fibreglass-S-203817_1.jpg\",\"contentUrl\":\"https:\/\/cybul.eu\/wp-content\/uploads\/2024\/06\/pol_pl_Fotel-OMP-HTE-Evo-VTR-Fibreglass-S-203817_1.jpg\",\"width\":900,\"height\":900},{\"@type\":\"BreadcrumbList\",\"@id\":\"https:\/\/cybul.eu\/pl\/sklep\/fotel-omp-hte-evo-vtr-fibreglass-s\/#breadcrumb\",\"itemListElement\":[{\"@type\":\"ListItem\",\"position\":1,\"name\":\"Strona g\u0142\u00f3wna\",\"item\":\"https:\/\/cybul.eu\/pl\/\"},{\"@type\":\"ListItem\",\"position\":2,\"name\":\"Sklep\",\"item\":\"https:\/\/cybul.eu\/pl\/sklep\/\"},{\"@type\":\"ListItem\",\"position\":3,\"name\":\"FOTEL OMP HTE EVO VTR FIBREGLASS S\"}]},{\"@type\":\"WebSite\",\"@id\":\"https:\/\/cybul.eu\/pl\/#website\",\"url\":\"https:\/\/cybul.eu\/pl\/\",\"name\":\"CYBUL\",\"description\":\"\",\"potentialAction\":[{\"@type\":\"SearchAction\",\"target\":{\"@type\":\"EntryPoint\",\"urlTemplate\":\"https:\/\/cybul.eu\/pl\/?s={search_term_string}\"},\"query-input\":{\"@type\":\"PropertyValueSpecification\",\"valueRequired\":true,\"valueName\":\"search_term_string\"}}],\"inLanguage\":\"pl-PL\"}]}<\/script>\n<!-- \/ Yoast SEO plugin. -->","yoast_head_json":{"title":"FOTEL OMP HTE EVO VTR FIBREGLASS S - CYBUL","robots":{"index":"index","follow":"follow","max-snippet":"max-snippet:-1","max-image-preview":"max-image-preview:large","max-video-preview":"max-video-preview:-1"},"canonical":"https:\/\/cybul.eu\/pl\/sklep\/fotel-omp-hte-evo-vtr-fibreglass-s\/","og_locale":"pl_PL","og_type":"article","og_title":"FOTEL OMP HTE EVO VTR FIBREGLASS S - CYBUL","og_description":"Fotel OMP HTE Evo VTR Fibreglass S Homologacja:&nbsp;FIA 8855-2021 (tylko przy u\u017cyciu odpowiednich mocowa\u0144 bocznych&nbsp;HC0-0951-A02) OMP HTE Evo VTR bazuje na wielokrotnie nagradzanym fotelu HTE One, ale jest wykonany z super mocnej i lekkiej skorupy z w\u0142\u00f3kna szklanego, zgodnej z najnowsz\u0105 norm\u0105 FIA 8855-2021. Skorupa wytrzymuj\u0105ca uderzenia do 42 gWytrzyma\u0142o\u015b\u0107 i ochrona na poziomie zbli\u017conym [...]","og_url":"https:\/\/cybul.eu\/pl\/sklep\/fotel-omp-hte-evo-vtr-fibreglass-s\/","og_site_name":"CYBUL","article_modified_time":"2024-06-06T17:46:55+00:00","og_image":[{"width":900,"height":900,"url":"https:\/\/cybul.eu\/wp-content\/uploads\/2024\/06\/pol_pl_Fotel-OMP-HTE-Evo-VTR-Fibreglass-S-203817_1.jpg","type":"image\/jpeg"}],"twitter_card":"summary_large_image","schema":{"@context":"https:\/\/schema.org","@graph":[{"@type":"WebPage","@id":"https:\/\/cybul.eu\/pl\/sklep\/fotel-omp-hte-evo-vtr-fibreglass-s\/","url":"https:\/\/cybul.eu\/pl\/sklep\/fotel-omp-hte-evo-vtr-fibreglass-s\/","name":"FOTEL OMP HTE EVO VTR FIBREGLASS S - CYBUL","isPartOf":{"@id":"https:\/\/cybul.eu\/pl\/#website"},"primaryImageOfPage":{"@id":"https:\/\/cybul.eu\/pl\/sklep\/fotel-omp-hte-evo-vtr-fibreglass-s\/#primaryimage"},"image":{"@id":"https:\/\/cybul.eu\/pl\/sklep\/fotel-omp-hte-evo-vtr-fibreglass-s\/#primaryimage"},"thumbnailUrl":"https:\/\/cybul.eu\/wp-content\/uploads\/2024\/06\/pol_pl_Fotel-OMP-HTE-Evo-VTR-Fibreglass-S-203817_1.jpg","datePublished":"2024-06-06T17:46:53+00:00","dateModified":"2024-06-06T17:46:55+00:00","breadcrumb":{"@id":"https:\/\/cybul.eu\/pl\/sklep\/fotel-omp-hte-evo-vtr-fibreglass-s\/#breadcrumb"},"inLanguage":"pl-PL","potentialAction":[{"@type":"ReadAction","target":["https:\/\/cybul.eu\/pl\/sklep\/fotel-omp-hte-evo-vtr-fibreglass-s\/"]}]},{"@type":"ImageObject","inLanguage":"pl-PL","@id":"https:\/\/cybul.eu\/pl\/sklep\/fotel-omp-hte-evo-vtr-fibreglass-s\/#primaryimage","url":"https:\/\/cybul.eu\/wp-content\/uploads\/2024\/06\/pol_pl_Fotel-OMP-HTE-Evo-VTR-Fibreglass-S-203817_1.jpg","contentUrl":"https:\/\/cybul.eu\/wp-content\/uploads\/2024\/06\/pol_pl_Fotel-OMP-HTE-Evo-VTR-Fibreglass-S-203817_1.jpg","width":900,"height":900},{"@type":"BreadcrumbList","@id":"https:\/\/cybul.eu\/pl\/sklep\/fotel-omp-hte-evo-vtr-fibreglass-s\/#breadcrumb","itemListElement":[{"@type":"ListItem","position":1,"name":"Strona g\u0142\u00f3wna","item":"https:\/\/cybul.eu\/pl\/"},{"@type":"ListItem","position":2,"name":"Sklep","item":"https:\/\/cybul.eu\/pl\/sklep\/"},{"@type":"ListItem","position":3,"name":"FOTEL OMP HTE EVO VTR FIBREGLASS S"}]},{"@type":"WebSite","@id":"https:\/\/cybul.eu\/pl\/#website","url":"https:\/\/cybul.eu\/pl\/","name":"CYBUL","description":"","potentialAction":[{"@type":"SearchAction","target":{"@type":"EntryPoint","urlTemplate":"https:\/\/cybul.eu\/pl\/?s={search_term_string}"},"query-input":{"@type":"PropertyValueSpecification","valueRequired":true,"valueName":"search_term_string"}}],"inLanguage":"pl-PL"}]}},"_links":{"self":[{"href":"https:\/\/cybul.eu\/pl\/wp-json\/wp\/v2\/product\/10601","targetHints":{"allow":["GET"]}}],"collection":[{"href":"https:\/\/cybul.eu\/pl\/wp-json\/wp\/v2\/product"}],"about":[{"href":"https:\/\/cybul.eu\/pl\/wp-json\/wp\/v2\/types\/product"}],"replies":[{"embeddable":true,"href":"https:\/\/cybul.eu\/pl\/wp-json\/wp\/v2\/comments?post=10601"}],"wp:featuredmedia":[{"embeddable":true,"href":"https:\/\/cybul.eu\/pl\/wp-json\/wp\/v2\/media\/10351"}],"wp:attachment":[{"href":"https:\/\/cybul.eu\/pl\/wp-json\/wp\/v2\/media?parent=10601"}],"wp:term":[{"taxonomy":"product_cat","embeddable":true,"href":"https:\/\/cybul.eu\/pl\/wp-json\/wp\/v2\/product_cat?post=10601"},{"taxonomy":"product_tag","embeddable":true,"href":"https:\/\/cybul.eu\/pl\/wp-json\/wp\/v2\/product_tag?post=10601"}],"curies":[{"name":"wp","href":"https:\/\/api.w.org\/{rel}","templated":true}]}}