{"id":10588,"date":"2024-06-06T19:45:37","date_gmt":"2024-06-06T17:45:37","guid":{"rendered":"https:\/\/cybul.eu\/shop\/fotel-omp-wrc-r-xl\/"},"modified":"2024-06-06T19:45:56","modified_gmt":"2024-06-06T17:45:56","slug":"fotel-omp-wrc-r-xl","status":"publish","type":"product","link":"https:\/\/cybul.eu\/pl\/sklep\/fotel-omp-wrc-r-xl\/","title":{"rendered":"FOTEL OMP WRC-R XL"},"content":{"rendered":"<div class=\"n56174_desc\"><strong>Fotel OMP WRC-R XL<\/p>\n<p><\/strong>Homologacja:<strong> FIA 8855-1999<\/p>\n<p><\/strong>Wysokiej jako\u015bci, profesjonalny model fotela fiberglasowy z homologacj\u0105 FIA w ofercie w\u0142oskiej firmy OMP.<br \/>Posiada wyjmowan\u0105 poduszk\u0119 na plecach i pod udami.<br \/>Wysokie \u015bcianki boczne zapewniaj\u0105 doskona\u0142e trzymanie boczne.<br \/>Poszycie fotela zosta\u0142o wykonane z niepalnej, oddychaj\u0105cej tkaniny AIRTEX\u00ae, zapewniaj\u0105cej optymalny komfort i wytrzyma\u0142o\u015b\u0107.<br \/>Posiada specjalne wstawki na wysoko\u015bci ramion, zapobiegaj\u0105ce przetarciom.<br \/>Fotel jest kompatybilny z systemem HANS.<\/p>\n<p>&#8211; Konstrukcja: Fiberglass<br \/>&#8211; Kompatybilny z pasami 4, 5, 6 punktowymi.<br \/>&#8211; Mocowania boczne.<\/p>\n<p>Waga: <strong>10,9kg<\/strong><\/div>\n<p><img decoding=\"async\" style=\"display: block; margin-left: auto; margin-right: auto;\" src=\"https:\/\/inter-rally.pl\/data\/include\/cms\/Fotele-Sparco-2017\/Wymiary_foteli.jpg\" border=\"0\" alt=\"\" width=\"500\"><\/p>\n<p style=\"text-align: center;\"><strong>A=66,5cm \/ B=60cm \/ C=52cm \/ D=92cm \/ E=43cm \/ F=41,5cm \/ G=48cm <\/strong><\/p>\n","protected":false},"excerpt":{"rendered":"<p><img decoding=\"async\" style=\"display: block; margin-left: auto; margin-right: auto;\" src=\"https:\/\/inter-rally.pl\/data\/include\/cms\/Fotele-Sparco-2017\/Wymiary_foteli.jpg\" border=\"0\" alt=\"\" width=\"500\"><\/p>\n","protected":false},"featured_media":10258,"comment_status":"closed","ping_status":"open","template":"","meta":[],"product_cat":[546,542],"product_tag":[],"class_list":{"0":"post-10588","1":"product","2":"type-product","3":"status-publish","4":"has-post-thumbnail","6":"product_cat-fotele-rajdowe-z-homologacja-fia","7":"product_cat-wnetrze","9":"first","10":"instock","11":"taxable","12":"shipping-taxable","13":"purchasable","14":"product-type-simple"},"bundled_by":[],"bundle_stock_status":"instock","bundle_stock_quantity":null,"bundle_virtual":false,"bundle_layout":"","bundle_add_to_cart_form_location":"","bundle_editable_in_cart":false,"bundle_sold_individually_context":"","bundle_item_grouping":"","bundle_min_size":"","bundle_max_size":"","bundle_price":[],"bundled_items":[],"bundle_sell_ids":[],"acf":{"zdjecie_bez_watermarka":null,"zdjecie_bez_watermarka_url":"","product_orgin_url":"https:\/\/inter-rally.pl\/product-eng-67907-Fotel-OMP-WRC-R-XL.html"},"yoast_head":"<!-- This site is optimized with the Yoast SEO plugin v23.9 - https:\/\/yoast.com\/wordpress\/plugins\/seo\/ -->\n<title>FOTEL OMP WRC-R XL - CYBUL<\/title>\n<meta name=\"robots\" content=\"index, follow, max-snippet:-1, max-image-preview:large, max-video-preview:-1\" \/>\n<link rel=\"canonical\" href=\"https:\/\/cybul.eu\/pl\/sklep\/fotel-omp-wrc-r-xl\/\" \/>\n<meta property=\"og:locale\" content=\"pl_PL\" \/>\n<meta property=\"og:type\" content=\"article\" \/>\n<meta property=\"og:title\" content=\"FOTEL OMP WRC-R XL - CYBUL\" \/>\n<meta property=\"og:url\" content=\"https:\/\/cybul.eu\/pl\/sklep\/fotel-omp-wrc-r-xl\/\" \/>\n<meta property=\"og:site_name\" content=\"CYBUL\" \/>\n<meta property=\"article:modified_time\" content=\"2024-06-06T17:45:56+00:00\" \/>\n<meta property=\"og:image\" content=\"https:\/\/cybul.eu\/wp-content\/uploads\/2024\/06\/pol_pl_Fotel-OMP-WRC-R-XL-67907_1.jpg\" \/>\n\t<meta property=\"og:image:width\" content=\"900\" \/>\n\t<meta property=\"og:image:height\" content=\"900\" \/>\n\t<meta property=\"og:image:type\" content=\"image\/jpeg\" \/>\n<meta name=\"twitter:card\" content=\"summary_large_image\" \/>\n<script type=\"application\/ld+json\" class=\"yoast-schema-graph\">{\"@context\":\"https:\/\/schema.org\",\"@graph\":[{\"@type\":\"WebPage\",\"@id\":\"https:\/\/cybul.eu\/pl\/sklep\/fotel-omp-wrc-r-xl\/\",\"url\":\"https:\/\/cybul.eu\/pl\/sklep\/fotel-omp-wrc-r-xl\/\",\"name\":\"FOTEL OMP WRC-R XL - CYBUL\",\"isPartOf\":{\"@id\":\"https:\/\/cybul.eu\/pl\/#website\"},\"primaryImageOfPage\":{\"@id\":\"https:\/\/cybul.eu\/pl\/sklep\/fotel-omp-wrc-r-xl\/#primaryimage\"},\"image\":{\"@id\":\"https:\/\/cybul.eu\/pl\/sklep\/fotel-omp-wrc-r-xl\/#primaryimage\"},\"thumbnailUrl\":\"https:\/\/cybul.eu\/wp-content\/uploads\/2024\/06\/pol_pl_Fotel-OMP-WRC-R-XL-67907_1.jpg\",\"datePublished\":\"2024-06-06T17:45:37+00:00\",\"dateModified\":\"2024-06-06T17:45:56+00:00\",\"breadcrumb\":{\"@id\":\"https:\/\/cybul.eu\/pl\/sklep\/fotel-omp-wrc-r-xl\/#breadcrumb\"},\"inLanguage\":\"pl-PL\",\"potentialAction\":[{\"@type\":\"ReadAction\",\"target\":[\"https:\/\/cybul.eu\/pl\/sklep\/fotel-omp-wrc-r-xl\/\"]}]},{\"@type\":\"ImageObject\",\"inLanguage\":\"pl-PL\",\"@id\":\"https:\/\/cybul.eu\/pl\/sklep\/fotel-omp-wrc-r-xl\/#primaryimage\",\"url\":\"https:\/\/cybul.eu\/wp-content\/uploads\/2024\/06\/pol_pl_Fotel-OMP-WRC-R-XL-67907_1.jpg\",\"contentUrl\":\"https:\/\/cybul.eu\/wp-content\/uploads\/2024\/06\/pol_pl_Fotel-OMP-WRC-R-XL-67907_1.jpg\",\"width\":900,\"height\":900},{\"@type\":\"BreadcrumbList\",\"@id\":\"https:\/\/cybul.eu\/pl\/sklep\/fotel-omp-wrc-r-xl\/#breadcrumb\",\"itemListElement\":[{\"@type\":\"ListItem\",\"position\":1,\"name\":\"Strona g\u0142\u00f3wna\",\"item\":\"https:\/\/cybul.eu\/pl\/\"},{\"@type\":\"ListItem\",\"position\":2,\"name\":\"Sklep\",\"item\":\"https:\/\/cybul.eu\/pl\/sklep\/\"},{\"@type\":\"ListItem\",\"position\":3,\"name\":\"FOTEL OMP WRC-R XL\"}]},{\"@type\":\"WebSite\",\"@id\":\"https:\/\/cybul.eu\/pl\/#website\",\"url\":\"https:\/\/cybul.eu\/pl\/\",\"name\":\"CYBUL\",\"description\":\"\",\"potentialAction\":[{\"@type\":\"SearchAction\",\"target\":{\"@type\":\"EntryPoint\",\"urlTemplate\":\"https:\/\/cybul.eu\/pl\/?s={search_term_string}\"},\"query-input\":{\"@type\":\"PropertyValueSpecification\",\"valueRequired\":true,\"valueName\":\"search_term_string\"}}],\"inLanguage\":\"pl-PL\"}]}<\/script>\n<!-- \/ Yoast SEO plugin. -->","yoast_head_json":{"title":"FOTEL OMP WRC-R XL - CYBUL","robots":{"index":"index","follow":"follow","max-snippet":"max-snippet:-1","max-image-preview":"max-image-preview:large","max-video-preview":"max-video-preview:-1"},"canonical":"https:\/\/cybul.eu\/pl\/sklep\/fotel-omp-wrc-r-xl\/","og_locale":"pl_PL","og_type":"article","og_title":"FOTEL OMP WRC-R XL - CYBUL","og_url":"https:\/\/cybul.eu\/pl\/sklep\/fotel-omp-wrc-r-xl\/","og_site_name":"CYBUL","article_modified_time":"2024-06-06T17:45:56+00:00","og_image":[{"width":900,"height":900,"url":"https:\/\/cybul.eu\/wp-content\/uploads\/2024\/06\/pol_pl_Fotel-OMP-WRC-R-XL-67907_1.jpg","type":"image\/jpeg"}],"twitter_card":"summary_large_image","schema":{"@context":"https:\/\/schema.org","@graph":[{"@type":"WebPage","@id":"https:\/\/cybul.eu\/pl\/sklep\/fotel-omp-wrc-r-xl\/","url":"https:\/\/cybul.eu\/pl\/sklep\/fotel-omp-wrc-r-xl\/","name":"FOTEL OMP WRC-R XL - CYBUL","isPartOf":{"@id":"https:\/\/cybul.eu\/pl\/#website"},"primaryImageOfPage":{"@id":"https:\/\/cybul.eu\/pl\/sklep\/fotel-omp-wrc-r-xl\/#primaryimage"},"image":{"@id":"https:\/\/cybul.eu\/pl\/sklep\/fotel-omp-wrc-r-xl\/#primaryimage"},"thumbnailUrl":"https:\/\/cybul.eu\/wp-content\/uploads\/2024\/06\/pol_pl_Fotel-OMP-WRC-R-XL-67907_1.jpg","datePublished":"2024-06-06T17:45:37+00:00","dateModified":"2024-06-06T17:45:56+00:00","breadcrumb":{"@id":"https:\/\/cybul.eu\/pl\/sklep\/fotel-omp-wrc-r-xl\/#breadcrumb"},"inLanguage":"pl-PL","potentialAction":[{"@type":"ReadAction","target":["https:\/\/cybul.eu\/pl\/sklep\/fotel-omp-wrc-r-xl\/"]}]},{"@type":"ImageObject","inLanguage":"pl-PL","@id":"https:\/\/cybul.eu\/pl\/sklep\/fotel-omp-wrc-r-xl\/#primaryimage","url":"https:\/\/cybul.eu\/wp-content\/uploads\/2024\/06\/pol_pl_Fotel-OMP-WRC-R-XL-67907_1.jpg","contentUrl":"https:\/\/cybul.eu\/wp-content\/uploads\/2024\/06\/pol_pl_Fotel-OMP-WRC-R-XL-67907_1.jpg","width":900,"height":900},{"@type":"BreadcrumbList","@id":"https:\/\/cybul.eu\/pl\/sklep\/fotel-omp-wrc-r-xl\/#breadcrumb","itemListElement":[{"@type":"ListItem","position":1,"name":"Strona g\u0142\u00f3wna","item":"https:\/\/cybul.eu\/pl\/"},{"@type":"ListItem","position":2,"name":"Sklep","item":"https:\/\/cybul.eu\/pl\/sklep\/"},{"@type":"ListItem","position":3,"name":"FOTEL OMP WRC-R XL"}]},{"@type":"WebSite","@id":"https:\/\/cybul.eu\/pl\/#website","url":"https:\/\/cybul.eu\/pl\/","name":"CYBUL","description":"","potentialAction":[{"@type":"SearchAction","target":{"@type":"EntryPoint","urlTemplate":"https:\/\/cybul.eu\/pl\/?s={search_term_string}"},"query-input":{"@type":"PropertyValueSpecification","valueRequired":true,"valueName":"search_term_string"}}],"inLanguage":"pl-PL"}]}},"_links":{"self":[{"href":"https:\/\/cybul.eu\/pl\/wp-json\/wp\/v2\/product\/10588","targetHints":{"allow":["GET"]}}],"collection":[{"href":"https:\/\/cybul.eu\/pl\/wp-json\/wp\/v2\/product"}],"about":[{"href":"https:\/\/cybul.eu\/pl\/wp-json\/wp\/v2\/types\/product"}],"replies":[{"embeddable":true,"href":"https:\/\/cybul.eu\/pl\/wp-json\/wp\/v2\/comments?post=10588"}],"wp:featuredmedia":[{"embeddable":true,"href":"https:\/\/cybul.eu\/pl\/wp-json\/wp\/v2\/media\/10258"}],"wp:attachment":[{"href":"https:\/\/cybul.eu\/pl\/wp-json\/wp\/v2\/media?parent=10588"}],"wp:term":[{"taxonomy":"product_cat","embeddable":true,"href":"https:\/\/cybul.eu\/pl\/wp-json\/wp\/v2\/product_cat?post=10588"},{"taxonomy":"product_tag","embeddable":true,"href":"https:\/\/cybul.eu\/pl\/wp-json\/wp\/v2\/product_tag?post=10588"}],"curies":[{"name":"wp","href":"https:\/\/api.w.org\/{rel}","templated":true}]}}