{"id":10587,"date":"2024-06-06T19:45:37","date_gmt":"2024-06-06T17:45:37","guid":{"rendered":"https:\/\/cybul.eu\/shop\/fotel-sabelt-taurus-m\/"},"modified":"2024-06-06T19:45:51","modified_gmt":"2024-06-06T17:45:51","slug":"fotel-sabelt-taurus-m","status":"publish","type":"product","link":"https:\/\/cybul.eu\/pl\/sklep\/fotel-sabelt-taurus-m\/","title":{"rendered":"FOTEL SABELT TAURUS M"},"content":{"rendered":"<p><strong>Fotel Sabelt TAURUS FIA<br \/>&nbsp;<br \/><\/strong>Homologacja:<strong> FIA 8855-1999<br \/><\/strong><br \/>Nowy Fotel TAURUS wprowadza zmieniony, zaokr\u0105glony design siedziska, kt\u00f3ry podkre\u015bla lekko\u015b\u0107 fotela wy\u015bcigowego. Opracowany z najlepsz\u0105 firm\u0105 dzia\u0142aj\u0105c\u0105 w WRC.<\/p>\n<p>&#8211; Konstrukcja z w\u0142\u00f3kna szklanego pokryta dodatkowo specjalnym \u017celem<br \/>&#8211; Podwy\u017cszone boczne \u015bcianki siedziska w celu zwi\u0119kszenia trzymania bocznego<br \/>&#8211; Przystosowany do mocowa\u0144 bocznych<br \/>&#8211; Wymienne poduszki<br \/>&#8211; Kompatybilny z systemem HANS<br \/>&#8211; Posiada 5 otwor\u00f3w na pasy<br \/>&#8211; Dost\u0119pny w 3 rozmiarach<br \/>&#8211; Waga: <strong>M<\/strong> &#8211; 10,5 kg, <strong>L<\/strong> &#8211; 11,2 kg, <strong>XL<\/strong> &#8211; 11,4 kg<\/p>\n<p><img loading=\"lazy\" decoding=\"async\" style=\"display: block; margin-left: auto; margin-right: auto;\" src=\"\/data\/include\/cms\/rozmiary\/Sabelt\/Fotele-2018\/taurus-rozmiary.jpg\" border=\"0\" width=\"750\" height=\"944\"><\/p>\n","protected":false},"excerpt":{"rendered":"<p><strong>Fotel Sabelt TAURUS FIA<br \/>&nbsp;<br \/><\/strong>Homologacja:<strong> FIA 8855-1999<br \/><\/strong><br \/>Nowy Fotel TAURUS wprowadza zmieniony, zaokr\u0105glony design siedziska, kt\u00f3ry podkre\u015bla lekko\u015b\u0107 fotela wy\u015bcigowego. Opracowany z najlepsz\u0105 firm\u0105 dzia\u0142aj\u0105c\u0105 w WRC.<\/p>\n<p>&#8211; Konstrukcja z w\u0142\u00f3kna szklanego pokryta dodatkowo specjalnym \u017celem<br \/>&#8211; Podwy\u017cszone boczne \u015bcianki siedziska w celu zwi\u0119kszenia trzymania bocznego<br \/>&#8211; Przystosowany do mocowa\u0144 bocznych<br \/>&#8211; Wymienne poduszki<br \/>&#8211; Kompatybilny z systemem HANS<br \/>&#8211; Posiada 5 otwor\u00f3w na pasy<br \/>&#8211; Dost\u0119pny w 3 rozmiarach<br \/>&#8211; Waga: <strong>M<\/strong> &#8211; 10,5 kg, <strong>L<\/strong> &#8211; 11,2 kg, <strong>XL<\/strong> &#8211; 11,4 kg<\/p>\n<p><img loading=\"lazy\" decoding=\"async\" style=\"display: block; margin-left: auto; margin-right: auto;\" src=\"\/data\/include\/cms\/rozmiary\/Sabelt\/Fotele-2018\/taurus-rozmiary.jpg\" border=\"0\" width=\"750\" height=\"944\"><\/p>\n","protected":false},"featured_media":10251,"comment_status":"closed","ping_status":"open","template":"","meta":[],"product_cat":[546,542],"product_tag":[],"class_list":{"0":"post-10587","1":"product","2":"type-product","3":"status-publish","4":"has-post-thumbnail","6":"product_cat-fotele-rajdowe-z-homologacja-fia","7":"product_cat-wnetrze","9":"first","10":"instock","11":"taxable","12":"shipping-taxable","13":"purchasable","14":"product-type-simple"},"bundled_by":[],"bundle_stock_status":"instock","bundle_stock_quantity":null,"bundle_virtual":false,"bundle_layout":"","bundle_add_to_cart_form_location":"","bundle_editable_in_cart":false,"bundle_sold_individually_context":"","bundle_item_grouping":"","bundle_min_size":"","bundle_max_size":"","bundle_price":[],"bundled_items":[],"bundle_sell_ids":[],"acf":{"zdjecie_bez_watermarka":null,"zdjecie_bez_watermarka_url":"","product_orgin_url":"https:\/\/inter-rally.pl\/product-eng-50790-Fotel-Sabelt-TAURUS-M.html"},"yoast_head":"<!-- This site is optimized with the Yoast SEO plugin v23.9 - https:\/\/yoast.com\/wordpress\/plugins\/seo\/ -->\n<title>FOTEL SABELT TAURUS M - CYBUL<\/title>\n<meta name=\"robots\" content=\"index, follow, max-snippet:-1, max-image-preview:large, max-video-preview:-1\" \/>\n<link rel=\"canonical\" href=\"https:\/\/cybul.eu\/pl\/sklep\/fotel-sabelt-taurus-m\/\" \/>\n<meta property=\"og:locale\" content=\"pl_PL\" \/>\n<meta property=\"og:type\" content=\"article\" \/>\n<meta property=\"og:title\" content=\"FOTEL SABELT TAURUS M - CYBUL\" \/>\n<meta property=\"og:description\" content=\"Fotel Sabelt TAURUS FIA&nbsp;Homologacja: FIA 8855-1999Nowy Fotel TAURUS wprowadza zmieniony, zaokr\u0105glony design siedziska, kt\u00f3ry podkre\u015bla lekko\u015b\u0107 fotela wy\u015bcigowego. Opracowany z najlepsz\u0105 firm\u0105 dzia\u0142aj\u0105c\u0105 w WRC.- Konstrukcja z w\u0142\u00f3kna szklanego pokryta dodatkowo specjalnym \u017celem- Podwy\u017cszone boczne \u015bcianki siedziska w celu zwi\u0119kszenia trzymania bocznego- Przystosowany do mocowa\u0144 bocznych- Wymienne poduszki- Kompatybilny z systemem HANS- Posiada 5 otwor\u00f3w na pasy- Dost\u0119pny w 3 rozmiarach- Waga: M - 10,5 kg, L - 11,2 kg, XL - 11,4 kg\" \/>\n<meta property=\"og:url\" content=\"https:\/\/cybul.eu\/pl\/sklep\/fotel-sabelt-taurus-m\/\" \/>\n<meta property=\"og:site_name\" content=\"CYBUL\" \/>\n<meta property=\"article:modified_time\" content=\"2024-06-06T17:45:51+00:00\" \/>\n<meta property=\"og:image\" content=\"https:\/\/cybul.eu\/wp-content\/uploads\/2024\/06\/pol_pl_Fotel-Sabelt-TAURUS-M-50790_1.jpg\" \/>\n\t<meta property=\"og:image:width\" content=\"900\" \/>\n\t<meta property=\"og:image:height\" content=\"900\" \/>\n\t<meta property=\"og:image:type\" content=\"image\/jpeg\" \/>\n<meta name=\"twitter:card\" content=\"summary_large_image\" \/>\n<script type=\"application\/ld+json\" class=\"yoast-schema-graph\">{\"@context\":\"https:\/\/schema.org\",\"@graph\":[{\"@type\":\"WebPage\",\"@id\":\"https:\/\/cybul.eu\/pl\/sklep\/fotel-sabelt-taurus-m\/\",\"url\":\"https:\/\/cybul.eu\/pl\/sklep\/fotel-sabelt-taurus-m\/\",\"name\":\"FOTEL SABELT TAURUS M - CYBUL\",\"isPartOf\":{\"@id\":\"https:\/\/cybul.eu\/pl\/#website\"},\"primaryImageOfPage\":{\"@id\":\"https:\/\/cybul.eu\/pl\/sklep\/fotel-sabelt-taurus-m\/#primaryimage\"},\"image\":{\"@id\":\"https:\/\/cybul.eu\/pl\/sklep\/fotel-sabelt-taurus-m\/#primaryimage\"},\"thumbnailUrl\":\"https:\/\/cybul.eu\/wp-content\/uploads\/2024\/06\/pol_pl_Fotel-Sabelt-TAURUS-M-50790_1.jpg\",\"datePublished\":\"2024-06-06T17:45:37+00:00\",\"dateModified\":\"2024-06-06T17:45:51+00:00\",\"breadcrumb\":{\"@id\":\"https:\/\/cybul.eu\/pl\/sklep\/fotel-sabelt-taurus-m\/#breadcrumb\"},\"inLanguage\":\"pl-PL\",\"potentialAction\":[{\"@type\":\"ReadAction\",\"target\":[\"https:\/\/cybul.eu\/pl\/sklep\/fotel-sabelt-taurus-m\/\"]}]},{\"@type\":\"ImageObject\",\"inLanguage\":\"pl-PL\",\"@id\":\"https:\/\/cybul.eu\/pl\/sklep\/fotel-sabelt-taurus-m\/#primaryimage\",\"url\":\"https:\/\/cybul.eu\/wp-content\/uploads\/2024\/06\/pol_pl_Fotel-Sabelt-TAURUS-M-50790_1.jpg\",\"contentUrl\":\"https:\/\/cybul.eu\/wp-content\/uploads\/2024\/06\/pol_pl_Fotel-Sabelt-TAURUS-M-50790_1.jpg\",\"width\":900,\"height\":900},{\"@type\":\"BreadcrumbList\",\"@id\":\"https:\/\/cybul.eu\/pl\/sklep\/fotel-sabelt-taurus-m\/#breadcrumb\",\"itemListElement\":[{\"@type\":\"ListItem\",\"position\":1,\"name\":\"Strona g\u0142\u00f3wna\",\"item\":\"https:\/\/cybul.eu\/pl\/\"},{\"@type\":\"ListItem\",\"position\":2,\"name\":\"Sklep\",\"item\":\"https:\/\/cybul.eu\/pl\/sklep\/\"},{\"@type\":\"ListItem\",\"position\":3,\"name\":\"FOTEL SABELT TAURUS M\"}]},{\"@type\":\"WebSite\",\"@id\":\"https:\/\/cybul.eu\/pl\/#website\",\"url\":\"https:\/\/cybul.eu\/pl\/\",\"name\":\"CYBUL\",\"description\":\"\",\"potentialAction\":[{\"@type\":\"SearchAction\",\"target\":{\"@type\":\"EntryPoint\",\"urlTemplate\":\"https:\/\/cybul.eu\/pl\/?s={search_term_string}\"},\"query-input\":{\"@type\":\"PropertyValueSpecification\",\"valueRequired\":true,\"valueName\":\"search_term_string\"}}],\"inLanguage\":\"pl-PL\"}]}<\/script>\n<!-- \/ Yoast SEO plugin. -->","yoast_head_json":{"title":"FOTEL SABELT TAURUS M - CYBUL","robots":{"index":"index","follow":"follow","max-snippet":"max-snippet:-1","max-image-preview":"max-image-preview:large","max-video-preview":"max-video-preview:-1"},"canonical":"https:\/\/cybul.eu\/pl\/sklep\/fotel-sabelt-taurus-m\/","og_locale":"pl_PL","og_type":"article","og_title":"FOTEL SABELT TAURUS M - CYBUL","og_description":"Fotel Sabelt TAURUS FIA&nbsp;Homologacja: FIA 8855-1999Nowy Fotel TAURUS wprowadza zmieniony, zaokr\u0105glony design siedziska, kt\u00f3ry podkre\u015bla lekko\u015b\u0107 fotela wy\u015bcigowego. Opracowany z najlepsz\u0105 firm\u0105 dzia\u0142aj\u0105c\u0105 w WRC.- Konstrukcja z w\u0142\u00f3kna szklanego pokryta dodatkowo specjalnym \u017celem- Podwy\u017cszone boczne \u015bcianki siedziska w celu zwi\u0119kszenia trzymania bocznego- Przystosowany do mocowa\u0144 bocznych- Wymienne poduszki- Kompatybilny z systemem HANS- Posiada 5 otwor\u00f3w na pasy- Dost\u0119pny w 3 rozmiarach- Waga: M - 10,5 kg, L - 11,2 kg, XL - 11,4 kg","og_url":"https:\/\/cybul.eu\/pl\/sklep\/fotel-sabelt-taurus-m\/","og_site_name":"CYBUL","article_modified_time":"2024-06-06T17:45:51+00:00","og_image":[{"width":900,"height":900,"url":"https:\/\/cybul.eu\/wp-content\/uploads\/2024\/06\/pol_pl_Fotel-Sabelt-TAURUS-M-50790_1.jpg","type":"image\/jpeg"}],"twitter_card":"summary_large_image","schema":{"@context":"https:\/\/schema.org","@graph":[{"@type":"WebPage","@id":"https:\/\/cybul.eu\/pl\/sklep\/fotel-sabelt-taurus-m\/","url":"https:\/\/cybul.eu\/pl\/sklep\/fotel-sabelt-taurus-m\/","name":"FOTEL SABELT TAURUS M - CYBUL","isPartOf":{"@id":"https:\/\/cybul.eu\/pl\/#website"},"primaryImageOfPage":{"@id":"https:\/\/cybul.eu\/pl\/sklep\/fotel-sabelt-taurus-m\/#primaryimage"},"image":{"@id":"https:\/\/cybul.eu\/pl\/sklep\/fotel-sabelt-taurus-m\/#primaryimage"},"thumbnailUrl":"https:\/\/cybul.eu\/wp-content\/uploads\/2024\/06\/pol_pl_Fotel-Sabelt-TAURUS-M-50790_1.jpg","datePublished":"2024-06-06T17:45:37+00:00","dateModified":"2024-06-06T17:45:51+00:00","breadcrumb":{"@id":"https:\/\/cybul.eu\/pl\/sklep\/fotel-sabelt-taurus-m\/#breadcrumb"},"inLanguage":"pl-PL","potentialAction":[{"@type":"ReadAction","target":["https:\/\/cybul.eu\/pl\/sklep\/fotel-sabelt-taurus-m\/"]}]},{"@type":"ImageObject","inLanguage":"pl-PL","@id":"https:\/\/cybul.eu\/pl\/sklep\/fotel-sabelt-taurus-m\/#primaryimage","url":"https:\/\/cybul.eu\/wp-content\/uploads\/2024\/06\/pol_pl_Fotel-Sabelt-TAURUS-M-50790_1.jpg","contentUrl":"https:\/\/cybul.eu\/wp-content\/uploads\/2024\/06\/pol_pl_Fotel-Sabelt-TAURUS-M-50790_1.jpg","width":900,"height":900},{"@type":"BreadcrumbList","@id":"https:\/\/cybul.eu\/pl\/sklep\/fotel-sabelt-taurus-m\/#breadcrumb","itemListElement":[{"@type":"ListItem","position":1,"name":"Strona g\u0142\u00f3wna","item":"https:\/\/cybul.eu\/pl\/"},{"@type":"ListItem","position":2,"name":"Sklep","item":"https:\/\/cybul.eu\/pl\/sklep\/"},{"@type":"ListItem","position":3,"name":"FOTEL SABELT TAURUS M"}]},{"@type":"WebSite","@id":"https:\/\/cybul.eu\/pl\/#website","url":"https:\/\/cybul.eu\/pl\/","name":"CYBUL","description":"","potentialAction":[{"@type":"SearchAction","target":{"@type":"EntryPoint","urlTemplate":"https:\/\/cybul.eu\/pl\/?s={search_term_string}"},"query-input":{"@type":"PropertyValueSpecification","valueRequired":true,"valueName":"search_term_string"}}],"inLanguage":"pl-PL"}]}},"_links":{"self":[{"href":"https:\/\/cybul.eu\/pl\/wp-json\/wp\/v2\/product\/10587","targetHints":{"allow":["GET"]}}],"collection":[{"href":"https:\/\/cybul.eu\/pl\/wp-json\/wp\/v2\/product"}],"about":[{"href":"https:\/\/cybul.eu\/pl\/wp-json\/wp\/v2\/types\/product"}],"replies":[{"embeddable":true,"href":"https:\/\/cybul.eu\/pl\/wp-json\/wp\/v2\/comments?post=10587"}],"wp:featuredmedia":[{"embeddable":true,"href":"https:\/\/cybul.eu\/pl\/wp-json\/wp\/v2\/media\/10251"}],"wp:attachment":[{"href":"https:\/\/cybul.eu\/pl\/wp-json\/wp\/v2\/media?parent=10587"}],"wp:term":[{"taxonomy":"product_cat","embeddable":true,"href":"https:\/\/cybul.eu\/pl\/wp-json\/wp\/v2\/product_cat?post=10587"},{"taxonomy":"product_tag","embeddable":true,"href":"https:\/\/cybul.eu\/pl\/wp-json\/wp\/v2\/product_tag?post=10587"}],"curies":[{"name":"wp","href":"https:\/\/api.w.org\/{rel}","templated":true}]}}