{"id":10547,"date":"2024-06-05T15:33:38","date_gmt":"2024-06-06T17:42:40","guid":{"rendered":"https:\/\/cybul.eu\/shop\/fotel-bimarco-cobra-pro-futura-fia\/"},"modified":"2024-06-06T19:43:07","modified_gmt":"2024-06-06T17:43:07","slug":"fotel-bimarco-cobra-pro-futura-fia","status":"publish","type":"product","link":"https:\/\/cybul.eu\/pl\/sklep\/fotel-bimarco-cobra-pro-futura-fia\/","title":{"rendered":"FOTEL BIMARCO COBRA PRO (FUTURA) FIA"},"content":{"rendered":"<p><strong>Fotel Bimarco Cobra Pro<\/strong><\/p>\n<p>Homologacja: <strong>FIA 8855-1999<\/strong><\/p>\n<p>Nast\u0119pca najpopularniejszego fotela Bimarco Futura. Poprawiony zosta\u0142 komfort i bezpiecze\u0144stwo.<br \/>Posiada kompaktow\u0105 skorup\u0119, dzi\u0119ki czemu nadaje si\u0119 do aut z cia\u015bniejszymi kokpitami.<br \/>Welurowa tapicerka zapewnia optymalne podparcie<br \/>Piankowa wy\u015bci\u00f3\u0142ka pomaga w idealnym wyczuciu samochodu.<br \/>Skorupa wykonana w innowacyjnej technologii RTM, kt\u00f3ra pozwala na obni\u017cenie wagi i zwi\u0119kszenie sztywno\u015bci.<br \/>Technologia RTM pozwala na stworzenie skorupy z w\u0142\u00f3kna szklanego nawet o 30% l\u017cejszej ni\u017c standardowe fotele kube\u0142kowe.<\/p>\n<p>&#8211; 5&nbsp;przelotek na pasy<br \/>&#8211; Mocowania boczne (do kupienia osobno)<br \/>&#8211; Rozstaw mocowa\u0144: 430mm<br \/>&#8211; 4 \u015bruby w zestawie<br \/>&#8211; Waga: oko\u0142o 9,3 kg<\/p>\n","protected":false},"excerpt":{"rendered":"<p><strong>Fotel Bimarco Cobra Pro<\/strong><\/p>\n<p>Homologacja: <strong>FIA 8855-1999<\/strong><\/p>\n<p>Nast\u0119pca najpopularniejszego fotela Bimarco Futura. Poprawiony zosta\u0142 komfort i bezpiecze\u0144stwo.<br \/>Posiada kompaktow\u0105 skorup\u0119, dzi\u0119ki czemu nadaje si\u0119 do aut z cia\u015bniejszymi kokpitami.<br \/>Welurowa tapicerka zapewnia optymalne podparcie<br \/>Piankowa wy\u015bci\u00f3\u0142ka pomaga w idealnym wyczuciu samochodu.<br \/>Skorupa wykonana w innowacyjnej technologii RTM, kt\u00f3ra pozwala na obni\u017cenie wagi i zwi\u0119kszenie sztywno\u015bci.<br \/>Technologia RTM pozwala na stworzenie skorupy z w\u0142\u00f3kna szklanego nawet o 30% l\u017cejszej ni\u017c standardowe fotele kube\u0142kowe.<\/p>\n<p>&#8211; 5&nbsp;przelotek na pasy<br \/>&#8211; Mocowania boczne (do kupienia osobno)<br \/>&#8211; Rozstaw mocowa\u0144: 430mm<br \/>&#8211; 4 \u015bruby w zestawie<br \/>&#8211; Waga: oko\u0142o 9,3 kg<\/p>\n","protected":false},"featured_media":9918,"comment_status":"closed","ping_status":"closed","template":"","meta":[],"product_cat":[546,542],"product_tag":[],"class_list":{"0":"post-10547","1":"product","2":"type-product","3":"status-publish","4":"has-post-thumbnail","6":"product_cat-fotele-rajdowe-z-homologacja-fia","7":"product_cat-wnetrze","9":"first","10":"instock","11":"taxable","12":"shipping-taxable","13":"purchasable","14":"product-type-simple"},"bundled_by":[],"bundle_stock_status":"instock","bundle_stock_quantity":null,"bundle_virtual":false,"bundle_layout":"","bundle_add_to_cart_form_location":"","bundle_editable_in_cart":false,"bundle_sold_individually_context":"","bundle_item_grouping":"","bundle_min_size":"","bundle_max_size":"","bundle_price":[],"bundled_items":[],"bundle_sell_ids":[],"acf":{"zdjecie_bez_watermarka":null,"zdjecie_bez_watermarka_url":"","product_orgin_url":"https:\/\/inter-rally.pl\/product-eng-176239-Fotel-Bimarco-Cobra-Pro-Futura-FIA.html"},"yoast_head":"<!-- This site is optimized with the Yoast SEO plugin v23.9 - https:\/\/yoast.com\/wordpress\/plugins\/seo\/ -->\n<title>FOTEL BIMARCO COBRA PRO (FUTURA) FIA - CYBUL<\/title>\n<meta name=\"robots\" content=\"index, follow, max-snippet:-1, max-image-preview:large, max-video-preview:-1\" \/>\n<link rel=\"canonical\" href=\"https:\/\/cybul.eu\/pl\/sklep\/fotel-bimarco-cobra-pro-futura-fia\/\" \/>\n<meta property=\"og:locale\" content=\"pl_PL\" \/>\n<meta property=\"og:type\" content=\"article\" \/>\n<meta property=\"og:title\" content=\"FOTEL BIMARCO COBRA PRO (FUTURA) FIA - CYBUL\" \/>\n<meta property=\"og:description\" content=\"Fotel Bimarco Cobra ProHomologacja: FIA 8855-1999Nast\u0119pca najpopularniejszego fotela Bimarco Futura. Poprawiony zosta\u0142 komfort i bezpiecze\u0144stwo.Posiada kompaktow\u0105 skorup\u0119, dzi\u0119ki czemu nadaje si\u0119 do aut z cia\u015bniejszymi kokpitami.Welurowa tapicerka zapewnia optymalne podparciePiankowa wy\u015bci\u00f3\u0142ka pomaga w idealnym wyczuciu samochodu.Skorupa wykonana w innowacyjnej technologii RTM, kt\u00f3ra pozwala na obni\u017cenie wagi i zwi\u0119kszenie sztywno\u015bci.Technologia RTM pozwala na stworzenie skorupy z w\u0142\u00f3kna szklanego nawet o 30% l\u017cejszej ni\u017c standardowe fotele kube\u0142kowe. - 5&nbsp;przelotek na pasy- Mocowania boczne (do kupienia osobno)- Rozstaw mocowa\u0144: 430mm- 4 \u015bruby w zestawie- Waga: oko\u0142o 9,3 kg\" \/>\n<meta property=\"og:url\" content=\"https:\/\/cybul.eu\/pl\/sklep\/fotel-bimarco-cobra-pro-futura-fia\/\" \/>\n<meta property=\"og:site_name\" content=\"CYBUL\" \/>\n<meta property=\"article:modified_time\" content=\"2024-06-06T17:43:07+00:00\" \/>\n<meta property=\"og:image\" content=\"https:\/\/cybul.eu\/wp-content\/uploads\/2024\/06\/pol_pl_Fotel-Bimarco-Cobra-Pro-Futura-FIA-176239_1.jpg\" \/>\n\t<meta property=\"og:image:width\" content=\"900\" \/>\n\t<meta property=\"og:image:height\" content=\"779\" \/>\n\t<meta property=\"og:image:type\" content=\"image\/jpeg\" \/>\n<meta name=\"twitter:card\" content=\"summary_large_image\" \/>\n<meta name=\"twitter:label1\" content=\"Szacowany czas czytania\" \/>\n\t<meta name=\"twitter:data1\" content=\"1 minuta\" \/>\n<script type=\"application\/ld+json\" class=\"yoast-schema-graph\">{\"@context\":\"https:\/\/schema.org\",\"@graph\":[{\"@type\":\"WebPage\",\"@id\":\"https:\/\/cybul.eu\/pl\/sklep\/fotel-bimarco-cobra-pro-futura-fia\/\",\"url\":\"https:\/\/cybul.eu\/pl\/sklep\/fotel-bimarco-cobra-pro-futura-fia\/\",\"name\":\"FOTEL BIMARCO COBRA PRO (FUTURA) FIA - CYBUL\",\"isPartOf\":{\"@id\":\"https:\/\/cybul.eu\/pl\/#website\"},\"primaryImageOfPage\":{\"@id\":\"https:\/\/cybul.eu\/pl\/sklep\/fotel-bimarco-cobra-pro-futura-fia\/#primaryimage\"},\"image\":{\"@id\":\"https:\/\/cybul.eu\/pl\/sklep\/fotel-bimarco-cobra-pro-futura-fia\/#primaryimage\"},\"thumbnailUrl\":\"https:\/\/cybul.eu\/wp-content\/uploads\/2024\/06\/pol_pl_Fotel-Bimarco-Cobra-Pro-Futura-FIA-176239_1.jpg\",\"datePublished\":\"2024-06-06T17:42:40+00:00\",\"dateModified\":\"2024-06-06T17:43:07+00:00\",\"breadcrumb\":{\"@id\":\"https:\/\/cybul.eu\/pl\/sklep\/fotel-bimarco-cobra-pro-futura-fia\/#breadcrumb\"},\"inLanguage\":\"pl-PL\",\"potentialAction\":[{\"@type\":\"ReadAction\",\"target\":[\"https:\/\/cybul.eu\/pl\/sklep\/fotel-bimarco-cobra-pro-futura-fia\/\"]}]},{\"@type\":\"ImageObject\",\"inLanguage\":\"pl-PL\",\"@id\":\"https:\/\/cybul.eu\/pl\/sklep\/fotel-bimarco-cobra-pro-futura-fia\/#primaryimage\",\"url\":\"https:\/\/cybul.eu\/wp-content\/uploads\/2024\/06\/pol_pl_Fotel-Bimarco-Cobra-Pro-Futura-FIA-176239_1.jpg\",\"contentUrl\":\"https:\/\/cybul.eu\/wp-content\/uploads\/2024\/06\/pol_pl_Fotel-Bimarco-Cobra-Pro-Futura-FIA-176239_1.jpg\",\"width\":900,\"height\":779},{\"@type\":\"BreadcrumbList\",\"@id\":\"https:\/\/cybul.eu\/pl\/sklep\/fotel-bimarco-cobra-pro-futura-fia\/#breadcrumb\",\"itemListElement\":[{\"@type\":\"ListItem\",\"position\":1,\"name\":\"Strona g\u0142\u00f3wna\",\"item\":\"https:\/\/cybul.eu\/pl\/\"},{\"@type\":\"ListItem\",\"position\":2,\"name\":\"Sklep\",\"item\":\"https:\/\/cybul.eu\/pl\/sklep\/\"},{\"@type\":\"ListItem\",\"position\":3,\"name\":\"FOTEL BIMARCO COBRA PRO (FUTURA) FIA\"}]},{\"@type\":\"WebSite\",\"@id\":\"https:\/\/cybul.eu\/pl\/#website\",\"url\":\"https:\/\/cybul.eu\/pl\/\",\"name\":\"CYBUL\",\"description\":\"\",\"potentialAction\":[{\"@type\":\"SearchAction\",\"target\":{\"@type\":\"EntryPoint\",\"urlTemplate\":\"https:\/\/cybul.eu\/pl\/?s={search_term_string}\"},\"query-input\":{\"@type\":\"PropertyValueSpecification\",\"valueRequired\":true,\"valueName\":\"search_term_string\"}}],\"inLanguage\":\"pl-PL\"}]}<\/script>\n<!-- \/ Yoast SEO plugin. -->","yoast_head_json":{"title":"FOTEL BIMARCO COBRA PRO (FUTURA) FIA - CYBUL","robots":{"index":"index","follow":"follow","max-snippet":"max-snippet:-1","max-image-preview":"max-image-preview:large","max-video-preview":"max-video-preview:-1"},"canonical":"https:\/\/cybul.eu\/pl\/sklep\/fotel-bimarco-cobra-pro-futura-fia\/","og_locale":"pl_PL","og_type":"article","og_title":"FOTEL BIMARCO COBRA PRO (FUTURA) FIA - CYBUL","og_description":"Fotel Bimarco Cobra ProHomologacja: FIA 8855-1999Nast\u0119pca najpopularniejszego fotela Bimarco Futura. Poprawiony zosta\u0142 komfort i bezpiecze\u0144stwo.Posiada kompaktow\u0105 skorup\u0119, dzi\u0119ki czemu nadaje si\u0119 do aut z cia\u015bniejszymi kokpitami.Welurowa tapicerka zapewnia optymalne podparciePiankowa wy\u015bci\u00f3\u0142ka pomaga w idealnym wyczuciu samochodu.Skorupa wykonana w innowacyjnej technologii RTM, kt\u00f3ra pozwala na obni\u017cenie wagi i zwi\u0119kszenie sztywno\u015bci.Technologia RTM pozwala na stworzenie skorupy z w\u0142\u00f3kna szklanego nawet o 30% l\u017cejszej ni\u017c standardowe fotele kube\u0142kowe. - 5&nbsp;przelotek na pasy- Mocowania boczne (do kupienia osobno)- Rozstaw mocowa\u0144: 430mm- 4 \u015bruby w zestawie- Waga: oko\u0142o 9,3 kg","og_url":"https:\/\/cybul.eu\/pl\/sklep\/fotel-bimarco-cobra-pro-futura-fia\/","og_site_name":"CYBUL","article_modified_time":"2024-06-06T17:43:07+00:00","og_image":[{"width":900,"height":779,"url":"https:\/\/cybul.eu\/wp-content\/uploads\/2024\/06\/pol_pl_Fotel-Bimarco-Cobra-Pro-Futura-FIA-176239_1.jpg","type":"image\/jpeg"}],"twitter_card":"summary_large_image","twitter_misc":{"Szacowany czas czytania":"1 minuta"},"schema":{"@context":"https:\/\/schema.org","@graph":[{"@type":"WebPage","@id":"https:\/\/cybul.eu\/pl\/sklep\/fotel-bimarco-cobra-pro-futura-fia\/","url":"https:\/\/cybul.eu\/pl\/sklep\/fotel-bimarco-cobra-pro-futura-fia\/","name":"FOTEL BIMARCO COBRA PRO (FUTURA) FIA - CYBUL","isPartOf":{"@id":"https:\/\/cybul.eu\/pl\/#website"},"primaryImageOfPage":{"@id":"https:\/\/cybul.eu\/pl\/sklep\/fotel-bimarco-cobra-pro-futura-fia\/#primaryimage"},"image":{"@id":"https:\/\/cybul.eu\/pl\/sklep\/fotel-bimarco-cobra-pro-futura-fia\/#primaryimage"},"thumbnailUrl":"https:\/\/cybul.eu\/wp-content\/uploads\/2024\/06\/pol_pl_Fotel-Bimarco-Cobra-Pro-Futura-FIA-176239_1.jpg","datePublished":"2024-06-06T17:42:40+00:00","dateModified":"2024-06-06T17:43:07+00:00","breadcrumb":{"@id":"https:\/\/cybul.eu\/pl\/sklep\/fotel-bimarco-cobra-pro-futura-fia\/#breadcrumb"},"inLanguage":"pl-PL","potentialAction":[{"@type":"ReadAction","target":["https:\/\/cybul.eu\/pl\/sklep\/fotel-bimarco-cobra-pro-futura-fia\/"]}]},{"@type":"ImageObject","inLanguage":"pl-PL","@id":"https:\/\/cybul.eu\/pl\/sklep\/fotel-bimarco-cobra-pro-futura-fia\/#primaryimage","url":"https:\/\/cybul.eu\/wp-content\/uploads\/2024\/06\/pol_pl_Fotel-Bimarco-Cobra-Pro-Futura-FIA-176239_1.jpg","contentUrl":"https:\/\/cybul.eu\/wp-content\/uploads\/2024\/06\/pol_pl_Fotel-Bimarco-Cobra-Pro-Futura-FIA-176239_1.jpg","width":900,"height":779},{"@type":"BreadcrumbList","@id":"https:\/\/cybul.eu\/pl\/sklep\/fotel-bimarco-cobra-pro-futura-fia\/#breadcrumb","itemListElement":[{"@type":"ListItem","position":1,"name":"Strona g\u0142\u00f3wna","item":"https:\/\/cybul.eu\/pl\/"},{"@type":"ListItem","position":2,"name":"Sklep","item":"https:\/\/cybul.eu\/pl\/sklep\/"},{"@type":"ListItem","position":3,"name":"FOTEL BIMARCO COBRA PRO (FUTURA) FIA"}]},{"@type":"WebSite","@id":"https:\/\/cybul.eu\/pl\/#website","url":"https:\/\/cybul.eu\/pl\/","name":"CYBUL","description":"","potentialAction":[{"@type":"SearchAction","target":{"@type":"EntryPoint","urlTemplate":"https:\/\/cybul.eu\/pl\/?s={search_term_string}"},"query-input":{"@type":"PropertyValueSpecification","valueRequired":true,"valueName":"search_term_string"}}],"inLanguage":"pl-PL"}]}},"_links":{"self":[{"href":"https:\/\/cybul.eu\/pl\/wp-json\/wp\/v2\/product\/10547","targetHints":{"allow":["GET"]}}],"collection":[{"href":"https:\/\/cybul.eu\/pl\/wp-json\/wp\/v2\/product"}],"about":[{"href":"https:\/\/cybul.eu\/pl\/wp-json\/wp\/v2\/types\/product"}],"replies":[{"embeddable":true,"href":"https:\/\/cybul.eu\/pl\/wp-json\/wp\/v2\/comments?post=10547"}],"wp:featuredmedia":[{"embeddable":true,"href":"https:\/\/cybul.eu\/pl\/wp-json\/wp\/v2\/media\/9918"}],"wp:attachment":[{"href":"https:\/\/cybul.eu\/pl\/wp-json\/wp\/v2\/media?parent=10547"}],"wp:term":[{"taxonomy":"product_cat","embeddable":true,"href":"https:\/\/cybul.eu\/pl\/wp-json\/wp\/v2\/product_cat?post=10547"},{"taxonomy":"product_tag","embeddable":true,"href":"https:\/\/cybul.eu\/pl\/wp-json\/wp\/v2\/product_tag?post=10547"}],"curies":[{"name":"wp","href":"https:\/\/api.w.org\/{rel}","templated":true}]}}