{"id":10544,"date":"2024-06-06T19:42:40","date_gmt":"2024-06-06T17:42:40","guid":{"rendered":"https:\/\/cybul.eu\/shop\/fotel-omp-trs-x\/"},"modified":"2024-06-06T19:42:50","modified_gmt":"2024-06-06T17:42:50","slug":"fotel-omp-trs-x","status":"publish","type":"product","link":"https:\/\/cybul.eu\/pl\/sklep\/fotel-omp-trs-x\/","title":{"rendered":"FOTEL OMP TRS-X"},"content":{"rendered":"<p><strong>Fotel OMP TRS-X<\/p>\n<p><\/strong>Homologacja:<strong> FIA 8855-1999<\/p>\n<p><\/strong>Przeprofilowany, nowoczesny kszta\u0142t<br \/>Podstawowy model fotela z homologacj\u0105 FIA w ofercie w\u0142oskiej firmy OMP.<br \/>Zaprojektowany tak, aby pasowa\u0142 do szerszego zakresu kszta\u0142t\u00f3w i rozmiar\u00f3w kierowc\u00f3w<br \/>\u015awietna oferta dla os\u00f3b o ograniczonym bud\u017cecie.<br \/>Konstrukcja rurowa.<br \/>W\u0105skie wymiary zewn\u0119trzne pozwalaj\u0105 dopasowa\u0107 fotel do mniejszych kokpit\u00f3w<br \/>Posiada welurowe obicie oraz wyjmowan\u0105 poduszk\u0119 pod uda.<br \/>G\u0142\u0119bokie podparcia boczne zapewniaj\u0105 doskona\u0142e wsparcie boczne<br \/>Fotel jest kompatybilny z systemem HANS.<\/p>\n<p>Waga: <strong>10,8kg<\/strong><\/p>\n","protected":false},"excerpt":{"rendered":"<p><strong>Fotel OMP TRS-X<\/p>\n<p><\/strong>Homologacja:<strong> FIA 8855-1999<\/p>\n<p><\/strong>Przeprofilowany, nowoczesny kszta\u0142t<br \/>Podstawowy model fotela z homologacj\u0105 FIA w ofercie w\u0142oskiej firmy OMP.<br \/>Zaprojektowany tak, aby pasowa\u0142 do szerszego zakresu kszta\u0142t\u00f3w i rozmiar\u00f3w kierowc\u00f3w<br \/>\u015awietna oferta dla os\u00f3b o ograniczonym bud\u017cecie.<br \/>Konstrukcja rurowa.<br \/>W\u0105skie wymiary zewn\u0119trzne pozwalaj\u0105 dopasowa\u0107 fotel do mniejszych kokpit\u00f3w<br \/>Posiada welurowe obicie oraz wyjmowan\u0105 poduszk\u0119 pod uda.<br \/>G\u0142\u0119bokie podparcia boczne zapewniaj\u0105 doskona\u0142e wsparcie boczne<br \/>Fotel jest kompatybilny z systemem HANS.<\/p>\n<p>Waga: <strong>10,8kg<\/strong><\/p>\n","protected":false},"featured_media":9910,"comment_status":"closed","ping_status":"open","template":"","meta":[],"product_cat":[546,542],"product_tag":[],"class_list":{"0":"post-10544","1":"product","2":"type-product","3":"status-publish","4":"has-post-thumbnail","6":"product_cat-fotele-rajdowe-z-homologacja-fia","7":"product_cat-wnetrze","9":"first","10":"instock","11":"taxable","12":"shipping-taxable","13":"purchasable","14":"product-type-simple"},"bundled_by":[],"bundle_stock_status":"instock","bundle_stock_quantity":null,"bundle_virtual":false,"bundle_layout":"","bundle_add_to_cart_form_location":"","bundle_editable_in_cart":false,"bundle_sold_individually_context":"","bundle_item_grouping":"","bundle_min_size":"","bundle_max_size":"","bundle_price":[],"bundled_items":[],"bundle_sell_ids":[],"acf":{"zdjecie_bez_watermarka":null,"zdjecie_bez_watermarka_url":"","product_orgin_url":"https:\/\/inter-rally.pl\/product-eng-110176-Fotel-OMP-TRS-X.html"},"yoast_head":"<!-- This site is optimized with the Yoast SEO plugin v23.9 - https:\/\/yoast.com\/wordpress\/plugins\/seo\/ -->\n<title>FOTEL OMP TRS-X - CYBUL<\/title>\n<meta name=\"robots\" content=\"index, follow, max-snippet:-1, max-image-preview:large, max-video-preview:-1\" \/>\n<link rel=\"canonical\" href=\"https:\/\/cybul.eu\/pl\/sklep\/fotel-omp-trs-x\/\" \/>\n<meta property=\"og:locale\" content=\"pl_PL\" \/>\n<meta property=\"og:type\" content=\"article\" \/>\n<meta property=\"og:title\" content=\"FOTEL OMP TRS-X - CYBUL\" \/>\n<meta property=\"og:description\" content=\"Fotel OMP TRS-XHomologacja: FIA 8855-1999Przeprofilowany, nowoczesny kszta\u0142tPodstawowy model fotela z homologacj\u0105 FIA w ofercie w\u0142oskiej firmy OMP.Zaprojektowany tak, aby pasowa\u0142 do szerszego zakresu kszta\u0142t\u00f3w i rozmiar\u00f3w kierowc\u00f3w\u015awietna oferta dla os\u00f3b o ograniczonym bud\u017cecie.Konstrukcja rurowa.W\u0105skie wymiary zewn\u0119trzne pozwalaj\u0105 dopasowa\u0107 fotel do mniejszych kokpit\u00f3wPosiada welurowe obicie oraz wyjmowan\u0105 poduszk\u0119 pod uda.G\u0142\u0119bokie podparcia boczne zapewniaj\u0105 doskona\u0142e wsparcie boczneFotel jest kompatybilny z systemem HANS.Waga: 10,8kg\" \/>\n<meta property=\"og:url\" content=\"https:\/\/cybul.eu\/pl\/sklep\/fotel-omp-trs-x\/\" \/>\n<meta property=\"og:site_name\" content=\"CYBUL\" \/>\n<meta property=\"article:modified_time\" content=\"2024-06-06T17:42:50+00:00\" \/>\n<meta property=\"og:image\" content=\"https:\/\/cybul.eu\/wp-content\/uploads\/2024\/06\/pol_pl_Fotel-OMP-TRS-X-110176_1.jpg\" \/>\n\t<meta property=\"og:image:width\" content=\"900\" \/>\n\t<meta property=\"og:image:height\" content=\"900\" \/>\n\t<meta property=\"og:image:type\" content=\"image\/jpeg\" \/>\n<meta name=\"twitter:card\" content=\"summary_large_image\" \/>\n<script type=\"application\/ld+json\" class=\"yoast-schema-graph\">{\"@context\":\"https:\/\/schema.org\",\"@graph\":[{\"@type\":\"WebPage\",\"@id\":\"https:\/\/cybul.eu\/pl\/sklep\/fotel-omp-trs-x\/\",\"url\":\"https:\/\/cybul.eu\/pl\/sklep\/fotel-omp-trs-x\/\",\"name\":\"FOTEL OMP TRS-X - CYBUL\",\"isPartOf\":{\"@id\":\"https:\/\/cybul.eu\/pl\/#website\"},\"primaryImageOfPage\":{\"@id\":\"https:\/\/cybul.eu\/pl\/sklep\/fotel-omp-trs-x\/#primaryimage\"},\"image\":{\"@id\":\"https:\/\/cybul.eu\/pl\/sklep\/fotel-omp-trs-x\/#primaryimage\"},\"thumbnailUrl\":\"https:\/\/cybul.eu\/wp-content\/uploads\/2024\/06\/pol_pl_Fotel-OMP-TRS-X-110176_1.jpg\",\"datePublished\":\"2024-06-06T17:42:40+00:00\",\"dateModified\":\"2024-06-06T17:42:50+00:00\",\"breadcrumb\":{\"@id\":\"https:\/\/cybul.eu\/pl\/sklep\/fotel-omp-trs-x\/#breadcrumb\"},\"inLanguage\":\"pl-PL\",\"potentialAction\":[{\"@type\":\"ReadAction\",\"target\":[\"https:\/\/cybul.eu\/pl\/sklep\/fotel-omp-trs-x\/\"]}]},{\"@type\":\"ImageObject\",\"inLanguage\":\"pl-PL\",\"@id\":\"https:\/\/cybul.eu\/pl\/sklep\/fotel-omp-trs-x\/#primaryimage\",\"url\":\"https:\/\/cybul.eu\/wp-content\/uploads\/2024\/06\/pol_pl_Fotel-OMP-TRS-X-110176_1.jpg\",\"contentUrl\":\"https:\/\/cybul.eu\/wp-content\/uploads\/2024\/06\/pol_pl_Fotel-OMP-TRS-X-110176_1.jpg\",\"width\":900,\"height\":900},{\"@type\":\"BreadcrumbList\",\"@id\":\"https:\/\/cybul.eu\/pl\/sklep\/fotel-omp-trs-x\/#breadcrumb\",\"itemListElement\":[{\"@type\":\"ListItem\",\"position\":1,\"name\":\"Strona g\u0142\u00f3wna\",\"item\":\"https:\/\/cybul.eu\/pl\/\"},{\"@type\":\"ListItem\",\"position\":2,\"name\":\"Sklep\",\"item\":\"https:\/\/cybul.eu\/pl\/sklep\/\"},{\"@type\":\"ListItem\",\"position\":3,\"name\":\"FOTEL OMP TRS-X\"}]},{\"@type\":\"WebSite\",\"@id\":\"https:\/\/cybul.eu\/pl\/#website\",\"url\":\"https:\/\/cybul.eu\/pl\/\",\"name\":\"CYBUL\",\"description\":\"\",\"potentialAction\":[{\"@type\":\"SearchAction\",\"target\":{\"@type\":\"EntryPoint\",\"urlTemplate\":\"https:\/\/cybul.eu\/pl\/?s={search_term_string}\"},\"query-input\":{\"@type\":\"PropertyValueSpecification\",\"valueRequired\":true,\"valueName\":\"search_term_string\"}}],\"inLanguage\":\"pl-PL\"}]}<\/script>\n<!-- \/ Yoast SEO plugin. -->","yoast_head_json":{"title":"FOTEL OMP TRS-X - CYBUL","robots":{"index":"index","follow":"follow","max-snippet":"max-snippet:-1","max-image-preview":"max-image-preview:large","max-video-preview":"max-video-preview:-1"},"canonical":"https:\/\/cybul.eu\/pl\/sklep\/fotel-omp-trs-x\/","og_locale":"pl_PL","og_type":"article","og_title":"FOTEL OMP TRS-X - CYBUL","og_description":"Fotel OMP TRS-XHomologacja: FIA 8855-1999Przeprofilowany, nowoczesny kszta\u0142tPodstawowy model fotela z homologacj\u0105 FIA w ofercie w\u0142oskiej firmy OMP.Zaprojektowany tak, aby pasowa\u0142 do szerszego zakresu kszta\u0142t\u00f3w i rozmiar\u00f3w kierowc\u00f3w\u015awietna oferta dla os\u00f3b o ograniczonym bud\u017cecie.Konstrukcja rurowa.W\u0105skie wymiary zewn\u0119trzne pozwalaj\u0105 dopasowa\u0107 fotel do mniejszych kokpit\u00f3wPosiada welurowe obicie oraz wyjmowan\u0105 poduszk\u0119 pod uda.G\u0142\u0119bokie podparcia boczne zapewniaj\u0105 doskona\u0142e wsparcie boczneFotel jest kompatybilny z systemem HANS.Waga: 10,8kg","og_url":"https:\/\/cybul.eu\/pl\/sklep\/fotel-omp-trs-x\/","og_site_name":"CYBUL","article_modified_time":"2024-06-06T17:42:50+00:00","og_image":[{"width":900,"height":900,"url":"https:\/\/cybul.eu\/wp-content\/uploads\/2024\/06\/pol_pl_Fotel-OMP-TRS-X-110176_1.jpg","type":"image\/jpeg"}],"twitter_card":"summary_large_image","schema":{"@context":"https:\/\/schema.org","@graph":[{"@type":"WebPage","@id":"https:\/\/cybul.eu\/pl\/sklep\/fotel-omp-trs-x\/","url":"https:\/\/cybul.eu\/pl\/sklep\/fotel-omp-trs-x\/","name":"FOTEL OMP TRS-X - CYBUL","isPartOf":{"@id":"https:\/\/cybul.eu\/pl\/#website"},"primaryImageOfPage":{"@id":"https:\/\/cybul.eu\/pl\/sklep\/fotel-omp-trs-x\/#primaryimage"},"image":{"@id":"https:\/\/cybul.eu\/pl\/sklep\/fotel-omp-trs-x\/#primaryimage"},"thumbnailUrl":"https:\/\/cybul.eu\/wp-content\/uploads\/2024\/06\/pol_pl_Fotel-OMP-TRS-X-110176_1.jpg","datePublished":"2024-06-06T17:42:40+00:00","dateModified":"2024-06-06T17:42:50+00:00","breadcrumb":{"@id":"https:\/\/cybul.eu\/pl\/sklep\/fotel-omp-trs-x\/#breadcrumb"},"inLanguage":"pl-PL","potentialAction":[{"@type":"ReadAction","target":["https:\/\/cybul.eu\/pl\/sklep\/fotel-omp-trs-x\/"]}]},{"@type":"ImageObject","inLanguage":"pl-PL","@id":"https:\/\/cybul.eu\/pl\/sklep\/fotel-omp-trs-x\/#primaryimage","url":"https:\/\/cybul.eu\/wp-content\/uploads\/2024\/06\/pol_pl_Fotel-OMP-TRS-X-110176_1.jpg","contentUrl":"https:\/\/cybul.eu\/wp-content\/uploads\/2024\/06\/pol_pl_Fotel-OMP-TRS-X-110176_1.jpg","width":900,"height":900},{"@type":"BreadcrumbList","@id":"https:\/\/cybul.eu\/pl\/sklep\/fotel-omp-trs-x\/#breadcrumb","itemListElement":[{"@type":"ListItem","position":1,"name":"Strona g\u0142\u00f3wna","item":"https:\/\/cybul.eu\/pl\/"},{"@type":"ListItem","position":2,"name":"Sklep","item":"https:\/\/cybul.eu\/pl\/sklep\/"},{"@type":"ListItem","position":3,"name":"FOTEL OMP TRS-X"}]},{"@type":"WebSite","@id":"https:\/\/cybul.eu\/pl\/#website","url":"https:\/\/cybul.eu\/pl\/","name":"CYBUL","description":"","potentialAction":[{"@type":"SearchAction","target":{"@type":"EntryPoint","urlTemplate":"https:\/\/cybul.eu\/pl\/?s={search_term_string}"},"query-input":{"@type":"PropertyValueSpecification","valueRequired":true,"valueName":"search_term_string"}}],"inLanguage":"pl-PL"}]}},"_links":{"self":[{"href":"https:\/\/cybul.eu\/pl\/wp-json\/wp\/v2\/product\/10544","targetHints":{"allow":["GET"]}}],"collection":[{"href":"https:\/\/cybul.eu\/pl\/wp-json\/wp\/v2\/product"}],"about":[{"href":"https:\/\/cybul.eu\/pl\/wp-json\/wp\/v2\/types\/product"}],"replies":[{"embeddable":true,"href":"https:\/\/cybul.eu\/pl\/wp-json\/wp\/v2\/comments?post=10544"}],"wp:featuredmedia":[{"embeddable":true,"href":"https:\/\/cybul.eu\/pl\/wp-json\/wp\/v2\/media\/9910"}],"wp:attachment":[{"href":"https:\/\/cybul.eu\/pl\/wp-json\/wp\/v2\/media?parent=10544"}],"wp:term":[{"taxonomy":"product_cat","embeddable":true,"href":"https:\/\/cybul.eu\/pl\/wp-json\/wp\/v2\/product_cat?post=10544"},{"taxonomy":"product_tag","embeddable":true,"href":"https:\/\/cybul.eu\/pl\/wp-json\/wp\/v2\/product_tag?post=10544"}],"curies":[{"name":"wp","href":"https:\/\/api.w.org\/{rel}","templated":true}]}}