{"id":49,"date":"2017-04-22T10:48:04","date_gmt":"2017-04-22T08:48:04","guid":{"rendered":"http:\/\/nowycybul.localhost\/?page_id=49"},"modified":"2019-05-31T17:43:32","modified_gmt":"2019-05-31T15:43:32","slug":"o-nas","status":"publish","type":"page","link":"https:\/\/cybul.eu\/pl\/o-nas\/","title":{"rendered":"O nas"},"content":{"rendered":"\t<div id=\"gap-1016422701\" class=\"gap-element clearfix\" style=\"display:block; height:auto;\">\n\t\t\n<style>\n#gap-1016422701 {\n  padding-top: 30px;\n}\n<\/style>\n\t<\/div>\n\t\n<div class=\"row row-collapse row-full-width\"  id=\"row-1171670412\">\n\n\t<div id=\"col-373681645\" class=\"col medium-6 small-12 large-6\"  >\n\t\t\t\t<div class=\"col-inner\"  >\n\t\t\t\n\t\t\t\n\n  <div class=\"banner has-hover\" id=\"banner-17552583\">\n          <div class=\"banner-inner fill\">\n        <div class=\"banner-bg fill\" >\n            <div class=\"bg fill bg-fill \"><\/div>\n                        <div class=\"overlay\"><\/div>            \n                    <\/div>\n\t\t\n        <div class=\"banner-layers container\">\n            <div class=\"fill banner-link\"><\/div>            \n   <div id=\"text-box-2011979164\" class=\"text-box banner-layer x50 md-x50 lg-x50 y50 md-y50 lg-y50 res-text\">\n                                <div class=\"text-box-content text dark\">\n              \n              <div class=\"text-inner text-center\">\n                  \n              <\/div>\n           <\/div>\n                            \n<style>\n#text-box-2011979164 {\n  width: 60%;\n}\n#text-box-2011979164 .text-box-content {\n  font-size: 100%;\n}\n@media (min-width:550px) {\n  #text-box-2011979164 {\n    width: 60%;\n  }\n}\n<\/style>\n    <\/div>\n \n        <\/div>\n      <\/div>\n\n            \n<style>\n#banner-17552583 {\n  padding-top: 400px;\n}\n#banner-17552583 .bg.bg-loaded {\n  background-image: url(https:\/\/cybul.eu\/wp-content\/uploads\/2019\/05\/Cybule-puchary-1.jpg);\n}\n#banner-17552583 .overlay {\n  background-color: rgba(0, 0, 0, 0.27);\n}\n#banner-17552583 .bg {\n  background-position: 100% 84%;\n}\n#banner-17552583 .ux-shape-divider--top svg {\n  height: 150px;\n  --divider-top-width: 100%;\n}\n#banner-17552583 .ux-shape-divider--bottom svg {\n  height: 150px;\n  --divider-width: 100%;\n}\n<\/style>\n  <\/div>\n\n\n\t\t<\/div>\n\t\t\t\t\n<style>\n#col-373681645 > .col-inner {\n  padding: 11px 0px 0px 0px;\n}\n<\/style>\n\t<\/div>\n\n\t\n\n\t<div id=\"col-1157055727\" class=\"col medium-6 small-12 large-6\"  >\n\t\t\t\t<div class=\"col-inner\"  >\n\t\t\t\n\t\t\t\n\n  <div class=\"banner has-hover\" id=\"banner-1205050064\">\n          <div class=\"banner-inner fill\">\n        <div class=\"banner-bg fill\" >\n            <div class=\"bg fill bg-fill \"><\/div>\n                                    \n                    <\/div>\n\t\t\n        <div class=\"banner-layers container\">\n            <div class=\"fill banner-link\"><\/div>            \n   <div id=\"text-box-1915344155\" class=\"text-box banner-layer x50 md-x50 lg-x50 y0 md-y0 lg-y0 res-text\">\n                                <div class=\"text-box-content text \">\n              \n              <div class=\"text-inner text-left\">\n                  \n<h1 class=\"uppercase\" style=\"text-align: center;\"><span style=\"font-size: 110%;\" data-line-height=\"s\"><strong>NASZ MISJA:<\/strong><\/span><\/h1>\n<p style=\"text-align: center;\"><span style=\"font-size: 160%;\"><strong>Dostarczenie najwy\u017cszej jako\u015bci cz\u0119\u015bci do Twojego auta<\/strong><\/span><\/p>\n<p style=\"text-align: center;\"><span style=\"font-size: 120%;\">Tw\u00f3j samoch\u00f3d ma dla nas ogromne znaczenie. Wiemy, \u017ce podczas jego budowy mo\u017cesz natrafi\u0107 na r\u00f3\u017cne problemy. Nasze cz\u0119\u015bci projektujemy z my\u015bl\u0105 o ich rozwi\u0105zaniu.<\/span><\/p>\n<p style=\"text-align: center;\"><span style=\"font-size: 120%;\">Mogliby\u015bmy napisa\u0107, \u017ce jeste\u015bmy na rynku od ponad 10 lat. Mogliby\u015bmy opowiada\u0107 o 30 latach do\u015bwiadczenia w rajdach i ponad 25 miejscach na podium osi\u0105gni\u0119tych przez naszych za\u0142o\u017cycieli. <\/span><\/p>\n<p style=\"text-align: center;\"><span style=\"font-size: 120%;\">Ale tego nie zrobimy. Nie b\u0119dziemy pisali o naszej historii, poniewa\u017c nie to jest dla Ciebie najwa\u017cniejsze.<\/span><\/p>\n<p style=\"text-align: center;\"><span style=\"font-size: 120%;\">O czym w takim razie zamierzamy napisa\u0107? O tym, \u017ce nasze cz\u0119\u015bci spe\u0142ni\u0105 Twoje kryteria. Dlaczego? Poniewa\u017c w naszej firmie \u0142\u0105czymy in\u017cynier\u00f3w pe\u0142nych pasji z najlepszymi operatorami maszyn i do\u015bwiadczonymi spawaczami.\u00a0<\/span><\/p>\n<p style=\"text-align: center;\"><span style=\"font-size: 120%;\">Ka\u017cdy z produkt\u00f3w, przed wysy\u0142k\u0105 do klienta przechodzi rygorystyczn\u0105 kontrol\u0119 jako\u015bci. Wiemy, \u017ce jako\u015b\u0107 ma najwi\u0119ksze znaczenie i dok\u0142adamy wszelkich stara\u0144, \u017ceby by\u0142a na najwy\u017cszym poziomie.<\/span><\/p>\n\t<div id=\"gap-1971693033\" class=\"gap-element clearfix\" style=\"display:block; height:auto;\">\n\t\t\n<style>\n#gap-1971693033 {\n  padding-top: 5px;\n}\n<\/style>\n\t<\/div>\n\t\n              <\/div>\n           <\/div>\n                            \n<style>\n#text-box-1915344155 {\n  width: 78%;\n}\n#text-box-1915344155 .text-box-content {\n  font-size: 100%;\n}\n@media (min-width:550px) {\n  #text-box-1915344155 {\n    width: 80%;\n  }\n}\n<\/style>\n    <\/div>\n \n        <\/div>\n      <\/div>\n\n            \n<style>\n#banner-1205050064 {\n  padding-top: 650px;\n  background-color: rgb(255, 255, 255);\n}\n#banner-1205050064 .ux-shape-divider--top svg {\n  height: 150px;\n  --divider-top-width: 100%;\n}\n#banner-1205050064 .ux-shape-divider--bottom svg {\n  height: 150px;\n  --divider-width: 100%;\n}\n@media (min-width:550px) {\n  #banner-1205050064 {\n    padding-top: 440px;\n  }\n}\n<\/style>\n  <\/div>\n\n\n\t\t<\/div>\n\t\t\t\t\t<\/div>\n\n\t\n<\/div>\n","protected":false},"excerpt":{"rendered":"","protected":false},"author":83,"featured_media":0,"parent":0,"menu_order":0,"comment_status":"closed","ping_status":"closed","template":"","meta":{"footnotes":""},"class_list":["post-49","page","type-page","status-publish","hentry"],"acf":[],"yoast_head":"<!-- This site is optimized with the Yoast SEO plugin v23.9 - https:\/\/yoast.com\/wordpress\/plugins\/seo\/ -->\n<title>O nas - CYBUL<\/title>\n<meta name=\"robots\" content=\"index, follow, max-snippet:-1, max-image-preview:large, max-video-preview:-1\" \/>\n<link rel=\"canonical\" href=\"https:\/\/cybul.eu\/pl\/o-nas\/\" \/>\n<meta property=\"og:locale\" content=\"pl_PL\" \/>\n<meta property=\"og:type\" content=\"article\" \/>\n<meta property=\"og:title\" content=\"O nas - CYBUL\" \/>\n<meta property=\"og:url\" content=\"https:\/\/cybul.eu\/pl\/o-nas\/\" \/>\n<meta property=\"og:site_name\" content=\"CYBUL\" \/>\n<meta property=\"article:modified_time\" content=\"2019-05-31T15:43:32+00:00\" \/>\n<meta name=\"twitter:card\" content=\"summary_large_image\" \/>\n<meta name=\"twitter:label1\" content=\"Szacowany czas czytania\" \/>\n\t<meta name=\"twitter:data1\" content=\"1 minuta\" \/>\n<script type=\"application\/ld+json\" class=\"yoast-schema-graph\">{\"@context\":\"https:\/\/schema.org\",\"@graph\":[{\"@type\":\"WebPage\",\"@id\":\"https:\/\/cybul.eu\/pl\/o-nas\/\",\"url\":\"https:\/\/cybul.eu\/pl\/o-nas\/\",\"name\":\"O nas - CYBUL\",\"isPartOf\":{\"@id\":\"https:\/\/cybul.eu\/pl\/#website\"},\"datePublished\":\"2017-04-22T08:48:04+00:00\",\"dateModified\":\"2019-05-31T15:43:32+00:00\",\"breadcrumb\":{\"@id\":\"https:\/\/cybul.eu\/pl\/o-nas\/#breadcrumb\"},\"inLanguage\":\"pl-PL\",\"potentialAction\":[{\"@type\":\"ReadAction\",\"target\":[\"https:\/\/cybul.eu\/pl\/o-nas\/\"]}]},{\"@type\":\"BreadcrumbList\",\"@id\":\"https:\/\/cybul.eu\/pl\/o-nas\/#breadcrumb\",\"itemListElement\":[{\"@type\":\"ListItem\",\"position\":1,\"name\":\"Strona g\u0142\u00f3wna\",\"item\":\"https:\/\/cybul.eu\/pl\/\"},{\"@type\":\"ListItem\",\"position\":2,\"name\":\"O nas\"}]},{\"@type\":\"WebSite\",\"@id\":\"https:\/\/cybul.eu\/pl\/#website\",\"url\":\"https:\/\/cybul.eu\/pl\/\",\"name\":\"CYBUL\",\"description\":\"\",\"potentialAction\":[{\"@type\":\"SearchAction\",\"target\":{\"@type\":\"EntryPoint\",\"urlTemplate\":\"https:\/\/cybul.eu\/pl\/?s={search_term_string}\"},\"query-input\":{\"@type\":\"PropertyValueSpecification\",\"valueRequired\":true,\"valueName\":\"search_term_string\"}}],\"inLanguage\":\"pl-PL\"}]}<\/script>\n<!-- \/ Yoast SEO plugin. -->","yoast_head_json":{"title":"O nas - CYBUL","robots":{"index":"index","follow":"follow","max-snippet":"max-snippet:-1","max-image-preview":"max-image-preview:large","max-video-preview":"max-video-preview:-1"},"canonical":"https:\/\/cybul.eu\/pl\/o-nas\/","og_locale":"pl_PL","og_type":"article","og_title":"O nas - CYBUL","og_url":"https:\/\/cybul.eu\/pl\/o-nas\/","og_site_name":"CYBUL","article_modified_time":"2019-05-31T15:43:32+00:00","twitter_card":"summary_large_image","twitter_misc":{"Szacowany czas czytania":"1 minuta"},"schema":{"@context":"https:\/\/schema.org","@graph":[{"@type":"WebPage","@id":"https:\/\/cybul.eu\/pl\/o-nas\/","url":"https:\/\/cybul.eu\/pl\/o-nas\/","name":"O nas - CYBUL","isPartOf":{"@id":"https:\/\/cybul.eu\/pl\/#website"},"datePublished":"2017-04-22T08:48:04+00:00","dateModified":"2019-05-31T15:43:32+00:00","breadcrumb":{"@id":"https:\/\/cybul.eu\/pl\/o-nas\/#breadcrumb"},"inLanguage":"pl-PL","potentialAction":[{"@type":"ReadAction","target":["https:\/\/cybul.eu\/pl\/o-nas\/"]}]},{"@type":"BreadcrumbList","@id":"https:\/\/cybul.eu\/pl\/o-nas\/#breadcrumb","itemListElement":[{"@type":"ListItem","position":1,"name":"Strona g\u0142\u00f3wna","item":"https:\/\/cybul.eu\/pl\/"},{"@type":"ListItem","position":2,"name":"O nas"}]},{"@type":"WebSite","@id":"https:\/\/cybul.eu\/pl\/#website","url":"https:\/\/cybul.eu\/pl\/","name":"CYBUL","description":"","potentialAction":[{"@type":"SearchAction","target":{"@type":"EntryPoint","urlTemplate":"https:\/\/cybul.eu\/pl\/?s={search_term_string}"},"query-input":{"@type":"PropertyValueSpecification","valueRequired":true,"valueName":"search_term_string"}}],"inLanguage":"pl-PL"}]}},"_links":{"self":[{"href":"https:\/\/cybul.eu\/pl\/wp-json\/wp\/v2\/pages\/49","targetHints":{"allow":["GET"]}}],"collection":[{"href":"https:\/\/cybul.eu\/pl\/wp-json\/wp\/v2\/pages"}],"about":[{"href":"https:\/\/cybul.eu\/pl\/wp-json\/wp\/v2\/types\/page"}],"author":[{"embeddable":true,"href":"https:\/\/cybul.eu\/pl\/wp-json\/wp\/v2\/users\/83"}],"replies":[{"embeddable":true,"href":"https:\/\/cybul.eu\/pl\/wp-json\/wp\/v2\/comments?post=49"}],"version-history":[{"count":20,"href":"https:\/\/cybul.eu\/pl\/wp-json\/wp\/v2\/pages\/49\/revisions"}],"predecessor-version":[{"id":1626,"href":"https:\/\/cybul.eu\/pl\/wp-json\/wp\/v2\/pages\/49\/revisions\/1626"}],"wp:attachment":[{"href":"https:\/\/cybul.eu\/pl\/wp-json\/wp\/v2\/media?parent=49"}],"curies":[{"name":"wp","href":"https:\/\/api.w.org\/{rel}","templated":true}]}}