{"id":1603,"date":"2019-05-31T14:54:54","date_gmt":"2019-05-31T12:54:54","guid":{"rendered":"https:\/\/cybul.eu\/dane-naszej-firmy-i-platnosci\/"},"modified":"2024-06-07T11:39:09","modified_gmt":"2024-06-07T09:39:09","slug":"dane-naszej-firmy-i-platnosci","status":"publish","type":"page","link":"https:\/\/cybul.eu\/pl\/dane-naszej-firmy-i-platnosci\/","title":{"rendered":"Dane naszej firmy i p\u0142atno\u015bci"},"content":{"rendered":"<p><span style=\"font-size: 95%;\"><strong>Dane naszej firmy:<\/strong><\/span><\/p>\n<p><span style=\"font-size: 95%;\">Pawe\u0142 Cybulski Cybul Radical Solutions<\/span><br \/>\n<span style=\"font-size: 95%;\">ul. Sikorskiego 5<\/span><br \/>\n<span style=\"font-size: 95%;\">05-119 \u0141ajski<\/span><\/p>\n<p><span style=\"font-size: 95%;\">VAT PL5222773811<\/span><\/p>\n<p>Dla Twojego komfortu, w naszym sklepie akceptujemy r\u00f3\u017cne formy p\u0142atno\u015bci. Mo\u017cesz wybiera\u0107 po\u015br\u00f3d p\u0142atno\u015bci on-line, pay pal&#8217;a oraz tradycyjnego przelewu. Nasza strona posiada certyfikat ssl. Dzi\u0119ki niemu, Twoje poufne dane jak nr. karty kredytowej zawsze pozostaj\u0105 bezpieczne.<\/p>\n<p><strong>Nasz numer konta:<\/strong><\/p>\n<p><span style=\"font-size: 95%;\">IdeaBank<\/span><br \/>\n<span style=\"font-size: 95%;\">69 1950 0001 2006 0060 9653 0001<\/span><\/p>\n","protected":false},"excerpt":{"rendered":"<p>Dane naszej firmy: Pawe\u0142 Cybulski Cybul Radical Solutions ul. Sikorskiego 5 05-119 \u0141ajski VAT PL5222773811 Dla Twojego komfortu, w naszym sklepie akceptujemy r\u00f3\u017cne formy p\u0142atno\u015bci. Mo\u017cesz wybiera\u0107 po\u015br\u00f3d p\u0142atno\u015bci on-line, pay pal&#8217;a oraz tradycyjnego przelewu. Nasza strona posiada certyfikat ssl. Dzi\u0119ki niemu, Twoje poufne dane jak nr. karty kredytowej zawsze pozostaj\u0105 bezpieczne. Nasz numer konta: [&#8230;]\n","protected":false},"author":83,"featured_media":0,"parent":0,"menu_order":0,"comment_status":"closed","ping_status":"closed","template":"","meta":{"footnotes":""},"class_list":["post-1603","page","type-page","status-publish","hentry"],"acf":[],"yoast_head":"<!-- This site is optimized with the Yoast SEO plugin v23.9 - https:\/\/yoast.com\/wordpress\/plugins\/seo\/ -->\n<title>Dane naszej firmy i p\u0142atno\u015bci - CYBUL<\/title>\n<meta name=\"robots\" content=\"index, follow, max-snippet:-1, max-image-preview:large, max-video-preview:-1\" \/>\n<link rel=\"canonical\" href=\"https:\/\/cybul.eu\/pl\/dane-naszej-firmy-i-platnosci\/\" \/>\n<meta property=\"og:locale\" content=\"pl_PL\" \/>\n<meta property=\"og:type\" content=\"article\" \/>\n<meta property=\"og:title\" content=\"Dane naszej firmy i p\u0142atno\u015bci - CYBUL\" \/>\n<meta property=\"og:description\" content=\"Dane naszej firmy: Pawe\u0142 Cybulski Cybul Radical Solutions ul. Sikorskiego 5 05-119 \u0141ajski VAT PL5222773811 Dla Twojego komfortu, w naszym sklepie akceptujemy r\u00f3\u017cne formy p\u0142atno\u015bci. Mo\u017cesz wybiera\u0107 po\u015br\u00f3d p\u0142atno\u015bci on-line, pay pal&#8217;a oraz tradycyjnego przelewu. Nasza strona posiada certyfikat ssl. Dzi\u0119ki niemu, Twoje poufne dane jak nr. karty kredytowej zawsze pozostaj\u0105 bezpieczne. Nasz numer konta: [...]\" \/>\n<meta property=\"og:url\" content=\"https:\/\/cybul.eu\/pl\/dane-naszej-firmy-i-platnosci\/\" \/>\n<meta property=\"og:site_name\" content=\"CYBUL\" \/>\n<meta property=\"article:modified_time\" content=\"2024-06-07T09:39:09+00:00\" \/>\n<meta name=\"twitter:card\" content=\"summary_large_image\" \/>\n<meta name=\"twitter:label1\" content=\"Szacowany czas czytania\" \/>\n\t<meta name=\"twitter:data1\" content=\"1 minuta\" \/>\n<script type=\"application\/ld+json\" class=\"yoast-schema-graph\">{\"@context\":\"https:\/\/schema.org\",\"@graph\":[{\"@type\":\"WebPage\",\"@id\":\"https:\/\/cybul.eu\/pl\/dane-naszej-firmy-i-platnosci\/\",\"url\":\"https:\/\/cybul.eu\/pl\/dane-naszej-firmy-i-platnosci\/\",\"name\":\"Dane naszej firmy i p\u0142atno\u015bci - CYBUL\",\"isPartOf\":{\"@id\":\"https:\/\/cybul.eu\/pl\/#website\"},\"datePublished\":\"2019-05-31T12:54:54+00:00\",\"dateModified\":\"2024-06-07T09:39:09+00:00\",\"breadcrumb\":{\"@id\":\"https:\/\/cybul.eu\/pl\/dane-naszej-firmy-i-platnosci\/#breadcrumb\"},\"inLanguage\":\"pl-PL\",\"potentialAction\":[{\"@type\":\"ReadAction\",\"target\":[\"https:\/\/cybul.eu\/pl\/dane-naszej-firmy-i-platnosci\/\"]}]},{\"@type\":\"BreadcrumbList\",\"@id\":\"https:\/\/cybul.eu\/pl\/dane-naszej-firmy-i-platnosci\/#breadcrumb\",\"itemListElement\":[{\"@type\":\"ListItem\",\"position\":1,\"name\":\"Strona g\u0142\u00f3wna\",\"item\":\"https:\/\/cybul.eu\/pl\/\"},{\"@type\":\"ListItem\",\"position\":2,\"name\":\"Dane naszej firmy i p\u0142atno\u015bci\"}]},{\"@type\":\"WebSite\",\"@id\":\"https:\/\/cybul.eu\/pl\/#website\",\"url\":\"https:\/\/cybul.eu\/pl\/\",\"name\":\"CYBUL\",\"description\":\"\",\"potentialAction\":[{\"@type\":\"SearchAction\",\"target\":{\"@type\":\"EntryPoint\",\"urlTemplate\":\"https:\/\/cybul.eu\/pl\/?s={search_term_string}\"},\"query-input\":{\"@type\":\"PropertyValueSpecification\",\"valueRequired\":true,\"valueName\":\"search_term_string\"}}],\"inLanguage\":\"pl-PL\"}]}<\/script>\n<!-- \/ Yoast SEO plugin. -->","yoast_head_json":{"title":"Dane naszej firmy i p\u0142atno\u015bci - CYBUL","robots":{"index":"index","follow":"follow","max-snippet":"max-snippet:-1","max-image-preview":"max-image-preview:large","max-video-preview":"max-video-preview:-1"},"canonical":"https:\/\/cybul.eu\/pl\/dane-naszej-firmy-i-platnosci\/","og_locale":"pl_PL","og_type":"article","og_title":"Dane naszej firmy i p\u0142atno\u015bci - CYBUL","og_description":"Dane naszej firmy: Pawe\u0142 Cybulski Cybul Radical Solutions ul. Sikorskiego 5 05-119 \u0141ajski VAT PL5222773811 Dla Twojego komfortu, w naszym sklepie akceptujemy r\u00f3\u017cne formy p\u0142atno\u015bci. Mo\u017cesz wybiera\u0107 po\u015br\u00f3d p\u0142atno\u015bci on-line, pay pal&#8217;a oraz tradycyjnego przelewu. Nasza strona posiada certyfikat ssl. Dzi\u0119ki niemu, Twoje poufne dane jak nr. karty kredytowej zawsze pozostaj\u0105 bezpieczne. Nasz numer konta: [...]","og_url":"https:\/\/cybul.eu\/pl\/dane-naszej-firmy-i-platnosci\/","og_site_name":"CYBUL","article_modified_time":"2024-06-07T09:39:09+00:00","twitter_card":"summary_large_image","twitter_misc":{"Szacowany czas czytania":"1 minuta"},"schema":{"@context":"https:\/\/schema.org","@graph":[{"@type":"WebPage","@id":"https:\/\/cybul.eu\/pl\/dane-naszej-firmy-i-platnosci\/","url":"https:\/\/cybul.eu\/pl\/dane-naszej-firmy-i-platnosci\/","name":"Dane naszej firmy i p\u0142atno\u015bci - CYBUL","isPartOf":{"@id":"https:\/\/cybul.eu\/pl\/#website"},"datePublished":"2019-05-31T12:54:54+00:00","dateModified":"2024-06-07T09:39:09+00:00","breadcrumb":{"@id":"https:\/\/cybul.eu\/pl\/dane-naszej-firmy-i-platnosci\/#breadcrumb"},"inLanguage":"pl-PL","potentialAction":[{"@type":"ReadAction","target":["https:\/\/cybul.eu\/pl\/dane-naszej-firmy-i-platnosci\/"]}]},{"@type":"BreadcrumbList","@id":"https:\/\/cybul.eu\/pl\/dane-naszej-firmy-i-platnosci\/#breadcrumb","itemListElement":[{"@type":"ListItem","position":1,"name":"Strona g\u0142\u00f3wna","item":"https:\/\/cybul.eu\/pl\/"},{"@type":"ListItem","position":2,"name":"Dane naszej firmy i p\u0142atno\u015bci"}]},{"@type":"WebSite","@id":"https:\/\/cybul.eu\/pl\/#website","url":"https:\/\/cybul.eu\/pl\/","name":"CYBUL","description":"","potentialAction":[{"@type":"SearchAction","target":{"@type":"EntryPoint","urlTemplate":"https:\/\/cybul.eu\/pl\/?s={search_term_string}"},"query-input":{"@type":"PropertyValueSpecification","valueRequired":true,"valueName":"search_term_string"}}],"inLanguage":"pl-PL"}]}},"_links":{"self":[{"href":"https:\/\/cybul.eu\/pl\/wp-json\/wp\/v2\/pages\/1603","targetHints":{"allow":["GET"]}}],"collection":[{"href":"https:\/\/cybul.eu\/pl\/wp-json\/wp\/v2\/pages"}],"about":[{"href":"https:\/\/cybul.eu\/pl\/wp-json\/wp\/v2\/types\/page"}],"author":[{"embeddable":true,"href":"https:\/\/cybul.eu\/pl\/wp-json\/wp\/v2\/users\/83"}],"replies":[{"embeddable":true,"href":"https:\/\/cybul.eu\/pl\/wp-json\/wp\/v2\/comments?post=1603"}],"version-history":[{"count":1,"href":"https:\/\/cybul.eu\/pl\/wp-json\/wp\/v2\/pages\/1603\/revisions"}],"predecessor-version":[{"id":11425,"href":"https:\/\/cybul.eu\/pl\/wp-json\/wp\/v2\/pages\/1603\/revisions\/11425"}],"wp:attachment":[{"href":"https:\/\/cybul.eu\/pl\/wp-json\/wp\/v2\/media?parent=1603"}],"curies":[{"name":"wp","href":"https:\/\/api.w.org\/{rel}","templated":true}]}}