{"id":1601,"date":"2019-05-31T14:48:48","date_gmt":"2019-05-31T12:48:48","guid":{"rendered":"https:\/\/cybul.eu\/wysylki\/"},"modified":"2023-01-31T12:26:09","modified_gmt":"2023-01-31T11:26:09","slug":"wysylki","status":"publish","type":"page","link":"https:\/\/cybul.eu\/pl\/wysylki\/","title":{"rendered":"Wysy\u0142ki"},"content":{"rendered":"<p>Zale\u017cy nam na Twoim zadowoleniu z zakup\u00f3w w naszym sklepie. Tobie natomiast zale\u017cy na tym, \u017ceby\u015b otrzyma\u0142 przesy\u0142k\u0119 jak najszybciej. W\u0142a\u015bnie dlatego wsp\u00f3\u0142pracujemy ze sprawnie dzia\u0142aj\u0105cymi firmami kurierskimi. Wi\u0119ksze przesy\u0142ki wysy\u0142amy sprawdzon\u0105 firm\u0105 spedycyjn\u0105.<\/p>\n<p>Zwykle potrzebujemy oko\u0142o 2 tygodnie na produkcj\u0119 i wysy\u0142k\u0119 produktu.\u00a0W trakcie sezonu, s\u0105 chwile, w kt\u00f3rych mamy mn\u00f3stwo zam\u00f3wie\u0144. Je\u015bli Twoje zam\u00f3wienie jest pilne, skontaktuj si\u0119 znami. Postaramy si\u0119 wys\u0142a\u0107 je tego samego dnia, niezale\u017cnie od tego, ile przesy\u0142ek czeka w kolejce.<\/p>\n","protected":false},"excerpt":{"rendered":"<p>Zale\u017cy nam na Twoim zadowoleniu z zakup\u00f3w w naszym sklepie. Tobie natomiast zale\u017cy na tym, \u017ceby\u015b otrzyma\u0142 przesy\u0142k\u0119 jak najszybciej. W\u0142a\u015bnie dlatego wsp\u00f3\u0142pracujemy ze sprawnie dzia\u0142aj\u0105cymi firmami kurierskimi. Wi\u0119ksze przesy\u0142ki wysy\u0142amy sprawdzon\u0105 firm\u0105 spedycyjn\u0105. Zwykle potrzebujemy oko\u0142o 2 tygodnie na produkcj\u0119 i wysy\u0142k\u0119 produktu.\u00a0W trakcie sezonu, s\u0105 chwile, w kt\u00f3rych mamy mn\u00f3stwo zam\u00f3wie\u0144. Je\u015bli Twoje [&#8230;]\n","protected":false},"author":83,"featured_media":0,"parent":0,"menu_order":0,"comment_status":"closed","ping_status":"closed","template":"","meta":{"footnotes":""},"class_list":["post-1601","page","type-page","status-publish","hentry"],"acf":[],"yoast_head":"<!-- This site is optimized with the Yoast SEO plugin v23.9 - https:\/\/yoast.com\/wordpress\/plugins\/seo\/ -->\n<title>Wysy\u0142ki - CYBUL<\/title>\n<meta name=\"robots\" content=\"index, follow, max-snippet:-1, max-image-preview:large, max-video-preview:-1\" \/>\n<link rel=\"canonical\" href=\"https:\/\/cybul.eu\/pl\/wysylki\/\" \/>\n<meta property=\"og:locale\" content=\"pl_PL\" \/>\n<meta property=\"og:type\" content=\"article\" \/>\n<meta property=\"og:title\" content=\"Wysy\u0142ki - CYBUL\" \/>\n<meta property=\"og:description\" content=\"Zale\u017cy nam na Twoim zadowoleniu z zakup\u00f3w w naszym sklepie. Tobie natomiast zale\u017cy na tym, \u017ceby\u015b otrzyma\u0142 przesy\u0142k\u0119 jak najszybciej. W\u0142a\u015bnie dlatego wsp\u00f3\u0142pracujemy ze sprawnie dzia\u0142aj\u0105cymi firmami kurierskimi. Wi\u0119ksze przesy\u0142ki wysy\u0142amy sprawdzon\u0105 firm\u0105 spedycyjn\u0105. Zwykle potrzebujemy oko\u0142o 2 tygodnie na produkcj\u0119 i wysy\u0142k\u0119 produktu.\u00a0W trakcie sezonu, s\u0105 chwile, w kt\u00f3rych mamy mn\u00f3stwo zam\u00f3wie\u0144. Je\u015bli Twoje [...]\" \/>\n<meta property=\"og:url\" content=\"https:\/\/cybul.eu\/pl\/wysylki\/\" \/>\n<meta property=\"og:site_name\" content=\"CYBUL\" \/>\n<meta property=\"article:modified_time\" content=\"2023-01-31T11:26:09+00:00\" \/>\n<meta name=\"twitter:card\" content=\"summary_large_image\" \/>\n<script type=\"application\/ld+json\" class=\"yoast-schema-graph\">{\"@context\":\"https:\/\/schema.org\",\"@graph\":[{\"@type\":\"WebPage\",\"@id\":\"https:\/\/cybul.eu\/pl\/wysylki\/\",\"url\":\"https:\/\/cybul.eu\/pl\/wysylki\/\",\"name\":\"Wysy\u0142ki - CYBUL\",\"isPartOf\":{\"@id\":\"https:\/\/cybul.eu\/pl\/#website\"},\"datePublished\":\"2019-05-31T12:48:48+00:00\",\"dateModified\":\"2023-01-31T11:26:09+00:00\",\"breadcrumb\":{\"@id\":\"https:\/\/cybul.eu\/pl\/wysylki\/#breadcrumb\"},\"inLanguage\":\"pl-PL\",\"potentialAction\":[{\"@type\":\"ReadAction\",\"target\":[\"https:\/\/cybul.eu\/pl\/wysylki\/\"]}]},{\"@type\":\"BreadcrumbList\",\"@id\":\"https:\/\/cybul.eu\/pl\/wysylki\/#breadcrumb\",\"itemListElement\":[{\"@type\":\"ListItem\",\"position\":1,\"name\":\"Strona g\u0142\u00f3wna\",\"item\":\"https:\/\/cybul.eu\/pl\/\"},{\"@type\":\"ListItem\",\"position\":2,\"name\":\"Wysy\u0142ki\"}]},{\"@type\":\"WebSite\",\"@id\":\"https:\/\/cybul.eu\/pl\/#website\",\"url\":\"https:\/\/cybul.eu\/pl\/\",\"name\":\"CYBUL\",\"description\":\"\",\"potentialAction\":[{\"@type\":\"SearchAction\",\"target\":{\"@type\":\"EntryPoint\",\"urlTemplate\":\"https:\/\/cybul.eu\/pl\/?s={search_term_string}\"},\"query-input\":{\"@type\":\"PropertyValueSpecification\",\"valueRequired\":true,\"valueName\":\"search_term_string\"}}],\"inLanguage\":\"pl-PL\"}]}<\/script>\n<!-- \/ Yoast SEO plugin. -->","yoast_head_json":{"title":"Wysy\u0142ki - CYBUL","robots":{"index":"index","follow":"follow","max-snippet":"max-snippet:-1","max-image-preview":"max-image-preview:large","max-video-preview":"max-video-preview:-1"},"canonical":"https:\/\/cybul.eu\/pl\/wysylki\/","og_locale":"pl_PL","og_type":"article","og_title":"Wysy\u0142ki - CYBUL","og_description":"Zale\u017cy nam na Twoim zadowoleniu z zakup\u00f3w w naszym sklepie. Tobie natomiast zale\u017cy na tym, \u017ceby\u015b otrzyma\u0142 przesy\u0142k\u0119 jak najszybciej. W\u0142a\u015bnie dlatego wsp\u00f3\u0142pracujemy ze sprawnie dzia\u0142aj\u0105cymi firmami kurierskimi. Wi\u0119ksze przesy\u0142ki wysy\u0142amy sprawdzon\u0105 firm\u0105 spedycyjn\u0105. Zwykle potrzebujemy oko\u0142o 2 tygodnie na produkcj\u0119 i wysy\u0142k\u0119 produktu.\u00a0W trakcie sezonu, s\u0105 chwile, w kt\u00f3rych mamy mn\u00f3stwo zam\u00f3wie\u0144. Je\u015bli Twoje [...]","og_url":"https:\/\/cybul.eu\/pl\/wysylki\/","og_site_name":"CYBUL","article_modified_time":"2023-01-31T11:26:09+00:00","twitter_card":"summary_large_image","schema":{"@context":"https:\/\/schema.org","@graph":[{"@type":"WebPage","@id":"https:\/\/cybul.eu\/pl\/wysylki\/","url":"https:\/\/cybul.eu\/pl\/wysylki\/","name":"Wysy\u0142ki - CYBUL","isPartOf":{"@id":"https:\/\/cybul.eu\/pl\/#website"},"datePublished":"2019-05-31T12:48:48+00:00","dateModified":"2023-01-31T11:26:09+00:00","breadcrumb":{"@id":"https:\/\/cybul.eu\/pl\/wysylki\/#breadcrumb"},"inLanguage":"pl-PL","potentialAction":[{"@type":"ReadAction","target":["https:\/\/cybul.eu\/pl\/wysylki\/"]}]},{"@type":"BreadcrumbList","@id":"https:\/\/cybul.eu\/pl\/wysylki\/#breadcrumb","itemListElement":[{"@type":"ListItem","position":1,"name":"Strona g\u0142\u00f3wna","item":"https:\/\/cybul.eu\/pl\/"},{"@type":"ListItem","position":2,"name":"Wysy\u0142ki"}]},{"@type":"WebSite","@id":"https:\/\/cybul.eu\/pl\/#website","url":"https:\/\/cybul.eu\/pl\/","name":"CYBUL","description":"","potentialAction":[{"@type":"SearchAction","target":{"@type":"EntryPoint","urlTemplate":"https:\/\/cybul.eu\/pl\/?s={search_term_string}"},"query-input":{"@type":"PropertyValueSpecification","valueRequired":true,"valueName":"search_term_string"}}],"inLanguage":"pl-PL"}]}},"_links":{"self":[{"href":"https:\/\/cybul.eu\/pl\/wp-json\/wp\/v2\/pages\/1601","targetHints":{"allow":["GET"]}}],"collection":[{"href":"https:\/\/cybul.eu\/pl\/wp-json\/wp\/v2\/pages"}],"about":[{"href":"https:\/\/cybul.eu\/pl\/wp-json\/wp\/v2\/types\/page"}],"author":[{"embeddable":true,"href":"https:\/\/cybul.eu\/pl\/wp-json\/wp\/v2\/users\/83"}],"replies":[{"embeddable":true,"href":"https:\/\/cybul.eu\/pl\/wp-json\/wp\/v2\/comments?post=1601"}],"version-history":[{"count":2,"href":"https:\/\/cybul.eu\/pl\/wp-json\/wp\/v2\/pages\/1601\/revisions"}],"predecessor-version":[{"id":6421,"href":"https:\/\/cybul.eu\/pl\/wp-json\/wp\/v2\/pages\/1601\/revisions\/6421"}],"wp:attachment":[{"href":"https:\/\/cybul.eu\/pl\/wp-json\/wp\/v2\/media?parent=1601"}],"curies":[{"name":"wp","href":"https:\/\/api.w.org\/{rel}","templated":true}]}}